{"id":14670,"date":"2025-03-24T15:03:45","date_gmt":"2025-03-24T13:03:45","guid":{"rendered":"http:\/\/localhost\/verneri\/selko-dev\/?page_id=14670"},"modified":"2025-03-24T18:31:26","modified_gmt":"2025-03-24T16:31:26","slug":"ehdolla-eduskuntaan","status":"publish","type":"page","link":"https:\/\/verneri.net\/selko\/hyvinvointi\/vaikuttaminen\/vaalit-ja-aanestaminen\/ehdolla-eduskuntaan\/","title":{"rendered":"Ehdolla eduskuntaan"},"content":{"rendered":"<p>Helsinkil\u00e4inen Sami Helle oli vuonna 2023 ehdolla eduskuntavaaleissa.<\/p>\n<p>Vernerin toimitus kysyi Helteelt\u00e4 viisi kysymyst\u00e4 vaaleista.<\/p>\n<h2>Miksi olet ehdolla eduskuntavaaleissa?<\/h2>\n<p>Olen ehdolla kehitysvammaisten ihmisten oikeuksien puolesta.<\/p>\n<h2>Miksi olet ehdolla juuri Keskusta-puolueessa?<\/h2>\n<p>Siit\u00e4 on parikymment\u00e4 vuotta, kun k\u00e4vin puolueiden vaaliteltat l\u00e4pi. Keskustan teltalla mulle sanottiin, hyv\u00e4\u00e4 p\u00e4iv\u00e4\u00e4 Sami. Mut otettiin heti vastaan Samina.<\/p>\n<p>Mulla on liev\u00e4 kehitysvamma, mutta m\u00e4 olen Sami.<\/p>\n<h2>Mihin asioihin haluat vaikuttaa?<\/h2>\n<p>Mulla on vaaleissa kolme teema.<\/p>\n<p>Ensinn\u00e4kin meit\u00e4 kehitysvammaisia ihmisi\u00e4 koulutetaan paljon, mutta ei ty\u00f6llistet\u00e4. Se on ep\u00e4kohta.<\/p>\n<p>Toinen on se, ett\u00e4 meid\u00e4n palveluita kilpailutetaan, mutta meit\u00e4 ei oteta mukaan tekem\u00e4\u00e4n p\u00e4\u00e4t\u00f6ksi\u00e4 palveluista. Ei kuunnella sit\u00e4, mit\u00e4 me oikeasti tarvitaan.<\/p>\n<p>Kolmas teema on tasa-arvo. Meit\u00e4 kaikkia pit\u00e4isi kohdella ihmisin\u00e4, eik\u00e4 sen mukaan, ollaanko me erityisryhm\u00e4\u00e4 vai ei.<\/p>\n<h2>Miten parantaisit kehitysvammaisten ihmisten asemaa kansanedustajana?<\/h2>\n<p>Parantaisin ty\u00f6n saatavuutta, ett\u00e4 kehitysvammaisilla ihmisill\u00e4 olisi t\u00f6it\u00e4.<\/p>\n<p>V\u00e4hent\u00e4isin byrokratiaa, joka vaikeuttaa kehitysvammaisten ihmisten el\u00e4m\u00e4\u00e4.<\/p>\n<p>Vaikuttaisin siihen, ett\u00e4 yhteiskunta oikeasti hyv\u00e4ksyisi sen, ett\u00e4 t\u00e4\u00e4ll\u00e4 meid\u00e4n ihanassa maailmassa on erilaisia ihmisi\u00e4.<\/p>\n<p>Meill\u00e4 kaikilla on omat haasteemme. Mutta ei aina pit\u00e4isi korostaa niit\u00e4 haasteita.<\/p>\n<h2>Miksi juuri sinua kannattaa \u00e4\u00e4nest\u00e4\u00e4?<\/h2>\n<p>Jos haluatte eduskuntaan ihmisen, joka vie teid\u00e4n asioita eteenp\u00e4in, niin t\u00e4ss\u00e4 on aito vaihtoehto.<\/p>\n<p>M\u00e4 istun alas ihmisten kanssa ja kuuntelen kunnolla, mitk\u00e4 ne ihmisten ongelmat on.<\/p>\n<p>Jos haluatte ratkaisuja teid\u00e4n ongelmiin, kannattaa valita mut. M\u00e4 tied\u00e4n, mist\u00e4 m\u00e4 puhun.<\/p>\n<p>Eduskuntaan tarvitaan ihminen, joka on itse kokenut ne samat asiat.<\/p>\n<h2>Millaisen ohjeen annat Vernerin lukijalle, joka pohtii ryhtymist\u00e4 ehdokkaaksi vaaleissa?<\/h2>\n<p>Kannattaa\u00a0ensin mietti\u00e4, mitk\u00e4 on ne omat arvot, jotka on itselle t\u00e4rkeit\u00e4.<\/p>\n<p>Tutustu my\u00f6s eri puolueisiin. Ota asioista selv\u00e4\u00e4 selkokielell\u00e4, hy\u00f6dynn\u00e4 selkokielt\u00e4.<\/p>\n<p>Sen j\u00e4lkeen ota rohkeasti yhteytt\u00e4 eri puolueisiin. Se vaatii vaan rohkeutta!<\/p>\n<p>My\u00f6s muhun voi ottaa yhteytt\u00e4 s\u00e4hk\u00f6postilla tai Facebookissa. Sit\u00e4 vartenhan m\u00e4 t\u00e4t\u00e4 teen.<\/p>\n<p><strong>Teksti ja kuva:<\/strong> Jenni Sipil\u00e4, 2023<\/p>\n","protected":false},"excerpt":{"rendered":"<p>Helsinkil\u00e4inen Sami Helle oli vuonna 2023 ehdolla eduskuntavaaleissa. Vernerin toimitus kysyi Helteelt\u00e4 viisi kysymyst\u00e4 vaaleista. Miksi olet ehdolla eduskuntavaaleissa? Olen [&hellip;]<\/p>\n","protected":false},"author":2,"featured_media":14676,"parent":67,"menu_order":306,"comment_status":"closed","ping_status":"closed","template":"","meta":{"_acf_changed":false,"footnotes":""},"class_list":["post-14670","page","type-page","status-publish","has-post-thumbnail","hentry"],"acf":[],"_links":{"self":[{"href":"https:\/\/verneri.net\/selko\/wp-json\/wp\/v2\/pages\/14670","targetHints":{"allow":["GET"]}}],"collection":[{"href":"https:\/\/verneri.net\/selko\/wp-json\/wp\/v2\/pages"}],"about":[{"href":"https:\/\/verneri.net\/selko\/wp-json\/wp\/v2\/types\/page"}],"author":[{"embeddable":true,"href":"https:\/\/verneri.net\/selko\/wp-json\/wp\/v2\/users\/2"}],"replies":[{"embeddable":true,"href":"https:\/\/verneri.net\/selko\/wp-json\/wp\/v2\/comments?post=14670"}],"version-history":[{"count":0,"href":"https:\/\/verneri.net\/selko\/wp-json\/wp\/v2\/pages\/14670\/revisions"}],"up":[{"embeddable":true,"href":"https:\/\/verneri.net\/selko\/wp-json\/wp\/v2\/pages\/67"}],"wp:featuredmedia":[{"embeddable":true,"href":"https:\/\/verneri.net\/selko\/wp-json\/wp\/v2\/media\/14676"}],"wp:attachment":[{"href":"https:\/\/verneri.net\/selko\/wp-json\/wp\/v2\/media?parent=14670"}],"curies":[{"name":"wp","href":"https:\/\/api.w.org\/{rel}","templated":true}]}}