{"id":14672,"date":"2025-03-24T18:04:03","date_gmt":"2025-03-24T16:04:03","guid":{"rendered":"http:\/\/localhost\/verneri\/selko-dev\/?page_id=14672"},"modified":"2025-10-27T14:07:38","modified_gmt":"2025-10-27T12:07:38","slug":"rohkeasti-oma-itsensa","status":"publish","type":"page","link":"https:\/\/verneri.net\/selko\/hyvinvointi\/seksuaalisuus\/rohkeasti-oma-itsensa\/","title":{"rendered":"Rohkeasti oma itsens\u00e4"},"content":{"rendered":"<p>Nita Halonen kuuluu moneen v\u00e4hemmist\u00f6\u00f6n. Vaikeinta h\u00e4nelle oli hyv\u00e4ksy\u00e4 oma kehitysvammaisuutensa.<\/p>\n<h2>Sanoilla on merkityst\u00e4<\/h2>\n<p>Oululainen Nita Halonen on 29-vuotias transnainen. Lapsena kaikki ajattelivat, ett\u00e4 h\u00e4n on poika.<\/p>\n<p>&#8221;Se tuntui oudolta. Itse tiesin koko ajan, ett\u00e4 olen oikeasti tytt\u00f6&#8221;, Nita kertoo.<\/p>\n<p>Noin 13-vuotiaana h\u00e4n kuuli ensimm\u00e4isen kerran puhetta transihmisist\u00e4.<\/p>\n<p>&#8221;Sana transihminen kuulosti minusta heti omalta jutulta. Sanoilla on siis merkityst\u00e4. Ilman oikeita sanoja ei voi k\u00e4sitell\u00e4 maailmaa&#8221;, Nita sanoo.<\/p>\n<h2>Vertaistuki auttoi<\/h2>\n<p>Vertaistuki rohkaisi Nitaa olemaan oma itsens\u00e4. Ryhm\u00e4ss\u00e4 h\u00e4n tutustui muihin transsukupuolisiin ihmisiin.<\/p>\n<p>Nita alkoi meikata kouluun ja k\u00e4ytt\u00e4\u00e4 my\u00f6s tytt\u00f6jen vaatteita. H\u00e4n vaihtoi 16-vuotiaana nimens\u00e4 Nitaksi.<\/p>\n<p>Lis\u00e4ksi h\u00e4n sai diagnoosin transsukupuolisuudesta.<\/p>\n<p>Nita kuuluu useaan v\u00e4hemmist\u00f6\u00f6n.<\/p>\n<p>Seksuaalisuudeltaan h\u00e4n on bi-romanttinen aseksuaali.<\/p>\n<p>&#8221;Se tarkoittaa, ett\u00e4 ihastun sek\u00e4 miehiin ett\u00e4 naisiin, mutta en tunne seksuaalista halua. Olen silti parisuhteessa&#8221;, Nita kertoo.<\/p>\n<h2>Aluksi h\u00e4vetti<\/h2>\n<p>Nita sanoo, ett\u00e4 oman sukupuolen ja seksuaalisuuden hyv\u00e4ksyminen oli aika helppoa.<\/p>\n<p>Sen sijaan Nitalle on ollut vaikeampaa hyv\u00e4ksy\u00e4 oma tuen tarpeensa. H\u00e4n sai diagnoosin liev\u00e4st\u00e4 kehitysvammaisuudesta vasta nuorena aikuisena.<\/p>\n<p>&#8221;Aluksi minua h\u00e4vetti k\u00e4ytt\u00e4\u00e4 itsest\u00e4ni sanaa vammainen&#8221;, Nita sanoo.<\/p>\n<p>Kesti ainakin kolme tai nelj\u00e4 vuotta, ett\u00e4 Nita hyv\u00e4ksyi vammaisuutensa. Nyky\u00e4\u00e4n h\u00e4n puhuu asiasta avoimesti.<\/p>\n<h2>Paljon yhteydenottoja somessa<\/h2>\n<p>Nita Halonen toimii vaikuttajana sosiaalisessa mediassa. H\u00e4n puhuu somessa esimerkiksi seksuaalisuudesta, sukupuolesta ja vammaisten ihmisten oikeuksista.<\/p>\n<p>Nita toivoo, ett\u00e4 kaikki tukea tarvitsevat ihmiset n\u00e4hd\u00e4\u00e4n yksil\u00f6in\u00e4.<\/p>\n<p>&#8221;Tukea tarvitsevat nuoret l\u00e4hett\u00e4v\u00e4t minulle paljon viestej\u00e4. Moni heist\u00e4 miettii sukupuolta ja seksuaalisuutta&#8221;, Nita sanoo.<\/p>\n<p>Viesteiss\u00e4 on esimerkiksi kerrottu, ett\u00e4 asumisyksik\u00f6n ohjaajat saattavat kielt\u00e4\u00e4 meikkaamisen tai tietynlaiset vaatteet sukupuolen perusteella.<\/p>\n<p>&#8221;Tukea tarvitsevan ihmisen pit\u00e4\u00e4 saada olla oma itsens\u00e4. Olkaa rohkeita ja uteliaita. Hankkikaa oikeaa tietoa&#8221;, Nita l\u00e4hett\u00e4\u00e4 terveisi\u00e4 kaikille.<\/p>\n<p><strong>Teksti:<\/strong> Mari Vehmanen<br \/>\n<strong>Kuva:<\/strong> Vesa Ranta<\/p>\n<p>Juttu on julkaistu alun perin selkolehti Leijan numerossa 4\/2024<\/p>\n<p><strong>Lue my\u00f6s:<\/strong><\/p>\n<ul>\n<li><a href=\"https:\/\/verneri.net\/selko\/hyvinvointi\/seksuaalisuus\/sukupuolia-on-monia\/\">Sukupuolia on monia<\/a><\/li>\n<li><a href=\"https:\/\/verneri.net\/selko\/hyvinvointi\/seksuaalisuus\/seksuaalinen-suuntautuminen\/\">Seksuaalinen suuntautuminen<\/a><\/li>\n<\/ul>\n","protected":false},"excerpt":{"rendered":"<p>Nita Halonen kuuluu moneen v\u00e4hemmist\u00f6\u00f6n. Vaikeinta h\u00e4nelle oli hyv\u00e4ksy\u00e4 oma kehitysvammaisuutensa. Sanoilla on merkityst\u00e4 Oululainen Nita Halonen on 29-vuotias transnainen. [&hellip;]<\/p>\n","protected":false},"author":2,"featured_media":14673,"parent":18,"menu_order":77,"comment_status":"closed","ping_status":"closed","template":"","meta":{"_acf_changed":false,"footnotes":""},"class_list":["post-14672","page","type-page","status-publish","has-post-thumbnail","hentry"],"acf":[],"_links":{"self":[{"href":"https:\/\/verneri.net\/selko\/wp-json\/wp\/v2\/pages\/14672","targetHints":{"allow":["GET"]}}],"collection":[{"href":"https:\/\/verneri.net\/selko\/wp-json\/wp\/v2\/pages"}],"about":[{"href":"https:\/\/verneri.net\/selko\/wp-json\/wp\/v2\/types\/page"}],"author":[{"embeddable":true,"href":"https:\/\/verneri.net\/selko\/wp-json\/wp\/v2\/users\/2"}],"replies":[{"embeddable":true,"href":"https:\/\/verneri.net\/selko\/wp-json\/wp\/v2\/comments?post=14672"}],"version-history":[{"count":0,"href":"https:\/\/verneri.net\/selko\/wp-json\/wp\/v2\/pages\/14672\/revisions"}],"up":[{"embeddable":true,"href":"https:\/\/verneri.net\/selko\/wp-json\/wp\/v2\/pages\/18"}],"wp:featuredmedia":[{"embeddable":true,"href":"https:\/\/verneri.net\/selko\/wp-json\/wp\/v2\/media\/14673"}],"wp:attachment":[{"href":"https:\/\/verneri.net\/selko\/wp-json\/wp\/v2\/media?parent=14672"}],"curies":[{"name":"wp","href":"https:\/\/api.w.org\/{rel}","templated":true}]}}