{"id":14754,"date":"2025-03-27T14:00:39","date_gmt":"2025-03-27T12:00:39","guid":{"rendered":"http:\/\/localhost\/verneri\/selko-dev\/?page_id=14754"},"modified":"2025-12-10T16:04:50","modified_gmt":"2025-12-10T14:04:50","slug":"ratkaise-riidat","status":"publish","type":"page","link":"https:\/\/verneri.net\/selko\/hyvinvointi\/ihmissuhteet\/ratkaise-riidat\/","title":{"rendered":"Ratkaise riidat"},"content":{"rendered":"<p>Riidat kuuluvat ihmissuhteisiin. Perheenj\u00e4senet, kaverit ja kumppanit riitelev\u00e4t v\u00e4lill\u00e4.<\/p>\n<h2>Riita syntyy, kun ollaan eri mielt\u00e4<\/h2>\n<p>Riita syntyy usein silloin, kun kaksi ihmist\u00e4 on jostain asiasta eri mielt\u00e4.<\/p>\n<p>Riita syntyy, jos kumpikaan ei ymm\u00e4rr\u00e4 toisen n\u00e4kemyst\u00e4, eik\u00e4 kumpikaan jousta omasta mielipiteest\u00e4\u00e4n.<\/p>\n<h2>Mustasukkaisuus voi aiheuttaa riitoja<\/h2>\n<p>Yleinen syy riitaan on mustasukkaisuus. Jos n\u00e4kee oman kaverin tai kumppanin esimerkiksi halaavan toista henkil\u00f6\u00e4, voi tuntua pahalta.<\/p>\n<p>Mustasukkainen ihminen voi olla ep\u00e4varma siit\u00e4, pit\u00e4\u00e4k\u00f6 kaveri tai kumppani en\u00e4\u00e4 h\u00e4nest\u00e4.<\/p>\n<p>Mustasukkaisuudesta on hyv\u00e4 puhua kumppanille tai jollekin luotettavalle ihmiselle.<\/p>\n<h2>Riita her\u00e4tt\u00e4\u00e4 tunteita<\/h2>\n<p>Riita voi her\u00e4tt\u00e4\u00e4 monenlaisia tunteita, kuten<\/p>\n<ul>\n<li>vihaa<\/li>\n<li>suuttumusta<\/li>\n<li>pelkoa<\/li>\n<li>ep\u00e4varmuutta<\/li>\n<li>huolta<\/li>\n<li>surua.<\/li>\n<\/ul>\n<p>Kaikenlaisille tunteille kannattaa antaa aikaa. Tunteita ei tarvitse pel\u00e4t\u00e4. Ne menev\u00e4t aina ohi.<\/p>\n<h2>Riitele reilusti<\/h2>\n<p>Riitely ei ole v\u00e4\u00e4rin tai paha asia. Mutta on t\u00e4rke\u00e4\u00e4 riidell\u00e4 reilusti ja ratkaista riidat.<\/p>\n<p>N\u00e4in riitelet reilusti:<\/p>\n<ul>\n<li>Kuuntele toisen mielipiteit\u00e4.<\/li>\n<li>Kunnioita toisen tunteita.<\/li>\n<li>Kerro rauhallisesti, milt\u00e4 sinusta tuntuu.<\/li>\n<li>Kerro rauhallisesti oma mielipiteesi.<\/li>\n<li>\u00c4l\u00e4 loukkaa.<\/li>\n<li>Etsi riitaan ratkaisuja.<\/li>\n<li>Jousta omasta mielipiteest\u00e4si.<\/li>\n<li>Pyyd\u00e4 anteeksi.<\/li>\n<li>Anna anteeksi.<\/li>\n<\/ul>\n<p>Jos sinua suututtaa kovasti, odota, ett\u00e4 pahin suuttumus menee ohi. Juttele vasta sen j\u00e4lkeen. Vihaisena saattaa sanoa tai tehd\u00e4 asioita, joita katuu my\u00f6hemmin.<\/p>\n<p>Riitelyyn ei kuulu ly\u00f6minen. Riidat selvitet\u00e4\u00e4n aina puhumalla.<\/p>\n<p>Jos riitely on jatkuvaa, pyyd\u00e4 apua luotettavalta ihmiselt\u00e4.<\/p>\n<p><strong>Pohdi ja juttele:<\/strong><\/p>\n<ul>\n<li>Saako kaverin tai kumppanin kanssa olla eri mielt\u00e4?<\/li>\n<li>Saako kumppanilla tai kaverilla olla my\u00f6s muita kavereita?<\/li>\n<li>Kannattaako riidelless\u00e4 huutaa?<\/li>\n<li>Miten riidan voi selvitt\u00e4\u00e4?<\/li>\n<li>Kenelt\u00e4 voit pyyt\u00e4\u00e4 apua riidan ratkaisemiseen?<\/li>\n<\/ul>\n<p><em>Onko sinulla kysytt\u00e4v\u00e4\u00e4 riidoista tai riitelyst\u00e4?<\/em><\/p>\n<p><a href=\"https:\/\/verneri.net\/selko\/verkko-kerttu\/kysy-kertulta\/\">Kysy Kertulta<\/a><\/p>\n<p><strong>Teksti:<\/strong> Jenni Sipil\u00e4, 2023<br \/>\n<strong>Kuvat: <\/strong>Istock<\/p>\n<p><strong>Lue my\u00f6s: <\/strong><a href=\"https:\/\/www.tukiliitto.fi\/wp-content\/uploads\/2023\/01\/563ab97d-parisuhde.pdf\" target=\"_blank\" rel=\"noopener\">Selko-opas parisuhteesta<\/a> (tukiliitto.fi)<\/p>\n","protected":false},"excerpt":{"rendered":"<p>Riidat kuuluvat ihmissuhteisiin. Perheenj\u00e4senet, kaverit ja kumppanit riitelev\u00e4t v\u00e4lill\u00e4. Riita syntyy, kun ollaan eri mielt\u00e4 Riita syntyy usein silloin, kun [&hellip;]<\/p>\n","protected":false},"author":2,"featured_media":16980,"parent":17,"menu_order":80,"comment_status":"closed","ping_status":"closed","template":"","meta":{"_acf_changed":false,"footnotes":""},"class_list":["post-14754","page","type-page","status-publish","has-post-thumbnail","hentry"],"acf":[],"_links":{"self":[{"href":"https:\/\/verneri.net\/selko\/wp-json\/wp\/v2\/pages\/14754","targetHints":{"allow":["GET"]}}],"collection":[{"href":"https:\/\/verneri.net\/selko\/wp-json\/wp\/v2\/pages"}],"about":[{"href":"https:\/\/verneri.net\/selko\/wp-json\/wp\/v2\/types\/page"}],"author":[{"embeddable":true,"href":"https:\/\/verneri.net\/selko\/wp-json\/wp\/v2\/users\/2"}],"replies":[{"embeddable":true,"href":"https:\/\/verneri.net\/selko\/wp-json\/wp\/v2\/comments?post=14754"}],"version-history":[{"count":0,"href":"https:\/\/verneri.net\/selko\/wp-json\/wp\/v2\/pages\/14754\/revisions"}],"up":[{"embeddable":true,"href":"https:\/\/verneri.net\/selko\/wp-json\/wp\/v2\/pages\/17"}],"wp:featuredmedia":[{"embeddable":true,"href":"https:\/\/verneri.net\/selko\/wp-json\/wp\/v2\/media\/16980"}],"wp:attachment":[{"href":"https:\/\/verneri.net\/selko\/wp-json\/wp\/v2\/media?parent=14754"}],"curies":[{"name":"wp","href":"https:\/\/api.w.org\/{rel}","templated":true}]}}