{"id":14755,"date":"2025-03-27T14:04:08","date_gmt":"2025-03-27T12:04:08","guid":{"rendered":"http:\/\/localhost\/verneri\/selko-dev\/?page_id=14755"},"modified":"2026-03-04T13:13:03","modified_gmt":"2026-03-04T11:13:03","slug":"tunnista-vakivalta","status":"publish","type":"page","link":"https:\/\/verneri.net\/selko\/hyvinvointi\/ihmissuhteet\/tunnista-vakivalta\/","title":{"rendered":"Tunnista v\u00e4kivalta"},"content":{"rendered":"<p>V\u00e4kivalta tarkoittaa voiman tai vallan tahallista k\u00e4ytt\u00f6\u00e4 tai sill\u00e4 uhkaamista. V\u00e4kivaltaa on esimerkiksi haukkuminen, ly\u00f6minen ja seksiin pakottaminen.<\/p>\n<p>T\u00e4ll\u00e4 sivulla on tietoa v\u00e4kivallan muodoista. Sivun lopussa on tietoa paikoista, joista saa apua v\u00e4kivaltaan.<\/p>\n<h2>V\u00e4kivaltaa on monenlaista<\/h2>\n<p>V\u00e4kivaltaa on esimerkiksi ly\u00f6minen, seksiin pakottaminen ja rahojen k\u00e4ytt\u00e4minen ilman lupaa.<\/p>\n<p>V\u00e4kivallan muotoja ovat esimerkiksi<\/p>\n<ul>\n<li>l\u00e4hisuhdev\u00e4kivalta<\/li>\n<li>fyysinen v\u00e4kivalta<\/li>\n<li>henkinen v\u00e4kivalta<\/li>\n<li>hengellinen v\u00e4kivalta<\/li>\n<li>taloudellinen v\u00e4kivalta<\/li>\n<li>seksuaalinen v\u00e4kivalta<\/li>\n<li>digitaalinen v\u00e4kivalta.<\/li>\n<\/ul>\n<p>V\u00e4kivallan tekij\u00e4 voi olla oma kumppani, perheenj\u00e4sen tai muu l\u00e4heinen ihminen. V\u00e4kivallan tekij\u00e4 voi olla my\u00f6s vieras ihminen.<\/p>\n<h2>L\u00e4hisuhdev\u00e4kivalta<\/h2>\n<p class=\"wp-block-paragraph\">L\u00e4hisuhdev\u00e4kivalta tarkoittaa sit\u00e4, ett\u00e4 l\u00e4heinen ihminen satuttaa tai kohtelee huonosti. L\u00e4heinen voi olla esimerkiksi oma puoliso, kumppani tai vanhempi.<\/p>\n<p>My\u00f6s avustaja voi olla v\u00e4kivaltainen.<\/p>\n<p>L\u00e4hisuhdev\u00e4kivaltaa voi olla esimerkiksi<\/p>\n<ul>\n<li>ly\u00f6minen<\/li>\n<li>huoneeseen lukitseminen<\/li>\n<li>rahojen k\u00e4ytt\u00e4minen ilman lupaa.<\/li>\n<\/ul>\n<p>L\u00e4hisuhdev\u00e4kivalta tapahtuu usein omassa kodissa.<\/p>\n<p>Kenenk\u00e4\u00e4n ei pit\u00e4isi joutua pelk\u00e4\u00e4m\u00e4\u00e4n omassa kodissa. Oman kodin pit\u00e4isi olla turvallinen paikka.<\/p>\n<p>Vammainen ihminen on usein riippuvainen toisten ihmisten avusta. Siksi v\u00e4kivallasta voi olla vaikea kertoa ja siihen voi olla vaikea pyyt\u00e4\u00e4 apua.<\/p>\n<p>Avustajan kosketus tai hoitotoimenpiteet eiv\u00e4t saa sattua. Jos avustajan kosketus tuntuu pahalta tai sattuu, kerro siit\u00e4 avustajalle tai luotettavalle ihmiselle.<\/p>\n<h2>Fyysinen v\u00e4kivalta<\/h2>\n<p>Fyysist\u00e4 v\u00e4kivaltaa voi olla esimerkiksi<\/p>\n<ul>\n<li>t\u00f6niminen<\/li>\n<li>ly\u00f6minen<\/li>\n<li>potkiminen<\/li>\n<li>tukistaminen<\/li>\n<li>kuristaminen.<\/li>\n<\/ul>\n<p>My\u00f6s apuv\u00e4lineen rikkominen on fyysist\u00e4 v\u00e4kivaltaa. V\u00e4kivallan tekij\u00e4 voi rikkoa esimerkiksi uhrin py\u00f6r\u00e4tuolin tai kuulolaitteen.<\/p>\n<p>My\u00f6s omaan kotiin tai huoneeseen lukitseminen on fyysist\u00e4 v\u00e4kivaltaa.<\/p>\n<h2>Henkinen v\u00e4kivalta<\/h2>\n<p>Henkist\u00e4 v\u00e4kivaltaa on esimerkiksi<\/p>\n<ul>\n<li>nimittely<\/li>\n<li>haukkuminen<\/li>\n<li>arvostelu<\/li>\n<li>v\u00e4heksyminen<\/li>\n<li>uhkailu<\/li>\n<li>voimakas mustasukkaisuus.<\/li>\n<\/ul>\n<p>Esimerkiksi vamman pilkkaaminen ja vammaisen henkil\u00f6n v\u00e4h\u00e4ttely ovat henkist\u00e4 v\u00e4kivaltaa.<\/p>\n<p>Henkisen v\u00e4kivallan tekij\u00e4 voi my\u00f6s uhkailla, ett\u00e4 h\u00e4n tekee uhrille fyysist\u00e4 v\u00e4kivaltaa tai j\u00e4tt\u00e4\u00e4 h\u00e4net ilman apua.<\/p>\n<h2>Hengellinen v\u00e4kivalta<\/h2>\n<p>Hengellinen v\u00e4kivalta on v\u00e4kivaltaa, jossa muut m\u00e4\u00e4r\u00e4\u00e4v\u00e4t ihmist\u00e4 uskonnon perusteella.<\/p>\n<p>Hengellinen v\u00e4kivalta voi olla esimerkiksi pelottelua, uhkailua tai pakottamista.<\/p>\n<p>Hengellisen v\u00e4kivallan uhria voidaan esimerkiksi<\/p>\n<ul>\n<li>pelotella helvetill\u00e4<\/li>\n<li>painostaa tunnustamaan syntej\u00e4<\/li>\n<li>pakottaa tekem\u00e4\u00e4n asioita uskonnon takia.<\/li>\n<\/ul>\n<p>Vammaiselle ihmiselle voidaan esimerkiksi v\u00e4itt\u00e4\u00e4, ett\u00e4 vamma on rangaistus pahoista teoista, joita h\u00e4n tai h\u00e4nen vanhempansa ovat tehneet.<\/p>\n<p>Hengellinen v\u00e4kivalta voi olla my\u00f6s rahan huijaamista. Esimerkiksi sairaalle ihmiselle voidaan luvata paranemista, jos h\u00e4n lahjoittaa rahaa.<\/p>\n<h2>Taloudellinen v\u00e4kivalta<\/h2>\n<p>Taloudellista v\u00e4kivaltaa on esimerkiksi<\/p>\n<ul>\n<li>rahank\u00e4yt\u00f6n est\u00e4minen<\/li>\n<li>rahan vaatiminen<\/li>\n<li>rahan ottaminen.<\/li>\n<\/ul>\n<p>Esimerkiksi kehitysvamma voi vaikeuttaa rahan arvon ymm\u00e4rt\u00e4mist\u00e4. Taloudellisen v\u00e4kivallan tekij\u00e4 voi k\u00e4ytt\u00e4\u00e4 t\u00e4t\u00e4 hyv\u00e4ksi ja huijata uhrilta rahaa.<\/p>\n<p>Vammainen ihminen voi tarvita avustajaa esimerkiksi verkkopankin tai pankkikortin k\u00e4ytt\u00e4miseen. Silloin avustaja saa tilaisuuden varastaa uhrin rahoja.<\/p>\n<p>Tekij\u00e4 voi my\u00f6s kirist\u00e4\u00e4 rahaa vammaiselta henkil\u00f6lt\u00e4. H\u00e4n voi esimerkiksi uhata, ettei h\u00e4n auta uhria, ellei saa rahaa.<\/p>\n<h2>Seksuaalinen v\u00e4kivalta<\/h2>\n<p>Seksuaalinen v\u00e4kivalta tarkoittaa seksuaalisia tekoja ilman suostumusta eli lupaa.<\/p>\n<p>Seksuaalista v\u00e4kivaltaa on esimerkiksi<\/p>\n<ul>\n<li>raiskaus eli pakottaminen yhdynt\u00e4\u00e4n<\/li>\n<li>pakottaminen seksuaalisiin tekoihin<\/li>\n<li>seksuaalinen koskettelu ilman lupaa<\/li>\n<li>v\u00e4kisin suuteleminen.<\/li>\n<\/ul>\n<p>Seksuaalisen v\u00e4kivallan tekij\u00e4 voi olla oma puoliso tai kumppani, tuttu tai tuntematon ihminen.<\/p>\n<p>Seksiin pit\u00e4\u00e4 aina olla suostumus. Jokaisella on oikeus kielt\u00e4yty\u00e4 seksist\u00e4 my\u00f6s seurustelusuhteessa ja avioliitossa.<\/p>\n<p>Aikuisella ei saa koskaan olla seksi\u00e4 alle 16-vuotiaan lapsen kanssa.<\/p>\n<p>Saman perheeseen kuuluvilla ihmisill\u00e4 ei saa olla seksi\u00e4 kesken\u00e4\u00e4n. Esimerkiksi sisaruksilla ei saa olla seksi\u00e4 toistensa kanssa.<\/p>\n<p>Ryhm\u00e4kodin ohjaajalla ja asukkaalla ei saa olla seksi\u00e4 toistensa kanssa.<\/p>\n<h2>Digitaalinen v\u00e4kivalta<\/h2>\n<p>Digitaalinen v\u00e4kivalta tarkoittaa v\u00e4kivaltaa, joka tapahtuu\u00a0 digilaitteella tai digipalvelussa.<\/p>\n<p>Digitaalinen v\u00e4kivalta voi olla esimerkiksi h\u00e4irint\u00e4\u00e4, uhkailua ja vainoamista.<\/p>\n<p>Digitaalinen v\u00e4kivalta voi olla esimerkiksi jatkuvaa soittelua tai viestittely\u00e4. Se voi olla my\u00f6s digipalveluiden k\u00e4yt\u00f6n rajoittamista.<\/p>\n<p>Digitaalista v\u00e4kivaltaa on my\u00f6s toisen ihmisen puhelimen, s\u00e4hk\u00f6postin, sovellusten, sosiaalisen median tai pankkitunnusten k\u00e4ytt\u00e4minen ilman lupaa.<\/p>\n<h2>\u00c4l\u00e4 j\u00e4\u00e4 yksin, pyyd\u00e4 apua<\/h2>\n<p>Kaikenlainen v\u00e4kivalta on v\u00e4\u00e4rin.<\/p>\n<p>Jos kohtaat v\u00e4kivaltaa, voit<\/p>\n<ul>\n<li>sanoa ei<\/li>\n<li>poistua paikalta<\/li>\n<li>huutaa apua.<\/li>\n<\/ul>\n<p>H\u00e4t\u00e4tilanteessa soita 112.<\/p>\n<p>Alla on lista paikoista, joista saat apua v\u00e4kivaltaan.<\/p>\n<h3>Nollalinja<\/h3>\n<p class=\"wp-block-paragraph\">Jos koet v\u00e4kivaltaa, soita Nollalinjan numeroon 080 005 005.<\/p>\n<p class=\"wp-block-paragraph\">Kun soitat Nollalinjaan, sinun ei tarvitse kertoa nime\u00e4si.<\/p>\n<p class=\"wp-block-paragraph\">Puhelimessa sinua auttaa ihminen, joka on ammattilainen. H\u00e4n kuuntelee ja neuvoo sinua.<\/p>\n<p>Nollalinja on ilmainen ja aina auki.<\/p>\n<p>Nollalinjan selkokielisill\u00e4 sivuilla on my\u00f6s chat, josta saat apua.<\/p>\n<p><a href=\"https:\/\/nollalinja.fi\/selko\/\" target=\"_blank\" rel=\"noopener\">Nollalinja selkokielell\u00e4<\/a> (nollalinja.fi)<\/p>\n<h3>Turvakodit<\/h3>\n<p>Turvakoti on paikka, jossa saat asua lyhyen aikaa turvassa.<\/p>\n<p>Voit menn\u00e4 l\u00e4himp\u00e4\u00e4n turvakotiin, jos l\u00e4heisesi on v\u00e4kivaltainen tai uhkailee sinua.<\/p>\n<p class=\"wp-block-paragraph\">Soita turvakotiin, ennen kuin tulet. Silloin varmistat, ett\u00e4 sinulle on tilaa turvakodissa. Voit soittaa l\u00e4himp\u00e4\u00e4n turvakotiin.<\/p>\n<p class=\"wp-block-paragraph is-last-block\"><a href=\"https:\/\/www.nollalinja.fi\/turvakoti\/turvakotien-yhteystiedot\/\" target=\"_blank\" rel=\"noopener\">Turvakotien yhteystiedot<\/a> (nollalinja.fi)<\/p>\n<h3>MIELI Kriisipuhelin<\/h3>\n<p>Jos olet kohdannut v\u00e4kivaltaa tai sen uhkaa, voit soittaa MIELI Kriisipuhelimeen numeroon\u00a009 2525 0111.<\/p>\n<p>Puhelin on aina auki. Voit soittaa nimett\u00f6m\u00e4sti ja luottamuksellisesti.<\/p>\n<p>Mieli ry tarjoaa keskusteluapua my\u00f6s chatissa ja netiss\u00e4.<\/p>\n<p><a href=\"https:\/\/mieli.fi\/tukea-ja-apua\/\" target=\"_blank\" rel=\"noopener\">Mieli ry:n keskusteluapu<\/a>\u00a0(mieli.fi)<\/p>\n<h3>Naisten linja<\/h3>\n<p>Naistenlinja auttaa naisia ja tytt\u00f6j\u00e4, jotka ovat kokeneet v\u00e4kivaltaa tai sen uhkaa.<\/p>\n<p>Naistenlinjan puhelinnumero on 0800 02 400.<\/p>\n<p>Puhelut ovat maksuttomia, nimett\u00f6mi\u00e4 ja luottamuksellisia.<\/p>\n<p>Saat apua my\u00f6s chatissa tai varaamalla ajan.<\/p>\n<p><a href=\"https:\/\/naistenlinja.fi\/\" target=\"_blank\" rel=\"noopener\">Naistenlinja<\/a> (naistenlinja.fi)<\/p>\n<h3>Raiskauskriisikeskus Tukinainen<\/h3>\n<p>Tukinainen auttaa seksuaalisen v\u00e4kivallan uhreja puhelimessa ja netiss\u00e4.<\/p>\n<p>Puhelinnumero on 0800 97899.<\/p>\n<p>Palvelut ovat maksuttomia.<\/p>\n<p><a href=\"https:\/\/www.nettitukinainen.fi\/\" target=\"_blank\" rel=\"noopener\">Nettitukinainen<\/a> (nettitukinainen.fi)<\/p>\n<h3>Rikosuhrip\u00e4ivystys<\/h3>\n<p>Rikosuhrip\u00e4ivystys auttaa, jos olet joutunut rikoksen tai sen yrityksen uhriksi.<\/p>\n<p>Puhelinnumero on 116 006.<\/p>\n<p>Saat apua my\u00f6s chatissa.<\/p>\n<p><a href=\"https:\/\/www.riku.fi\/\" target=\"_blank\" rel=\"noopener\">Rikosuhrip\u00e4ivystys<\/a> (riku.fi)<\/p>\n<p><strong>Teksti:<\/strong> Jenni Sipil\u00e4, 2024<\/p>\n<p><strong>L\u00e4hteet ja lis\u00e4\u00e4 tietoa selkokielell\u00e4:<\/strong><\/p>\n<ul>\n<li><a href=\"https:\/\/www.tukiliitto.fi\/wp-content\/uploads\/2018\/01\/uskalla_olla_uskalla_puhua.pdf\" target=\"_blank\" rel=\"noopener\">Tukiliitto: Selkokielinen Vammainen nainen ja v\u00e4kivalta -opas<\/a> (tukiliitto.fi)<\/li>\n<li><a href=\"https:\/\/www.riku.fi\/content\/uploads\/2023\/02\/rikosprosessi_selkokielella_ja_kuvitettuna_s.pdf\" target=\"_blank\" rel=\"noopener\">Rikosuhrip\u00e4ivystys: Rikosprosessi<\/a> (riku.fi)<\/li>\n<li><a href=\"https:\/\/www.oikeus.fi\/teemat\/rikosasiat\/rikoksen-uhrina\/jos-joudut-rikoksen-uhriksi-selkokielella-suomeksi\/\" target=\"_blank\" rel=\"noopener\">Jos joudut rikoksen uhriksi<\/a> (oikeus.fi)<\/li>\n<\/ul>\n","protected":false},"excerpt":{"rendered":"<p>V\u00e4kivalta tarkoittaa voiman tai vallan tahallista k\u00e4ytt\u00f6\u00e4 tai sill\u00e4 uhkaamista. V\u00e4kivaltaa on esimerkiksi haukkuminen, ly\u00f6minen ja seksiin pakottaminen. T\u00e4ll\u00e4 sivulla [&hellip;]<\/p>\n","protected":false},"author":2,"featured_media":15027,"parent":17,"menu_order":81,"comment_status":"closed","ping_status":"closed","template":"","meta":{"_acf_changed":false,"footnotes":""},"class_list":["post-14755","page","type-page","status-publish","has-post-thumbnail","hentry"],"acf":[],"_links":{"self":[{"href":"https:\/\/verneri.net\/selko\/wp-json\/wp\/v2\/pages\/14755","targetHints":{"allow":["GET"]}}],"collection":[{"href":"https:\/\/verneri.net\/selko\/wp-json\/wp\/v2\/pages"}],"about":[{"href":"https:\/\/verneri.net\/selko\/wp-json\/wp\/v2\/types\/page"}],"author":[{"embeddable":true,"href":"https:\/\/verneri.net\/selko\/wp-json\/wp\/v2\/users\/2"}],"replies":[{"embeddable":true,"href":"https:\/\/verneri.net\/selko\/wp-json\/wp\/v2\/comments?post=14755"}],"version-history":[{"count":0,"href":"https:\/\/verneri.net\/selko\/wp-json\/wp\/v2\/pages\/14755\/revisions"}],"up":[{"embeddable":true,"href":"https:\/\/verneri.net\/selko\/wp-json\/wp\/v2\/pages\/17"}],"wp:featuredmedia":[{"embeddable":true,"href":"https:\/\/verneri.net\/selko\/wp-json\/wp\/v2\/media\/15027"}],"wp:attachment":[{"href":"https:\/\/verneri.net\/selko\/wp-json\/wp\/v2\/media?parent=14755"}],"curies":[{"name":"wp","href":"https:\/\/api.w.org\/{rel}","templated":true}]}}