{"id":14756,"date":"2025-03-27T14:13:01","date_gmt":"2025-03-27T12:13:01","guid":{"rendered":"http:\/\/localhost\/verneri\/selko-dev\/?page_id=14756"},"modified":"2025-09-11T09:39:15","modified_gmt":"2025-09-11T06:39:15","slug":"minun-ihmissuhteeni","status":"publish","type":"page","link":"https:\/\/verneri.net\/selko\/hyvinvointi\/ihmissuhteet\/minun-ihmissuhteeni\/","title":{"rendered":"Minun ihmissuhteeni"},"content":{"rendered":"<p>N\u00e4ill\u00e4 sivuilla Vernerin lukijat kertovat ajatuksiaan ja kokemuksiaan ihmissuhteista.<\/p>\n<p>Jos haluat kertoa omista ihmissuhteistasi Verneriss\u00e4, l\u00e4het\u00e4 meille s\u00e4hk\u00f6posti osoitteeseen verneri(at)kvl.fi.<\/p>\n","protected":false},"excerpt":{"rendered":"<p>N\u00e4ill\u00e4 sivuilla Vernerin lukijat kertovat ajatuksiaan ja kokemuksiaan ihmissuhteista. Jos haluat kertoa omista ihmissuhteistasi Verneriss\u00e4, l\u00e4het\u00e4 meille s\u00e4hk\u00f6posti osoitteeseen verneri(at)kvl.fi.<\/p>\n","protected":false},"author":2,"featured_media":16987,"parent":17,"menu_order":11,"comment_status":"closed","ping_status":"closed","template":"","meta":{"_acf_changed":false,"footnotes":""},"class_list":["post-14756","page","type-page","status-publish","has-post-thumbnail","hentry"],"acf":[],"_links":{"self":[{"href":"https:\/\/verneri.net\/selko\/wp-json\/wp\/v2\/pages\/14756","targetHints":{"allow":["GET"]}}],"collection":[{"href":"https:\/\/verneri.net\/selko\/wp-json\/wp\/v2\/pages"}],"about":[{"href":"https:\/\/verneri.net\/selko\/wp-json\/wp\/v2\/types\/page"}],"author":[{"embeddable":true,"href":"https:\/\/verneri.net\/selko\/wp-json\/wp\/v2\/users\/2"}],"replies":[{"embeddable":true,"href":"https:\/\/verneri.net\/selko\/wp-json\/wp\/v2\/comments?post=14756"}],"version-history":[{"count":0,"href":"https:\/\/verneri.net\/selko\/wp-json\/wp\/v2\/pages\/14756\/revisions"}],"up":[{"embeddable":true,"href":"https:\/\/verneri.net\/selko\/wp-json\/wp\/v2\/pages\/17"}],"wp:featuredmedia":[{"embeddable":true,"href":"https:\/\/verneri.net\/selko\/wp-json\/wp\/v2\/media\/16987"}],"wp:attachment":[{"href":"https:\/\/verneri.net\/selko\/wp-json\/wp\/v2\/media?parent=14756"}],"curies":[{"name":"wp","href":"https:\/\/api.w.org\/{rel}","templated":true}]}}