{"id":14758,"date":"2025-03-27T14:18:21","date_gmt":"2025-03-27T12:18:21","guid":{"rendered":"http:\/\/localhost\/verneri\/selko-dev\/?page_id=14758"},"modified":"2025-05-19T18:37:04","modified_gmt":"2025-05-19T15:37:04","slug":"mun-tyttoystava-on-ihana","status":"publish","type":"page","link":"https:\/\/verneri.net\/selko\/hyvinvointi\/ihmissuhteet\/minun-ihmissuhteeni\/mun-tyttoystava-on-ihana\/","title":{"rendered":"Mun tytt\u00f6yst\u00e4v\u00e4 on ihana"},"content":{"rendered":"<p>Sakari Lepp\u00e4nen on 25-vuotias ja rakastunut.<\/p>\n<p>T\u00e4ss\u00e4 haastattelussa h\u00e4n kertoo tytt\u00f6yst\u00e4v\u00e4st\u00e4\u00e4n ja seurustelusta.<\/p>\n<h2>Miten tapasitte tytt\u00f6yst\u00e4v\u00e4si kanssa?<\/h2>\n<p>Me oltiin samoissa juhlissa. Jotain juteltiin, mutta ei kauheasti silloin viel\u00e4.<\/p>\n<p>Sen j\u00e4lkeen n\u00e4htiin sattumalta uudestaan latotansseissa ja siit\u00e4 se sitten l\u00e4hti.<\/p>\n<h2>Miten aloitte seurustella?<\/h2>\n<p>M\u00e4 kysyin, v\u00e4h\u00e4n j\u00e4nnitti. Mutta mun tytt\u00f6yst\u00e4v\u00e4 on onneksi sellainen ihminen, johon voi luottaa.<\/p>\n<h2>Millainen tytt\u00f6yst\u00e4v\u00e4si on?<\/h2>\n<p>Mun tytt\u00f6yst\u00e4v\u00e4ni on ihana.<\/p>\n<p>H\u00e4n on niin kaunis ja h\u00e4nell\u00e4 on hyv\u00e4 huumorintaju. Mun on helppo olla h\u00e4nen kanssaan.<\/p>\n<h2>Milloin tapaatte toisianne?<\/h2>\n<p><span data-contrast=\"auto\">Usein viikonloppuisin n\u00e4hd\u00e4\u00e4n. Ja sitten kun mulla alkaa loma, n\u00e4hd\u00e4\u00e4n arkip\u00e4ivin\u00e4kin.<\/span><\/p>\n<h2>Milt\u00e4 tuntuu tavata?<\/h2>\n<p><span data-contrast=\"auto\">Tuntuu ihanalta, kun n\u00e4hd\u00e4\u00e4n.<\/span><\/p>\n<p><span data-contrast=\"auto\">Se on aina yht\u00e4 ainutkertaista, kun ollaan yhdess\u00e4.<\/span><\/p>\n<h2>Mit\u00e4 teette yhdess\u00e4?<\/h2>\n<p>Joskus k\u00e4yd\u00e4\u00e4n yhdess\u00e4 k\u00e4velem\u00e4ss\u00e4 ja sy\u00f6m\u00e4ss\u00e4. Ollaan k\u00e4yty yhdess\u00e4 my\u00f6s Lintsill\u00e4.<\/p>\n<p>Maaliskuussa k\u00e4ytiin Hectorin konsertissa. Se oli hienoa!<\/p>\n<p>Joskus my\u00f6s soitan tytt\u00f6yst\u00e4v\u00e4lle kitaraa. Olen esitt\u00e4nyt oman kappaleeni ja Hectorin biisej\u00e4.<\/p>\n<h2>Oletko tehnyt tytt\u00f6yst\u00e4v\u00e4llesi kappaleen?<\/h2>\n<p>Tein tytt\u00f6yst\u00e4v\u00e4lle kappaleen vuoden 2022 syksyll\u00e4. Se on v\u00e4h\u00e4n niin kuin sellainen rakkaustarina, se biisi.<\/p>\n<h2>Milt\u00e4 seurustelu tuntuu?<\/h2>\n<p>Ihanalta, koska oon l\u00f6yt\u00e4nyt sellaisen tytt\u00f6yst\u00e4v\u00e4n, joka on hyv\u00e4 ihminen.<\/p>\n<p>Mun mielest\u00e4 el\u00e4m\u00e4ss\u00e4 pit\u00e4\u00e4 olla rakkautta, vaikka ymp\u00e4rill\u00e4 tapahtuisi mit\u00e4 kauheita asioita.<\/p>\n<h2>Millaisen vinkin antaisit ihmiselle, joka haluaa l\u00f6yt\u00e4\u00e4 kumppanin?<\/h2>\n<p>Se oikea tulee kohdalle, kun sit\u00e4 v\u00e4hiten odottaa. Kyll\u00e4 se ajan kanssa tulee.<\/p>\n<p><strong>Teksti:<\/strong> Jenni Sipil\u00e4, 2023<br \/>\n<strong>Kuva:<\/strong> Adel Rezapour<\/p>\n","protected":false},"excerpt":{"rendered":"<p>Sakari Lepp\u00e4nen on 25-vuotias ja rakastunut. T\u00e4ss\u00e4 haastattelussa h\u00e4n kertoo tytt\u00f6yst\u00e4v\u00e4st\u00e4\u00e4n ja seurustelusta. Miten tapasitte tytt\u00f6yst\u00e4v\u00e4si kanssa? Me oltiin samoissa [&hellip;]<\/p>\n","protected":false},"author":2,"featured_media":14707,"parent":14756,"menu_order":8,"comment_status":"closed","ping_status":"closed","template":"","meta":{"_acf_changed":false,"footnotes":""},"class_list":["post-14758","page","type-page","status-publish","has-post-thumbnail","hentry"],"acf":[],"_links":{"self":[{"href":"https:\/\/verneri.net\/selko\/wp-json\/wp\/v2\/pages\/14758","targetHints":{"allow":["GET"]}}],"collection":[{"href":"https:\/\/verneri.net\/selko\/wp-json\/wp\/v2\/pages"}],"about":[{"href":"https:\/\/verneri.net\/selko\/wp-json\/wp\/v2\/types\/page"}],"author":[{"embeddable":true,"href":"https:\/\/verneri.net\/selko\/wp-json\/wp\/v2\/users\/2"}],"replies":[{"embeddable":true,"href":"https:\/\/verneri.net\/selko\/wp-json\/wp\/v2\/comments?post=14758"}],"version-history":[{"count":0,"href":"https:\/\/verneri.net\/selko\/wp-json\/wp\/v2\/pages\/14758\/revisions"}],"up":[{"embeddable":true,"href":"https:\/\/verneri.net\/selko\/wp-json\/wp\/v2\/pages\/14756"}],"wp:featuredmedia":[{"embeddable":true,"href":"https:\/\/verneri.net\/selko\/wp-json\/wp\/v2\/media\/14707"}],"wp:attachment":[{"href":"https:\/\/verneri.net\/selko\/wp-json\/wp\/v2\/media?parent=14758"}],"curies":[{"name":"wp","href":"https:\/\/api.w.org\/{rel}","templated":true}]}}