{"id":14761,"date":"2025-03-27T15:57:44","date_gmt":"2025-03-27T13:57:44","guid":{"rendered":"http:\/\/localhost\/verneri\/selko-dev\/?page_id=14761"},"modified":"2025-10-23T20:06:34","modified_gmt":"2025-10-23T17:06:34","slug":"kokemuksia-kirjeenvaihdosta","status":"publish","type":"page","link":"https:\/\/verneri.net\/selko\/kirjeenvaihto\/kokemuksia-kirjeenvaihdosta\/","title":{"rendered":"Kokemuksia kirjeenvaihdosta"},"content":{"rendered":"<p>Valtteri Knuutila ja Minna Kokko ovat l\u00f6yt\u00e4neet seuraa Vernerin kirjepalstalta. T\u00e4ll\u00e4 sivulla he kertovat kokemuksistaan.<\/p>\n<h2>Ollaan oltu kavereita jo pitk\u00e4\u00e4n<\/h2>\n<p>Olen Valtteri Knuutila Helsingist\u00e4.<\/p>\n<p>Ohjaaja suositteli minulle Vernerin kirjeenvaihtopalstaa. Laitoin kirjepalstalle ilmoituksen.<\/p>\n<p>Tytt\u00f6 n\u00e4ki sen siell\u00e4 ja otti minuun yhteytt\u00e4 s\u00e4hk\u00f6postilla.<\/p>\n<p>Ensin kirjoiteltiin, sitten vaihdettiin Instagramiin ja siell\u00e4 vaihdettiin numerot.<\/p>\n<p>Tavattiin tyt\u00f6n kanssa ensimm\u00e4isen kerran Helsingiss\u00e4. Oli v\u00e4h\u00e4n j\u00e4nnitt\u00e4v\u00e4\u00e4, vaikka oltiin kirjoiteltu netiss\u00e4.<\/p>\n<p>Nyt ollaan oltu kavereita jo pitk\u00e4\u00e4n. On k\u00e4yty yhdess\u00e4 esimerkiksi Lintsill\u00e4.<\/p>\n<p>V\u00e4lill\u00e4 soitellaan, v\u00e4lill\u00e4 kirjoitellaan. Olen k\u00e4ynyt tyt\u00f6n luona Raahessakin.<\/p>\n<p>Minusta kirjeenvaihtopalsta on t\u00e4rke\u00e4 palvelu, koska monilla nuorilla voi olla vaikeaa ihmissuhteissa. Kirjeenvaihto lis\u00e4\u00e4 nuorten mielen hyvinvointia.<\/p>\n<p>Se on my\u00f6s turvallinen palvelu. Samanlaisia pit\u00e4isi olla enemm\u00e4n.<\/p>\n<p><strong>Tekstin toimitus:<\/strong> Jenni Sipil\u00e4, 2023<\/p>\n<h2>Ilmoitus Verneriss\u00e4 ja Leijassa<\/h2>\n<p>Lieksassa asuva Minna Kokko etsii seurustelukumppania kirjeenvaihtopalstan kautta. H\u00e4nell\u00e4 on ilmoitus selkolehti Leijassa ja Verneriss\u00e4.<\/p>\n<p>Verneri ja Leija tekev\u00e4t yhteisty\u00f6t\u00e4, joten sama kirjeenvaihtoilmoitus voidaan helposti julkaista molempien kirjeenvaihtopalstalla.<\/p>\n<p>&#8221;Etsin itselleni reipasta ja huumorintajuista kaveria&#8221;, Minna kertoo.<\/p>\n<p>Minnalla on paljon harrastuksia. H\u00e4n lenkkeilee, matkustelee ja viett\u00e4\u00e4 aikaa kavereiden kanssa. Silti h\u00e4n on yksin\u00e4inen.<\/p>\n<p>&#8221;Yksin\u00e4isyys on ollut v\u00e4lill\u00e4 vaikeaa. Kun ei ole l\u00f6ytynyt kunnon seurustelukaveria.&#8221;<\/p>\n<h3>Yhdess\u00e4 lenkille ja kahville<\/h3>\n<p>Minna Kokko on etsinyt kumppania kirjeenvaihtopalstan kautta aiemminkin.<\/p>\n<p>&#8221;Yhden seurustelukaverin olen l\u00f6yt\u00e4nyt palstan kautta.&#8221;<\/p>\n<p>Seurustelukaveri asui kuitenkin kaukana ja tapaaminen oli vaikeaa. Siksi suhde ei kest\u00e4nyt kauan.<\/p>\n<p>Nyt Minna etsii kumppania l\u00e4helt\u00e4 kotiaan Pohjois-Karjalasta.<\/p>\n<p>&#8221;Haluaisin k\u00e4yd\u00e4 yhdess\u00e4 lenkkeilem\u00e4ss\u00e4, ulkona sy\u00f6m\u00e4ss\u00e4 ja kahvilla&#8221;, Minna luettelee.<\/p>\n<h3>Kaverin kanssa voi soitella<\/h3>\n<p>Kirjeenvaihtopalstalla voi etsi\u00e4 my\u00f6s kaveria.<\/p>\n<p>My\u00f6s Minna on etsinyt ja l\u00f6yt\u00e4nyt palstalta kavereita:<\/p>\n<p>&#8221;Ihan vaan tekstailtu ollaan. Ja soiteltu. Onneksi on puhelimet keksitty, ett\u00e4 voi jutella.&#8221;<\/p>\n<p>Ilmoituksen kirjeenvaihtopalstalle voi l\u00e4hett\u00e4\u00e4 kirjeen\u00e4 tai s\u00e4hk\u00f6postilla.<\/p>\n<p>Ilmoituksiin voi vastata s\u00e4hk\u00f6postilla tai l\u00e4hett\u00e4m\u00e4ll\u00e4 kirjeen.<\/p>\n<p>Verneriss\u00e4 s\u00e4hk\u00f6postit ja kirjeet l\u00e4hetet\u00e4\u00e4n ensin Vernerille, josta ne l\u00e4hetet\u00e4\u00e4n edelleen ilmoittajalle.<\/p>\n<p>Leijassa kirjeen voi l\u00e4hett\u00e4\u00e4 suoraan ilmoittajan antamaan osoitteeseen.<\/p>\n<p><strong>Teksti:<\/strong> Jenni Sipil\u00e4 ja Jaana Ter\u00e4v\u00e4inen, 2021<\/p>\n","protected":false},"excerpt":{"rendered":"<p>Valtteri Knuutila ja Minna Kokko ovat l\u00f6yt\u00e4neet seuraa Vernerin kirjepalstalta. T\u00e4ll\u00e4 sivulla he kertovat kokemuksistaan. Ollaan oltu kavereita jo pitk\u00e4\u00e4n [&hellip;]<\/p>\n","protected":false},"author":2,"featured_media":16953,"parent":6,"menu_order":36,"comment_status":"closed","ping_status":"closed","template":"","meta":{"_acf_changed":false,"footnotes":""},"class_list":["post-14761","page","type-page","status-publish","has-post-thumbnail","hentry"],"acf":[],"_links":{"self":[{"href":"https:\/\/verneri.net\/selko\/wp-json\/wp\/v2\/pages\/14761","targetHints":{"allow":["GET"]}}],"collection":[{"href":"https:\/\/verneri.net\/selko\/wp-json\/wp\/v2\/pages"}],"about":[{"href":"https:\/\/verneri.net\/selko\/wp-json\/wp\/v2\/types\/page"}],"author":[{"embeddable":true,"href":"https:\/\/verneri.net\/selko\/wp-json\/wp\/v2\/users\/2"}],"replies":[{"embeddable":true,"href":"https:\/\/verneri.net\/selko\/wp-json\/wp\/v2\/comments?post=14761"}],"version-history":[{"count":0,"href":"https:\/\/verneri.net\/selko\/wp-json\/wp\/v2\/pages\/14761\/revisions"}],"up":[{"embeddable":true,"href":"https:\/\/verneri.net\/selko\/wp-json\/wp\/v2\/pages\/6"}],"wp:featuredmedia":[{"embeddable":true,"href":"https:\/\/verneri.net\/selko\/wp-json\/wp\/v2\/media\/16953"}],"wp:attachment":[{"href":"https:\/\/verneri.net\/selko\/wp-json\/wp\/v2\/media?parent=14761"}],"curies":[{"name":"wp","href":"https:\/\/api.w.org\/{rel}","templated":true}]}}