{"id":14763,"date":"2025-03-27T16:13:37","date_gmt":"2025-03-27T14:13:37","guid":{"rendered":"http:\/\/localhost\/verneri\/selko-dev\/?page_id=14763"},"modified":"2025-06-16T14:51:34","modified_gmt":"2025-06-16T11:51:34","slug":"ilo-kiertamaan","status":"publish","type":"page","link":"https:\/\/verneri.net\/selko\/hyvinvointi\/ihmissuhteet\/ilo-kiertamaan\/","title":{"rendered":"Ilo kiert\u00e4m\u00e4\u00e4n"},"content":{"rendered":"<p>Ilahduttaminen ja auttaminen l\u00e4hent\u00e4\u00e4 ihmisi\u00e4.<\/p>\n<p>Ilahduttamiseen ei tarvita paljon. Kaunis\u00a0sana tai pieni yst\u00e4v\u00e4llinen teko voi saada paljon iloa aikaan.<\/p>\n<p>Verneri ja Kehitysvammaliitto haastoivat ihmiset ilahduttamaan toisiaan. Ilo kiert\u00e4m\u00e4\u00e4n -haasteeseen osallistuttiin kertomalla, ket\u00e4 on ilahduttanut ja miten.<\/p>\n<p>Alta voit lukea esimerkkej\u00e4 siit\u00e4, miten ihmiset ilahduttivat toisiaan.<\/p>\n<h2>N\u00e4in ilo kiersi<\/h2>\n<p>Ninni: Laitoin tubettajalle mukavan kommentin.<\/p>\n<p>Suvi: Ilahdutin yst\u00e4vi\u00e4 omalla runolla.<\/p>\n<p>Matti: Ilahdutin Katjaa viestill\u00e4. H\u00e4n rakastaa minua.<\/p>\n<p>Hilla: Ilahdutin yst\u00e4v\u00e4\u00e4 yst\u00e4v\u00e4np\u00e4iv\u00e4kortille.<\/p>\n<p>Tuettu asuminen Joensuun seutu: Pohdimme yhdess\u00e4, miten toisia voi ilahduttaa.<\/p>\n<p>Suvi: Puhuin yst\u00e4v\u00e4n kanssa puhelimessa ja juteltiin kuulumisia.<\/p>\n<p>Lahden seudun kehitysvammaisten tuki: J\u00e4rjestimme esiintymistilaisuuden innokkaalle esiintyj\u00e4lle.<\/p>\n<p>Suvi: Vein ty\u00f6kaverille kahvin t\u00f6iss\u00e4.<\/p>\n<p>Laura: Olen ilahduttanut toista sanomalla, ett\u00e4 h\u00e4n on auttanut.<\/p>\n<p>Cristal32: Ilahdutin kaveria, kun oli puhetta pelist\u00e4, jossa oli viiden sekunnin haaste ja piti luetella 3 presidentti\u00e4. Mulla meni vastaus n\u00e4in: Kekkonen, Ky\u00f6sti ja Kallio. Sitten vasta tajusin, ett\u00e4 nuo kaksi viimeist\u00e4 oli yksi ja sama asia.<\/p>\n<p>Inkku: Olen ilahduttanut t\u00f6iss\u00e4 monia ty\u00f6kavereita ja kertonut n\u00e4ttej\u00e4 asioita.<\/p>\n<p>Juhani: Ilahdutin naapuriani juttelemalla h\u00e4nelle mukavia.<\/p>\n<p>Anne: Ilahdutin perhett\u00e4ni leipomalla kakun.<\/p>\n<p>Ulla: Hain kaupasta kaverille, mit\u00e4 toivoi mun tuovan.<\/p>\n<p>Perhekoti Saukkonen: Ilahdutimme sukulaisia, naapureita, ty\u00f6porukkaa, Liljaa, jalkahoitajaamme ja kampaajaamme itsetehdyill\u00e4 j\u00e4\u00e4suklailla.<\/p>\n<p>Veerika: Ilahdutin velje\u00e4 yst\u00e4v\u00e4np\u00e4iv\u00e4paketilla ja pikku yll\u00e4tyksell\u00e4, jota h\u00e4n oli jo kauan toivonut.<\/p>\n<p>Mikko: Ilahdutin Huittisten hulivilej\u00e4 osallistumalla Lomap\u00e4iv\u00e4n ratoksi -tapahtumaan.<\/p>\n<p>Jari: Ilahdutin yst\u00e4v\u00e4\u00e4. Soitin h\u00e4nelle yst\u00e4v\u00e4np\u00e4iv\u00e4puhelun ja l\u00e4hetin valokuvan.<\/p>\n<p>Suvi: Ilahdutin asuinkumppaneita suklaalla ja korteilla.<\/p>\n<p>Anne: Olen l\u00e4hett\u00e4nyt yst\u00e4ville yst\u00e4v\u00e4np\u00e4iv\u00e4kortteja ja kirjeit\u00e4.<\/p>\n<p>Ann-Mari: Ostin \u00e4idille uuden laukun.<\/p>\n<p>Lahden seudun kehitysvammaisten tuki: Leivoimme laskiaispullia ja pohdimme, mik\u00e4 meid\u00e4t saa iloiseksi.<\/p>\n<p>Juuan tuettu asuminen: Vierailimme yst\u00e4v\u00e4n luona. Ilo tarttui my\u00f6s ohjaajaan.<\/p>\n<p>Essi: Ilahdutin reissusta palaavia yst\u00e4vi\u00e4 ja tein lumity\u00f6t heid\u00e4n oveltaan.<\/p>\n<p>Lilja: Ilahdutin mutsia soittamalla ja kysym\u00e4ll\u00e4 kuulumisia.<\/p>\n<p>Anna: Vein vaatelahjoituksen ryhm\u00e4kodille, josta halukkaat saavat napata uusia vaatteita.<\/p>\n<p>Sandra: K\u00e4vin isovanhempien luona moikkaamassa pitk\u00e4st\u00e4 aikaa.<\/p>\n<p>Sari: P\u00e4\u00e4tin ilahduttaa muita ulkoilijoita ja kirjoitin hankeen &#8221;Ihanaa p\u00e4iv\u00e4\u00e4!&#8221;.<\/p>\n<p>Saila: Ilahdutin mun ty\u00f6kaveria laulamalla laulun.<\/p>\n<p>Josefina: Matkustin Helsinkiin juhlimaan \u00e4idin syntym\u00e4p\u00e4ivi\u00e4.<\/p>\n<p>Emilia: Ilahdutin ty\u00f6kaveria kehumalla.<\/p>\n<p>Juuan toimintakeskus: Me ilahdutettiin toisiamme yst\u00e4v\u00e4np\u00e4iv\u00e4kortein. Tehtiin my\u00f6s mokkapaloja ja ilahdutettiin ty\u00f6kavereita tarjoamalla niit\u00e4 p\u00e4iv\u00e4kahveilla.<\/p>\n<p>Suvi: llahdutin ohjaajaa ja itse\u00e4ni tankkaamalla ohjaajan auton ekaa kertaa el\u00e4m\u00e4ss\u00e4ni.<\/p>\n<p>Hilkka: M\u00e4 tervehdin kaikkia uusia naapureitani.<\/p>\n<p>Ulla: Ilahdutin rappusiivoojaa tervehtim\u00e4ll\u00e4.<\/p>\n<p>Emilia: L\u00e4hetin yst\u00e4ville ja perheenj\u00e4senille yst\u00e4v\u00e4np\u00e4iv\u00e4kortteja.<\/p>\n<p>Jaakko: Ilahdutin ratsastuksenopettajaa antamalla suklaalevyn ja kahvipaketin.<\/p>\n<p>Karoliina: Ilahdutin kumppania tilaamalla meille ruokaa.<\/p>\n<p>Suvi: L\u00e4hetin nelj\u00e4lle yst\u00e4v\u00e4lle yst\u00e4v\u00e4np\u00e4iv\u00e4kortit.<\/p>\n<p>Tomi: Olen k\u00e4ynyt naapurin kanssa kaupassa.<\/p>\n<p>Laura: Kutsun v\u00e4h\u00e4n v\u00e4li\u00e4 sy\u00f6m\u00e4\u00e4n ihmisen, joka on ollut pitk\u00e4\u00e4n yksin kotona.<\/p>\n<p>Pia: Ilahdutan vanhempiani laittamalla linkkej\u00e4 heit\u00e4 kiinnostaviin aiheisiin kuten s\u00e4\u00e4t\u00e4, terveytt\u00e4 ja politiikkaa k\u00e4sitteleviin artikkeleihin.<\/p>\n<p>Eppu: K\u00e4vin vaihtamassa tallilla veden hevoselle ilahduttaen samalla omistajaa.<\/p>\n<p>Fanny: Ilahdutin isomummoani niin, ett\u00e4 laitoin kahvit tulelle ja laitoin kahvileiv\u00e4t p\u00f6yt\u00e4\u00e4n ja tiskasin astiat.<\/p>\n<p>Elina: Ilahdutin ty\u00f6kaveria halauksella ja hymyll\u00e4.<\/p>\n<p>Aki: Ilahdutin ty\u00f6paikan henkil\u00f6kuntaa termospullolla, jossa oli karkkia sis\u00e4ll\u00e4.<\/p>\n<p>Esa: Oon auttanut vanhuksia ja asiakkaita t\u00f6iss\u00e4ni. Ja vapaalla autan muita, jos huomaan tilanteita, joissa voi auttaa.<\/p>\n<p><strong>Kuva:<\/strong> Johannes Romppanen &amp; Risto Musta<\/p>\n","protected":false},"excerpt":{"rendered":"<p>Ilahduttaminen ja auttaminen l\u00e4hent\u00e4\u00e4 ihmisi\u00e4. Ilahduttamiseen ei tarvita paljon. Kaunis\u00a0sana tai pieni yst\u00e4v\u00e4llinen teko voi saada paljon iloa aikaan. Verneri [&hellip;]<\/p>\n","protected":false},"author":2,"featured_media":14783,"parent":17,"menu_order":90,"comment_status":"closed","ping_status":"closed","template":"","meta":{"_acf_changed":false,"footnotes":""},"class_list":["post-14763","page","type-page","status-publish","has-post-thumbnail","hentry"],"acf":[],"_links":{"self":[{"href":"https:\/\/verneri.net\/selko\/wp-json\/wp\/v2\/pages\/14763","targetHints":{"allow":["GET"]}}],"collection":[{"href":"https:\/\/verneri.net\/selko\/wp-json\/wp\/v2\/pages"}],"about":[{"href":"https:\/\/verneri.net\/selko\/wp-json\/wp\/v2\/types\/page"}],"author":[{"embeddable":true,"href":"https:\/\/verneri.net\/selko\/wp-json\/wp\/v2\/users\/2"}],"replies":[{"embeddable":true,"href":"https:\/\/verneri.net\/selko\/wp-json\/wp\/v2\/comments?post=14763"}],"version-history":[{"count":0,"href":"https:\/\/verneri.net\/selko\/wp-json\/wp\/v2\/pages\/14763\/revisions"}],"up":[{"embeddable":true,"href":"https:\/\/verneri.net\/selko\/wp-json\/wp\/v2\/pages\/17"}],"wp:featuredmedia":[{"embeddable":true,"href":"https:\/\/verneri.net\/selko\/wp-json\/wp\/v2\/media\/14783"}],"wp:attachment":[{"href":"https:\/\/verneri.net\/selko\/wp-json\/wp\/v2\/media?parent=14763"}],"curies":[{"name":"wp","href":"https:\/\/api.w.org\/{rel}","templated":true}]}}