{"id":14764,"date":"2025-03-27T16:27:58","date_gmt":"2025-03-27T14:27:58","guid":{"rendered":"http:\/\/localhost\/verneri\/selko-dev\/?page_id=14764"},"modified":"2025-10-05T19:21:34","modified_gmt":"2025-10-05T16:21:34","slug":"seksuaalineuvontaa-eri-puolilla-suomea","status":"publish","type":"page","link":"https:\/\/verneri.net\/selko\/seksuaalineuvoja\/seksuaalineuvontaa-eri-puolilla-suomea\/","title":{"rendered":"Seksuaalineuvontaa eri puolilla Suomea"},"content":{"rendered":"<p>Jokaisella on oikeus saada tietoa seksuaalisuudesta ja seksist\u00e4. Seksuaalineuvojat ja seksuaaliterapeutit auttavat seksuaalisuuteen liittyviss\u00e4 kysymyksiss\u00e4.<\/p>\n<p>Vernerin seksuaalineuvojalta voit kysy\u00e4 seksuaalisuudesta ja seksist\u00e4 nimett\u00f6m\u00e4sti. Seksuaalineuvoja vastaa kysymyksiisi selkokielell\u00e4.<\/p>\n<p>Jos tarvitset henkil\u00f6kohtaista seksuaalineuvontaa, voit ottaa yhteytt\u00e4 seksuaalineuvojaan tai -terapeuttiin kotisi l\u00e4hell\u00e4. Voit pyyt\u00e4\u00e4 apua my\u00f6s terveydenhoitajalta tai l\u00e4\u00e4k\u00e4rilt\u00e4.<\/p>\n<p>T\u00e4ll\u00e4 sivulla on tietoa seksuaalineuvojista ja -terapeuteista eri puolilla Suomea. Sivulla on sellaisten neuvojien ja terapeuttien tiedot, joilla on kokemusta kehitysvammaisuudesta.<\/p>\n<p>Voit ottaa neuvojaan tai terapeuttiin yhteytt\u00e4 puhelimella tai s\u00e4hk\u00f6postilla.<\/p>\n<p>Neuvojan tai terapeutin nettisivuilta l\u00f6yd\u00e4t lis\u00e4\u00e4 tietoa, kuten neuvonnan hinnan.<\/p>\n<h2>Varsinais-Suomi<\/h2>\n<p>Jenni Ikonen<br \/>\nSeksuaaliterapeutti<br \/>\nPuhelin: 041\u202f534 2554<br \/>\nS\u00e4hk\u00f6posti: jenni(at)rauhajalempi.fi<br \/>\nNettisivut: <a href=\"https:\/\/rauhajalempi.fi\/\" target=\"_blank\" rel=\"noopener\">rauhajalempi.fi<\/a><\/p>\n<h2>Pohjois-Suomi<\/h2>\n<p>Sanna Koivisto<br \/>\nSeksuaalineuvoja<br \/>\nRovaniemi<br \/>\nPuhelin: 040 5696152<br \/>\nS\u00e4hk\u00f6posti: sanna.koivisto(at)sannanoivallus.fi<br \/>\nNettisivut: <a href=\"https:\/\/sannanoivallus.fi\/\" target=\"_blank\" rel=\"noopener\">sannanoivallus.fi<\/a><\/p>\n<p>Mervi Koskela<br \/>\nSeksuaaliterapeutti<br \/>\nOulu<br \/>\nS\u00e4hk\u00f6posti:mervi.koskela(at)kokokeho.fi<br \/>\nNettisivut: <a href=\"https:\/\/www.kokokeho.fi\/palvelut\/\" target=\"_blank\" rel=\"noopener\">kokokeho.fi<\/a><\/p>\n<h2>P\u00e4\u00e4kaupunkiseutu<\/h2>\n<p>Marjo Viinanen<br \/>\nErityistason seksuaaliterapeutti<br \/>\nPuhelin: 040 64 52\u202f696<br \/>\nS\u00e4hk\u00f6posti: marjo(at)marjoviinanen.fi<br \/>\nNettisivut: <a href=\"https:\/\/marjoviinanen.fi\/\" target=\"_blank\" rel=\"noopener\">marjoviinanen.fi<\/a><\/p>\n<h2>Etel\u00e4-Savo<\/h2>\n<p>Henna Suikki<br \/>\nErityistason seksuaaliterapeutti<br \/>\nPuhelin: 050\u202f344 78 64<br \/>\nS\u00e4hk\u00f6posti: henna@selkoseks.fi<br \/>\nNettisivut: <a href=\"https:\/\/selkoseks.fi\/seksuaaliterapia\/\" target=\"_blank\" rel=\"noopener\">selkoseks.fi<\/a><\/p>\n<p>Hanna Kosonen<br \/>\nSeksuaalineuvoja<br \/>\nPuhelin: 044 231 9430<br \/>\nNettisivut: <a href=\"https:\/\/amorin.fi\/hannakosonen\/\" target=\"_blank\" rel=\"noopener\">amorin.fi<\/a><\/p>\n","protected":false},"excerpt":{"rendered":"<p>Jokaisella on oikeus saada tietoa seksuaalisuudesta ja seksist\u00e4. Seksuaalineuvojat ja seksuaaliterapeutit auttavat seksuaalisuuteen liittyviss\u00e4 kysymyksiss\u00e4. Vernerin seksuaalineuvojalta voit kysy\u00e4 seksuaalisuudesta [&hellip;]<\/p>\n","protected":false},"author":2,"featured_media":17336,"parent":12,"menu_order":125,"comment_status":"closed","ping_status":"closed","template":"","meta":{"_acf_changed":false,"footnotes":""},"class_list":["post-14764","page","type-page","status-publish","has-post-thumbnail","hentry"],"acf":[],"_links":{"self":[{"href":"https:\/\/verneri.net\/selko\/wp-json\/wp\/v2\/pages\/14764","targetHints":{"allow":["GET"]}}],"collection":[{"href":"https:\/\/verneri.net\/selko\/wp-json\/wp\/v2\/pages"}],"about":[{"href":"https:\/\/verneri.net\/selko\/wp-json\/wp\/v2\/types\/page"}],"author":[{"embeddable":true,"href":"https:\/\/verneri.net\/selko\/wp-json\/wp\/v2\/users\/2"}],"replies":[{"embeddable":true,"href":"https:\/\/verneri.net\/selko\/wp-json\/wp\/v2\/comments?post=14764"}],"version-history":[{"count":0,"href":"https:\/\/verneri.net\/selko\/wp-json\/wp\/v2\/pages\/14764\/revisions"}],"up":[{"embeddable":true,"href":"https:\/\/verneri.net\/selko\/wp-json\/wp\/v2\/pages\/12"}],"wp:featuredmedia":[{"embeddable":true,"href":"https:\/\/verneri.net\/selko\/wp-json\/wp\/v2\/media\/17336"}],"wp:attachment":[{"href":"https:\/\/verneri.net\/selko\/wp-json\/wp\/v2\/media?parent=14764"}],"curies":[{"name":"wp","href":"https:\/\/api.w.org\/{rel}","templated":true}]}}