{"id":14771,"date":"2025-03-27T17:33:56","date_gmt":"2025-03-27T15:33:56","guid":{"rendered":"http:\/\/localhost\/verneri\/selko-dev\/?page_id=14771"},"modified":"2026-02-20T12:13:56","modified_gmt":"2026-02-20T10:13:56","slug":"seksuaalisuuden-sanat","status":"publish","type":"page","link":"https:\/\/verneri.net\/selko\/hyvinvointi\/seksuaalisuus\/seksuaalisuuden-sanat\/","title":{"rendered":"Seksuaalisuuden sanat"},"content":{"rendered":"<p>T\u00e4lt\u00e4 sivulta voit lukea, mit\u00e4 seksuaalisuuteen ja seksiin liittyv\u00e4t sanat tarkoittavat. Sanat ovat sivulla aakkosj\u00e4rjestyksess\u00e4.<\/p>\n<ul>\n<li><a href=\"#anaali\">Anaaliseksi<\/a><\/li>\n<li><a href=\"#anus\">Anus<\/a><\/li>\n<li><a href=\"#aseksuaali\">Aseksuaali<\/a><\/li>\n<li><a href=\"#autoseksuaali\">Autoseksuaali<\/a><\/li>\n<li><a href=\"#biseksuaali\">Biseksuaali<\/a><\/li>\n<li><a href=\"#dildo\">Dildo<\/a><\/li>\n<li><a href=\"#ematin\">Em\u00e4tin<\/a><\/li>\n<li><a href=\"#erektio\">Erektio<\/a><\/li>\n<li><a href=\"#esileikki\">Esileikki<\/a><\/li>\n<li><a href=\"#fantasia\">Fantasia<\/a><\/li>\n<li><a href=\"#hetero\">Hetero<\/a><\/li>\n<li><a href=\"#homo\">Homo<\/a><\/li>\n<li><a href=\"#itsetyydytys\">Itsetyydytys<\/a><\/li>\n<li><a href=\"#kivekset\">Kivekset<\/a><\/li>\n<li><a href=\"#klitoris\">Klitoris<\/a><\/li>\n<li><a href=\"#kiihottuminen\">Kiihottuminen<\/a><\/li>\n<li><a href=\"#kondomi\">Kondomi<\/a><\/li>\n<li><a href=\"#kuukautiset\">Kuukautiset<\/a><\/li>\n<li><a href=\"#lesbo\">Lesbo<\/a><\/li>\n<li><a href=\"#liukuvoide\">Liukuvoide<\/a><\/li>\n<li><a href=\"#masturbointi\">Masturbointi<\/a><\/li>\n<li><a href=\"#murrosika\">Murrosik\u00e4<\/a><\/li>\n<li><a href=\"#muunsukupuolinen\">Muunsukupuolinen<\/a><\/li>\n<li><a href=\"#orgasmi\">Orgasmi<\/a><\/li>\n<li><a href=\"#panokone\">Panokone<\/a><\/li>\n<li><a href=\"#panseksuaali\">Panseksuaali<\/a><\/li>\n<li><a href=\"#penis\">Penis<\/a><\/li>\n<li><a href=\"#penisrengas\">Penisrengas<\/a><\/li>\n<li><a href=\"#porno\">Porno<\/a><\/li>\n<li><a href=\"#ryhmaseksi\">Ryhm\u00e4seksi<\/a><\/li>\n<li><a href=\"#seksi\">Seksi<\/a><\/li>\n<li><a href=\"#seksitaudit\">Seksitaudit<\/a><\/li>\n<li><a href=\"#seksivaline\">Seksiv\u00e4line<\/a><\/li>\n<li><a href=\"#seksuaalinen\">Seksuaalinen suuntautuminen<\/a><\/li>\n<li><a href=\"#seksuaalisuus\">Seksuaalisuus<\/a><\/li>\n<li><a href=\"#siemensyoksy\">Siemensy\u00f6ksy<\/a><\/li>\n<li><a href=\"#sooloseksi\">Sooloseksi<\/a><\/li>\n<li><a href=\"#sperma\">Sperma<\/a><\/li>\n<li><a href=\"#sukuelimet\">Sukuelimet<\/a><\/li>\n<li><a href=\"#sukupuolten\">Sukupuolten moninaisuus<\/a><\/li>\n<li><a href=\"#suuseksi\">Suuseksi<\/a><\/li>\n<li><a href=\"#suuseksisuoja\">Suuseksisuoja<\/a><\/li>\n<li><a href=\"#tekoematin\">Tekoem\u00e4tin ja tekoper\u00e4aukko<\/a><\/li>\n<li><a href=\"#vibraattori\">Vibraattori<\/a><\/li>\n<li><a href=\"#vulva\">Vulva<\/a><\/li>\n<li><a href=\"#yhdynta\">Yhdynt\u00e4<\/a><\/li>\n<\/ul>\n<h2><a id=\"anaali\"><\/a>Anaaliseksi<\/h2>\n<p>Anaaliseksi on sama asia kuin peppuseksi.<\/p>\n<p>Anaaliseksiss\u00e4 per\u00e4aukkoon ty\u00f6nnet\u00e4\u00e4n sormi, penis tai seksiv\u00e4line. Anaaliseksi\u00e4 on my\u00f6s per\u00e4aukon hyv\u00e4ily ja nuoleminen.<\/p>\n<p>Anaaliseksist\u00e4 voi nauttia yksin tai yhdess\u00e4 kumppanin kanssa.<\/p>\n<p>Anaaliseksi onnistuu parhaiten, kun on rentoutunut. Ennen anaaliseksi\u00e4 kannattaa ulostaa.<\/p>\n<p>Anaaliseksiss\u00e4 pit\u00e4\u00e4 k\u00e4ytt\u00e4\u00e4 liukuvoidetta. My\u00f6s peseytyminen on t\u00e4rke\u00e4\u00e4 anaaliseksin j\u00e4lkeen.<\/p>\n<h2><a id=\"anus\"><\/a>Anus<\/h2>\n<p>Anus tarkoittaa per\u00e4aukkoa.<\/p>\n<h2><a id=\"aseksuaali\"><\/a>Aseksuaali<\/h2>\n<p>Aseksuaali on henkil\u00f6, joka ei koe seksuaalista kiinnostusta muita kohtaan.<\/p>\n<p>Aseksuaali voi olla romanttisesti kiinnostunut muista ihmisist\u00e4. H\u00e4n voi esimerkiksi ihastua muihin ja olla ihmissuhteissa ilman seksi\u00e4.<\/p>\n<h2><a id=\"autoseksuaali\"><\/a>Autoseksuaali<\/h2>\n<p>Autoseksuaali on henkil\u00f6, joka on seksuaalisesti kiinnostunut vain itsest\u00e4\u00e4n. Autoseksuaali voi tuottaa itselleen seksuaalista nautintoa. H\u00e4n ei halua tai tarvitse siihen toista ihmist\u00e4.<\/p>\n<h2><a id=\"biseksuaali\"><\/a>Biseksuaali<\/h2>\n<p>Biseksuaali on henkil\u00f6, joka on kiinnostunut miehist\u00e4 ja naisista.<\/p>\n<h2><a id=\"dildo\"><\/a>Dildo<\/h2>\n<p>Dildo on seksiv\u00e4line.<\/p>\n<p>Dildo voi n\u00e4ytt\u00e4\u00e4 esimerkiksi penikselt\u00e4 tai luodilta. Dildoja on my\u00f6s eripituisia ja eripaksuisia.<\/p>\n<p>Dildoa voi k\u00e4ytt\u00e4\u00e4 yksin ja yhdess\u00e4. Dildon voi ty\u00f6nt\u00e4\u00e4 em\u00e4ttimeen ja per\u00e4aukkoon. Dildolla voi kiihottaa klitoriksen, em\u00e4ttimen ja per\u00e4aukon aluetta. Dildolla voi kiihottaa my\u00f6s penist\u00e4.<\/p>\n<p>Dildon kanssa pit\u00e4\u00e4 k\u00e4ytt\u00e4\u00e4 liukuvoidetta.<\/p>\n<h2><a id=\"ematin\"><\/a>Em\u00e4tin<\/h2>\n<p>Em\u00e4tin on sama asia kuin vagina.<\/p>\n<p>Em\u00e4tin on noin 10 senttimetri\u00e4 pitk\u00e4 lihasputki, joka on kehon sis\u00e4ll\u00e4. Em\u00e4ttimen sis\u00e4pinta on limakalvoa. Em\u00e4tin yhdist\u00e4\u00e4 ulkoiset sukuelimet ja kohdun.<\/p>\n<p>Jokaisen em\u00e4tin on omanlaisensa. Em\u00e4ttimien koot ja muodot vaihtelevat.<\/p>\n<h2><a id=\"erektio\"><\/a>Erektio<\/h2>\n<p>Erektiolle on monta nime\u00e4, kuten stondis ja seisokki.<\/p>\n<p>Kun mies saa erektion, penis suurenee, kovettuu ja nousee pystyyn.<\/p>\n<p>Kun nainen saa erektion, pimppi turpoaa ja kostuu.<\/p>\n<p>Erektio tulee usein silloin, kun ajattelee seksi\u00e4 tai on kiihottunut. Erektio voi tulla my\u00f6s nukkuessa tai kun j\u00e4nnitt\u00e4\u00e4 tai pelottaa.<\/p>\n<h2><a id=\"esileikki\"><\/a>Esileikki<\/h2>\n<p>Esileikki lis\u00e4\u00e4 seksuaalista kiihottumista.<\/p>\n<p>Esileikiss\u00e4 voi esimerkiksi suudella ja hyv\u00e4ill\u00e4 kumppania eri puolilta kehoa. My\u00f6s sukuelimi\u00e4 voi hyv\u00e4ill\u00e4 ja nuolla.<\/p>\n<p>Usein ennen yhdynt\u00e4\u00e4 on esileikki\u00e4. Esileikki\u00e4 voi kuitenkin olla my\u00f6s ilman yhdynt\u00e4\u00e4.<\/p>\n<h2><a id=\"fantasia\"><\/a>Fantasia<\/h2>\n<p>Fantasia tarkoittaa haavetta tai unelmaa.<\/p>\n<p>Ihmiset fantasioivat monenlaisista asioista ja jokainen saa fantasioida, mist\u00e4 haluaa. Moni fantasioi asioista, joita ei tekisi oikeassa el\u00e4m\u00e4ss\u00e4.<\/p>\n<h2><a id=\"hetero\"><\/a>Hetero<\/h2>\n<p>Hetero on nainen, joka on kiinnostunut miehist\u00e4 tai mies, joka on kiinnostunut naisista.<\/p>\n<h2><a id=\"homo\"><\/a>Homo<\/h2>\n<p>Homo on ihminen, joka on kiinnostunut samasta sukupuolesta. Esimerkiksi mies voi olla kiinnostunut miehist\u00e4 ja nainen naisista.<\/p>\n<h2><a id=\"itsetyydytys\"><\/a>Itsetyydytys<\/h2>\n<p>Itsetyydytys on sama asia kuin sooloseksi, masturbointi, runkkaaminen, sormettaminen, k\u00e4teen vet\u00e4minen, tumputtaminen ja hanskaan veto.<\/p>\n<p>Itsetyydytys tuottaa seksuaalista mielihyv\u00e4\u00e4 ja nautintoa.<\/p>\n<p>Itsetyydytys on oman kehon koskettelua. Itse\u00e4\u00e4n voi kosketella esimerkiksi rinnoista, reisien sis\u00e4pinnoilta ja sukuelimist\u00e4.<\/p>\n<p>Itse\u00e4\u00e4n voi tyydytt\u00e4\u00e4 k\u00e4sill\u00e4\u00e4n tai seksiv\u00e4lineiden avulla. Vartalon eri kohtia voi hyv\u00e4ill\u00e4 my\u00f6s suihkulla.<\/p>\n<p>Itse\u00e4\u00e4n voi tyydytt\u00e4\u00e4 vaikka joka p\u00e4iv\u00e4, kunhan se ei aiheuta kipua tai h\u00e4iritse p\u00e4ivitt\u00e4isi\u00e4 toimia.<\/p>\n<p>K\u00e4det ja sukuelimet kannatta pest\u00e4 ennen ja j\u00e4lkeen itsetyydytyksen. My\u00f6s seksiv\u00e4lineet pit\u00e4\u00e4 pest\u00e4 k\u00e4yt\u00f6n j\u00e4lkeen.<\/p>\n<h2><a id=\"kivekset\"><\/a>Kivekset<\/h2>\n<p>Peniksen alla ovat kivespussit, joiden sis\u00e4ll\u00e4 ovat kivekset.<\/p>\n<p>Kiveksi\u00e4 on kaksi. Siitti\u00f6t syntyv\u00e4t kiveksiss\u00e4.<\/p>\n<h2><a id=\"klitoris\"><\/a>Klitoris<\/h2>\n<p>Klitoris on osa naisen sukuelimi\u00e4.<\/p>\n<p>Suurin osa klitoriksesta on kehon sis\u00e4ll\u00e4. Silmill\u00e4 voi n\u00e4hd\u00e4 vain klitoriksen p\u00e4\u00e4n. Klitoriksen p\u00e4\u00e4 on erityisen herkk\u00e4 kosketukselle.<\/p>\n<p>Klitoriksen teht\u00e4v\u00e4 on tuottaa mielihyv\u00e4\u00e4. Siksi sen koskettelu voi tuntua erityisen hyv\u00e4lt\u00e4.<\/p>\n<h2><a id=\"kiihottuminen\"><\/a>Kiihottuminen<\/h2>\n<p>Seksuaalinen kiihottuminen on tunne. Kun kiihottuu, syd\u00e4n alkaa ly\u00f6d\u00e4 nopeammin ja kehossa kiert\u00e4\u00e4 enemm\u00e4n verta.<\/p>\n<p>Kun mies kiihottuu, h\u00e4n saa yleens\u00e4 erektion eli h\u00e4nen peniksens\u00e4 suurenee, kovettuu ja nousee pystyyn.<\/p>\n<p>Kun nainen kiihottuu, h\u00e4nen em\u00e4ttimens\u00e4 kostuu ja n\u00e4nnit kovettuvat.<\/p>\n<p>Kiihottuneena tekee yleens\u00e4 mieli seksi\u00e4.<\/p>\n<h2><a id=\"kondomi\"><\/a>Kondomi<\/h2>\n<p>Kondomi on suoja, joka vedet\u00e4\u00e4n peniksen tai seksiv\u00e4lineen p\u00e4\u00e4lle. Kondomi suojaa raskaudelta ja seksitaudilta.<\/p>\n<p>Kondomeja on erikokoisia. Sopiva kondomi suojaa parhaiten.<\/p>\n<p>Kondomeja voi ostaa tavallisista kaupoista ja seksuaaliterveyskaupoista.<\/p>\n<h2><a id=\"kuukautiset\"><\/a>Kuukautiset<\/h2>\n<p>Kuukautiset alkavat murrosi\u00e4ss\u00e4, kun tyt\u00f6st\u00e4 kasvaa nainen.<\/p>\n<p>Kun kuukautiset ovat alkaneet, nainen voi tulla yhdynn\u00e4ss\u00e4 raskaaksi.<\/p>\n<p>Kuukautiset tulevat kerran kuukaudessa. Kuukautisten aikana em\u00e4ttimest\u00e4 vuotaa verta ja vatsa voi olla kipe\u00e4.<\/p>\n<p>Kuukautisten aikana k\u00e4ytet\u00e4\u00e4n kuukautissuojaa, kuten terveyssidett\u00e4, tamponia tai kuukuppia.<\/p>\n<h2><a id=\"lesbo\"><\/a>Lesbo<\/h2>\n<p>Lesbo on nainen, joka on kiinnostunut naisista.<\/p>\n<h2><a id=\"liukuvoide\"><\/a>Liukuvoide<\/h2>\n<p>Liukuvoide tekee limakalvot liukkaiksi, jolloin seksi on miellytt\u00e4v\u00e4mp\u00e4\u00e4. Liukuvoide my\u00f6s suojaa limakalvoja.<\/p>\n<p>Liukuvoidetta voi laittaa em\u00e4ttimeen, penikseen tai per\u00e4aukkoon.<\/p>\n<p>Liukuvoidetta voi k\u00e4ytt\u00e4\u00e4 aina seksin aikana. Liukuvoidetta kannattaa k\u00e4ytt\u00e4\u00e4, jos yhdynt\u00e4 kest\u00e4\u00e4 kauan tai limakalvot ovat kuivat.<\/p>\n<p>Anaaliseksiss\u00e4 pit\u00e4\u00e4 aina k\u00e4ytt\u00e4\u00e4 liukuvoidetta.<\/p>\n<p>Liukuvoide kannattaa pest\u00e4 pois iholta ja seksiv\u00e4lineist\u00e4 heti seksin j\u00e4lkeen.<\/p>\n<h2><a id=\"masturbointi\"><\/a>Masturbointi<\/h2>\n<p>Masturbointi tarkoittaa itsetyydytyst\u00e4.<\/p>\n<h2><a id=\"murrosika\"><\/a>Murrosik\u00e4<\/h2>\n<p>Murrosik\u00e4 alkaa noin 11-17 vuoden i\u00e4ss\u00e4.<\/p>\n<p>Murrosi\u00e4ss\u00e4 tyt\u00f6n keho muuttuu naisen kehoksi. Tytt\u00f6 kasvaa pituutta, tyt\u00f6n rinnat kasvavat ja kuukautiset alkavat. Kainaloihin ja pimppiin kasvaa karvoja, iholle voi tulla finnej\u00e4 ja hiki voi alkaa haista.<\/p>\n<p>Murrosi\u00e4ss\u00e4 pojan keho muuttuu miehen kehoksi. Poika kasvaa pituutta ja pojan kivekset sek\u00e4 penis kasvavat. Ihon karvoitus lis\u00e4\u00e4ntyy ja \u00e4\u00e4ni madaltuu. Y\u00f6lliset siemensy\u00f6ksyt alkavat. Iholle voi tulla finnej\u00e4 ja hiki voi alkaa haista.<\/p>\n<p>Kun oma keho muuttuu, olo voi olla h\u00e4mmentynyt. Jokaisen keho on omanlaisensa ja hyv\u00e4 juuri sellaisena kuin on.<\/p>\n<h2><a id=\"muunsukupuolinen\"><\/a>Muunsukupuolinen<\/h2>\n<p>Muunsukupuolinen on henkil\u00f6, joka kokee olevansa sukupuoleltaan jotain muuta kuin mies tai nainen.<\/p>\n<h2><a id=\"orgasmi\"><\/a>Orgasmi<\/h2>\n<p>Seksuaalisen kiihottumisen tai seksin aikana voi saada orgasmin.<\/p>\n<p>Jokainen ihminen kokee orgasmin omalla tavallaan. Usein orgasmi tuntuu hyv\u00e4lt\u00e4.<\/p>\n<p>Orgasmin aikana syd\u00e4men syke ja hengitys kiihtyv\u00e4t. Lihakset j\u00e4nnittyv\u00e4t ja rentoutuvat vuorotellen. Kehossa voi tuntua kihelm\u00f6inti\u00e4, t\u00e4rin\u00e4\u00e4 ja puutumista.<\/p>\n<p>Orgasmin aikana voi tulla siemensy\u00f6ksy.<\/p>\n<p>Orgasmin j\u00e4lkeen voi olla hyv\u00e4 ja rentoutunut olo. Olo voi olla my\u00f6s tunteellinen.<\/p>\n<p>Seksi voi olla hyv\u00e4\u00e4 my\u00f6s ilman orgasmia.<\/p>\n<h2><a id=\"panokone\"><\/a>Panokone<\/h2>\n<p>Panokone on seksiv\u00e4line, jossa on moottori. Panokoneeseen kiinnitet\u00e4\u00e4n dildo tai tekoem\u00e4tin. Kone liikuttaa dildoa tai tekoem\u00e4tint\u00e4 edestakaisin. Se siis matkii yhdynn\u00e4n liikett\u00e4.<\/p>\n<p>Panokonetta voi k\u00e4ytt\u00e4\u00e4 yksin tai yhdess\u00e4 kumppanin kanssa.<\/p>\n<p>Panokone sopii hyvin esimerkiksi ihmisille, joilla on liikuntarajoite.<\/p>\n<h2><a id=\"panseksuaali\"><\/a>Panseksuaali<\/h2>\n<p>Panseksuaali on henkil\u00f6, joka on kiinnostunut kaikista sukupuolista tai jolle sukupuolella ei ole v\u00e4li\u00e4.<\/p>\n<h2><a id=\"penis\"><\/a>Penis<\/h2>\n<p>Penist\u00e4 kutsutaan monilla nimill\u00e4, kuten siitin, pippeli, mulkku, muna, kalu ja kikkeli.<\/p>\n<p>Penis on miehen sukuelin.<\/p>\n<p>Peniksess\u00e4 on varsi, jonka sis\u00e4ll\u00e4 ovat siemenjohdin, virtsaputki ja paisuvaiskudos. Peniksen p\u00e4\u00e4ss\u00e4 on py\u00f6re\u00e4 k\u00e4rki eli terska.<\/p>\n<p>Peniksen p\u00e4\u00e4ll\u00e4 on esinahka, joka liikkuu. Esinahka suojelee penist\u00e4 hankaukselta, kuivumiselta ja tulehduksilta.<\/p>\n<p>Ei ole olemassa kahta samanlaista penist\u00e4. Jokaisen penis on omanlaisensa.<\/p>\n<h2><a id=\"penisrengas\"><\/a>Penisrengas<\/h2>\n<p>Penisrengas on seksiv\u00e4line. Se voimistaa ja yll\u00e4pit\u00e4\u00e4 peniksen erektiota.<\/p>\n<p>Penisrengas laitetaan peniksen juureen. Se hidastaa veren virtaamista pois peniksest\u00e4. Silloin erektio pysyy pidemp\u00e4\u00e4n.<\/p>\n<p>Penisrenkaita on erikokoisia.<\/p>\n<p>Penisrenkaassa voi olla erilaisia ulokkeita ja jotkut v\u00e4risev\u00e4t. Joitain penisrenkaita voi kirist\u00e4\u00e4.<\/p>\n<p>Ennen kuin k\u00e4ytt\u00e4\u00e4 penisrengasta, kannattaa poistaa karvat peniksen ja kivesten ymp\u00e4rilt\u00e4. Silloin karvat eiv\u00e4t j\u00e4\u00e4 penisrenkaan v\u00e4liin.<\/p>\n<p>Penisrengasta ei saa kirist\u00e4\u00e4 liian kire\u00e4lle. Kannattaa kokeilla varovasti, mik\u00e4 on itselle sopiva kireys.<\/p>\n<h2><a id=\"porno\"><\/a>Porno<\/h2>\n<p>Porno tarkoittaa kiihottavia kuvia, tarinoita, videoita ja elokuvia. Pornossa harrastetaan usein seksi\u00e4.<\/p>\n<p>Porno ei ole totta, se on n\u00e4ytelty\u00e4. Pornossa liioitellaan asioita.<\/p>\n<p>Oikeassa el\u00e4m\u00e4ss\u00e4 seksi ja ihmisten vartalot eiv\u00e4t ole sellaisia kuin pornossa.<\/p>\n<p>Pornossa puuttuu usein ehk\u00e4isy ja suostumus seksiin. Oikeassa el\u00e4m\u00e4ss\u00e4 ehk\u00e4isy suojaa raskaudelta ja seksitaudeilta ja seksiin pit\u00e4\u00e4 aina olla kumppanin suostumus eli lupa.<\/p>\n<p>Porno on tarkoitettu vain aikuisille.<\/p>\n<h2><a id=\"ryhmaseksi\"><\/a>Ryhm\u00e4seksi<\/h2>\n<p>Ryhm\u00e4seksi on seksi\u00e4, jossa on mukana enemm\u00e4n kuin kaksi ihmist\u00e4.<\/p>\n<h2><a id=\"seksi\"><\/a>Seksi<\/h2>\n<p>Seksi on toimintaa, joka tuottaa seksuaalista nautintoa.<\/p>\n<p>Seksi voi olla sooloseksi\u00e4 eli itsens\u00e4 tyydytt\u00e4mist\u00e4.<\/p>\n<p>Kumppanin tai kumppaneiden kanssa seksi voi olla hyv\u00e4ilyseksi\u00e4, suuseksi\u00e4 tai yhdynt\u00e4\u00e4.<\/p>\n<p>My\u00f6s katseet, puheet ja fantasiat voivat olla seksi\u00e4.<\/p>\n<p>Seksist\u00e4 voi nauttia my\u00f6s erilaisten seksiv\u00e4lineiden kanssa.<\/p>\n<p>Jokainen p\u00e4\u00e4tt\u00e4\u00e4 itse, millaista seksi\u00e4 h\u00e4n harrastaa. Kaikki eiv\u00e4t halua seksi\u00e4.<\/p>\n<p>Ket\u00e4\u00e4n ei saa painostaa tai pakottaa seksiin. Jokaisella on oikeus sanoa ei, jos ei halua seksi\u00e4.<\/p>\n<h2><a id=\"seksitaudit\"><\/a>Seksitaudit<\/h2>\n<p>Seksitaudit ovat tauteja, jotka voivat tarttua seksin aikana.<\/p>\n<p>Taudit voivat tarttua peniksen, em\u00e4ttimen, per\u00e4aukon ja suun limakalvoilta. Seksitaudit voivat tarttua esimerkiksi yhdynn\u00e4ss\u00e4, suuseksiss\u00e4 ja seksiv\u00e4lineist\u00e4.<\/p>\n<p>Kondomi ja suuseksisuoja suojaavat seksitaudeilta.<\/p>\n<h2><a id=\"seksivaline\"><\/a>Seksiv\u00e4line<\/h2>\n<p>Seksiv\u00e4line on sama asia kuin seksilelu.<\/p>\n<p>Seksiv\u00e4line tarkoittaa v\u00e4linett\u00e4, jota k\u00e4ytet\u00e4\u00e4n seksin aikana. Seksiv\u00e4lineit\u00e4 ovat esimerkiksi dildo, penisrengas, tekoem\u00e4tin, tekoper\u00e4aukko ja panokone.<\/p>\n<p>Seksiv\u00e4linett\u00e4 voi k\u00e4ytt\u00e4\u00e4 yksin tai yhdess\u00e4 kumppanin kanssa.<\/p>\n<p>Seksiv\u00e4line voi auttaa nauttimaan seksist\u00e4 ja tehd\u00e4 seksist\u00e4 monipuolisempaa.<\/p>\n<p>Seksiv\u00e4lineit\u00e4 voi ostaa esimerkiksi apteekista ja tavaratalosta. V\u00e4lineit\u00e4 voi ostaa my\u00f6s nettikaupoista ja seksuaaliterveyskaupoista.<\/p>\n<h2><a id=\"seksuaalinen\"><\/a>Seksuaalinen suuntautuminen<\/h2>\n<p>Seksuaalinen suuntautuminen kertoo siit\u00e4, kehen ihminen ihastuu, rakastuu tai tuntee seksuaalista kiinnostusta.<\/p>\n<p>Ihminen voi olla seksuaalisesti kiinnostunut mist\u00e4 tahansa sukupuolesta.<\/p>\n<p>Esimerkiksi nainen voi olla kiinnostunut miehist\u00e4. Silloin h\u00e4n on hetero. Nainen voi olla kiinnostunut my\u00f6s naisista. Silloin h\u00e4n on lesbo.<\/p>\n<p>Mies voi olla kiinnostunut naisista. Silloin h\u00e4n on hetero. Mies voi olla kiinnostunut my\u00f6s miehist\u00e4. Silloin h\u00e4n on homo.<\/p>\n<p>Jos on kiinnostunut naisista ja miehist\u00e4, on biseksuaali.<\/p>\n<p>Panseksuaali voi olla kiinnostunut kaikista sukupuolista.<\/p>\n<p>Aseksuaali ei koe seksuaalista kiinnostusta muita kohtaan.<\/p>\n<p>Autoseksuaali on kiinnostunut seksuaalisesti vain itsest\u00e4\u00e4n.<\/p>\n<p>Seksuaalinen suuntautuminen voi my\u00f6s muuttua el\u00e4m\u00e4n aikana.<\/p>\n<h2><a id=\"seksuaalisuus\"><\/a>Seksuaalisuus<\/h2>\n<p>Seksuaalisuus on ihmisen ominaisuus. Seksuaalisuuteen kuuluu monia asioita, kuten sukupuoli, seksuaalinen suuntautuminen ja tunteet.<\/p>\n<p>Jokainen ihminen on seksuaalinen koko el\u00e4m\u00e4ns\u00e4 ajan. Seksuaalisuus my\u00f6s muuttuu, kun ihminen vanhenee.<\/p>\n<h2><a id=\"siemensyoksy\"><\/a>Siemensy\u00f6ksy<\/h2>\n<p>Kun mies saa siemensy\u00f6ksyn, peniksen p\u00e4\u00e4st\u00e4 valuu ulos siemennestett\u00e4 eli spermaa.<\/p>\n<p>Siemensy\u00f6ksy voi tulla seksin aikana tai nukkuessa.<\/p>\n<h2><a id=\"sooloseksi\"><\/a>Sooloseksi<\/h2>\n<p>Sooloseksi tarkoittaa itsetyydytyst\u00e4.<\/p>\n<h2><a id=\"sperma\"><\/a>Sperma<\/h2>\n<p>Sperma eli siemenneste syntyy miehen sukuelimiss\u00e4. Spermassa on siitti\u00f6it\u00e4 eli miehen sukusoluja.<\/p>\n<p>Sperma voi olla esimerkiksi valkoista, l\u00e4pin\u00e4kyv\u00e4\u00e4 tai kellert\u00e4v\u00e4\u00e4. Sperma voi olla ohutta, tahmeaa ja kokkareista.<\/p>\n<h2><a id=\"sukuelimet\"><\/a>Sukuelimet<\/h2>\n<p>Ihmisill\u00e4 on ulkoiset ja sis\u00e4iset sukuelimet.<\/p>\n<p>Ulkoisia sukuelimi\u00e4 ovat penis, kivespussit, klitoris ja h\u00e4pyhuulet.<\/p>\n<p>Sis\u00e4isi\u00e4 sukuelimi\u00e4 ovat kivekset ja munasarjat.<\/p>\n<p>Sukuelimi\u00e4 kutsutaan my\u00f6s genitaaleiksi.<\/p>\n<h2><a id=\"sukupuolten\"><\/a>Sukupuolten moninaisuus<\/h2>\n<p>Sukupuolten moninaisuus tarkoittaa sit\u00e4, ett\u00e4 on miehi\u00e4, naisia ja muunsukupuolisia.<\/p>\n<p>Sukupuolen moninaisuus tarkoittaa my\u00f6s sit\u00e4, ett\u00e4 ihminen voi ilmaista omaa sukupuoltaan monella tavalla. Omaa sukupuolta voi ilmaista esimerkiksi pukeutumalla tietyll\u00e4 tavalla.<\/p>\n<p>Ihmisen kokemusta siit\u00e4, mit\u00e4 sukupuolta h\u00e4n on, sanotaan sukupuoli-identiteetiksi.<\/p>\n<p>Ihmisen sukupuoli m\u00e4\u00e4ritell\u00e4\u00e4n, kun h\u00e4n syntyy. Suuri osa ihmisist\u00e4 kokee, ett\u00e4 he ovat sit\u00e4 sukupuolta, joksi heid\u00e4t on m\u00e4\u00e4ritelty. Esimerkiksi mieheksi m\u00e4\u00e4ritelty kokee, ett\u00e4 h\u00e4n on mies. Ja naiseksi m\u00e4\u00e4ritelty kokee, ett\u00e4 h\u00e4n on nainen.<\/p>\n<p>Sukupuolen voi kokea my\u00f6s muulla tavalla.<\/p>\n<p>Transsukupuolinen tai transihminen kokee, ettei h\u00e4n ole sit\u00e4 sukupuolta, joksi h\u00e4net on m\u00e4\u00e4ritelty.<\/p>\n<p>Jos ihminen kokee, ett\u00e4 h\u00e4n on jotain muuta kuin nainen tai mies, h\u00e4n voi k\u00e4ytt\u00e4\u00e4 sukupuolestaan my\u00f6s sanaa muunsukupuolinen.<\/p>\n<p>Aina sopivaa sanaa ei ole helppo l\u00f6yt\u00e4\u00e4 tai se ei ole edes tarpeen. Tunne sukupuolesta voi my\u00f6s vaihdella.<\/p>\n<h2><a id=\"suuseksi\"><\/a>Suuseksi<\/h2>\n<p>Suuseksi on esimerkiksi pimpin tai peniksen hyv\u00e4ilemist\u00e4 suulla tai kielell\u00e4.<\/p>\n<p>Suuseksist\u00e4 k\u00e4ytet\u00e4\u00e4n my\u00f6s nimityksi\u00e4 suihinotto ja oraaliseksi.<\/p>\n<h2><a id=\"suuseksisuoja\"><\/a>Suuseksisuoja<\/h2>\n<p>Suuseksisuoja on liina, joka laitetaan em\u00e4ttimen tai per\u00e4aukon p\u00e4\u00e4lle ennen suuseksi\u00e4.<\/p>\n<p>Suuseksisuoja suojaa seksitaudeilta ja bakteereilta.<\/p>\n<p>Suuseksisuojia voi ostaa apteekista tai seksuaaliterveyskaupoista.<\/p>\n<h2><a id=\"tekoematin\"><\/a>Tekoem\u00e4tin ja tekoper\u00e4aukko<\/h2>\n<p>Tekoem\u00e4tin ja tekoper\u00e4aukko ovat seksiv\u00e4lineit\u00e4. Niit\u00e4 voi k\u00e4ytt\u00e4\u00e4 itsetyydytykseen tai yhdess\u00e4 kumppanin kanssa.<\/p>\n<p>Tekoem\u00e4ttimien ja -per\u00e4aukkojen koot ja muodot vaihtelevat. Jotkut tekoem\u00e4ttimet n\u00e4ytt\u00e4v\u00e4t aidoilta em\u00e4ttimilt\u00e4. Jotkut tekoper\u00e4aukot n\u00e4ytt\u00e4v\u00e4t aidoilta per\u00e4aukoilta.<\/p>\n<h2><a id=\"vagina\"><\/a>Vagina<\/h2>\n<p>Vagina on sama asia kuin em\u00e4tin.<\/p>\n<h2><a id=\"vibraattori\"><\/a>Vibraattori<\/h2>\n<p>Vibraattori on seksiv\u00e4line, joka t\u00e4risee.<\/p>\n<p>Vibraattoreita on erikokoisia ja erimuotoisia. Ne voivat n\u00e4ytt\u00e4\u00e4 penikselt\u00e4 tai esimerkiksi luodilta.<\/p>\n<p>Vibraattorilla voi kiihottaa esimerkiksi klitorista, penist\u00e4 ja per\u00e4aukkoa.<\/p>\n<p>Vibraattorilla voi my\u00f6s hieroa lihaksia ja v\u00e4hent\u00e4\u00e4 kipua ennen seksi\u00e4.<\/p>\n<p>Jos vibraattori on vesitiivis, sit\u00e4 voi k\u00e4ytt\u00e4\u00e4 suihkussa tai kylvyss\u00e4.<\/p>\n<h2><a id=\"vulva\"><\/a>Vulva<\/h2>\n<p>Vulva tarkoittaa naisen ulkoisia sukuelimi\u00e4.<\/p>\n<p>Naisen ulkoisiin sukuelimiin kuuluvat esimerkiksi h\u00e4pyhuulet, klitoris, virtsaputken aukko ja em\u00e4ttimen aukko.<\/p>\n<h2><a id=\"yhdynta\"><\/a>Yhdynt\u00e4<\/h2>\n<p>Yhdynt\u00e4 on yksi tapa harrastaa seksi\u00e4.<\/p>\n<p>Toiseen ihmiseen voi yhty\u00e4 omalla kehonosalla tai seksiv\u00e4lineell\u00e4.<\/p>\n<p>Esimerkiksi mies voi ty\u00f6nt\u00e4\u00e4 peniksen toisen suuhun, per\u00e4aukkoon tai em\u00e4ttimeen.<\/p>\n<p>Toiseen ihmiseen voi yhty\u00e4 my\u00f6s esimerkiksi dildolla.<\/p>\n<p>Yhdynn\u00e4ss\u00e4 voi olla eri asennoissa ja asentoja voi vaihtaa yhdynn\u00e4n aikana. Paras yhdynt\u00e4asento l\u00f6ytyy kokeilemalla ja harjoittelemalla.<\/p>\n<p>Ket\u00e4\u00e4n ei saa painostaa tai pakottaa yhdynt\u00e4\u00e4n. Yhdynn\u00e4n voi my\u00f6s lopettaa koska vain.<\/p>\n<p>Yhdynt\u00e4 on yksityisasia. Sit\u00e4 ei saa tehd\u00e4 julkisella paikalla.<\/p>\n<p>Nainen voi tulla raskaaksi penis-em\u00e4tinyhdynn\u00e4ss\u00e4. My\u00f6s seksitaudit voivat tarttua yhdynn\u00e4ss\u00e4. Kondomi suojaa raskaudelta ja seksitaudeilta.<\/p>\n<p><strong>Teksti:<\/strong> Jenni Sipil\u00e4 ja Henna Kekkonen, 2023<br \/>\n<strong>Kuvat:<\/strong> Unsplash, Istock<\/p>\n<p><em>Onko sinulla kysytt\u00e4v\u00e4\u00e4 seksuaalisuudesta tai seksist\u00e4?<\/em><\/p>\n<p><a href=\"https:\/\/verneri.net\/selko\/seksuaalineuvoja\/kysy-seksuaalineuvojalta\/\">Kysy seksuaalineuvojalta<\/a><\/p>\n<p><strong>L\u00e4hteet ja lis\u00e4tietoa selkokielell\u00e4:<\/strong><\/p>\n<ul>\n<li><a href=\"https:\/\/selkoseks.fi\/wp-content\/uploads\/2025\/02\/Nauti-Seksista-2025.pdf\" target=\"_blank\" rel=\"noopener\">Terapiaperhonen: Nauti seksist\u00e4 -opas<\/a> (pdf-tiedosto)<\/li>\n<li><a href=\"https:\/\/selkoseks.fi\/wp-content\/uploads\/2025\/02\/Mita-seksi-on-2025.pdf\" target=\"_blank\" rel=\"noopener\">SelkoSeks: Mit\u00e4 seksi on -opas<\/a> (pdf)<\/li>\n<li><a href=\"http:\/\/www.seteke.fi\/\" target=\"_blank\" rel=\"noopener\">Seksuaalisuudesta selkokielell\u00e4<\/a> (seteke.fi)<\/li>\n<li>Seksu: Seksuaaliterveytt\u00e4 ja suhdetaitoja -oppaat, Autismis\u00e4\u00e4ti\u00f6 2016<\/li>\n<\/ul>\n","protected":false},"excerpt":{"rendered":"<p>T\u00e4lt\u00e4 sivulta voit lukea, mit\u00e4 seksuaalisuuteen ja seksiin liittyv\u00e4t sanat tarkoittavat. Sanat ovat sivulla aakkosj\u00e4rjestyksess\u00e4. Anaaliseksi Anus Aseksuaali Autoseksuaali Biseksuaali [&hellip;]<\/p>\n","protected":false},"author":2,"featured_media":17336,"parent":18,"menu_order":78,"comment_status":"closed","ping_status":"closed","template":"","meta":{"_acf_changed":false,"footnotes":""},"class_list":["post-14771","page","type-page","status-publish","has-post-thumbnail","hentry"],"acf":[],"_links":{"self":[{"href":"https:\/\/verneri.net\/selko\/wp-json\/wp\/v2\/pages\/14771","targetHints":{"allow":["GET"]}}],"collection":[{"href":"https:\/\/verneri.net\/selko\/wp-json\/wp\/v2\/pages"}],"about":[{"href":"https:\/\/verneri.net\/selko\/wp-json\/wp\/v2\/types\/page"}],"author":[{"embeddable":true,"href":"https:\/\/verneri.net\/selko\/wp-json\/wp\/v2\/users\/2"}],"replies":[{"embeddable":true,"href":"https:\/\/verneri.net\/selko\/wp-json\/wp\/v2\/comments?post=14771"}],"version-history":[{"count":0,"href":"https:\/\/verneri.net\/selko\/wp-json\/wp\/v2\/pages\/14771\/revisions"}],"up":[{"embeddable":true,"href":"https:\/\/verneri.net\/selko\/wp-json\/wp\/v2\/pages\/18"}],"wp:featuredmedia":[{"embeddable":true,"href":"https:\/\/verneri.net\/selko\/wp-json\/wp\/v2\/media\/17336"}],"wp:attachment":[{"href":"https:\/\/verneri.net\/selko\/wp-json\/wp\/v2\/media?parent=14771"}],"curies":[{"name":"wp","href":"https:\/\/api.w.org\/{rel}","templated":true}]}}