{"id":14775,"date":"2025-03-27T17:49:23","date_gmt":"2025-03-27T15:49:23","guid":{"rendered":"http:\/\/localhost\/verneri\/selko-dev\/?page_id=14775"},"modified":"2025-11-06T10:47:51","modified_gmt":"2025-11-06T08:47:51","slug":"yhdessa-muiden-kanssa","status":"publish","type":"page","link":"https:\/\/verneri.net\/selko\/hyvinvointi\/terveys-ja-liikunta\/hyvalla-mielella\/yhdessa-muiden-kanssa\/","title":{"rendered":"Yhdess\u00e4 muiden kanssa"},"content":{"rendered":"<p>Olemme p\u00e4ivitt\u00e4in yhdess\u00e4 eli vuorovaikutuksessa muiden ihmisten kanssa.<\/p>\n<p>Vuorovaikutuksessa jaamme tunteitamme ja ajatuksiamme. Siksi vuorovaikutus on t\u00e4rke\u00e4\u00e4 mielen hyvinvoinnille.<\/p>\n<h2>Vuorovaikutuksessa voi olla monin tavoin<\/h2>\n<p>Vuorovaikutusta on esimerkiksi juttelu naapurin kanssa ja viestittely kaverin kanssa.<\/p>\n<p>Vuorovaikutus voi olla puhetta, kirjoitusta ja viittomia. Esimerkiksi puhumalla ja kirjoittamalla voimme kertoa ajatuksistamme.<\/p>\n<p>My\u00f6s katseet, ilmeet ja eleet ovat vuorovaikutusta. Esimerkiksi ny\u00f6kk\u00e4\u00e4m\u00e4ll\u00e4 kaverin jutulle, voimme kertoa, ett\u00e4 olemme asiasta samaa mielt\u00e4.<\/p>\n<p><strong>Pohdi:<\/strong><\/p>\n<ul>\n<li>Kenen kanssa olet ollut t\u00e4n\u00e4\u00e4n vuorovaikutuksessa?<\/li>\n<li>Miten olet kertonut ajatuksistasi tai tunteistasi?<\/li>\n<\/ul>\n<h2>Kuuntelemisesta tulee hyv\u00e4 mieli<\/h2>\n<p>Oletko huomannut, miten mukavaa on, kun joku kuuntelee sinua ja on kiinnostunut ajatuksistasi?<\/p>\n<p>Sin\u00e4 voit tarjota saman kokemuksen toiselle!<\/p>\n<p>Keskustelu on tasavertaista,\u00a0kun molemmat saavat kertoa ajatuksiaan ja kuuntelevat toisiaan.<\/p>\n<p>Kun kaverisi kertoo sinulle kuulumisia, kuuntele tarkasti ja kysy lis\u00e4\u00e4. N\u00e4in osoitat, ett\u00e4 olet kiinnostunut kaverisi ajatuksista ja tunteista. T\u00e4st\u00e4 tulee hyv\u00e4 mieli!<\/p>\n<p><strong>Pohdi:<\/strong> Millaista sinun mielest\u00e4si on hyv\u00e4 vuorovaikutus?<\/p>\n<h2>V\u00e4\u00e4rink\u00e4sityksi\u00e4 sattuu<\/h2>\n<p>Joskus keskustelussa voi tulla olo, ettet ymm\u00e4rr\u00e4, mit\u00e4 keskustelukumppani puhuu. H\u00e4n voi puhua liian nopeasti, ep\u00e4selv\u00e4sti tai k\u00e4ytt\u00e4\u00e4 vaikeita sanoja.<\/p>\n<p>Silloin kannattaa sanoa, ettet ymm\u00e4rr\u00e4. Voit pyyt\u00e4\u00e4 keskustelukumppania toistamaan asian hitaammin tai selitt\u00e4m\u00e4\u00e4n asian.<\/p>\n<p><strong>Pohdi:<\/strong> Mit\u00e4 voit tehd\u00e4, jos et ymm\u00e4rr\u00e4, mit\u00e4 toinen sanoo?<\/p>\n<h2>Vuorovaikutus auttaa ymm\u00e4rt\u00e4m\u00e4\u00e4n<\/h2>\n<p>Hyv\u00e4 vuorovaikutus muiden ihmisten kanssa auttaa meit\u00e4 ymm\u00e4rt\u00e4m\u00e4\u00e4n el\u00e4m\u00e4\u00e4.<\/p>\n<p>Yhdess\u00e4 voimme pohtia maailman menoa ja oman el\u00e4m\u00e4n kiemuroita. Voimme kysy\u00e4 toisiltamme neuvoa ja kannustaa toisiamme.<\/p>\n<p>Tunteista puhuminen auttaa meit\u00e4 ymm\u00e4rt\u00e4m\u00e4\u00e4n ja s\u00e4\u00e4telem\u00e4\u00e4n omia tunteitamme.<\/p>\n<p>Vuorovaikutus muiden ihmisten kanssa on t\u00e4rke\u00e4 osa hyv\u00e4\u00e4 el\u00e4m\u00e4\u00e4.<\/p>\n<p><strong>Pohdi: <\/strong>Miksi vuorovaikutus muiden ihmisten kanssa on sinulle t\u00e4rke\u00e4\u00e4?<\/p>\n<p><strong>Tekstin toimitus:<\/strong> Jenni Sipil\u00e4, 2024<br \/>\n<strong>Kuva:<\/strong> Unsplash<br \/>\n<strong>L\u00e4hde ja lis\u00e4tietoa: <\/strong><a href=\"https:\/\/www.hyvakysymys.fi\/kurssi\/hyvalla-mielella-verkkokurssi\/elaman-ymmarrettavyys\/\" target=\"_blank\" rel=\"noopener\">Tukiliitto: Hyv\u00e4ll\u00e4 mielell\u00e4 -verkkokurssi<\/a> (hyvakysymys.fi)<\/p>\n","protected":false},"excerpt":{"rendered":"<p>Olemme p\u00e4ivitt\u00e4in yhdess\u00e4 eli vuorovaikutuksessa muiden ihmisten kanssa. Vuorovaikutuksessa jaamme tunteitamme ja ajatuksiamme. Siksi vuorovaikutus on t\u00e4rke\u00e4\u00e4 mielen hyvinvoinnille. Vuorovaikutuksessa [&hellip;]<\/p>\n","protected":false},"author":2,"featured_media":16977,"parent":14773,"menu_order":27,"comment_status":"closed","ping_status":"closed","template":"","meta":{"_acf_changed":false,"footnotes":""},"class_list":["post-14775","page","type-page","status-publish","has-post-thumbnail","hentry"],"acf":[],"_links":{"self":[{"href":"https:\/\/verneri.net\/selko\/wp-json\/wp\/v2\/pages\/14775","targetHints":{"allow":["GET"]}}],"collection":[{"href":"https:\/\/verneri.net\/selko\/wp-json\/wp\/v2\/pages"}],"about":[{"href":"https:\/\/verneri.net\/selko\/wp-json\/wp\/v2\/types\/page"}],"author":[{"embeddable":true,"href":"https:\/\/verneri.net\/selko\/wp-json\/wp\/v2\/users\/2"}],"replies":[{"embeddable":true,"href":"https:\/\/verneri.net\/selko\/wp-json\/wp\/v2\/comments?post=14775"}],"version-history":[{"count":0,"href":"https:\/\/verneri.net\/selko\/wp-json\/wp\/v2\/pages\/14775\/revisions"}],"up":[{"embeddable":true,"href":"https:\/\/verneri.net\/selko\/wp-json\/wp\/v2\/pages\/14773"}],"wp:featuredmedia":[{"embeddable":true,"href":"https:\/\/verneri.net\/selko\/wp-json\/wp\/v2\/media\/16977"}],"wp:attachment":[{"href":"https:\/\/verneri.net\/selko\/wp-json\/wp\/v2\/media?parent=14775"}],"curies":[{"name":"wp","href":"https:\/\/api.w.org\/{rel}","templated":true}]}}