{"id":14782,"date":"2025-03-27T18:10:27","date_gmt":"2025-03-27T16:10:27","guid":{"rendered":"http:\/\/localhost\/verneri\/selko-dev\/?page_id=14782"},"modified":"2025-05-24T17:46:00","modified_gmt":"2025-05-24T14:46:00","slug":"hyvaa-oloa-muista-ihmisista","status":"publish","type":"page","link":"https:\/\/verneri.net\/selko\/hyvinvointi\/terveys-ja-liikunta\/hyvalla-mielella\/hyvaa-oloa-muista-ihmisista\/","title":{"rendered":"Hyv\u00e4\u00e4 oloa muista ihmisist\u00e4"},"content":{"rendered":"<p>Veeti Knuutinen asuu Lahdessa. T\u00e4ss\u00e4 jutussa Veeti kertoo, mik\u00e4 lis\u00e4\u00e4 h\u00e4nen hyvinvointiaan.<\/p>\n<h2>Muut ihmiset tukevat<\/h2>\n<p>Jokaisella ihmisell\u00e4 on omat vaikeutensa. Mielen hyvinvointia voi heikent\u00e4\u00e4 esimerkiksi itsens\u00e4 vertailu toisiin ihmisiin. Joku voi ajatella, ettei ole riitt\u00e4v\u00e4n hyv\u00e4.<\/p>\n<p>Minua auttaa voimaan hyvin ihmiset, jotka ovat tukena ja auttavat minua.<\/p>\n<p>My\u00f6s lempimusiikkini Kaija Koo auttaa. H\u00e4n antaa rohkeutta ja voimaa muille ihmisille.<\/p>\n<h2>Yksikin ihminen riitt\u00e4\u00e4<\/h2>\n<p>M\u00e4 kuljen aika itsen\u00e4ist\u00e4 polkua. Olen v\u00e4h\u00e4n yksin\u00e4inen.<\/p>\n<p>Mutta yksikin t\u00e4rke\u00e4 ihminen riitt\u00e4\u00e4 siihen, ett\u00e4 tuntee olonsa hyv\u00e4ksi. Ett\u00e4 on joku, jolle voi puhua.<\/p>\n<p>Joskus voi olla vaikea l\u00f6yt\u00e4\u00e4 omia ihmisi\u00e4. Kun monilla on jo oma porukka, oma ty\u00f6 tai oma perhe.<\/p>\n<p>My\u00f6s j\u00e4nnitt\u00e4minen ja ennakkoluulot itse\u00e4 kohtaan voivat vaikeuttaa tutustumista ihmisiin. Joku voi ajatella, ettei ole tarpeeksi hyv\u00e4. Ja joku voi j\u00e4nnitt\u00e4\u00e4, miten muut ihmiset suhtautuvat.<\/p>\n<h2>Yksin\u00e4isyyteen saa apua<\/h2>\n<p>Yksin\u00e4isyyteen voi l\u00f6yt\u00e4\u00e4 apua.<\/p>\n<p>Ihmisiin voi tutustua vaikka k\u00e4velylenkill\u00e4 tai keikalla.<\/p>\n<p>My\u00f6s lyhyet kohtaamiset ovat t\u00e4rkeit\u00e4. Ne voivat olla alku uudelle ihmissuhteelle.<\/p>\n<p>Yksin\u00e4inen nuori voi menn\u00e4 vaikka nuorisotiloihin ja tapahtumiin. Ja voi hakea tukihenkil\u00f6\u00e4, joka voi tulla mukaan.<\/p>\n<p>My\u00f6s keskustelu luotettavien ihmisten kanssa auttaa.<\/p>\n<p><strong>Haastattelu:<\/strong> Anneli Puhakka, 2024<strong><br \/>\nKuva: <\/strong>Tiitus Tommila<\/p>\n","protected":false},"excerpt":{"rendered":"<p>Veeti Knuutinen asuu Lahdessa. T\u00e4ss\u00e4 jutussa Veeti kertoo, mik\u00e4 lis\u00e4\u00e4 h\u00e4nen hyvinvointiaan. Muut ihmiset tukevat Jokaisella ihmisell\u00e4 on omat vaikeutensa. [&hellip;]<\/p>\n","protected":false},"author":2,"featured_media":15030,"parent":14773,"menu_order":37,"comment_status":"closed","ping_status":"closed","template":"","meta":{"_acf_changed":false,"footnotes":""},"class_list":["post-14782","page","type-page","status-publish","has-post-thumbnail","hentry"],"acf":[],"_links":{"self":[{"href":"https:\/\/verneri.net\/selko\/wp-json\/wp\/v2\/pages\/14782","targetHints":{"allow":["GET"]}}],"collection":[{"href":"https:\/\/verneri.net\/selko\/wp-json\/wp\/v2\/pages"}],"about":[{"href":"https:\/\/verneri.net\/selko\/wp-json\/wp\/v2\/types\/page"}],"author":[{"embeddable":true,"href":"https:\/\/verneri.net\/selko\/wp-json\/wp\/v2\/users\/2"}],"replies":[{"embeddable":true,"href":"https:\/\/verneri.net\/selko\/wp-json\/wp\/v2\/comments?post=14782"}],"version-history":[{"count":0,"href":"https:\/\/verneri.net\/selko\/wp-json\/wp\/v2\/pages\/14782\/revisions"}],"up":[{"embeddable":true,"href":"https:\/\/verneri.net\/selko\/wp-json\/wp\/v2\/pages\/14773"}],"wp:featuredmedia":[{"embeddable":true,"href":"https:\/\/verneri.net\/selko\/wp-json\/wp\/v2\/media\/15030"}],"wp:attachment":[{"href":"https:\/\/verneri.net\/selko\/wp-json\/wp\/v2\/media?parent=14782"}],"curies":[{"name":"wp","href":"https:\/\/api.w.org\/{rel}","templated":true}]}}