{"id":14821,"date":"2025-04-02T13:20:36","date_gmt":"2025-04-02T10:20:36","guid":{"rendered":"http:\/\/localhost\/verneri\/selko-dev\/?page_id=14821"},"modified":"2025-09-08T12:15:09","modified_gmt":"2025-09-08T09:15:09","slug":"suojaa-digilaitteesi","status":"publish","type":"page","link":"https:\/\/verneri.net\/selko\/hyvinvointi\/digipalvelut\/suojaa-digilaitteesi\/","title":{"rendered":"Suojaa digilaitteesi"},"content":{"rendered":"<p>Digilaitteita ovat esimerkiksi k\u00e4nnykk\u00e4, tabletti ja tietokone.<\/p>\n<p>Omat digilaitteet kannattaa suojata.<\/p>\n<p>Kun suojaat digilaitteesi<\/p>\n<ul>\n<li>ne pysyv\u00e4t kunnossa<\/li>\n<li>muut eiv\u00e4t p\u00e4\u00e4se k\u00e4ytt\u00e4m\u00e4\u00e4n laitteita ilman lupaasi.<\/li>\n<\/ul>\n<h2>K\u00e4yt\u00e4 panssarilasia ja suojakuorta<\/h2>\n<p>\u00c4lypuhelimen ja tabletin n\u00e4ytt\u00f6 ovat lasia. N\u00e4ytt\u00f6 menee helposti rikki, jos laite tippuu maahan.<\/p>\n<p>Suojakuori ja panssarilasi suojaavat n\u00e4ytt\u00f6\u00e4 hajoamiselta. Ne suojaavat n\u00e4ytt\u00f6\u00e4 my\u00f6s naarmuilta.<\/p>\n<p><strong>Pohdi:<\/strong> Miten voit suojata laitteesi n\u00e4ytt\u00f6\u00e4?<\/p>\n<h2>K\u00e4yt\u00e4 suojalaukkua<\/h2>\n<p>Kuljeta kannettavaa tietokonetta suojalaukussa. Se suojaa tietokonetta naarmuilta ja muilta vahingoilta.<\/p>\n<h2>K\u00e4yt\u00e4 p\u00e4\u00e4sykoodia<\/h2>\n<p>Suojaa puhelimesi ja tablettisi p\u00e4\u00e4sykoodilla. Silloin kukaan ei p\u00e4\u00e4se k\u00e4ytt\u00e4m\u00e4\u00e4n laitetta ilman lupaasi.<\/p>\n<p>P\u00e4\u00e4sykoodi voi olla numerokoodi tai kuviokoodi.<\/p>\n<p>Voit keksi\u00e4 numerokoodin itse. Siin\u00e4 pit\u00e4\u00e4 olla v\u00e4hint\u00e4\u00e4n 4 numeroa.<\/p>\n<p>Hyv\u00e4 numerokoodi on muiden on vaikea arvata, mutta sinun helppo muistaa.<\/p>\n<p>Kuviokoodissa piirr\u00e4t valitsemasi kuvion laitteen n\u00e4yt\u00f6lle.<\/p>\n<p>Jotkut laitteet voi suojata my\u00f6s sormenj\u00e4ljen tunnistuksella ja kasvojen tunnistuksella.<\/p>\n<p><strong>Pohdi:<\/strong><\/p>\n<ul>\n<li>Miksi laite kannattaa suojata p\u00e4\u00e4sykoodilla?<\/li>\n<li>Millainen on hyv\u00e4 p\u00e4\u00e4sykoodi?<\/li>\n<li>Suojaa tietokone salasanalla<\/li>\n<\/ul>\n<p>Suojaa tietokoneesi salasanalla. Silloin kukaan muu ei p\u00e4\u00e4se tietokoneelle ilman lupaasi.<\/p>\n<p>Hyv\u00e4ss\u00e4 salasanassa on<\/p>\n<ul>\n<li>isoja kirjaimia<\/li>\n<li>pieni\u00e4 kirjaimia<\/li>\n<li>numeroita ja<\/li>\n<li>erikoismerkkej\u00e4.<\/li>\n<\/ul>\n<p>Suojaa tietokone eri salasanalla kuin muut digilaitteet. Jos ulkopuolinen henkil\u00f6 saa selville tietokoneesi salasanan, h\u00e4n ei p\u00e4\u00e4se samalla salasanalla muille laitteillesi.<\/p>\n<p><strong>Pohdi:<\/strong><\/p>\n<ul>\n<li>Onko t\u00e4m\u00e4 hyv\u00e4 salasana: ?hassuKissa150!<\/li>\n<\/ul>\n<h2>Tallenna salasanat<\/h2>\n<p>Monia eri salasanoja voi olla vaikea muistaa. Onneksi useimmissa \u00e4lylaitteissa on automaattinen salasanojen tallennus. Saat sen k\u00e4ytt\u00f6\u00f6n \u00e4lylaitteen asetuksista.<\/p>\n<p>Salasanojen tallennuksen avulla salasanat tallentuvat \u00e4lylaitteen muistiin. Sinun ei tarvitse kirjoittaa salasanaa joka kerta, kun kirjaudut laitteelle tai palveluun.<\/p>\n<p><strong>Pohdi:<\/strong> Mist\u00e4 saat k\u00e4ytt\u00f6\u00f6n salasanojen tallennuksen?<\/p>\n<h2>Paikanna laitteesi<\/h2>\n<p>Paikannuksen avulla l\u00f6yd\u00e4t digilaitteen, jos se katoaa sinulta. Paikannus n\u00e4ytt\u00e4\u00e4 sinulle laitteen sijainnin kartalla.<\/p>\n<p>Paikannuksen avulla voit my\u00f6s lukita digilaitteen ja est\u00e4\u00e4 muita ihmisi\u00e4 k\u00e4ytt\u00e4m\u00e4st\u00e4 sit\u00e4.<\/p>\n<p><strong>Pohdi:<\/strong> Mit\u00e4 hy\u00f6ty\u00e4 digilaitteen paikannuksesta on?<\/p>\n<h2>Opiskele turvallista digiarkea<\/h2>\n<p>Turvallisuus digiarjessa -verkkokurssilla opit suojelemaan itse\u00e4si ja tietojasi verkossa.<\/p>\n<p>Kurssilla voit opiskella esimerkiksi seuraavia asioita:<\/p>\n<ul>\n<li>turvalliset k\u00e4ytt\u00e4j\u00e4tunnukset<\/li>\n<li>kaksivaiheinen tunnistautuminen<\/li>\n<li>nettiturvallisuus<\/li>\n<li>turvallisuus somessa<\/li>\n<li>netiketti ja digirajat.<\/li>\n<\/ul>\n<p>Voit suorittaa kurssin netiss\u00e4 Moodle-alustalla.<\/p>\n<p>Kun olet suorittanut kurssin, saat todistuksen s\u00e4hk\u00f6postiin.<\/p>\n<p>Kurssin on tehnyt Honkalammen Arki digitt\u00e4\u00e4 -hanke.<\/p>\n<p><a href=\"https:\/\/moodle.arkidigi.fi\/\" target=\"_blank\" rel=\"noopener\">P\u00e4\u00e4set Turvallinen digiarki -kurssille t\u00e4st\u00e4 linkist\u00e4<\/a> (moodle.arkidigi.fi)<\/p>\n<p><strong>Tekstin toimitus:<\/strong> Jenni Sipil\u00e4, 2024<br \/>\n<strong>L\u00e4hde:<\/strong> Arki digitt\u00e4\u00e4 -hanke, Turvallinen digiarki -kurssi<br \/>\n<strong>Kuvat:<\/strong> Unsplash<\/p>\n","protected":false},"excerpt":{"rendered":"<p>Digilaitteita ovat esimerkiksi k\u00e4nnykk\u00e4, tabletti ja tietokone. Omat digilaitteet kannattaa suojata. Kun suojaat digilaitteesi ne pysyv\u00e4t kunnossa muut eiv\u00e4t p\u00e4\u00e4se [&hellip;]<\/p>\n","protected":false},"author":2,"featured_media":16964,"parent":23,"menu_order":53,"comment_status":"closed","ping_status":"closed","template":"","meta":{"_acf_changed":false,"footnotes":""},"class_list":["post-14821","page","type-page","status-publish","has-post-thumbnail","hentry"],"acf":[],"_links":{"self":[{"href":"https:\/\/verneri.net\/selko\/wp-json\/wp\/v2\/pages\/14821","targetHints":{"allow":["GET"]}}],"collection":[{"href":"https:\/\/verneri.net\/selko\/wp-json\/wp\/v2\/pages"}],"about":[{"href":"https:\/\/verneri.net\/selko\/wp-json\/wp\/v2\/types\/page"}],"author":[{"embeddable":true,"href":"https:\/\/verneri.net\/selko\/wp-json\/wp\/v2\/users\/2"}],"replies":[{"embeddable":true,"href":"https:\/\/verneri.net\/selko\/wp-json\/wp\/v2\/comments?post=14821"}],"version-history":[{"count":0,"href":"https:\/\/verneri.net\/selko\/wp-json\/wp\/v2\/pages\/14821\/revisions"}],"up":[{"embeddable":true,"href":"https:\/\/verneri.net\/selko\/wp-json\/wp\/v2\/pages\/23"}],"wp:featuredmedia":[{"embeddable":true,"href":"https:\/\/verneri.net\/selko\/wp-json\/wp\/v2\/media\/16964"}],"wp:attachment":[{"href":"https:\/\/verneri.net\/selko\/wp-json\/wp\/v2\/media?parent=14821"}],"curies":[{"name":"wp","href":"https:\/\/api.w.org\/{rel}","templated":true}]}}