{"id":14822,"date":"2025-04-02T13:22:45","date_gmt":"2025-04-02T10:22:45","guid":{"rendered":"http:\/\/localhost\/verneri\/selko-dev\/?page_id=14822"},"modified":"2025-05-30T14:34:04","modified_gmt":"2025-05-30T11:34:04","slug":"kayttajatunnus-ja-salasana","status":"publish","type":"page","link":"https:\/\/verneri.net\/selko\/hyvinvointi\/digipalvelut\/kayttajatunnus-ja-salasana\/","title":{"rendered":"K\u00e4ytt\u00e4j\u00e4tunnus ja salasana"},"content":{"rendered":"<p>Netin palvelujen turvalliseen k\u00e4ytt\u00f6\u00f6n tarvitaan usein k\u00e4ytt\u00e4j\u00e4tunnus ja salasana.<\/p>\n<p>Tarvitset k\u00e4ytt\u00e4j\u00e4tunnuksen ja salasanan esimerkiksi s\u00e4hk\u00f6postiin ja moniin somen palveluihin.<\/p>\n<h2>K\u00e4ytt\u00e4j\u00e4tunnus on julkinen<\/h2>\n<p>K\u00e4ytt\u00e4j\u00e4tunnus on nimi, josta sinut ja kirjoittamasi viestit tunnistetaan netin palveluissa.<\/p>\n<p>K\u00e4ytt\u00e4j\u00e4tunnus voi olla esimerkiksi<\/p>\n<ul>\n<li>oma nimi<\/li>\n<li>keksitty nimi<\/li>\n<li>s\u00e4hk\u00f6postiosoite<\/li>\n<li>numerosarja.<\/li>\n<\/ul>\n<p>Jotkut palvelut antavat sinulle valmiin k\u00e4ytt\u00e4j\u00e4tunnuksen. Joissain palveluissa teet k\u00e4ytt\u00e4j\u00e4tunnuksen itse.<\/p>\n<p>Jos teet k\u00e4ytt\u00e4j\u00e4tunnuksen itse, noudata palvelun antamia ohjeita.<\/p>\n<p>Palvelu voi vaatia, ett\u00e4 k\u00e4ytt\u00e4j\u00e4tunnus on tietyn pituinen ja sis\u00e4lt\u00e4\u00e4 erikoismerkkej\u00e4.<\/p>\n<p>Esimerkiksi seuraavat merkit ovat erikoismerkkej\u00e4: !+)&amp;2#!<\/p>\n<p>Erikoismerkkien lis\u00e4ksi k\u00e4ytt\u00e4j\u00e4tunnuksessa voi k\u00e4ytt\u00e4\u00e4 esimerkiksi omaa nime\u00e4.<\/p>\n<p>K\u00e4ytt\u00e4j\u00e4tunnus on julkinen eli muut ihmiset voivat n\u00e4hd\u00e4 k\u00e4ytt\u00e4j\u00e4tunnuksesi. K\u00e4ytt\u00e4j\u00e4tunnuksessa ei siis kannata paljastaa henkil\u00f6kohtaisia tietoja tai k\u00e4ytt\u00e4\u00e4 loukkaavia sanoja.<\/p>\n<p>Oman k\u00e4ytt\u00e4j\u00e4tunnuksen voi my\u00f6s kertoa muille.<\/p>\n<h2>Salana on yksityinen<\/h2>\n<p>Salasanan avulla p\u00e4\u00e4set k\u00e4ytt\u00e4m\u00e4\u00e4n omaa tili\u00e4si netin palvelussa.<\/p>\n<p>Salasana on yksityinen. Se ei n\u00e4y muille palvelun k\u00e4ytt\u00e4jille, eik\u00e4 sit\u00e4 kannata kertoa muille.<\/p>\n<p>Hyv\u00e4 salasana on sellainen, jonka muistat itse, mutta jota muut eiv\u00e4t arvaa.<\/p>\n<p>Hyv\u00e4ss\u00e4 salasanassa on<\/p>\n<ul>\n<li>isoja kirjaimia<\/li>\n<li>pieni\u00e4 kirjaimia<\/li>\n<li>numeroita ja<\/li>\n<li>erikoismerkkej\u00e4.<\/li>\n<\/ul>\n<p>Esimerkiksi seuraavat merkit ovat erikoismerkkej\u00e4: !+)&amp;2#!<\/p>\n<p><strong>Teksti:<\/strong> Jenni Sipil\u00e4, 2024<br \/>\n<strong>L\u00e4hde:<\/strong> Arki digitt\u00e4\u00e4 -hanke, Turvallinen digiarki -kurssi<br \/>\n<strong>Kuva:<\/strong>\u00a0Unsplash<\/p>\n","protected":false},"excerpt":{"rendered":"<p>Netin palvelujen turvalliseen k\u00e4ytt\u00f6\u00f6n tarvitaan usein k\u00e4ytt\u00e4j\u00e4tunnus ja salasana. Tarvitset k\u00e4ytt\u00e4j\u00e4tunnuksen ja salasanan esimerkiksi s\u00e4hk\u00f6postiin ja moniin somen palveluihin. K\u00e4ytt\u00e4j\u00e4tunnus [&hellip;]<\/p>\n","protected":false},"author":2,"featured_media":15051,"parent":23,"menu_order":54,"comment_status":"closed","ping_status":"closed","template":"","meta":{"_acf_changed":false,"footnotes":""},"class_list":["post-14822","page","type-page","status-publish","has-post-thumbnail","hentry"],"acf":[],"_links":{"self":[{"href":"https:\/\/verneri.net\/selko\/wp-json\/wp\/v2\/pages\/14822","targetHints":{"allow":["GET"]}}],"collection":[{"href":"https:\/\/verneri.net\/selko\/wp-json\/wp\/v2\/pages"}],"about":[{"href":"https:\/\/verneri.net\/selko\/wp-json\/wp\/v2\/types\/page"}],"author":[{"embeddable":true,"href":"https:\/\/verneri.net\/selko\/wp-json\/wp\/v2\/users\/2"}],"replies":[{"embeddable":true,"href":"https:\/\/verneri.net\/selko\/wp-json\/wp\/v2\/comments?post=14822"}],"version-history":[{"count":0,"href":"https:\/\/verneri.net\/selko\/wp-json\/wp\/v2\/pages\/14822\/revisions"}],"up":[{"embeddable":true,"href":"https:\/\/verneri.net\/selko\/wp-json\/wp\/v2\/pages\/23"}],"wp:featuredmedia":[{"embeddable":true,"href":"https:\/\/verneri.net\/selko\/wp-json\/wp\/v2\/media\/15051"}],"wp:attachment":[{"href":"https:\/\/verneri.net\/selko\/wp-json\/wp\/v2\/media?parent=14822"}],"curies":[{"name":"wp","href":"https:\/\/api.w.org\/{rel}","templated":true}]}}