{"id":14823,"date":"2025-04-02T13:24:18","date_gmt":"2025-04-02T10:24:18","guid":{"rendered":"http:\/\/localhost\/verneri\/selko-dev\/?page_id=14823"},"modified":"2025-06-05T12:55:48","modified_gmt":"2025-06-05T09:55:48","slug":"tunnista-luotettava-tieto","status":"publish","type":"page","link":"https:\/\/verneri.net\/selko\/hyvinvointi\/digipalvelut\/tunnista-luotettava-tieto\/","title":{"rendered":"Tunnista luotettava tieto"},"content":{"rendered":"<p>Netiss\u00e4 on paljon luotettavaa ja hy\u00f6dyllist\u00e4 tietoa.<\/p>\n<p>Kaikki netiss\u00e4 ei kuitenkaan ole totta. Ihmiset kertovat netiss\u00e4 my\u00f6s valheita ja v\u00e4itt\u00e4v\u00e4t asioita, jotka eiv\u00e4t pid\u00e4 paikkaansa.<\/p>\n<p>Jotkut ihmiset valehtelevat netiss\u00e4 tahallaan. Joskus tieto voi olla vahingossa virheellist\u00e4.<\/p>\n<p>Oikean ja luotettavan tiedon tunnistaminen voi olla vaikeaa. Siksi t\u00e4rkeist\u00e4 asioista kannattaa lukea vain nettisivuilta, jotka ovat luotettavia.<\/p>\n<p>N\u00e4in tunnistat luotettavan nettisivuston:<\/p>\n<ul>\n<li>Sivuilla kerrotaan, kuka ne on tehnyt.<\/li>\n<li>Sivuilla kerrotaan, mihin tieto perustuu.<\/li>\n<li>Sivuilla kerrotaan, milloin ne on tehty tai p\u00e4ivitetty.<\/li>\n<li>Sivujen tarkoitus on tiedottaa tai opettaa, ei myyd\u00e4 tai mainostaa.<\/li>\n<li>Sivut ovat pysyv\u00e4t.<\/li>\n<\/ul>\n<p>Esimerkiksi tunnetut uutissivustot ovat vastuussa siit\u00e4, ett\u00e4 ne julkaisevat tietoa, joka on totta.<\/p>\n<p>Selkokielisi\u00e4 uutisia voit lukea esimerkiksi Selkosanomista.<\/p>\n<p>Ylen uutiset selkokielell\u00e4 kertoo luotettavaa ja ajankohtaista tietoa netiss\u00e4, radiossa ja televisiossa.<\/p>\n<p>Jos ep\u00e4ilet, ett\u00e4 joku asia netiss\u00e4 ei ole totta, etsi asiasta lis\u00e4\u00e4 tietoa. Kysy luotettavilta ihmisilt\u00e4, mit\u00e4 mielt\u00e4 he ovat asiasta.<\/p>\n<p><strong>Teksti:<\/strong> Jenni Sipil\u00e4, 2023<\/p>\n<p><strong>Luotettavia uutisia selkokielell\u00e4:<\/strong><\/p>\n<ul>\n<li><a href=\"https:\/\/selkosanomat.fi\/\" target=\"_blank\" rel=\"noopener\">Selkosanomat<\/a> (selkosanomat.fi)<\/li>\n<li><a href=\"https:\/\/yle.fi\/selkouutiset\" target=\"_blank\" rel=\"noopener\">Ylen selkouutiset<\/a> (yle.fi)<\/li>\n<\/ul>\n","protected":false},"excerpt":{"rendered":"<p>Netiss\u00e4 on paljon luotettavaa ja hy\u00f6dyllist\u00e4 tietoa. Kaikki netiss\u00e4 ei kuitenkaan ole totta. Ihmiset kertovat netiss\u00e4 my\u00f6s valheita ja v\u00e4itt\u00e4v\u00e4t [&hellip;]<\/p>\n","protected":false},"author":2,"featured_media":14640,"parent":23,"menu_order":51,"comment_status":"closed","ping_status":"closed","template":"","meta":{"_acf_changed":false,"footnotes":""},"class_list":["post-14823","page","type-page","status-publish","has-post-thumbnail","hentry"],"acf":[],"_links":{"self":[{"href":"https:\/\/verneri.net\/selko\/wp-json\/wp\/v2\/pages\/14823","targetHints":{"allow":["GET"]}}],"collection":[{"href":"https:\/\/verneri.net\/selko\/wp-json\/wp\/v2\/pages"}],"about":[{"href":"https:\/\/verneri.net\/selko\/wp-json\/wp\/v2\/types\/page"}],"author":[{"embeddable":true,"href":"https:\/\/verneri.net\/selko\/wp-json\/wp\/v2\/users\/2"}],"replies":[{"embeddable":true,"href":"https:\/\/verneri.net\/selko\/wp-json\/wp\/v2\/comments?post=14823"}],"version-history":[{"count":0,"href":"https:\/\/verneri.net\/selko\/wp-json\/wp\/v2\/pages\/14823\/revisions"}],"up":[{"embeddable":true,"href":"https:\/\/verneri.net\/selko\/wp-json\/wp\/v2\/pages\/23"}],"wp:featuredmedia":[{"embeddable":true,"href":"https:\/\/verneri.net\/selko\/wp-json\/wp\/v2\/media\/14640"}],"wp:attachment":[{"href":"https:\/\/verneri.net\/selko\/wp-json\/wp\/v2\/media?parent=14823"}],"curies":[{"name":"wp","href":"https:\/\/api.w.org\/{rel}","templated":true}]}}