{"id":14827,"date":"2025-04-02T17:49:59","date_gmt":"2025-04-02T14:49:59","guid":{"rendered":"http:\/\/localhost\/verneri\/selko-dev\/?page_id=14827"},"modified":"2025-04-16T15:58:02","modified_gmt":"2025-04-16T12:58:02","slug":"digisanat-tutuiksi","status":"publish","type":"page","link":"https:\/\/verneri.net\/selko\/hyvinvointi\/digipalvelut\/digisanat-tutuiksi\/","title":{"rendered":"Digisanat tutuiksi"},"content":{"rendered":"<p>T\u00e4lt\u00e4 sivulta voit lukea, mit\u00e4 some, live ja muut digipalveluihin liittyv\u00e4t sanat tarkoittavat.<\/p>\n<p>Sanat on selitetty yhdess\u00e4 Arki digitt\u00e4\u00e4 -hankkeen kanssa.<\/p>\n<ul>\n<li><a href=\"#asetukset\">Asetukset<\/a><\/li>\n<li><a href=\"#avatar\">Avatar<\/a><\/li>\n<li><a href=\"#botti\">Botti<\/a><\/li>\n<li><a href=\"#blogi\">Blogi<\/a><\/li>\n<li><a href=\"#bugi\">Bugi<\/a><\/li>\n<li><a href=\"#bannata\">B\u00e4nn\u00e4t\u00e4<\/a><\/li>\n<li><a href=\"#digilaite\">Digilaite<\/a><\/li>\n<li><a href=\"#digipalvelu\">Digipalvelu<\/a><\/li>\n<li><a href=\"#discord\">Discord<\/a><\/li>\n<li><a href=\"#disinformaatio\">Disinformaatio<\/a><\/li>\n<li><a href=\"#dropbox\">Dropbox<\/a><\/li>\n<li><a href=\"#doomscrollaus\">Doomscrollaus<\/a><\/li>\n<li><a href=\"#emoji\">Emoji<\/a><\/li>\n<li><a href=\"#etayhteys\">Et\u00e4yhteys<\/a><\/li>\n<li><a href=\"#facebook\">Facebook<\/a><\/li>\n<li><a href=\"#facetime\">Facetime<\/a><\/li>\n<li><a href=\"#filtteri\">Filtteri<\/a><\/li>\n<li><a href=\"#fleimi\">Fleimi<\/a><\/li>\n<li><a href=\"#google\">Google<\/a><\/li>\n<li><a href=\"#googlemaps\">Google Maps<\/a><\/li>\n<li><a href=\"#hakukone\">Hakukone<\/a><\/li>\n<li><a href=\"#hashtag\">Hashtag<\/a><\/li>\n<li><a href=\"#helppo\">Helppok\u00e4ytt\u00f6toiminto<\/a><\/li>\n<li><a href=\"#instagram\">Instagram<\/a><\/li>\n<li><a href=\"#kirjautuminen\">Kirjautuminen<\/a><\/li>\n<li><a href=\"#kuvakaappaus\">Kuvakaappaus<\/a><\/li>\n<li><a href=\"#kaytettavyys\">K\u00e4ytett\u00e4vyys<\/a><\/li>\n<li><a href=\"#kayttajatunnus\">K\u00e4ytt\u00e4j\u00e4tunnus<\/a><\/li>\n<li><a href=\"#linkki\">Linkki<\/a><\/li>\n<li><a href=\"#live\">Live<\/a><\/li>\n<li><a href=\"#meemi\">Meemi<\/a><\/li>\n<li><a href=\"#messenger\">Messenger<\/a><\/li>\n<li><a href=\"#mobiililaite\">Mobiililaite<\/a><\/li>\n<li><a href=\"#mobiilisovellus\">Mobiilisovellus<\/a><\/li>\n<li><a href=\"#netiketti\">Netiketti<\/a><\/li>\n<li><a href=\"#omakanta\">OmaKanta<\/a><\/li>\n<li><a href=\"#omaolo\">Omaolo<\/a><\/li>\n<li><a href=\"#omavero\">OmaVero<\/a><\/li>\n<li><a href=\"#pilvipalvelu\">Pilvipalvelu<\/a><\/li>\n<li><a href=\"#pin\">PIN-koodi<\/a><\/li>\n<li><a href=\"#podcast\">Podcast<\/a><\/li>\n<li><a href=\"#profiili\">Profiili<\/a><\/li>\n<li><a href=\"#puheohjaus\">Puheohjaus<\/a><\/li>\n<li><a href=\"#rekisteroityminen\">Rekister\u00f6ityminen<\/a><\/li>\n<li><a href=\"#repost\">Repost<\/a><\/li>\n<li><a href=\"#roskakori\">Roskakori<\/a><\/li>\n<li><a href=\"#roskaposti\">Roskaposti<\/a><\/li>\n<li><a href=\"#saavutettavuus\">Saavutettavuus<\/a><\/li>\n<li><a href=\"#salasana\">Salasana<\/a><\/li>\n<li><a href=\"#selain\">Selain<\/a><\/li>\n<li><a href=\"#skrollaus\">Skrollaus<\/a><\/li>\n<li><a href=\"#snapchat\">Snapchat<\/a><\/li>\n<li><a href=\"#some\">Some<\/a><\/li>\n<li><a href=\"#somehaaste\">Somehaaste<\/a><\/li>\n<li><a href=\"#sometauko\">Sometauko<\/a><\/li>\n<li><a href=\"#sometili\">Sometili<\/a><\/li>\n<li><a href=\"#somevaikuttaja\">Somevaikuttaja<\/a><\/li>\n<li><a href=\"#sovellus\">Sovellus<\/a><\/li>\n<li><a href=\"#spotify\">Spotify<\/a><\/li>\n<li><a href=\"#steam\">Steam<\/a><\/li>\n<li><a href=\"#suoratoisto\">Suoratoisto<\/a><\/li>\n<li><a href=\"#swaipata\">Swaipata<\/a><\/li>\n<li><a href=\"#sahkoinen\">S\u00e4hk\u00f6inen allekirjoitus<\/a><\/li>\n<li><a href=\"#tarina\">Tarina<\/a><\/li>\n<li><a href=\"#teams\">Teams<\/a><\/li>\n<li><a href=\"#tiktok\">TikTok<\/a><\/li>\n<li><a href=\"#tinder\">Tinder<\/a><\/li>\n<li><a href=\"#trollaus\">Trollaus<\/a><\/li>\n<li><a href=\"#tubettaa\">Tubettaa<\/a><\/li>\n<li><a href=\"#tunnistautuminen\">Tunnistautuminen<\/a><\/li>\n<li><a href=\"#twitter\">Twitter<\/a><\/li>\n<li><a href=\"#tagata\">T\u00e4g\u00e4t\u00e4<\/a><\/li>\n<li><a href=\"#valeuutinen\">Valeuutinen<\/a><\/li>\n<li><a href=\"#verkkokauppa\">Verkkokauppa<\/a><\/li>\n<li><a href=\"#verkkopalvelu\">Verkkopalvelu<\/a><\/li>\n<li><a href=\"#verkkopankki\">Verkkopankki<\/a><\/li>\n<li><a href=\"#verkkopankkitunnukset\">Verkkopankkitunnukset<\/a><\/li>\n<li><a href=\"#viraali\">Viraali<\/a><\/li>\n<li><a href=\"#vlogi\">Vlogi<\/a><\/li>\n<li><a href=\"#whatsapp\">WhatsApp<\/a><\/li>\n<li><a href=\"#wifi\">WiFi<\/a><\/li>\n<li><a href=\"#wikipedia\">Wikipedia<\/a><\/li>\n<li><a href=\"#yllapitaja\">Yll\u00e4pit\u00e4j\u00e4<\/a><\/li>\n<li><a href=\"#youtube\">YouTube<\/a><\/li>\n<li><a href=\"#alylaite\">\u00c4lylaite<\/a><\/li>\n<li><a href=\"#alypuhelin\">\u00c4lypuhelin<\/a><\/li>\n<li><a href=\"#aaniviesti\">\u00c4\u00e4niviesti<\/a><\/li>\n<\/ul>\n<h2><a id=\"asetukset\"><\/a>Asetukset<\/h2>\n<p>Asetuksista voit s\u00e4\u00e4t\u00e4\u00e4 digilaitteesi toimintaa, kuten \u00e4\u00e4ni\u00e4, n\u00e4yt\u00f6n kirkkautta ja taustakuvaa.<\/p>\n<p>Asetuksista n\u00e4et my\u00f6s laitteen tiedot.<\/p>\n<h2><a id=\"avatar\"><\/a>Avatar<\/h2>\n<p>Avatar on piirretty hahmo, joka edustaa k\u00e4ytt\u00e4j\u00e4\u00e4ns\u00e4 esimerkiksi somessa tai tietokonepeliss\u00e4.<\/p>\n<h2><a id=\"botti\"><\/a>Botti<\/h2>\n<p>Botti on lyhenne robotista.<\/p>\n<p>Botti on ohjelma, joka hoitaa erilaisia teht\u00e4vi\u00e4 netiss\u00e4 tai somessa. Botti voi vastata esimerkiksi kysymyksiisi.<\/p>\n<h2><a id=\"blogi\"><\/a>Blogi<\/h2>\n<p>Blogi on verkkosivu, johon yksi tai useampi henkil\u00f6 tuottaa omaa sis\u00e4lt\u00f6\u00e4 s\u00e4\u00e4nn\u00f6llisesti.<\/p>\n<p>Voit julkaista blogissa teksti\u00e4, kuvia tai videoita.<\/p>\n<p>Blogin tekij\u00e4 on bloggari tai bloggaaja.<\/p>\n<h2><a id=\"bugi\"><\/a>Bugi<\/h2>\n<p>Bugi on virhe ohjelmassa tai sovelluksessa. Jos esimerkiksi k\u00e4nnyk\u00e4n sovelluksessa on bugi, se ei toimi kunnolla.<\/p>\n<h2><a id=\"bannata\"><\/a>B\u00e4nn\u00e4t\u00e4<\/h2>\n<p>B\u00e4nn\u00e4\u00e4minen tarkoittaa k\u00e4ytt\u00e4j\u00e4n p\u00e4\u00e4syn est\u00e4mist\u00e4 somepalveluun tai keskustelupalstalle.<\/p>\n<p>Yll\u00e4pit\u00e4j\u00e4 voi b\u00e4nn\u00e4t\u00e4 k\u00e4ytt\u00e4j\u00e4n, jos k\u00e4ytt\u00e4j\u00e4 rikkoo palvelun s\u00e4\u00e4nt\u00f6j\u00e4. B\u00e4nni voi olla tilap\u00e4inen tai pysyv\u00e4.<\/p>\n<p>B\u00e4nnilt\u00e4 voi v\u00e4ltty\u00e4, kun noudattaa hyvi\u00e4 tapoja ja palvelun s\u00e4\u00e4nt\u00f6j\u00e4.<\/p>\n<h2><a id=\"digilaite\"><\/a>Digilaite<\/h2>\n<p>Digilaite on laite, jolla k\u00e4yt\u00e4t digipalveluita.<\/p>\n<p>Esimerkiksi k\u00e4nnykk\u00e4, p\u00e4di ja tietokone ovat digilaitteita.<\/p>\n<h2><a id=\"digipalvelu\"><\/a>Digipalvelu<\/h2>\n<p>Digipalvelu on palvelu, jota k\u00e4yt\u00e4t tietokoneella, k\u00e4nnyk\u00e4ll\u00e4 tai tabletilla.<\/p>\n<h2><a id=\"discord\"><\/a>Discord<\/h2>\n<p>Discord on netin keskustelualusta.<\/p>\n<p>Alun perin Discordissa pitiv\u00e4t yhteytt\u00e4 nettipelaajat. Nykyisin Discordia k\u00e4ytt\u00e4v\u00e4t my\u00f6s muut.<\/p>\n<h2><a id=\"disinformaatio\"><\/a>Disinformaatio<\/h2>\n<p>Disinformaatio on v\u00e4\u00e4r\u00e4\u00e4 tai harhaanjohtavaa tietoa, jota joku levitt\u00e4\u00e4 tahallaan.<\/p>\n<h2><a id=\"dropbox\"><\/a>Dropbox<\/h2>\n<p>Dropbox on netin tallennuspalvelu. Voit tallentaa Dropboxiin esimerkiksi kuvia ja videoita.<\/p>\n<h2><a id=\"doomscrollaus\"><\/a>Doomscrollaus<\/h2>\n<p>Doomscrollaus tarkoittaa uutisten jatkuvaa selaamista digilaitteella. Jatkuva uutisten selaaminen voi aiheuttaa ahdistusta.<\/p>\n<h2><a id=\"emoji\"><\/a>Emoji<\/h2>\n<p>Emoji on kuvamerkki. Voit k\u00e4ytt\u00e4\u00e4 emojeita esimerkiksi tekstiviesteiss\u00e4 ja somen julkaisuissa.<\/p>\n<p>Emojeilla voit kuvata esimerkiksi erilaisia tunteita. Tunnetuin emoji on hymynaama.<\/p>\n<h2><a id=\"etayhteys\"><\/a>Et\u00e4yhteys<\/h2>\n<p>Et\u00e4yhteys tarkoittaa videopuhelua, joka tehd\u00e4\u00e4n digilaitteen avulla. Voit olla et\u00e4yhteydess\u00e4 muihin ihmisiin esimerkiksi Teamsiss\u00e4.<\/p>\n<h2><a id=\"facebook\"><\/a>Facebook<\/h2>\n<p>Facebook on somepalvelu, jossa voit jakaa esimerkiksi kuvia, videoita ja viestej\u00e4. Facebookissa voit lukea my\u00f6s uutisia ja kuulua erilaisiin ryhmiin.<\/p>\n<h2><a id=\"facetime\"><\/a>FaceTime<\/h2>\n<p>FaceTime on ohjelma, jolla voit soittaa videopuheluita.<\/p>\n<h2><a id=\"filtteri\"><\/a>Filtteri<\/h2>\n<p>Filtteri on suodatin, jonka avulla voit muokata kuvia tai videoita. Filtterill\u00e4 voit esimerkiksi muuttaa kuvan tai videon v\u00e4rej\u00e4 tai kasvon muotoja.<\/p>\n<p>Filttereit\u00e4 on useissa somen palveluissa, kuten Instagramissa ja Snapchatissa.<\/p>\n<h2><a id=\"fleimi\"><\/a>Fleimi<\/h2>\n<p>Fleimi tarkoittaa vastausviesti\u00e4, jonka tarkoitus on haastaa riitaa.<\/p>\n<p>Jos joku kirjoittaa sinulle riitaisan viestin, \u00e4l\u00e4 vastaa siihen. Voit my\u00f6s ilmoittaa viestist\u00e4 palvelun yll\u00e4pit\u00e4j\u00e4lle tai est\u00e4\u00e4 kirjoittajan.<\/p>\n<h2><a id=\"google\"><\/a>Google<\/h2>\n<p>Google on hakukone, jonka avulla voit etsi\u00e4 tietoa netist\u00e4.<\/p>\n<h2><a id=\"googlemaps\"><\/a>Google Maps<\/h2>\n<p>Google Maps on karttasovellus, jossa voit suunnitella matkareittej\u00e4, etsi\u00e4 paikallisia yrityksi\u00e4 sek\u00e4 katsoa karttoja ja katujen kuvia.<\/p>\n<h2><a id=\"hakukone\"><\/a>Hakukone<\/h2>\n<p>Hakukone on palvelu, jonka avulla voit etsi\u00e4 tietoa netist\u00e4. Esimerkiksi Google ja Bing ovat hakukoneita.<\/p>\n<h2><a id=\"hashtag\"><\/a>Hashtag<\/h2>\n<p>Hashtag on aihetunniste. Hashtagin merkki on #.<\/p>\n<p>Hashtagin avulla kerrot somessa, mihin aiheeseen julkaisusi liittyy. Jos esimerkiksi julkaiset kuvan koirasta, voit k\u00e4ytt\u00e4\u00e4 hashtagia #koira.<\/p>\n<h2><a id=\"helppo\"><\/a>Helppok\u00e4ytt\u00f6toiminto<\/h2>\n<p>Helppok\u00e4ytt\u00f6toiminto helpottaa laitteiden k\u00e4ytt\u00f6\u00e4. Helppok\u00e4ytt\u00f6toiminnolla voit esimerkiksi suurentaa teksti\u00e4 tai muuttaa puheesi tekstiksi.<\/p>\n<h2><a id=\"instagram\"><\/a>Instagram<\/h2>\n<p>Instagram eli Insta on somen palvelu, jossa voit jakaa kuvia ja videoita sek\u00e4 tehd\u00e4 livel\u00e4hetyksi\u00e4.<\/p>\n<h2><a id=\"kirjautuminen\"><\/a>Kirjautuminen<\/h2>\n<p>Kirjautuminen tarkoittaa verkkopalveluun tunnistautumista. Monet verkkopalvelut toimivat vain, jos kirjaudut niihin tunnuksillasi.<\/p>\n<h2><a id=\"kuvakaappaus\"><\/a>Kuvakaappaus<\/h2>\n<p>Kuvakaappaus eli ruutukaappaus on kuva digilaitteesi n\u00e4yt\u00f6n n\u00e4kym\u00e4st\u00e4.<\/p>\n<h2><a id=\"kaytettavyys\"><\/a>K\u00e4ytett\u00e4vyys<\/h2>\n<p>K\u00e4ytett\u00e4vyys kertoo siit\u00e4, miten helppo nettisivua, verkkopalvelua tai laitetta on k\u00e4ytt\u00e4\u00e4.<\/p>\n<h2><a id=\"kayttajatunnus\"><\/a>K\u00e4ytt\u00e4j\u00e4tunnus<\/h2>\n<p>Moniin verkkopalveluihin kirjaudutaan k\u00e4ytt\u00e4j\u00e4tunnuksella ja salasanalla. Luot ne, kun rekister\u00f6idyt eli luot tilin palveluun. K\u00e4ytt\u00e4j\u00e4tunnus on usein oma s\u00e4hk\u00f6postiosoitteesi.<\/p>\n<h2><a id=\"linkki\"><\/a>Linkki<\/h2>\n<p>Linkin avulla siirryt netiss\u00e4 uuteen sis\u00e4lt\u00f6\u00f6n. Linkki voi olla tekstiss\u00e4 tai kuvassa. Kun klikkaat linkki\u00e4, siirryt uuteen sis\u00e4lt\u00f6\u00f6n.<\/p>\n<h2><a id=\"live\"><\/a>Live<\/h2>\n<p>Live on suora l\u00e4hetys netiss\u00e4. Voit tehd\u00e4 oman liven tai osallistua muiden liveen esimerkiksi Instagramissa, Facebookissa ja YouTubessa.<\/p>\n<h2><a id=\"meemi\"><\/a>Meemi<\/h2>\n<p>Meemi on somessa nopeasti levi\u00e4v\u00e4 hauska julkaisu. Meemi voi olla kuva tai video, jota on muokattu. Meemiss\u00e4 on usein my\u00f6s teksti\u00e4.<\/p>\n<h2><a id=\"messenger\"><\/a>Messenger<\/h2>\n<p>Messenger on pikaviestiohjelma. Voit l\u00e4hett\u00e4\u00e4 Messengerill\u00e4 teksti\u00e4, kuvia, videoita ja \u00e4\u00e4niviestej\u00e4. Lis\u00e4ksi voit soittaa puheluja ja keskustella ryhmiss\u00e4.<\/p>\n<h2><a id=\"mobiililaite\"><\/a>Mobiililaite<\/h2>\n<p>Mobiililaite on laite, jolla voit k\u00e4ytt\u00e4\u00e4 netti\u00e4 ja jota voit pit\u00e4\u00e4 mukanasi.<\/p>\n<p>Mobiililaitteita ovat esimerkiksi k\u00e4nnykk\u00e4, tabletti ja \u00e4lykello.<\/p>\n<h2><a id=\"mobiilisovellus\"><\/a>Mobiilisovellus<\/h2>\n<p>Mobiilisovellus on ohjelma, jonka voit ladata mobiililaitteelle. Esimerkiksi verkkopankki on mobiilisovellus.<\/p>\n<h2><a id=\"netiketti\"><\/a>Netiketti<\/h2>\n<p>Netiketti tarkoittaa hyvi\u00e4 k\u00e4yt\u00f6stapoja netiss\u00e4.<\/p>\n<h2><a id=\"omakanta\"><\/a>OmaKanta<\/h2>\n<p>Omakanta on verkkopalvelu, johon terveydenhuolto kirjaa tietoja terveydest\u00e4si. Voit katsella Omakannasta omia terveystietojasi.<\/p>\n<p>OmaKanta on osoitteessa kanta.fi.<\/p>\n<h2><a id=\"omaolo\"><\/a>Omaolo<\/h2>\n<p>Omaolo on terveydenhuollon nettipalvelu. Omaolossa voit arvioida omaa terveytt\u00e4si.<\/p>\n<p>Omaolo on osoitteessa omaolo.fi.<\/p>\n<h2><a id=\"omavero\"><\/a>OmaVero<\/h2>\n<p>OmaVero on verohallinnon nettipalvelu, jossa voit hoitaa omia veroasioitasi.<\/p>\n<p>Omavero on vero.fi-sivuilla.<\/p>\n<h2><a id=\"pilvipalvelu\"><\/a>Pilvipalvelu<\/h2>\n<p>Pilvipalvelu tarkoittaa verkkopalvelua, jossa voit s\u00e4il\u00f6\u00e4 tiedostoja.<\/p>\n<p>Pilvipalveluita ovat esimerkiksi Dropbox, Google Drive ja OneDrive.<\/p>\n<h2><a id=\"pin\"><\/a>PIN-koodi<\/h2>\n<p>PIN-koodi on tunnusluku, jolla avaat laitteen lukituksen tai tunnistaudut.<\/p>\n<p>PIN-koodissa on yleens\u00e4 4-6 numeroa.<\/p>\n<h2><a id=\"podcast\"><\/a>Podcast<\/h2>\n<p>Podcast on netiss\u00e4 julkaistu puheohjelma. Podcastit ovat usein sarjoja eli niiss\u00e4 on monta jaksoa.<\/p>\n<p>Voit kuunnella podcasteja nettisivuilla tai digilaitteen sovelluksella. Podcast-sovelluksia ovat esimerkiksi Podplay ja Supla.<\/p>\n<h2><a id=\"postaus\"><\/a>Postaus<\/h2>\n<p>Postaus tarkoittaa julkaisua somessa tai netiss\u00e4. Postaus voi sis\u00e4lt\u00e4\u00e4 teksti\u00e4, kuvaa, videota tai \u00e4\u00e4nt\u00e4.<\/p>\n<h2><a id=\"profiili\"><\/a>Profiili<\/h2>\n<p>Profiilissa on palvelun k\u00e4ytt\u00e4j\u00e4n omat tiedot. Profiilissa on usein k\u00e4ytt\u00e4j\u00e4n kuva, nimi tai nimimerkki sek\u00e4 lyhyt kuvausteksti k\u00e4ytt\u00e4j\u00e4st\u00e4.<\/p>\n<h2><a id=\"puheohjaus\"><\/a>Puheohjaus<\/h2>\n<p>Puheohjaus tarkoittaa \u00e4lylaitteen k\u00e4ytt\u00e4mist\u00e4 puheen avulla. Laite ymm\u00e4rt\u00e4\u00e4 puhetta, joten sille voi antaa k\u00e4skyj\u00e4 puhumalla.<\/p>\n<p>Voit sanoa laitteelle esimerkiksi, &#8221;soita \u00e4idille&#8221;.<\/p>\n<p>Puheohjaus on sama asia kuin \u00e4\u00e4niohjaus.<\/p>\n<h2><a id=\"rekisteroityminen\"><\/a>Rekister\u00f6ityminen<\/h2>\n<p>Rekister\u00f6ityminen tarkoittaa tilin luomista johonkin netin palveluun.<\/p>\n<p>Kun rekister\u00f6idyt, luot palveluun k\u00e4ytt\u00e4j\u00e4tunnuksen ja salasanan. N\u00e4ill\u00e4 p\u00e4\u00e4set kirjautumaan palveluun sis\u00e4lle.<\/p>\n<h2><a id=\"repost\"><\/a>Repost<\/h2>\n<p>Repost tarkoittaa toisen tekem\u00e4n somejulkaisun jakamista omalla somekanavalla.<\/p>\n<h2><a id=\"roskakori\"><\/a>Roskakori<\/h2>\n<p>Kun poistat digilaitteesta sis\u00e4lt\u00f6\u00e4, ne menev\u00e4t laitteen roskakoriin.<\/p>\n<h2><a id=\"roskaposti\"><\/a>Roskaposti<\/h2>\n<p>Roskaposti on s\u00e4hk\u00f6postiviesti, joka on sinulle turha. Usein roskapostit ovat mainoksia.<\/p>\n<p>Roskaposti on sama asia kuin sp\u00e4mmi.<\/p>\n<h2><a id=\"saavutettavuus\"><\/a>Saavutettavuus<\/h2>\n<p>Saavutettavaa verkkopalvelua on jokaisen helppo k\u00e4ytt\u00e4\u00e4.<\/p>\n<p>Saavutettava verkkopalvelu huomioi ihmisten erilaiset tarpeet.<\/p>\n<h2><a id=\"salasana\"><\/a>Salasana<\/h2>\n<p>Luot salasanan, kun rekister\u00f6idyt palveluun.<\/p>\n<p>Salasana on usein kirjaimia, numeroita ja erikoismerkkej\u00e4.<\/p>\n<h2><a id=\"selain\"><\/a>Selain<\/h2>\n<p>Selain on ohjelma, jolla voit k\u00e4ytt\u00e4\u00e4 netti\u00e4.<\/p>\n<p>Selaimia ovat esimerkiksi Chrome, Firefox ja Safari.<\/p>\n<h2><a id=\"skrollaus\"><\/a>Skrollaus<\/h2>\n<p>Skrollaus tarkoittaa digilaitteen n\u00e4yt\u00f6ll\u00e4 n\u00e4kyv\u00e4n sis\u00e4ll\u00f6n liikuttamista yl\u00f6s tai alas.<\/p>\n<h2><a id=\"snapchat\"><\/a>Snapchat<\/h2>\n<p>Snapchat eli sn\u00e4ppi on somepalvelu.<\/p>\n<p>Sn\u00e4ppi tarkoittaa my\u00f6s Snapchatissa julkaistua kuvaa tai videota.<\/p>\n<h2><a id=\"some\"><\/a>Some<\/h2>\n<p>Some on lyhenne sanoista sosiaalinen media. Somepalveluita ovat esimerkiksi Instagram, Facebook, WhatsApp, TikTok ja Snapchat.<\/p>\n<p>Somepalveluissa ihmiset pit\u00e4v\u00e4t yhteytt\u00e4 toisiinsa esimerkiksi kirjoittamalla viestej\u00e4 ja julkaisemalla valokuvia ja videoita.<\/p>\n<h2><a id=\"somehaaste\"><\/a>Somehaaste<\/h2>\n<p>Somehaaste on somessa levi\u00e4v\u00e4 haaste, jossa ihmiset haastetaan tekem\u00e4\u00e4n jotain ja kertomaan asiasta somessa.<\/p>\n<p>Hyv\u00e4 somehaaste on turvallinen, eik\u00e4 loukkaa ket\u00e4\u00e4n.<\/p>\n<h2><a id=\"sometauko\"><\/a>Sometauko<\/h2>\n<p>Sometauon aikana ihminen ei k\u00e4yt\u00e4 somea.<\/p>\n<h2><a id=\"sometili\"><\/a>Sometili<\/h2>\n<p>Kun rekister\u00f6idyt somepalveluun, luot k\u00e4ytt\u00e4j\u00e4tilin. Tilin asetuksista voit esimerkiksi s\u00e4\u00e4t\u00e4\u00e4, mit\u00e4 tietoja muut k\u00e4ytt\u00e4j\u00e4t n\u00e4kev\u00e4t sinusta.<\/p>\n<h2><a id=\"somevaikuttaja\"><\/a>Somevaikuttaja<\/h2>\n<p>Somevaikuttaja on sama asia kuin influensseri.<\/p>\n<p>Somevaikuttajalla on somessa paljon seuraajia ja siksi h\u00e4n voi vaikuttaa monen ihmisen mielipiteisiin.<\/p>\n<h2><a id=\"sovellus\"><\/a>Sovellus<\/h2>\n<p>Sovellus on ohjelma, jonka voit ladata esimerkiksi k\u00e4nnykk\u00e4\u00e4n tai tabletille. Sovelluksia ovat esimerkiksi Paikalliss\u00e4\u00e4, WhatsApp ja VR Matkalla.<\/p>\n<p>Voit ladata sovelluksia sovelluskaupasta. Sovelluskauppoja ovat esimerkiksi Play-kauppa, App Store ja Microsoft Store.<\/p>\n<p>Sovelluksia on ilmaisia ja maksullisia.<\/p>\n<p>Sovellus on sama asia kuin \u00e4ppi, appi tai app.<\/p>\n<h2><a id=\"spotify\"><\/a>Spotify<\/h2>\n<p>Spotify on musiikin ja podcastien suoratoistopalvelu. Voit siis kuunnella Spotifyn kautta musiikkia ja podcasteja.<\/p>\n<h2><a id=\"steam\"><\/a>Steam<\/h2>\n<p>Steam on videopelien jakelualusta. Steamin kautta voit ostaa ja ladata pelej\u00e4, pelata pelej\u00e4 sek\u00e4 keskustella niist\u00e4.<\/p>\n<h2><a id=\"suoratoisto\"><\/a>Suoratoisto<\/h2>\n<p>Suoratoista on tapa esitt\u00e4\u00e4 \u00e4\u00e4nitiedostoja ja videotiedostoja katselijalle.<\/p>\n<p>Kun katsot esimerkiksi elokuvaa suoratoistona, et ole ladannut sit\u00e4 omalle laitteellesi.<\/p>\n<p>Suoratoistopalveluita ovat esimerkiksi Yle Areena, MTV Katsomo ja Ruutu.<\/p>\n<h2><a id=\"swaipata\"><\/a>Swaipata<\/h2>\n<p>Swaippaaminen tarkoittaa pyyhk\u00e4isemist\u00e4. Voit pyyhk\u00e4ist\u00e4 esimerkiksi k\u00e4nnyk\u00e4n n\u00e4yt\u00f6ll\u00e4 olevaa sis\u00e4lt\u00f6\u00e4 eri suuntiin.<\/p>\n<h2><a id=\"sahkoinen\"><\/a>S\u00e4hk\u00f6inen allekirjoitus<\/h2>\n<p>S\u00e4hk\u00f6inen allekirjoitus on allekirjoitus, joka tehd\u00e4\u00e4n netiss\u00e4.<\/p>\n<p>Voit tehd\u00e4 s\u00e4hk\u00f6isen allekirjoituksen esimerkiksi verkkopankin tunnuksilla.<\/p>\n<h2><a id=\"tarina\"><\/a>Tarina<\/h2>\n<p>Tarina on tapa julkaista somessa. Tarina n\u00e4kyy somessa 24 tuntia eli yhden vuorokauden.<\/p>\n<p>Tarinassa voi olla esimerkiksi kuvia, videoita, teksti\u00e4, tarroja ja musiikkia.<\/p>\n<p>Tarinasta k\u00e4ytet\u00e4\u00e4n my\u00f6s nime\u00e4 story.<\/p>\n<h2><a id=\"teams\"><\/a>Teams<\/h2>\n<p>Teams on netiss\u00e4 oleva palvelu, jonka avulla voi ty\u00f6skennell\u00e4 ryhm\u00e4ss\u00e4. Teamsiss\u00e4 voit esimerkiksi pit\u00e4\u00e4 videokokouksia, soittaa puheluita ja muokata tiedostoja yhdess\u00e4 muiden kanssa.<\/p>\n<h2><a id=\"tiktok\"><\/a>TikTok<\/h2>\n<p>TikTok on somepalvelu, jossa voit julkaista lyhyit\u00e4 videoita.<\/p>\n<h2><a id=\"tinder\"><\/a>Tinder<\/h2>\n<p>Tinder on treffipalvelu, jota k\u00e4ytet\u00e4\u00e4n k\u00e4nnyk\u00e4ll\u00e4. Tinder yhdist\u00e4\u00e4 toisiinsa ihmisi\u00e4, jotka liikkuvat l\u00e4hell\u00e4 toisiaan.<\/p>\n<h2><a id=\"trollaus\"><\/a>Trollaus<\/h2>\n<p>Trollaus tarkoittaa tahallista \u00e4rsytt\u00e4mist\u00e4 tai h\u00e4iritsemist\u00e4 netin keskusteluissa.<\/p>\n<p>Trollaus voi olla esimerkiksi valehtelua, nimittely\u00e4 ja uhkailua.<\/p>\n<p>Trolli tarkoittaa ihmist\u00e4, joka trollaa.<\/p>\n<p>Voit ilmiantaa trollin nettisivuston tai keskustelupalstan yll\u00e4pit\u00e4j\u00e4lle.<\/p>\n<h2><a id=\"tubettaa\"><\/a>Tubettaa<\/h2>\n<p>Tubettaminen tarkoittaa videoiden julkaisua YouTubessa.<\/p>\n<p>Tubettaja on henkil\u00f6, joka julkaisee videoita YuoTubessa.<\/p>\n<h2><a id=\"tunnistautuminen\"><\/a>Tunnistautuminen<\/h2>\n<p>Kun kirjaudut digipalveluun, tunnistaudut. Tunnistautumalla kerrot, kuka olet.<\/p>\n<p>Voit tunnistautua esimerkiksi pankkitunnuksilla tai k\u00e4ytt\u00e4j\u00e4tunnuksella sek\u00e4 salasanalla.<\/p>\n<h2><a id=\"tagata\"><\/a>T\u00e4g\u00e4t\u00e4<\/h2>\n<p>T\u00e4g\u00e4\u00e4minen tarkoittaa toisen k\u00e4ytt\u00e4j\u00e4n merkitsemist\u00e4 julkaisuun. Julkaisu voi olla esimerkiksi kuva, video tai teksti.<\/p>\n<p>Merkitseminen tehd\u00e4\u00e4n @-merkill\u00e4.<\/p>\n<h2><a id=\"valeuutinen\"><\/a>Valeuutinen<\/h2>\n<p>Valeuutinen tarkoittaa sis\u00e4lt\u00f6\u00e4, joka esitt\u00e4\u00e4 uutista, mutta ei ole sit\u00e4. Valeuutisilla yritet\u00e4\u00e4n vaikuttaa ihmisten mielipiteisiin ja ajatuksiin.<\/p>\n<h2><a id=\"verkkokauppa\"><\/a>Verkkokauppa<\/h2>\n<p>Verkkokauppa on kauppa, joka toimii netiss\u00e4.<\/p>\n<h2><a id=\"verkkopalvelu\"><\/a>Verkkopalvelu<\/h2>\n<p>Verkkopalvelu tarkoittaa netiss\u00e4 olevaa palvelua tai verkkosivustoa.<\/p>\n<p>Vernerin selkosivut ovat verkkopalvelu.<\/p>\n<h2><a id=\"verkkopankki\"><\/a>Verkkopankki<\/h2>\n<p>Verkkopankki on pankin palvelu, jolla voit hoitaa pankkiasioita netiss\u00e4.<\/p>\n<h2><a id=\"verkkopankkitunnukset\"><\/a>Verkkopankkitunnukset<\/h2>\n<p>Verkkopankkitunnukset ovat tunnusluvut, joilla voi tunnistautua verkkopankissa ja monissa muissa netin palveluissa.<\/p>\n<h2><a id=\"viraali\"><\/a>Viraali<\/h2>\n<p>Viraali on somen julkaisu, joka on todella suosittu ja levi\u00e4\u00e4 nopeasti.<\/p>\n<h2><a id=\"vlogi\"><\/a>Vlogi<\/h2>\n<p>Vlogi tarkoittaa blogia, joka on tehty videona.<\/p>\n<p>Vlogissa voit kertoa omasta el\u00e4m\u00e4st\u00e4si tai jostain sinulle t\u00e4rke\u00e4st\u00e4 aiheesta.<\/p>\n<p>Voit tehd\u00e4 oman vlogin esimerkiksi YouTubeen.<\/p>\n<p>Vlogin tekij\u00e4\u00e4 kutsutaan vloggaajaksi.<\/p>\n<h2><a id=\"whatsapp\"><\/a>WhatsApp<\/h2>\n<p>WhatsApp on pikaviestipalvelu, jossa voi viestitell\u00e4 kahden kesken tai isommassa porukassa.<\/p>\n<p>Voit l\u00e4hett\u00e4\u00e4 WhatsAppissa teksti\u00e4, kuvia, videoita ja \u00e4\u00e4nt\u00e4. Voit my\u00f6s soittaa puheluja ja videopuheluja.<\/p>\n<h2><a id=\"wifi\"><\/a>WiFi<\/h2>\n<p>WiFi on langaton nettiyhteys.<\/p>\n<h2><a id=\"wikipedia\"><\/a>Wikipedia<\/h2>\n<p>Wikipedia on netin palvelu, joka muistuttaa tietosanakirjaa. Wikipediassa on paljon tietoa erilaisista asioista.<\/p>\n<p>Kuka tahansa voi lis\u00e4t\u00e4 Wikipediaan artikkelin tai korjata jonkun toisen kirjoittamaa artikkelia.<\/p>\n<h2><a id=\"yllapitaja\"><\/a>Yll\u00e4pit\u00e4j\u00e4<\/h2>\n<p>Yll\u00e4pit\u00e4j\u00e4 on vastuussa verkkopalvelusta. Yll\u00e4pit\u00e4j\u00e4 esimerkiksi valvoo verkkopalvelun keskusteluja.<\/p>\n<p>Yll\u00e4pit\u00e4j\u00e4n lyhenne on yp. Moderaattori on sama asia kuin yll\u00e4pit\u00e4j\u00e4.<\/p>\n<h2><a id=\"youtube\"><\/a>YouTube<\/h2>\n<p>YouTube on somepalvelu, jossa voit julkaista ja katsella videoita.<\/p>\n<h2><a id=\"alylaite\"><\/a>\u00c4lylaite<\/h2>\n<p>\u00c4lylaite on laite, jolla p\u00e4\u00e4set netiin ja jolla voit k\u00e4ytt\u00e4\u00e4 erilaisia sovelluksia.<\/p>\n<p>\u00c4lylaitteita ovat esimerkiksi \u00e4lypuhelimet, tabletit ja kannettavat tietokoneet.<\/p>\n<h2><a id=\"alypuhelin\"><\/a>\u00c4lypuhelin<\/h2>\n<p>\u00c4lypuhelin on k\u00e4nnykk\u00e4, jolla p\u00e4\u00e4set netiin ja jolla voit k\u00e4ytt\u00e4\u00e4 sovelluksia.<\/p>\n<p>\u00c4lypuhelimella voit esimerkiksi soittaa puheluita, l\u00e4hett\u00e4\u00e4 viestej\u00e4, k\u00e4ytt\u00e4\u00e4 netti\u00e4, ottaa kuvia ja kuunnella musiikkia.<\/p>\n<h2><a id=\"aaniviesti\"><\/a>\u00c4\u00e4niviesti<\/h2>\n<p>\u00c4\u00e4niviesti on viesti, joka sis\u00e4lt\u00e4\u00e4 \u00e4\u00e4nt\u00e4.<\/p>\n<p>Voit l\u00e4hett\u00e4\u00e4 \u00e4\u00e4niviestej\u00e4 erilaisissa viestipalveluissa, kuten tekstiviesteiss\u00e4, WhatsAppissa ja Messengeriss\u00e4.<\/p>\n<p>Kun haluat l\u00e4hett\u00e4\u00e4 \u00e4\u00e4niviestin, paina mikrofonin kuvaa.<\/p>\n<p><strong>Teksti:<\/strong> Jenni Sipil\u00e4, 2023<br \/>\n<strong>Kuvat:<\/strong> Unsplash<\/p>\n","protected":false},"excerpt":{"rendered":"<p>T\u00e4lt\u00e4 sivulta voit lukea, mit\u00e4 some, live ja muut digipalveluihin liittyv\u00e4t sanat tarkoittavat. Sanat on selitetty yhdess\u00e4 Arki digitt\u00e4\u00e4 -hankkeen [&hellip;]<\/p>\n","protected":false},"author":2,"featured_media":14828,"parent":23,"menu_order":60,"comment_status":"closed","ping_status":"closed","template":"","meta":{"_acf_changed":false,"footnotes":""},"class_list":["post-14827","page","type-page","status-publish","has-post-thumbnail","hentry"],"acf":[],"_links":{"self":[{"href":"https:\/\/verneri.net\/selko\/wp-json\/wp\/v2\/pages\/14827","targetHints":{"allow":["GET"]}}],"collection":[{"href":"https:\/\/verneri.net\/selko\/wp-json\/wp\/v2\/pages"}],"about":[{"href":"https:\/\/verneri.net\/selko\/wp-json\/wp\/v2\/types\/page"}],"author":[{"embeddable":true,"href":"https:\/\/verneri.net\/selko\/wp-json\/wp\/v2\/users\/2"}],"replies":[{"embeddable":true,"href":"https:\/\/verneri.net\/selko\/wp-json\/wp\/v2\/comments?post=14827"}],"version-history":[{"count":0,"href":"https:\/\/verneri.net\/selko\/wp-json\/wp\/v2\/pages\/14827\/revisions"}],"up":[{"embeddable":true,"href":"https:\/\/verneri.net\/selko\/wp-json\/wp\/v2\/pages\/23"}],"wp:featuredmedia":[{"embeddable":true,"href":"https:\/\/verneri.net\/selko\/wp-json\/wp\/v2\/media\/14828"}],"wp:attachment":[{"href":"https:\/\/verneri.net\/selko\/wp-json\/wp\/v2\/media?parent=14827"}],"curies":[{"name":"wp","href":"https:\/\/api.w.org\/{rel}","templated":true}]}}