{"id":14853,"date":"2025-04-03T14:31:07","date_gmt":"2025-04-03T11:31:07","guid":{"rendered":"http:\/\/localhost\/verneri\/selko-dev\/?page_id=14853"},"modified":"2025-04-07T18:49:03","modified_gmt":"2025-04-07T15:49:03","slug":"paivatoiminta","status":"publish","type":"page","link":"https:\/\/verneri.net\/selko\/hyvinvointi\/apua-ja-tukea-arkeen\/paivatoiminta\/","title":{"rendered":"P\u00e4iv\u00e4toiminta"},"content":{"rendered":"<p>Vammaisella ihmisell\u00e4 on oikeus osallisuuteen eli oikeus osallistua ja vaikuttaa.<\/p>\n<p>Hyvinvointialue voi j\u00e4rjest\u00e4\u00e4 vammaiselle ihmiselle p\u00e4iv\u00e4toimintaa, joka tukee osallisuutta, ihmissuhteita ja omia vahvuuksia.<\/p>\n<p>P\u00e4iv\u00e4toiminta voi sis\u00e4lt\u00e4\u00e4 esimerkiksi<\/p>\n<ul>\n<li>liikuntaa<\/li>\n<li>luovaa toimintaa<\/li>\n<li>retkeily\u00e4.<\/li>\n<\/ul>\n<p>P\u00e4iv\u00e4toimintaa voidaan j\u00e4rjest\u00e4\u00e4 ryhm\u00e4ss\u00e4 tai henkil\u00f6kohtaisena palveluna.<\/p>\n<p>Osa-aikaisesti palkkaty\u00f6t\u00e4 tekev\u00e4 henkil\u00f6 voi osallistua joinain p\u00e4ivin\u00e4 my\u00f6s p\u00e4iv\u00e4toimintaan, jos h\u00e4n haluaa.<\/p>\n<p><strong>Teksti:<\/strong> Jenni Sipil\u00e4, 2025<br \/>\n<strong>Kuva:<\/strong> Istockphoto<\/p>\n","protected":false},"excerpt":{"rendered":"<p>Vammaisella ihmisell\u00e4 on oikeus osallisuuteen eli oikeus osallistua ja vaikuttaa. Hyvinvointialue voi j\u00e4rjest\u00e4\u00e4 vammaiselle ihmiselle p\u00e4iv\u00e4toimintaa, joka tukee osallisuutta, ihmissuhteita [&hellip;]<\/p>\n","protected":false},"author":2,"featured_media":14860,"parent":20,"menu_order":449,"comment_status":"closed","ping_status":"closed","template":"","meta":{"_acf_changed":false,"footnotes":""},"class_list":["post-14853","page","type-page","status-publish","has-post-thumbnail","hentry"],"acf":[],"_links":{"self":[{"href":"https:\/\/verneri.net\/selko\/wp-json\/wp\/v2\/pages\/14853","targetHints":{"allow":["GET"]}}],"collection":[{"href":"https:\/\/verneri.net\/selko\/wp-json\/wp\/v2\/pages"}],"about":[{"href":"https:\/\/verneri.net\/selko\/wp-json\/wp\/v2\/types\/page"}],"author":[{"embeddable":true,"href":"https:\/\/verneri.net\/selko\/wp-json\/wp\/v2\/users\/2"}],"replies":[{"embeddable":true,"href":"https:\/\/verneri.net\/selko\/wp-json\/wp\/v2\/comments?post=14853"}],"version-history":[{"count":0,"href":"https:\/\/verneri.net\/selko\/wp-json\/wp\/v2\/pages\/14853\/revisions"}],"up":[{"embeddable":true,"href":"https:\/\/verneri.net\/selko\/wp-json\/wp\/v2\/pages\/20"}],"wp:featuredmedia":[{"embeddable":true,"href":"https:\/\/verneri.net\/selko\/wp-json\/wp\/v2\/media\/14860"}],"wp:attachment":[{"href":"https:\/\/verneri.net\/selko\/wp-json\/wp\/v2\/media?parent=14853"}],"curies":[{"name":"wp","href":"https:\/\/api.w.org\/{rel}","templated":true}]}}