{"id":14866,"date":"2025-04-07T10:43:25","date_gmt":"2025-04-07T07:43:25","guid":{"rendered":"http:\/\/localhost\/verneri\/selko-dev\/?page_id=14866"},"modified":"2025-11-19T13:34:02","modified_gmt":"2025-11-19T11:34:02","slug":"tutustu-ammatteihin","status":"publish","type":"page","link":"https:\/\/verneri.net\/selko\/hyvinvointi\/opiskelu\/tutustu-ammatteihin\/","title":{"rendered":"Tutustu ammatteihin"},"content":{"rendered":"<p>Suunnitteletko opintoja? Haaveiletko uudesta ammatista?<\/p>\n<p>T\u00e4ll\u00e4 sivulla on tietoa ammateista ja opinnoista, jotka valmistavat ammatteihin.<\/p>\n<h2>Kokki valmistaa ruokaa<\/h2>\n<p>Tykk\u00e4\u00e4tk\u00f6 laittaa ruokaa? Sinulle voi sopia kokin ammatti.<\/p>\n<p>Kokin ty\u00f6h\u00f6n kuuluu esimerkiksi<\/p>\n<ul>\n<li>ruoanvalmistus<\/li>\n<li>ruokien laittaminen tarjolle<\/li>\n<li>leipominen<\/li>\n<li>asiakaspalvelu<\/li>\n<li>astioiden pesu<\/li>\n<li>keitti\u00f6n siivous.<\/li>\n<\/ul>\n<p class=\"x_MsoNormal\">Kokki ty\u00f6skentelee yleens\u00e4 ravintolassa, kahvilassa tai suurkeitti\u00f6ss\u00e4.<\/p>\n<p>Kokin ty\u00f6 voi olla kiireist\u00e4 ja kokki ty\u00f6skentelee usein seisoen. Siksi kokin ammatti vaatii hyv\u00e4\u00e4 kuntoa ja kyky\u00e4 siet\u00e4\u00e4 kiirett\u00e4.<\/p>\n<p>Kokiksi valmistuu, kun suorittaa hotelli-, ravintola- ja catering-alan perustutkinnon.<\/p>\n<p>Kokiksi voi opiskella ammatillisessa oppilaitoksessa.<\/p>\n<p class=\"x_MsoNormal\">Kokin opinnoissa oppii<\/p>\n<ul>\n<li class=\"x_MsoNormal\">ruoanvalmistuksen erilaisia teht\u00e4vi\u00e4<\/li>\n<li class=\"x_MsoNormal\">siistim\u00e4\u00e4n ja j\u00e4rjestelem\u00e4\u00e4n ty\u00f6tiloja<\/li>\n<li class=\"x_MsoNormal\">asiakaspalvelua.<\/li>\n<\/ul>\n<h2>Puutarhuri hoitaa kasveja<\/h2>\n<p>Jos tykk\u00e4\u00e4t kasvien hoitamisesta, sinulle voi sopia puutarha-alan opinnot.<\/p>\n<p>Puutarhuriksi valmistuu, kun suorittaa puutarha-alan perustutkinnon.<\/p>\n<p>Opiskeluun kuuluu paljon puutarhurin ty\u00f6n harjoittelua k\u00e4yt\u00e4nn\u00f6ss\u00e4.<\/p>\n<p>Opinnoissa oppii esimerkiksi<\/p>\n<ul>\n<li>tunnistamaan kasveja<\/li>\n<li>istuttamaan ja hoitamaan kasveja<\/li>\n<li>k\u00e4ytt\u00e4m\u00e4\u00e4n puutarhakoneita ja -laitteita<\/li>\n<li>tekem\u00e4\u00e4n viheraluet\u00f6it\u00e4 ja puutarhakaupan t\u00f6it\u00e4.<\/li>\n<\/ul>\n<p>Puutarhuri voi ty\u00f6skennell\u00e4 esimerkiksi<\/p>\n<ul>\n<li>kasvihuoneilla ja avomaaviljelmill\u00e4<\/li>\n<li>puutarhamyym\u00e4l\u00f6iss\u00e4 ja kukkakaupoissa<\/li>\n<li>viheralueiden rakentamist\u00f6iss\u00e4 ja yll\u00e4pitot\u00f6iss\u00e4.<\/li>\n<\/ul>\n<p>Puutarhuriksi voi opiskella ammatillisissa oppilaitoksissa.<\/p>\n<h2>Muusikko esitt\u00e4\u00e4 musiikkia<\/h2>\n<p>Tykk\u00e4\u00e4tk\u00f6 musiikista, soittamisesta tai laulamisesta? Sinulle voi sopia muusikon ammatti.<\/p>\n<p>Muusikoksi valmistuu, kun suorittaa musiikkialan perustutkinnon.<\/p>\n<p>Opiskelu edellytt\u00e4\u00e4 jonkin soittimen soittamistaitoa tai laulutaitoa.<\/p>\n<p>Muusikon ty\u00f6h\u00f6n voi kuulua esimerkiksi esiintymist\u00e4 erilaisissa tilaisuuksissa ja tapahtumissa.<\/p>\n<p>Musiikkialan perustutkinnon voi suorittaa esimerkiksi ammattiopistoissa.<\/p>\n<h2>Kodinhuoltaja siivoaa ja avustaa<\/h2>\n<p>Jos pid\u00e4t siivoamisesta, muiden auttamisesta ja ruuan valmistamisesta, sinulle voi sopia kodinhuoltajan opinnot.<\/p>\n<p>Kodinhuoltaja siivoaa, avustaa asiakkaita ja osallistuu ruoanvalmistukseen.<\/p>\n<p>Kodinhuoltaja voi ty\u00f6skennell\u00e4 esimerkiksi<\/p>\n<ul>\n<li>palvelukodissa<\/li>\n<li>p\u00e4iv\u00e4kodissa<\/li>\n<li>yksityisess\u00e4 kodissa.<\/li>\n<\/ul>\n<p>Kodinhuoltajaksi valmistuu, kun suorittaa puhtaus- ja kiinteist\u00f6palvelualan perustutkinnon ammattioppilaitoksessa.<\/p>\n<p>Koulutuksessa oppii esimerkiksi<\/p>\n<ul>\n<li>avustamaan asiakkaita<\/li>\n<li>huoltamaan tekstiilej\u00e4<\/li>\n<li>laittamaan ruokaa.<\/li>\n<\/ul>\n<h2>Merkonomi<\/h2>\n<p>Jos olet j\u00e4rjestelm\u00e4llinen ja tykk\u00e4\u00e4t kohdata ihmisi\u00e4, sinulle voi sopia merkonomin opinnot.<\/p>\n<p>Merkonomi voi ty\u00f6skennell\u00e4 esimerkiksi kaupassa asiakaspalvelun teht\u00e4viss\u00e4 ja toimistossa.<\/p>\n<p>Merkonomi voi toimia my\u00f6s yritt\u00e4j\u00e4n\u00e4.<\/p>\n<p>Merkonomiksi valmistuu, kun suorittaa liiketalouden perustutkinnon.<\/p>\n<p>Merkonomiksi voi opiskella ammatillisessa oppilaitoksessa.<\/p>\n<p>Merkonomin opinnoissa voi oppia esimerkiksi<\/p>\n<ul>\n<li>asiakaspalvelua<\/li>\n<li>myynti\u00e4<\/li>\n<li>tapahtumien tuottamista<\/li>\n<li>laskuttamista<\/li>\n<li>kokouksien valmistelua<\/li>\n<li>somistamista.<\/li>\n<\/ul>\n<h2>Artesaani tekee k\u00e4sit\u00f6it\u00e4<\/h2>\n<p>Tykk\u00e4\u00e4tk\u00f6 tehd\u00e4 k\u00e4sit\u00f6it\u00e4? Sinulle voi sopia artesaanin ammatti.<\/p>\n<p>Artesaani voi esimerkiksi valmistaa ja suunnitella tuotteita sek\u00e4 kunnostaa\u00a0vanhoja tuotteita.<\/p>\n<p>Artesaaniksi valmistuu, kun suorittaa k\u00e4si- ja taideteollisuusalan perustutkinnon tai kuvallisen ilmaisun perustutkinnon.<\/p>\n<p>Opintoihin kuuluu tekem\u00e4ll\u00e4 oppimista ja ty\u00f6harjoittelua.<\/p>\n<p>Artesaanin opinnoissa voi suuntautua<\/p>\n<ul>\n<li>tekstiilit\u00f6ihin<\/li>\n<li>koviin materiaaleihin<\/li>\n<li>kuva-artesaaniksi<\/li>\n<li>kultasep\u00e4n alalle<\/li>\n<li>punonta- ja sisustustuotteisiin.<\/li>\n<\/ul>\n<h2 class=\"x_MsoNormal\">L\u00e4hihoitaja auttaa muita<\/h2>\n<p class=\"x_MsoNormal\">Jos tykk\u00e4\u00e4t auttaa muita, sinulle voi sopia l\u00e4hihoitajan opinnot.<\/p>\n<p class=\"x_MsoNormal\">L\u00e4hihoitajaksi valmistuu, kun suorittaa sosiaali- ja terveysalan perustutkinnon.<\/p>\n<p class=\"x_MsoNormal\">L\u00e4hihoitajaksi voi opiskella esimerkiksi Kiipulan ammattiopistossa eli H\u00e4meenlinnassa tai Tampereella.<\/p>\n<p class=\"x_MsoNormal\">L\u00e4hihoitajan opinnoissa oppii<\/p>\n<ul>\n<li class=\"x_MsoNormal\">vanhustenhoitoa<\/li>\n<li class=\"x_MsoNormal\">lasten ja nuorten kasvatusta ja hoitoa<\/li>\n<li class=\"x_MsoNormal\">vammaisty\u00f6n teht\u00e4vi\u00e4.<\/li>\n<\/ul>\n<h2>Kiinteist\u00f6nhoitaja tekee huoltot\u00f6it\u00e4<\/h2>\n<p>Jos tykk\u00e4\u00e4t erilaisista huoltot\u00f6ist\u00e4, kiinteist\u00f6nhoitajan ammatti voi sopia sinulle.<\/p>\n<p>Kiinteist\u00f6nhoitajaksi valmistuu, kun suorittaa ammattikoulussa kiinteist\u00f6palvelujen perustutkinnon.<\/p>\n<p>Kiinteist\u00f6nhoitaja ty\u00f6skentelee usein talonmiehen tai huoltomiehen apulaisena tai puistoty\u00f6ntekij\u00e4n\u00e4.<\/p>\n<p>Kiinteist\u00f6nhoitajan ty\u00f6h\u00f6n voi kuulua esimerkiksi<\/p>\n<ul>\n<li>ruohon leikkaaminen ja haravointi<\/li>\n<li>lumity\u00f6t ja teiden hiekoitus<\/li>\n<li>l\u00e4mmityksest\u00e4 huolehtiminen<\/li>\n<li>pienet korjausty\u00f6t, kuten viem\u00e4reiden avaaminen.<\/li>\n<\/ul>\n<p>Kiinteist\u00f6nhoitaja voi ty\u00f6skennell\u00e4 monenlaisissa paikoissa. Kiinteist\u00f6nhoitajia on paljon julkisissa laitoksissa, kuten kouluissa ja sairaaloissa.<\/p>\n<p>Kiinteist\u00f6nhoitajia ty\u00f6skentelee my\u00f6s yrityksiss\u00e4, jotka huolehtivat kerrostalojen ja rivitalojen pihoista ja huoltot\u00f6ist\u00e4.<\/p>\n<p>Kiinteist\u00f6nhoitaja liikkuu paljon ja on paljon ulkona. Ty\u00f6 vaatii siis hyv\u00e4\u00e4 kuntoa. Joissain ty\u00f6paikoissa kiinteist\u00f6nhoitajalla pit\u00e4\u00e4 olla ajokortti.<\/p>\n<h2>Ajoneuvoasentaja korjaa autoja<\/h2>\n<p>Ajoneuvoasentaja ty\u00f6skentelee tavallisesti autokorjaajana.<\/p>\n<p>Ajoneuvoasentajaksi valmistuu, kun suorittaa autoalan perustutkinnon ammattikoulussa.<\/p>\n<p>Ajoneuvoasentajan ty\u00f6h\u00f6n kuuluu esimerkiksi<\/p>\n<ul>\n<li>autojen pesu ja vahaus<\/li>\n<li>\u00f6ljynvaihto<\/li>\n<li>renkaiden vaihtaminen<\/li>\n<li>moottorien ja jarrujen korjaukset<\/li>\n<li>autojen s\u00e4hk\u00f6ty\u00f6t.<\/li>\n<\/ul>\n<p>Ajoneuvoasentaja voi ty\u00f6skennell\u00e4 esimerkiksi autokorjaamossa, autoliikkeess\u00e4 ja huoltoasemalla.<\/p>\n<p>Ajoneuvoasentajan ty\u00f6ss\u00e4 tarvitaan hyv\u00e4\u00e4 kuntoa ja kiinnostusta tekniikkaan. My\u00f6s asiakaspalvelutaidot ovat t\u00e4rkeit\u00e4 ajoneuvoasentajalle.<\/p>\n<p><strong>Teksti:<\/strong> Sara Massinen, Jenni Sipil\u00e4 2024<br \/>\n<strong>Kuvat:\u00a0<\/strong>Unsplash<\/p>\n","protected":false},"excerpt":{"rendered":"<p>Suunnitteletko opintoja? Haaveiletko uudesta ammatista? T\u00e4ll\u00e4 sivulla on tietoa ammateista ja opinnoista, jotka valmistavat ammatteihin. Kokki valmistaa ruokaa Tykk\u00e4\u00e4tk\u00f6 laittaa [&hellip;]<\/p>\n","protected":false},"author":2,"featured_media":14948,"parent":21,"menu_order":469,"comment_status":"closed","ping_status":"closed","template":"","meta":{"_acf_changed":false,"footnotes":""},"class_list":["post-14866","page","type-page","status-publish","has-post-thumbnail","hentry"],"acf":[],"_links":{"self":[{"href":"https:\/\/verneri.net\/selko\/wp-json\/wp\/v2\/pages\/14866","targetHints":{"allow":["GET"]}}],"collection":[{"href":"https:\/\/verneri.net\/selko\/wp-json\/wp\/v2\/pages"}],"about":[{"href":"https:\/\/verneri.net\/selko\/wp-json\/wp\/v2\/types\/page"}],"author":[{"embeddable":true,"href":"https:\/\/verneri.net\/selko\/wp-json\/wp\/v2\/users\/2"}],"replies":[{"embeddable":true,"href":"https:\/\/verneri.net\/selko\/wp-json\/wp\/v2\/comments?post=14866"}],"version-history":[{"count":0,"href":"https:\/\/verneri.net\/selko\/wp-json\/wp\/v2\/pages\/14866\/revisions"}],"up":[{"embeddable":true,"href":"https:\/\/verneri.net\/selko\/wp-json\/wp\/v2\/pages\/21"}],"wp:featuredmedia":[{"embeddable":true,"href":"https:\/\/verneri.net\/selko\/wp-json\/wp\/v2\/media\/14948"}],"wp:attachment":[{"href":"https:\/\/verneri.net\/selko\/wp-json\/wp\/v2\/media?parent=14866"}],"curies":[{"name":"wp","href":"https:\/\/api.w.org\/{rel}","templated":true}]}}