{"id":14867,"date":"2025-04-07T10:51:31","date_gmt":"2025-04-07T07:51:31","guid":{"rendered":"http:\/\/localhost\/verneri\/selko-dev\/?page_id=14867"},"modified":"2025-08-08T13:49:21","modified_gmt":"2025-08-08T10:49:21","slug":"suunnittele-opintojasi","status":"publish","type":"page","link":"https:\/\/verneri.net\/selko\/hyvinvointi\/opiskelu\/suunnittele-opintojasi\/","title":{"rendered":"Suunnittele opintojasi"},"content":{"rendered":"<p>Haluaisitko opiskella jotain uutta? Haaveiletko uudesta ammattista?<\/p>\n<p>T\u00e4ll\u00e4 sivulla on kysymyksi\u00e4, jotka auttavat sinua pohtimaan vaihtoehtojasi.<\/p>\n<p>Voit pohtia kysymyksi\u00e4 itse tai jutella niist\u00e4 jonkun kanssa.<\/p>\n<h2>Opiskelutaitoni<\/h2>\n<p>Opiskelussa on hy\u00f6ty\u00e4 monenlaisista taidoista.<\/p>\n<p>Kun suunnittelet opintoja, pohdi millaisia taitoja sinulla on.<\/p>\n<p>Osaatko esimerkiksi<\/p>\n<ul>\n<li>lukea<\/li>\n<li>kirjoittaa<\/li>\n<li>k\u00e4ytt\u00e4\u00e4 tietokonetta ja tietokoneen ohjelmia<\/li>\n<li>k\u00e4ytt\u00e4\u00e4 sosiaalista mediaa<\/li>\n<li>keskustella<\/li>\n<li>tehd\u00e4 kotit\u00f6it\u00e4<\/li>\n<li>valmistaa ruokaa?<\/li>\n<\/ul>\n<p>Mit\u00e4 muita taitoja sinulla on?<\/p>\n<h2>Aiemmat opintoni<\/h2>\n<p>My\u00f6s aiemmista opinnoista on hy\u00f6ty\u00e4, kun aikoo opiskella uutta. Aiemmissa opinnoissa olet oppinut taitoja, jotka voivat auttaa sinua uusissa opinnoissa.<\/p>\n<p>Aiemmat opinnot voivat vaikuttaa my\u00f6s siihen, millaisen opiskelupaikan saat.<\/p>\n<ul>\n<li>Mit\u00e4 kouluja olet k\u00e4ynyt?<\/li>\n<li>Mit\u00e4 tutkintoja olet suorittanut?<\/li>\n<li>Oletko suorittanut kursseja, kuten kielikurssin tai digitaitokurssin?<\/li>\n<\/ul>\n<h2>Minua kiinnostavat ammatit<\/h2>\n<p>Opiskelu on yleens\u00e4 mukavaa, kun opiskelee alaa, josta on kiinnostunut.<\/p>\n<p>Millaiset ty\u00f6t tai ammatit kiinnostavat sinua?<\/p>\n<p>Kiinnostaako sinua esimerkiksi<\/p>\n<ul>\n<li>ruuanlaitto<\/li>\n<li>tarjoilu<\/li>\n<li>puutarhanhoito<\/li>\n<li>autonkorjaaminen<\/li>\n<li>kiinteist\u00f6jen huoltaminen<\/li>\n<li>musiikki<\/li>\n<li>lastenhoito<\/li>\n<li>postin jakaminen<\/li>\n<li>vanhusten avustaminen<\/li>\n<li>lasten hoitaminen<\/li>\n<li>toimistoty\u00f6t?<\/li>\n<\/ul>\n<p>Millaiset muut ty\u00f6t tai ammatit kiinnostavat sinua?<\/p>\n<h2>N\u00e4ihin asioihin tarvitsen tukea<\/h2>\n<p>Opiskeluun voi saada monenlaista tukea.<\/p>\n<p>Esimerkiksi ammatillisen erityisoppilaitoksen koulutuskokeilussa selvitet\u00e4\u00e4n, millaista tukea tarvitset opiskeluun. Koulutuskokeilussa voit tutustua my\u00f6s opiskeluun.<\/p>\n<p>Valmentavassa koulutuksessa puolestaan harjoitellaan taitoja, joita tarvitaan opiskelussa ja arkiel\u00e4m\u00e4ss\u00e4.<\/p>\n<p>My\u00f6s ammatillisiin opintoihin voi saada monenlaista tukea ammattioppilaitoksissa ja ammatillisissa erityisoppilaitoksissa.<\/p>\n<p>Kun suunnittelet opintojasi, pohdi, millaista tukea tarvitset opintoihin.<\/p>\n<p>Tarvitsetko tukea esimerkiksi<\/p>\n<ul>\n<li>aamulla her\u00e4\u00e4miseen<\/li>\n<li>kouluun l\u00e4htemiseen<\/li>\n<li>omista tavaroista huolehtimiseen<\/li>\n<li>vieraiden ihmisten kanssa juttelemiseen<\/li>\n<li>uusiin tilanteisiin<\/li>\n<li>j\u00e4nnitt\u00e4miseen<\/li>\n<li>keskittymiseen<\/li>\n<li>asioiden muistamiseen<\/li>\n<li>lukemiseen<\/li>\n<li>kirjoittamiseen<\/li>\n<li>laskemiseen?<\/li>\n<\/ul>\n<p>Mihin muihin asioihin tarvitset tai toivot tukea?<\/p>\n<h2>N\u00e4in min\u00e4 opin<\/h2>\n<p>Ihmiset oppivat uusia asioita eri tavoin. Joku oppii hyvin lukemalla, joku kuuntelemalla ja joku oppii tekem\u00e4ll\u00e4 asioita.<\/p>\n<p>Miten sin\u00e4 opit parhaiten?<\/p>\n<p>Opitko esimerkiksi<\/p>\n<ul>\n<li>kuuntelemalla<\/li>\n<li>kirjoittamalla<\/li>\n<li>lukemalla<\/li>\n<li>kuvista katsomalla<\/li>\n<li>videoita katsomalla<\/li>\n<li>seuraamalla muiden tekemist\u00e4<\/li>\n<li>juttelemalla<\/li>\n<li>tekem\u00e4ll\u00e4?<\/li>\n<\/ul>\n<p>Onko sinulla muita tapoja oppia?<\/p>\n<p><strong>Teksti:<\/strong> Jenni Sipil\u00e4, 2024<br \/>\n<strong>Kuva:<\/strong> Unsplash<br \/>\n<strong>L\u00e4hde:<\/strong> <a href=\"https:\/\/tukena.fi\/wp-content\/uploads\/2024\/03\/Poweriaa-opiskeluun_FI.pdf\" target=\"_blank\" rel=\"noopener\">Poweria opiskeluun -opas<\/a> (tukena.fi)<\/p>\n<p>Poweria opiskeluun -oppaassa on kysymyksi\u00e4 ja teht\u00e4vi\u00e4, jotka auttavat sinua suunnittelemaan opintojasi. Voit tulostaa ja t\u00e4ytt\u00e4\u00e4 oppaan yksin tai yhdess\u00e4 jonkun kanssa. Opas on tehty Tukena-s\u00e4\u00e4ti\u00f6n Poweria-hankkeessa.<\/p>\n","protected":false},"excerpt":{"rendered":"<p>Haluaisitko opiskella jotain uutta? Haaveiletko uudesta ammattista? T\u00e4ll\u00e4 sivulla on kysymyksi\u00e4, jotka auttavat sinua pohtimaan vaihtoehtojasi. Voit pohtia kysymyksi\u00e4 itse [&hellip;]<\/p>\n","protected":false},"author":2,"featured_media":16852,"parent":21,"menu_order":470,"comment_status":"closed","ping_status":"closed","template":"","meta":{"_acf_changed":false,"footnotes":""},"class_list":["post-14867","page","type-page","status-publish","has-post-thumbnail","hentry"],"acf":[],"_links":{"self":[{"href":"https:\/\/verneri.net\/selko\/wp-json\/wp\/v2\/pages\/14867","targetHints":{"allow":["GET"]}}],"collection":[{"href":"https:\/\/verneri.net\/selko\/wp-json\/wp\/v2\/pages"}],"about":[{"href":"https:\/\/verneri.net\/selko\/wp-json\/wp\/v2\/types\/page"}],"author":[{"embeddable":true,"href":"https:\/\/verneri.net\/selko\/wp-json\/wp\/v2\/users\/2"}],"replies":[{"embeddable":true,"href":"https:\/\/verneri.net\/selko\/wp-json\/wp\/v2\/comments?post=14867"}],"version-history":[{"count":0,"href":"https:\/\/verneri.net\/selko\/wp-json\/wp\/v2\/pages\/14867\/revisions"}],"up":[{"embeddable":true,"href":"https:\/\/verneri.net\/selko\/wp-json\/wp\/v2\/pages\/21"}],"wp:featuredmedia":[{"embeddable":true,"href":"https:\/\/verneri.net\/selko\/wp-json\/wp\/v2\/media\/16852"}],"wp:attachment":[{"href":"https:\/\/verneri.net\/selko\/wp-json\/wp\/v2\/media?parent=14867"}],"curies":[{"name":"wp","href":"https:\/\/api.w.org\/{rel}","templated":true}]}}