{"id":14869,"date":"2025-04-07T10:58:25","date_gmt":"2025-04-07T07:58:25","guid":{"rendered":"http:\/\/localhost\/verneri\/selko-dev\/?page_id=14869"},"modified":"2025-06-16T14:18:05","modified_gmt":"2025-06-16T11:18:05","slug":"opiskelen-omaan-tahtiini","status":"publish","type":"page","link":"https:\/\/verneri.net\/selko\/hyvinvointi\/opiskelu\/opiskelen-omaan-tahtiini\/","title":{"rendered":"Opiskelen omaan tahtiini"},"content":{"rendered":"<p>Karoliina Olkkonen opiskelee media-alaa. T\u00e4ss\u00e4 haastattelussa h\u00e4n kertoo opinnoistaan.<\/p>\n<h2>Mit\u00e4 opiskelet?<\/h2>\n<p>Opiskelen media-alaa ja kuvallista ilmaisutaitoa Nurmij\u00e4rven Keudassa. Erikoistun radiojuontajaksi.<\/p>\n<h2>Miksi valitsit juuri media-alan?<\/h2>\n<p>Halusin ammatin, joka ei ole fyysisesti liian kuormittava.<\/p>\n<p>Tein kymmenen vuotta siivous- ja keitti\u00f6ty\u00f6t\u00e4. Keho alkoi rasittua siit\u00e4, vaikka muuten jaksoinkin.<\/p>\n<h2>Miten hait opiskelemaan?<\/h2>\n<p>L\u00e4\u00e4k\u00e4ri ei suositellut minulle mit\u00e4\u00e4n fyysist\u00e4 ty\u00f6t\u00e4 ainakaan loppuvuodeksi.<\/p>\n<p>Olin n\u00e4hnyt mainoksen, ett\u00e4 Keuda hakee media-alan opiskelijoita. Opintoihin oli jatkuva haku.<\/p>\n<p>Y\u00f6n pimein\u00e4 tunteina t\u00e4ytin hakemuksen. En uskonut, ett\u00e4 p\u00e4\u00e4sen opiskelemaan.<\/p>\n<h2>Millaista opiskelu on?<\/h2>\n<p>Opiskelu on aika kiireist\u00e4. Juuri oli ensimm\u00e4inen ryhm\u00e4n\u00e4ytt\u00f6 ja se j\u00e4nnitti. Meid\u00e4n piti esiinty\u00e4 Keudan Youtube-kanavan streamiss\u00e4.<\/p>\n<p>Opiskelu on kuitenkin mieluista.\u00a0Ja p\u00e4iv\u00e4t ovat sopivan pituisia, puoli yhdeks\u00e4st\u00e4 puoli kahteen.<\/p>\n<h2>Mik\u00e4 opiskelussa on parasta?<\/h2>\n<p>Parasta on ryhm\u00e4. Ja se, ett\u00e4 saa opiskella omaan tahtiin. Ei tarvitse kiirehti\u00e4.<\/p>\n<h2>Mik\u00e4 opiskelussa on vaikeaa?<\/h2>\n<p>Se on vaikeaa, kun joku asia ei mene nappiin. Tai kone menee jumiin juuri, kun on saamassa jonkun ty\u00f6n valmiiksi ja joudut aloittamaan alusta.<\/p>\n<h2>Millaisia opiskelukaverisi ovat?<\/h2>\n<p>Mukavia! Ik\u00e4 vaihtelee 16-vuotiaasta 40-vuotiaisiin.<\/p>\n<h2>Mit\u00e4 olet oppinut?<\/h2>\n<p>Olen oppinut, kuinka paljon tietotekniikka on mennyt eteenp\u00e4in omista peruskouluajoista.<\/p>\n<p>Ja kuinka paljon eri ohjelmistoja on. En ollut ennen k\u00e4ytt\u00e4nyt kuvank\u00e4sittelyohjelmaakaan.<\/p>\n<h2>Mit\u00e4 haluaisit viel\u00e4 oppia?<\/h2>\n<p>Hyv\u00e4 kysymys!<\/p>\n<p>Ehk\u00e4 tietotekniikan turvallisuutta.<\/p>\n<h2>Mit\u00e4 olet opiskellut aiemmin?<\/h2>\n<p>Olen opiskellut kodinhuoltajaksi Helsingin Diakoniaopistossa.<\/p>\n<h2>Onko aiemmista opinnoista ollut hy\u00f6ty\u00e4 nykyisiss\u00e4 opinnoissa?<\/h2>\n<p>On onneksi! Ei tarvinnut opiskella uudestaan esimerkiksi matikkaa ja fysiikkaa.<\/p>\n<h2>Millaisia t\u00f6it\u00e4 olet tehnyt?<\/h2>\n<p>Se lista on pitk\u00e4:<\/p>\n<p>Olen tehnyt avustavia siivous- ja keitti\u00f6alan ty\u00f6teht\u00e4vi\u00e4.<\/p>\n<p>Olin vuoden Kehitysvammaliitossa t\u00f6iss\u00e4.<\/p>\n<p>Olen ollut harjoitteluissa M\u00e4kk\u00e4riss\u00e4, kaupan alalla ja Postissa.<\/p>\n<p>Olin my\u00f6s Hyvink\u00e4\u00e4n Kulmiksessa kausity\u00f6ntekij\u00e4n\u00e4.<\/p>\n<h2>Millaisia t\u00f6it\u00e4 haluat tehd\u00e4 valmistumisen j\u00e4lkeen?<\/h2>\n<p>Ehk\u00e4 somea ja j\u00e4rjest\u00f6ty\u00f6t\u00e4. Haluan edist\u00e4\u00e4 vammaisten ihmisten oikeuksia omalla alustalla.<\/p>\n<h2>Suositteletko media-alan opintoja muille?<\/h2>\n<p>Kyll\u00e4!<\/p>\n<p>Jos mietit, voitko hakea opiskelemaan, hae ihmeess\u00e4.<\/p>\n<p>On ihan sama, mink\u00e4 ik\u00e4inen olet. Ja on ihan sama, onko sinulla kehitysvamma tai jokin muu vamma, se ei est\u00e4 sinua hakemasta.<\/p>\n<p>Tuntuu, ett\u00e4 maailma on muuttunut. Nykyisin uskalletaan ottaa t\u00e4llaisia erityist\u00e4 tukea tarvitsevia opiskelijoita tavallisiin kouluihin.<\/p>\n<p><strong>Teksti:<\/strong> Sara Massinen, 2024<br \/>\n<strong>Kuva:<\/strong> Jenni Sipil\u00e4<\/p>\n","protected":false},"excerpt":{"rendered":"<p>Karoliina Olkkonen opiskelee media-alaa. T\u00e4ss\u00e4 haastattelussa h\u00e4n kertoo opinnoistaan. Mit\u00e4 opiskelet? Opiskelen media-alaa ja kuvallista ilmaisutaitoa Nurmij\u00e4rven Keudassa. Erikoistun radiojuontajaksi. [&hellip;]<\/p>\n","protected":false},"author":2,"featured_media":15102,"parent":21,"menu_order":472,"comment_status":"closed","ping_status":"closed","template":"","meta":{"_acf_changed":false,"footnotes":""},"class_list":["post-14869","page","type-page","status-publish","has-post-thumbnail","hentry"],"acf":[],"_links":{"self":[{"href":"https:\/\/verneri.net\/selko\/wp-json\/wp\/v2\/pages\/14869","targetHints":{"allow":["GET"]}}],"collection":[{"href":"https:\/\/verneri.net\/selko\/wp-json\/wp\/v2\/pages"}],"about":[{"href":"https:\/\/verneri.net\/selko\/wp-json\/wp\/v2\/types\/page"}],"author":[{"embeddable":true,"href":"https:\/\/verneri.net\/selko\/wp-json\/wp\/v2\/users\/2"}],"replies":[{"embeddable":true,"href":"https:\/\/verneri.net\/selko\/wp-json\/wp\/v2\/comments?post=14869"}],"version-history":[{"count":0,"href":"https:\/\/verneri.net\/selko\/wp-json\/wp\/v2\/pages\/14869\/revisions"}],"up":[{"embeddable":true,"href":"https:\/\/verneri.net\/selko\/wp-json\/wp\/v2\/pages\/21"}],"wp:featuredmedia":[{"embeddable":true,"href":"https:\/\/verneri.net\/selko\/wp-json\/wp\/v2\/media\/15102"}],"wp:attachment":[{"href":"https:\/\/verneri.net\/selko\/wp-json\/wp\/v2\/media?parent=14869"}],"curies":[{"name":"wp","href":"https:\/\/api.w.org\/{rel}","templated":true}]}}