{"id":14870,"date":"2025-04-07T11:02:20","date_gmt":"2025-04-07T08:02:20","guid":{"rendered":"http:\/\/localhost\/verneri\/selko-dev\/?page_id=14870"},"modified":"2025-09-04T11:18:46","modified_gmt":"2025-09-04T08:18:46","slug":"nautin-opiskelusta-ryhmassa","status":"publish","type":"page","link":"https:\/\/verneri.net\/selko\/hyvinvointi\/opiskelu\/nautin-opiskelusta-ryhmassa\/","title":{"rendered":"Nautin opiskelusta ryhm\u00e4ss\u00e4"},"content":{"rendered":"<p>Esa Peltonen asuu Tikkakoskella. H\u00e4n on opiskellut kokiksi, j\u00e4rjestyksenvalvojaksi ja puutarhuriksi.<\/p>\n<p>T\u00e4ss\u00e4 haastattelussa Esa kertoo opinnoistaan.<\/p>\n<h2>Mit\u00e4 olet opiskellut?<\/h2>\n<p>Minulla on kokin tutkinto, tarjoilijapuolen koulutus, j\u00e4rjestyksenvalvojan koulutus, puutarhurin tutkinto ja liikunnan perustutkinto.<\/p>\n<p>Olen tehnyt vaikka mit\u00e4.<\/p>\n<h2>Millaista opiskelu on ollut?<\/h2>\n<p>Olihan se aika rankkaa, kun opiskelin ja tein t\u00f6it\u00e4 samaan aikaan, ett\u00e4 sain rahaa. Mutta tykk\u00e4sin.<\/p>\n<p>Nautin opiskelusta ryhm\u00e4ss\u00e4. Opiskellessa saa kavereita.<\/p>\n<h2>Oletko tehnyt opintojasi vastaavaa ty\u00f6t\u00e4?<\/h2>\n<p>Olen! Teen koko ajan keikkaty\u00f6t\u00e4: puutarhurin, j\u00e4rjestyksenvalvojan, keitti\u00f6alan ja henkil\u00f6kohtaisen avustajan hommia.<\/p>\n<h2>Onko sinulla koulutusta henkil\u00f6kohtaisen avustajan ty\u00f6h\u00f6n?<\/h2>\n<p>Ei, siihen ei tarvitse koulutusta. Riitt\u00e4\u00e4, ett\u00e4 on intoa ja halua auttaa toisia.<\/p>\n<h2>Millaisia ty\u00f6teht\u00e4vi\u00e4 sinulla on?<\/h2>\n<p>Keitti\u00f6ll\u00e4 on tiskausta.<\/p>\n<p>J\u00e4rjestyksenvalvojana on kiertoa ja turvatarkastuksia.<\/p>\n<p>Puutarhahommissa on haravointia, istutusta ja kastelua.<\/p>\n<p>Henkil\u00f6kohtaisen avustajan ty\u00f6ss\u00e4 on siivousta, ulkoilua ja k\u00e4yn kaupassa.<\/p>\n<p>Kaikkea mahdollista!<\/p>\n<h2>Mik\u00e4 on parasta t\u00f6iss\u00e4si?<\/h2>\n<p>Parasta on vaihtelevuus. Jokainen p\u00e4iv\u00e4 on erilainen. Ja opin aina jotain uutta.<\/p>\n<p>Asiakkaillakin on hyvi\u00e4 ja huonoja p\u00e4ivi\u00e4, menn\u00e4\u00e4n sen mukaan.<\/p>\n<p>Se on mahtavaa, kun n\u00e4en asiakkaiden luonteet ja n\u00e4en loppuillasta sen eron, kun he haluavat puhua enemm\u00e4n. Asiakkaille tulee hyv\u00e4 mieli.<\/p>\n<h2>Aiotko opiskella viel\u00e4 lis\u00e4\u00e4?<\/h2>\n<p>Haluaisin opiskella hierojaksi, mutta se maksaa niin paljon, ett\u00e4 ei ole siihen varaa.<\/p>\n<p>Sen sijaan olen l\u00e4hd\u00f6ss\u00e4 opiskelemaan hoiva-avustajaksi Jyv\u00e4skyl\u00e4n Gradiaan.<\/p>\n<p>Hoiva-avustajista on pulaa ja tahdon auttaa l\u00e4himm\u00e4isi\u00e4 suurella syd\u00e4mell\u00e4. Koen auttamisen todella t\u00e4rke\u00e4ksi.<\/p>\n<h2>Millaisen neuvon annat nuorelle, joka suunnittelee omia opintoja?<\/h2>\n<p>L\u00e4hde opiskelemaan sellaista alaa, joka sinua kiinnostaa tai innostaa.<\/p>\n<p>Juttele eri vaihtoehdoista jonkun vanhemman tai kokeneemman ihmisen kanssa. Mutta jokainen p\u00e4\u00e4tt\u00e4\u00e4 kuitenkin itse opinnoistaan.<\/p>\n<p>Ole rohkea, uskalla tehd\u00e4 asioita.<\/p>\n<p><strong>Teksti:<\/strong> Sara Massinen, 2024<br \/>\n<strong>Kuva:<\/strong> Jenni Sipil\u00e4<\/p>\n","protected":false},"excerpt":{"rendered":"<p>Esa Peltonen asuu Tikkakoskella. H\u00e4n on opiskellut kokiksi, j\u00e4rjestyksenvalvojaksi ja puutarhuriksi. T\u00e4ss\u00e4 haastattelussa Esa kertoo opinnoistaan. Mit\u00e4 olet opiskellut? Minulla [&hellip;]<\/p>\n","protected":false},"author":2,"featured_media":15103,"parent":21,"menu_order":473,"comment_status":"closed","ping_status":"closed","template":"","meta":{"_acf_changed":false,"footnotes":""},"class_list":["post-14870","page","type-page","status-publish","has-post-thumbnail","hentry"],"acf":[],"_links":{"self":[{"href":"https:\/\/verneri.net\/selko\/wp-json\/wp\/v2\/pages\/14870","targetHints":{"allow":["GET"]}}],"collection":[{"href":"https:\/\/verneri.net\/selko\/wp-json\/wp\/v2\/pages"}],"about":[{"href":"https:\/\/verneri.net\/selko\/wp-json\/wp\/v2\/types\/page"}],"author":[{"embeddable":true,"href":"https:\/\/verneri.net\/selko\/wp-json\/wp\/v2\/users\/2"}],"replies":[{"embeddable":true,"href":"https:\/\/verneri.net\/selko\/wp-json\/wp\/v2\/comments?post=14870"}],"version-history":[{"count":0,"href":"https:\/\/verneri.net\/selko\/wp-json\/wp\/v2\/pages\/14870\/revisions"}],"up":[{"embeddable":true,"href":"https:\/\/verneri.net\/selko\/wp-json\/wp\/v2\/pages\/21"}],"wp:featuredmedia":[{"embeddable":true,"href":"https:\/\/verneri.net\/selko\/wp-json\/wp\/v2\/media\/15103"}],"wp:attachment":[{"href":"https:\/\/verneri.net\/selko\/wp-json\/wp\/v2\/media?parent=14870"}],"curies":[{"name":"wp","href":"https:\/\/api.w.org\/{rel}","templated":true}]}}