{"id":14871,"date":"2025-04-07T11:05:53","date_gmt":"2025-04-07T08:05:53","guid":{"rendered":"http:\/\/localhost\/verneri\/selko-dev\/?page_id=14871"},"modified":"2025-10-30T12:11:31","modified_gmt":"2025-10-30T10:11:31","slug":"loysin-oman-alani","status":"publish","type":"page","link":"https:\/\/verneri.net\/selko\/hyvinvointi\/opiskelu\/loysin-oman-alani\/","title":{"rendered":"L\u00f6ysin oman alani"},"content":{"rendered":"<p>Valtteri Knuutinen opiskelee TELMA-koulutuksessa Diakoniaopistossa.<\/p>\n<p>T\u00e4ll\u00e4 sivulla Valtteri kertoo opinnoistaan.<\/p>\n<p><iframe loading=\"lazy\" title=\"Telma-opinnot\" width=\"500\" height=\"281\" src=\"https:\/\/www.youtube.com\/embed\/YBTqWEp7ers?wmode=transparent&amp;rel=0&amp;feature=oembed\" frameborder=\"0\" allow=\"accelerometer; autoplay; clipboard-write; encrypted-media; gyroscope; picture-in-picture; web-share\" referrerpolicy=\"strict-origin-when-cross-origin\" allowfullscreen><\/iframe><\/p>\n<h2>Kuka olet ja mit\u00e4 opiskelet?<\/h2>\n<p>Olen Valtteri, 22-vuotias opiskelija Helsingist\u00e4. Opiskelen TELMA-koulutuksessa Diakoniaopistolla.<\/p>\n<p>Pian kaksi vuotta tulee t\u00e4yteen. Valmistun kev\u00e4\u00e4ll\u00e4.<\/p>\n<h2>Mit\u00e4 TELMA-opinnoissa opiskellaan?<\/h2>\n<p>TELMA-opinnot ovat ty\u00f6el\u00e4m\u00e4\u00e4n ja itsen\u00e4iseen el\u00e4m\u00e4\u00e4n valmentava koulutus.<\/p>\n<p>Jos ei tied\u00e4, mit\u00e4 opiskelisi, voi opiskella TELMAssa.<\/p>\n<h2>Mit\u00e4 olet oppinut TELMAssa?<\/h2>\n<p>Olen syvent\u00e4nyt taitoja, esimerkiksi aikataulujen noudattamista.<\/p>\n<p>Motoriikkataidoissa olen hyv\u00e4 ja liikunnassa.<\/p>\n<h2>Mik\u00e4 opiskelussa on parasta?<\/h2>\n<p>Ty\u00f6harjoittelut. Itse saa toivoa, mihin haluaa harjoitteluun. Itse aloitin hyllytt\u00e4misest\u00e4 kaupassa.<\/p>\n<p>Nyt olen kiinteist\u00f6palveluissa. Huolehditaan koulun pihasta ja ymp\u00e4rist\u00f6st\u00e4.<\/p>\n<h2>Kenelle suosittelisit TELMA-opintoja?<\/h2>\n<p>Sellaiselle, joka on ep\u00e4varma opinnoistaan ja omista taidoistaan.<\/p>\n<p>TELMA antaa valmiuksia ty\u00f6el\u00e4m\u00e4\u00e4n ja itsen\u00e4iseen el\u00e4m\u00e4\u00e4n. TELMAssa voi l\u00f6yt\u00e4\u00e4 my\u00f6s oman alan.<\/p>\n<p>Jos haluaa suorittaa jonkun tietyn ammattitutkinnon, suosittelen TUVA-opintoja ennen varsinaisia ammattiopintoja. TUVAssa harjoitellaan itse\u00e4 kiinnostavan alan taitoja.<\/p>\n<p>Itse hain TELMA-opintoihin, koska haluan ty\u00f6llisty\u00e4. Ja nyt tied\u00e4n, mille alalle haluaisin.<\/p>\n<h2>Mille alalle haluaisit?<\/h2>\n<p>Olen miettinyt kiinteist\u00f6alaa. Mietin my\u00f6s sisustusartesaanin tai kodinhuoltajan ammattia.<\/p>\n<p>Hain yhteishaussa Diakoniaopiston ja Live-ammattiopiston kodinhuoltajan opintoihin. Saan kes\u00e4ll\u00e4 tiet\u00e4\u00e4, p\u00e4\u00e4senk\u00f6 aloittamaan opinnot.<\/p>\n<p>Jos en p\u00e4\u00e4se noihin opiskelemaan, haen TUVA-opintoihin.<\/p>\n<p>Nyt olen my\u00f6s autokoulussa, mik\u00e4 on j\u00e4nn\u00e4\u00e4.<\/p>\n<h2>Oletko t\u00f6iss\u00e4 t\u00e4ll\u00e4 hetkell\u00e4?<\/h2>\n<p>Olen ty\u00f6harjoittelussa ja teen keikkaty\u00f6t\u00e4 j\u00e4rjestyksenvalvojana.<\/p>\n<p>Minulla on turvallisuusalan j\u00e4rjestyksenvalvojan kortti. Se on luvanvarainen koulutus. Se suoritettiin kurssilla.<\/p>\n<h2>Tykk\u00e4\u00e4tk\u00f6 turvallisuusalan t\u00f6ist\u00e4?<\/h2>\n<p>Olen tyk\u00e4nnyt. Joskus jotkut teht\u00e4v\u00e4t tuntuvat turhauttavilta, mutta olen tyk\u00e4nnyt. Ei ole ollut ongelmia.<\/p>\n<h2>Millaisen vinkin antaisit nuorelle, joka etsii omaa juttuaan?<\/h2>\n<p>Itsekin olen hukassa ja ep\u00e4varma valinnoistani.<\/p>\n<p>Kuuntele itse\u00e4si ja syd\u00e4nt\u00e4si. Jos olet miettinyt jotain alaa tosi pitk\u00e4\u00e4n, niin luulisin, ett\u00e4 se on sun juttu.<\/p>\n<p>Sulla on koko el\u00e4m\u00e4 edess\u00e4. Ikin\u00e4 ei ole liian my\u00f6h\u00e4ist\u00e4 l\u00e4hte\u00e4 opiskelemaan uutta alaa.<\/p>\n<p><strong>Teksti:<\/strong> Sara Massinen, 2024<br \/>\n<strong>Video ja kuvat:<\/strong> Tiitus Tommila<\/p>\n","protected":false},"excerpt":{"rendered":"<p>Valtteri Knuutinen opiskelee TELMA-koulutuksessa Diakoniaopistossa. T\u00e4ll\u00e4 sivulla Valtteri kertoo opinnoistaan. Kuka olet ja mit\u00e4 opiskelet? Olen Valtteri, 22-vuotias opiskelija Helsingist\u00e4. [&hellip;]<\/p>\n","protected":false},"author":2,"featured_media":15091,"parent":21,"menu_order":474,"comment_status":"closed","ping_status":"closed","template":"","meta":{"_acf_changed":false,"footnotes":""},"class_list":["post-14871","page","type-page","status-publish","has-post-thumbnail","hentry"],"acf":[],"_links":{"self":[{"href":"https:\/\/verneri.net\/selko\/wp-json\/wp\/v2\/pages\/14871","targetHints":{"allow":["GET"]}}],"collection":[{"href":"https:\/\/verneri.net\/selko\/wp-json\/wp\/v2\/pages"}],"about":[{"href":"https:\/\/verneri.net\/selko\/wp-json\/wp\/v2\/types\/page"}],"author":[{"embeddable":true,"href":"https:\/\/verneri.net\/selko\/wp-json\/wp\/v2\/users\/2"}],"replies":[{"embeddable":true,"href":"https:\/\/verneri.net\/selko\/wp-json\/wp\/v2\/comments?post=14871"}],"version-history":[{"count":0,"href":"https:\/\/verneri.net\/selko\/wp-json\/wp\/v2\/pages\/14871\/revisions"}],"up":[{"embeddable":true,"href":"https:\/\/verneri.net\/selko\/wp-json\/wp\/v2\/pages\/21"}],"wp:featuredmedia":[{"embeddable":true,"href":"https:\/\/verneri.net\/selko\/wp-json\/wp\/v2\/media\/15091"}],"wp:attachment":[{"href":"https:\/\/verneri.net\/selko\/wp-json\/wp\/v2\/media?parent=14871"}],"curies":[{"name":"wp","href":"https:\/\/api.w.org\/{rel}","templated":true}]}}