{"id":14888,"date":"2025-04-07T16:25:58","date_gmt":"2025-04-07T13:25:58","guid":{"rendered":"http:\/\/localhost\/verneri\/selko-dev\/?page_id=14888"},"modified":"2025-08-08T15:21:41","modified_gmt":"2025-08-08T12:21:41","slug":"edunvalvoja-auttaa-raha-asioissa","status":"publish","type":"page","link":"https:\/\/verneri.net\/selko\/hyvinvointi\/apua-ja-tukea-arkeen\/edunvalvonta\/edunvalvoja-auttaa-raha-asioissa\/","title":{"rendered":"Edunvalvoja auttaa raha-asioissa"},"content":{"rendered":"<p>Voit tarvita edunvalvojan, jos sinun on vaikea hoitaa itse raha-asioitasi.<\/p>\n<p>Edunvalvoja auttaa hoitamaan raha-asioita ja omaisuutta. Edunvalvojan teht\u00e4v\u00e4 on valvoa, ett\u00e4 rahasi riitt\u00e4v\u00e4t perustarpeisiin, kuten asuntoon, ruokaan ja l\u00e4\u00e4kkeisiin.<\/p>\n<p>Henkil\u00f6\u00e4, jolla on edunvalvoja, sanotaan p\u00e4\u00e4mieheksi.<\/p>\n<p>Joskus puhutaan laajennetusta edunvalvonnasta. Se tarkoittaa, ett\u00e4 edunvalvoja hoitaa my\u00f6s muita kuin raha-asioita. Edunvalvoja voi esimerkiksi hoitaa muuttoon liittyvi\u00e4 asioita.<\/p>\n<p>Yksi vaihtoehto on hakea edunvalvoja vain yht\u00e4 asiaa varten. T\u00e4llainen tilanne voi olla esimerkiksi se, kun henkil\u00f6 saa perint\u00f6\u00e4.<\/p>\n<p>Kaikilla kehitysvammaisilla henkil\u00f6ill\u00e4 ei ole edunvalvojaa.<\/p>\n<h2>Rahat on tarkoitettu p\u00e4\u00e4miehen hyv\u00e4ksi<\/h2>\n<p>Henkil\u00f6\u00e4, jolla on edunvalvoja, sanotaan p\u00e4\u00e4mieheksi.<\/p>\n<p>Lain mukaan p\u00e4\u00e4miehen kuuluu saada kohtuullisesti k\u00e4ytt\u00f6varoja eli rahaa k\u00e4ytett\u00e4v\u00e4ksi. P\u00e4\u00e4miehen varat on tarkoitettu h\u00e4nen hyv\u00e4kseen ja h\u00e4nen el\u00e4m\u00e4nlaatunsa parantamiseksi. Jos henkil\u00f6ll\u00e4 siis on varaa, h\u00e4n voi k\u00e4ytt\u00e4\u00e4 rahojaan vaikka lomamatkaan.<\/p>\n<p>Jos saat mielest\u00e4si liian v\u00e4h\u00e4n k\u00e4ytt\u00f6varoja, ota yhteytt\u00e4 edunvalvojaasi ja kerro asiasta h\u00e4nelle.<\/p>\n<p>Raha-asioissa edunvalvojan pit\u00e4\u00e4 ottaa huomioon p\u00e4\u00e4miehen tarpeet ja toiveet. Edunvalvoja ei p\u00e4\u00e4t\u00e4 p\u00e4\u00e4miehen henkil\u00f6kohtaisista asioista, kuten harrastuksista.<\/p>\n<p>Usein edunvalvojana toimii oma vanhempi tai sukulainen. Edunvalvojaksi voidaan m\u00e4\u00e4r\u00e4t\u00e4 my\u00f6s yleinen edunvalvoja. Joskus on mahdollista vaihtaa edunvalvoja.<\/p>\n<p><strong>Teksti:<\/strong> Laura Kotila ja Jaana Ter\u00e4v\u00e4inen<\/p>\n<p>Juttu on julkaistu Leijassa 2\/2014<\/p>\n<p>Juttua varten on haastateltu Tukiliiton lakimiest\u00e4 Tanja Salismaa.<\/p>\n","protected":false},"excerpt":{"rendered":"<p>Voit tarvita edunvalvojan, jos sinun on vaikea hoitaa itse raha-asioitasi. Edunvalvoja auttaa hoitamaan raha-asioita ja omaisuutta. Edunvalvojan teht\u00e4v\u00e4 on valvoa, [&hellip;]<\/p>\n","protected":false},"author":2,"featured_media":14890,"parent":132,"menu_order":7,"comment_status":"closed","ping_status":"closed","template":"","meta":{"_acf_changed":false,"footnotes":""},"class_list":["post-14888","page","type-page","status-publish","has-post-thumbnail","hentry"],"acf":[],"_links":{"self":[{"href":"https:\/\/verneri.net\/selko\/wp-json\/wp\/v2\/pages\/14888","targetHints":{"allow":["GET"]}}],"collection":[{"href":"https:\/\/verneri.net\/selko\/wp-json\/wp\/v2\/pages"}],"about":[{"href":"https:\/\/verneri.net\/selko\/wp-json\/wp\/v2\/types\/page"}],"author":[{"embeddable":true,"href":"https:\/\/verneri.net\/selko\/wp-json\/wp\/v2\/users\/2"}],"replies":[{"embeddable":true,"href":"https:\/\/verneri.net\/selko\/wp-json\/wp\/v2\/comments?post=14888"}],"version-history":[{"count":0,"href":"https:\/\/verneri.net\/selko\/wp-json\/wp\/v2\/pages\/14888\/revisions"}],"up":[{"embeddable":true,"href":"https:\/\/verneri.net\/selko\/wp-json\/wp\/v2\/pages\/132"}],"wp:featuredmedia":[{"embeddable":true,"href":"https:\/\/verneri.net\/selko\/wp-json\/wp\/v2\/media\/14890"}],"wp:attachment":[{"href":"https:\/\/verneri.net\/selko\/wp-json\/wp\/v2\/media?parent=14888"}],"curies":[{"name":"wp","href":"https:\/\/api.w.org\/{rel}","templated":true}]}}