{"id":14891,"date":"2025-04-07T16:46:00","date_gmt":"2025-04-07T13:46:00","guid":{"rendered":"http:\/\/localhost\/verneri\/selko-dev\/?page_id=14891"},"modified":"2025-08-08T15:21:03","modified_gmt":"2025-08-08T12:21:03","slug":"kysymyksia-edunvalvonnasta","status":"publish","type":"page","link":"https:\/\/verneri.net\/selko\/hyvinvointi\/apua-ja-tukea-arkeen\/edunvalvonta\/kysymyksia-edunvalvonnasta\/","title":{"rendered":"Kysymyksi\u00e4 edunvalvonnasta"},"content":{"rendered":"<p>Vernerin ja selkolehti Leijan lukijat kysyiv\u00e4t kysymyksi\u00e4 edunvalvonnasta. Kysymyksiin vastasi Tukiliiton lakineuvonta.<\/p>\n<h2>Kuka voi olla minun edunvalvojani?<\/h2>\n<p>Sinun edunvalvojasi voi olla luotettava perheenj\u00e4sen tai tuttava. H\u00e4nen pit\u00e4\u00e4 osata hoitaa sinun asioitasi ja suostua edunvalvojaksi.<\/p>\n<p>Jos sinulla ei ole ket\u00e4\u00e4n tuttua ihmist\u00e4, joka sopii edunvalvojaksi, voit saada yleisen edunvalvojan. H\u00e4n ty\u00f6skentelee useiden ihmisten edunvalvojana.<\/p>\n<h2>Onko kaikilla kehitysvammaisilla ihmisill\u00e4 edunvalvoja?<\/h2>\n<p>Ei ole. Monilla ei ole edunvalvojaa. Laki ei edellyt\u00e4, ett\u00e4 kehitysvammaisella ihmisell\u00e4 on edunvalvoja.<\/p>\n<p>Kaikilla ihmisill\u00e4 on oikeus hoitaa omia asioitaan ja p\u00e4\u00e4tt\u00e4\u00e4 niist\u00e4.<\/p>\n<p>Ihminen, jolla kehitysvamma, saattaa tarvita apua omien asioiden hoitamisessa.<\/p>\n<p>Apua voi tarvita my\u00f6s siin\u00e4, kun on asiakkaana vammaispalveluissa tai terveyskeskuksessa.<\/p>\n<p>Apua asioiden hoitamiseen voi saada monella tavalla, ja edunvalvonta on yksi tapa.<\/p>\n<p>Lain mukaan edunvalvonta kuitenkin m\u00e4\u00e4r\u00e4t\u00e4\u00e4n vain silloin, kun esimerkiksi raha-asioiden hoito ei onnistu mill\u00e4\u00e4n muulla tavalla.<\/p>\n<p>Esimerkiksi pankkia tai Kelaa varten voit kirjoittaa valtakirjan tutulle, luotettavalle ihmiselle. Valtakirjalla annat sopivalle ihmiselle luvan hoitaa sinun omia asioitasi.<\/p>\n<p>Voit my\u00f6s pyyt\u00e4\u00e4 tutun ja luotettavan ihmisen mukaan auttamaan vaikka pankissa tai l\u00e4\u00e4k\u00e4rik\u00e4ynnill\u00e4.<\/p>\n<h2>Mist\u00e4 asioista edunvalvoja p\u00e4\u00e4tt\u00e4\u00e4?<\/h2>\n<p>Lain mukaan edunvalvoja ei yleens\u00e4 p\u00e4\u00e4t\u00e4 asioista puolestasi. Edunvalvojan pit\u00e4\u00e4 kysy\u00e4 mielipidett\u00e4si niist\u00e4 asioista, joita edunvalvoja hoitaa.<\/p>\n<p>Edunvalvojan pit\u00e4\u00e4 kuitenkin huolehtia, ett\u00e4 esimerkiksi rahat riitt\u00e4v\u00e4t tarpeellisiin menoihin joka kuukausi. H\u00e4nen pit\u00e4\u00e4 my\u00f6s huolehtia, ett\u00e4 sinulle haetaan kaikkia tarpeellisia palveluita ja esimerkiksi Kelan etuuksia, kuten asumistukea.<\/p>\n<p>Edunvalvoja ei p\u00e4\u00e4t\u00e4 p\u00e4\u00e4miehen henkil\u00f6kohtaisista asioista, kuten harrastuksista.<\/p>\n<h2>Miksi en saa ostaa kaikkea, mit\u00e4 haluan?<\/h2>\n<p>Lain mukaan p\u00e4\u00e4miehen kuuluu saada kohtuullisesti k\u00e4ytt\u00f6varoja eli rahaa k\u00e4ytett\u00e4v\u00e4ksi.<\/p>\n<p>P\u00e4\u00e4miehen varat on tarkoitettu h\u00e4nen hyv\u00e4kseen ja h\u00e4nen el\u00e4m\u00e4nlaatunsa parantamiseksi. Jos henkil\u00f6ll\u00e4 siis on varaa, h\u00e4n voi k\u00e4ytt\u00e4\u00e4 rahojaan vaikka lomamatkaan.<\/p>\n<p>Jos saat mielest\u00e4si liian v\u00e4h\u00e4n k\u00e4ytt\u00f6varoja eli rahaa, ota yhteytt\u00e4 edunvalvojaasi ja kerro asiasta h\u00e4nelle.<\/p>\n<p>Edunvalvojan pit\u00e4\u00e4 ottaa huomioon p\u00e4\u00e4miehen tarpeet ja toiveet.<\/p>\n<h2>Tukiliiton lakineuvonta vastaa<\/h2>\n<p>Onko sinulla kysytt\u00e4v\u00e4\u00e4 kehitysvammaisten ihmisten palveluista tai oikeuksista. Voit kysy\u00e4 Tukiliiton lakineuvonnasta.<\/p>\n<p>Kysymyksiin vastaa Anne Saarinen Tukiliiton lakineuvonnasta.<\/p>\n<p>Anne Saarinen neuvoo puhelimessa lakineuvonnan kysymyksiss\u00e4 maanantaisin ja torstaisin kello 10-14 numerossa 040\u20051773\u2005771.<\/p>\n<p>S\u00e4hk\u00f6postilla kysymyksi\u00e4 voi l\u00e4hett\u00e4\u00e4 osoitteeseen lakineuvonta(at)tukiliitto.fi<\/p>\n","protected":false},"excerpt":{"rendered":"<p>Vernerin ja selkolehti Leijan lukijat kysyiv\u00e4t kysymyksi\u00e4 edunvalvonnasta. Kysymyksiin vastasi Tukiliiton lakineuvonta. Kuka voi olla minun edunvalvojani? Sinun edunvalvojasi voi [&hellip;]<\/p>\n","protected":false},"author":2,"featured_media":14893,"parent":132,"menu_order":8,"comment_status":"closed","ping_status":"closed","template":"","meta":{"_acf_changed":false,"footnotes":""},"class_list":["post-14891","page","type-page","status-publish","has-post-thumbnail","hentry"],"acf":[],"_links":{"self":[{"href":"https:\/\/verneri.net\/selko\/wp-json\/wp\/v2\/pages\/14891","targetHints":{"allow":["GET"]}}],"collection":[{"href":"https:\/\/verneri.net\/selko\/wp-json\/wp\/v2\/pages"}],"about":[{"href":"https:\/\/verneri.net\/selko\/wp-json\/wp\/v2\/types\/page"}],"author":[{"embeddable":true,"href":"https:\/\/verneri.net\/selko\/wp-json\/wp\/v2\/users\/2"}],"replies":[{"embeddable":true,"href":"https:\/\/verneri.net\/selko\/wp-json\/wp\/v2\/comments?post=14891"}],"version-history":[{"count":0,"href":"https:\/\/verneri.net\/selko\/wp-json\/wp\/v2\/pages\/14891\/revisions"}],"up":[{"embeddable":true,"href":"https:\/\/verneri.net\/selko\/wp-json\/wp\/v2\/pages\/132"}],"wp:featuredmedia":[{"embeddable":true,"href":"https:\/\/verneri.net\/selko\/wp-json\/wp\/v2\/media\/14893"}],"wp:attachment":[{"href":"https:\/\/verneri.net\/selko\/wp-json\/wp\/v2\/media?parent=14891"}],"curies":[{"name":"wp","href":"https:\/\/api.w.org\/{rel}","templated":true}]}}