{"id":15,"date":"2024-11-26T14:04:45","date_gmt":"2024-11-26T12:04:45","guid":{"rendered":"http:\/\/localhost\/verneri\/selko-dev\/hyvinvointi\/vammaisten-oikeudet\/"},"modified":"2025-10-26T17:13:11","modified_gmt":"2025-10-26T15:13:11","slug":"vammaisten-oikeudet","status":"publish","type":"page","link":"https:\/\/verneri.net\/selko\/hyvinvointi\/vammaisten-oikeudet\/","title":{"rendered":"Vammaisten oikeudet"},"content":{"rendered":"<p>YK:n vammaissopimus turvaa vammaisille ihmisille samat oikeudet kuin muille.<\/p>\n<p>Sinulla on oikeus<\/p>\n<ul>\n<li>osallistua ja vaikuttaa yhteisiin asioihin<\/li>\n<li>omann\u00e4k\u00f6iseen asumiseen<\/li>\n<li>k\u00e4ytt\u00e4\u00e4 samoja palveluja kuin muut<\/li>\n<li>saada ty\u00f6st\u00e4 palkkaa<\/li>\n<li>parisuhteeseen ja perheen perustamiseen.<\/li>\n<\/ul>\n<p>T\u00e4ss\u00e4 osiossa on tietoa vammaisten ihmisten oikeuksista. Voit lukea my\u00f6s nuorten ja aikuisten ajatuksia siit\u00e4, miten heid\u00e4n oikeutensa toteutuvat.<\/p>\n","protected":false},"excerpt":{"rendered":"<p>YK:n vammaissopimus turvaa vammaisille ihmisille samat oikeudet kuin muille. Sinulla on oikeus osallistua ja vaikuttaa yhteisiin asioihin omann\u00e4k\u00f6iseen asumiseen k\u00e4ytt\u00e4\u00e4 [&hellip;]<\/p>\n","protected":false},"author":1,"featured_media":16962,"parent":8,"menu_order":219,"comment_status":"closed","ping_status":"closed","template":"","meta":{"_acf_changed":false,"footnotes":""},"class_list":["post-15","page","type-page","status-publish","has-post-thumbnail","hentry"],"acf":[],"_links":{"self":[{"href":"https:\/\/verneri.net\/selko\/wp-json\/wp\/v2\/pages\/15","targetHints":{"allow":["GET"]}}],"collection":[{"href":"https:\/\/verneri.net\/selko\/wp-json\/wp\/v2\/pages"}],"about":[{"href":"https:\/\/verneri.net\/selko\/wp-json\/wp\/v2\/types\/page"}],"author":[{"embeddable":true,"href":"https:\/\/verneri.net\/selko\/wp-json\/wp\/v2\/users\/1"}],"replies":[{"embeddable":true,"href":"https:\/\/verneri.net\/selko\/wp-json\/wp\/v2\/comments?post=15"}],"version-history":[{"count":0,"href":"https:\/\/verneri.net\/selko\/wp-json\/wp\/v2\/pages\/15\/revisions"}],"up":[{"embeddable":true,"href":"https:\/\/verneri.net\/selko\/wp-json\/wp\/v2\/pages\/8"}],"wp:featuredmedia":[{"embeddable":true,"href":"https:\/\/verneri.net\/selko\/wp-json\/wp\/v2\/media\/16962"}],"wp:attachment":[{"href":"https:\/\/verneri.net\/selko\/wp-json\/wp\/v2\/media?parent=15"}],"curies":[{"name":"wp","href":"https:\/\/api.w.org\/{rel}","templated":true}]}}