{"id":15035,"date":"2025-05-24T20:08:24","date_gmt":"2025-05-24T17:08:24","guid":{"rendered":"http:\/\/localhost\/verneri\/selko-dev\/?page_id=15035"},"modified":"2025-10-30T12:15:19","modified_gmt":"2025-10-30T10:15:19","slug":"valinehuoltajana-sairaalassa","status":"publish","type":"page","link":"https:\/\/verneri.net\/selko\/hyvinvointi\/palkkatyo\/valinehuoltajana-sairaalassa\/","title":{"rendered":"V\u00e4linehuoltajana sairaalassa"},"content":{"rendered":"<p>Saku Sormunen, Juha Uusitalo ja Iris Rasi ty\u00f6skentelev\u00e4t Hyvink\u00e4\u00e4n sairaalan v\u00e4linehuoltokeskuksessa.<\/p>\n<p>He kertovat ty\u00f6llistymisest\u00e4 ja ty\u00f6nteosta Kehitysvammaliiton videolla:<\/p>\n<p><iframe loading=\"lazy\" title=\"Kehitysvamma ei ole ty\u00f6llistymisen este: v\u00e4linehuolto\" width=\"500\" height=\"281\" src=\"https:\/\/www.youtube.com\/embed\/B_Un3IffzXE?wmode=transparent&amp;rel=0&amp;feature=oembed\" frameborder=\"0\" allow=\"accelerometer; autoplay; clipboard-write; encrypted-media; gyroscope; picture-in-picture; web-share\" referrerpolicy=\"strict-origin-when-cross-origin\" allowfullscreen><\/iframe><\/p>\n","protected":false},"excerpt":{"rendered":"<p>Saku Sormunen, Juha Uusitalo ja Iris Rasi ty\u00f6skentelev\u00e4t Hyvink\u00e4\u00e4n sairaalan v\u00e4linehuoltokeskuksessa. He kertovat ty\u00f6llistymisest\u00e4 ja ty\u00f6nteosta Kehitysvammaliiton videolla:<\/p>\n","protected":false},"author":2,"featured_media":0,"parent":22,"menu_order":75,"comment_status":"closed","ping_status":"closed","template":"","meta":{"_acf_changed":false,"footnotes":""},"class_list":["post-15035","page","type-page","status-publish","hentry"],"acf":[],"_links":{"self":[{"href":"https:\/\/verneri.net\/selko\/wp-json\/wp\/v2\/pages\/15035","targetHints":{"allow":["GET"]}}],"collection":[{"href":"https:\/\/verneri.net\/selko\/wp-json\/wp\/v2\/pages"}],"about":[{"href":"https:\/\/verneri.net\/selko\/wp-json\/wp\/v2\/types\/page"}],"author":[{"embeddable":true,"href":"https:\/\/verneri.net\/selko\/wp-json\/wp\/v2\/users\/2"}],"replies":[{"embeddable":true,"href":"https:\/\/verneri.net\/selko\/wp-json\/wp\/v2\/comments?post=15035"}],"version-history":[{"count":0,"href":"https:\/\/verneri.net\/selko\/wp-json\/wp\/v2\/pages\/15035\/revisions"}],"up":[{"embeddable":true,"href":"https:\/\/verneri.net\/selko\/wp-json\/wp\/v2\/pages\/22"}],"wp:attachment":[{"href":"https:\/\/verneri.net\/selko\/wp-json\/wp\/v2\/media?parent=15035"}],"curies":[{"name":"wp","href":"https:\/\/api.w.org\/{rel}","templated":true}]}}