{"id":15038,"date":"2025-05-28T09:04:53","date_gmt":"2025-05-28T06:04:53","guid":{"rendered":"http:\/\/localhost\/verneri\/selko-dev\/?page_id=15038"},"modified":"2025-05-28T10:30:04","modified_gmt":"2025-05-28T07:30:04","slug":"rahapelaaminen","status":"publish","type":"page","link":"https:\/\/verneri.net\/selko\/hyvinvointi\/terveys-ja-liikunta\/paihteet\/rahapelaaminen\/","title":{"rendered":"Rahapelaaminen"},"content":{"rendered":"<p>T\u00e4lt\u00e4 sivulta voit lukea rahapeleist\u00e4 ja saat vinkkej\u00e4 oman pelaamisen hallitsemiseen.<\/p>\n<h2>Rahapelej\u00e4 on monenlaisia<\/h2>\n<p>Rahapelit ovat pelej\u00e4, joita pelataan rahalla.<\/p>\n<p>Rahapelej\u00e4 ovat esimerkiksi<\/p>\n<ul>\n<li>raaputusarvat (esimerkiksi \u00c4ss\u00e4-arpa)<\/li>\n<li>kasinopelit (esimerkiksi Pokeri)<\/li>\n<li>arvontapelit (esimerkiksi Lotto ja Keno)<\/li>\n<li>vedonly\u00f6nti ja veikkauspelit (esimerkiksi Toto)<\/li>\n<li>peliautomaattien rahapelit (esimerkiksi hedelm\u00e4peli).<\/li>\n<\/ul>\n<p><strong>Pohdi ja keskustele:<\/strong><\/p>\n<ul>\n<li>Mit\u00e4 rahapelej\u00e4 sin\u00e4 pelaat?<\/li>\n<\/ul>\n<h2>Rahapelej\u00e4 voi pelata monissa paikoissa<\/h2>\n<p>Peliautomaatteja on kauppakeskuksissa, kioskeilla, huoltoasemilla ja baareissa.<\/p>\n<p>Kioskilla voi ly\u00f6d\u00e4 vetoa ravien tai jalkapallo-otteluiden tuloksista. Kioskilta tai kaupasta voi ostaa my\u00f6s arpoja tai pelata lottoa.<\/p>\n<p>Rahapelej\u00e4 voi pelata my\u00f6s pelisaleissa, joissa on erilaisia rahapelej\u00e4.<\/p>\n<p>Rahapelej\u00e4 voi pelata my\u00f6s netiss\u00e4 ja k\u00e4nnyk\u00e4ll\u00e4. Moniin nettipeleihin kuluu rahaa, koska pelaajan t\u00e4ytyy maksaa, jotta h\u00e4n p\u00e4\u00e4see peliss\u00e4 eteenp\u00e4in.<\/p>\n<p><strong>Pohdi ja keskustele:<\/strong><\/p>\n<ul>\n<li>Miss\u00e4 sin\u00e4 pelaat rahapelej\u00e4?<\/li>\n<\/ul>\n<h2>Pelaaminen on j\u00e4nnitt\u00e4v\u00e4\u00e4<\/h2>\n<p>Ihmiset pelaavat rahapelej\u00e4 monista syist\u00e4.<\/p>\n<p>Moni pelaa, koska pelaaminen on j\u00e4nn\u00e4\u00e4 ja tuntuu hyv\u00e4lt\u00e4. Jotkut pelaavat siksi, ett\u00e4 kaveritkin pelaavat.<\/p>\n<p>Moni pelaa rahan takia. Pelaaja voi toivoa, ett\u00e4 h\u00e4n voittaa pelist\u00e4 rahaa ja rikastuu.<\/p>\n<p>Oikeasti rahapeleiss\u00e4 voittaa harvoin. Rahapeliss\u00e4 voittaa yleens\u00e4 sattumalta. Taito tai harjoittelu eiv\u00e4t auta voittamaan.<\/p>\n<p>Katso SELVIS-video rahapelaamisesta:<\/p>\n<p><iframe loading=\"lazy\" src=\"\/\/www.youtube.com\/embed\/POdJ2Yyt_i0\" allowfullscreen=\"allowfullscreen\" width=\"560\" height=\"314\"><\/iframe><\/p>\n<p><strong>Pohdi ja keskustele:<\/strong><\/p>\n<ul>\n<li>Miksi Nuttis jatkoi pelaamista, vaikka h\u00e4n h\u00e4visi koko ajan?<\/li>\n<\/ul>\n<h2>Vain aikuiset saavat pelata rahapelej\u00e4<\/h2>\n<p>Suomen lain mukaan kaikki rahapelaaminen on kielletty alle 18-vuotiailta. Kielto suojelee nuoria rahapelaamisen ongelmilta.<\/p>\n<h2>Pelaamisesta voi tulla ongelma<\/h2>\n<p>Jos rahapelej\u00e4 pelaa v\u00e4h\u00e4n, siit\u00e4 ei yleens\u00e4 ole haittaa. Rahapelit on kuitenkin tehty niin, ett\u00e4 pelaajan tekee mieli pelata paljon.<\/p>\n<p>Rahapelaaminen on ongelma, jos pelaaminen haittaa muuta el\u00e4m\u00e4\u00e4.<\/p>\n<p>Liiallisesta pelaamisesta voi olla monenlaista haittaa:<\/p>\n<ul>\n<li>Pelaaja voi kuluttaa paljon rahaa pelaamiseen.<\/li>\n<li>Pelaajalle voi kerty\u00e4 velkaa.<\/li>\n<li>Pelaamiseen voi kulua liikaa aikaa.<\/li>\n<li>Pelaaminen aiheuttaa riitoja.<\/li>\n<\/ul>\n<p>Rahapelist\u00e4 voi tulla my\u00f6s keino, jolla pelaaja pakenee ongelmiaan. Pelaaja voi yritt\u00e4\u00e4 helpottaa huonoa oloa pelaamalla. Pelaaminen ei kuitenkaan ratkaise ongelmia.<\/p>\n<p><strong>Pohdi ja keskustele<\/strong><\/p>\n<ul>\n<li>Kuinka paljon sin\u00e4 pelaat rahapelej\u00e4?<\/li>\n<li>Kuinka paljon pelaamiseen menee rahaa?<\/li>\n<\/ul>\n<h2>Pelaamiseen voi synty\u00e4 riippuvuus<\/h2>\n<p>Rahapeleihin voi synty\u00e4 riippuvuus. Riippuvuus tarkoittaa sit\u00e4, ett\u00e4 on pakko pelata.<\/p>\n<p>Pelaaja voi voittaa joskus rahaa. Voitosta tulee hyv\u00e4 olo. Pelaaja yritt\u00e4\u00e4 saada voittoja ja hyv\u00e4\u00e4 oloa lis\u00e4\u00e4.<\/p>\n<p>Pelaaja ei pysty lopettamaan, vaikka h\u00e4n huomaa, ett\u00e4 pelaaminen aiheuttaa ongelmia.<\/p>\n<p>Pelaajan voi olla vaikea pyyt\u00e4\u00e4 apua pelaamisen lopettamiseen. Pelaaja voi h\u00e4vet\u00e4 ja tuntea syyllisyytt\u00e4.<\/p>\n<p><strong>Pohdi ja keskustele:<\/strong><\/p>\n<ul>\n<li>Onko sinun helppo olla pelaamatta?<\/li>\n<li>Kuinka usein ajattelet pelaamista?<\/li>\n<\/ul>\n<h2>N\u00e4in hallitset pelaamistasi<\/h2>\n<p>Omaa pelaamista voi hallita monin tavoin.<\/p>\n<p>Rajoita peliaikaa ja rahan k\u00e4ytt\u00f6\u00e4:<\/p>\n<ul>\n<li>P\u00e4\u00e4t\u00e4 ennalta, kuinka paljon k\u00e4yt\u00e4t rahaa pelaamiseen.<\/li>\n<li>\u00c4l\u00e4 koskaan lainaa rahaa pelaamiseen.<\/li>\n<li>Pid\u00e4 mukana vain sen verran k\u00e4teist\u00e4 rahaa, kuin tarvitset.<\/li>\n<\/ul>\n<p>Pelaa vain v\u00e4h\u00e4n:<\/p>\n<ul>\n<li>Pelaa lyhyit\u00e4 aikoja kerralla.<\/li>\n<li>Pelaa harvoin.<\/li>\n<li>Pid\u00e4 taukoja pelaamisessa.<\/li>\n<li>Aseta k\u00e4nnyk\u00e4ll\u00e4 tai kellolla h\u00e4lytys lopettamisen merkiksi.<\/li>\n<\/ul>\n<p>Tee pelaamisen sijaan muuta:<\/p>\n<ul>\n<li>Tee pelaamisen sijaan muita mukavia asioita.<\/li>\n<li>P\u00e4\u00e4t\u00e4 etuk\u00e4teen, mit\u00e4 teet, kun sinun tekee mieli pelata.<\/li>\n<\/ul>\n<p>Pyyd\u00e4 l\u00e4heisilt\u00e4 tukea:<\/p>\n<ul>\n<li>P\u00e4\u00e4t\u00e4, ett\u00e4 v\u00e4henn\u00e4t pelaamista.<\/li>\n<li>Kerro p\u00e4\u00e4t\u00f6ksest\u00e4 l\u00e4heiselle ihmiselle.<\/li>\n<li>Pyyd\u00e4 l\u00e4heist\u00e4 ihmist\u00e4 tukemaan sinua p\u00e4\u00e4t\u00f6ksess\u00e4.<\/li>\n<\/ul>\n<p>Lopeta pelaaminen kokonaan:<\/p>\n<ul>\n<li>Tee pankkikorttiisi tai Veikkaus-korttiisi peliesto. Silloin pankkikortilla tai Veikkaus-kortilla ei voi pelata rahapeliautomaatteja tai rahapelej\u00e4.<\/li>\n<li>Asenna tietokoneeseen tai k\u00e4nnykk\u00e4\u00e4n esto-ohjelma, joka est\u00e4\u00e4 sinua pelaamasta rahapelej\u00e4.<\/li>\n<li>V\u00e4lt\u00e4 paikkoja, joissa on rahapelej\u00e4.<\/li>\n<\/ul>\n<p><strong>Pohdi ja keskustele:<\/strong><\/p>\n<ul>\n<li>Miten sin\u00e4 hallitset omaa pelaamistasi?<\/li>\n<li>Mit\u00e4 muuta tykk\u00e4\u00e4t tehd\u00e4 kuin pelata?<\/li>\n<\/ul>\n<h2>Peliongelmaan saa apua<\/h2>\n<p>Jos tarvitset pelaamisen lopettamiseen apua, juttele asiasta luotettavan ihmisen kanssa. T\u00e4llainen voi olla esimerkiksi perheenj\u00e4sen, ohjaaja, opettaja tai terveydenhoitaja.<\/p>\n<p>Voit my\u00f6s soittaa Peluurin Auttavaan puhelimeen: 0800 100 101.<\/p>\n<p>Voit soittaa arkip\u00e4ivin\u00e4 kello 12-18. Voit soittaa nimett\u00f6m\u00e4n\u00e4. Soittaminen ei maksa mit\u00e4\u00e4n.<\/p>\n<p>Auttavasta puhelimesta saat esimerkiksi tietoa paikkakuntasi tukiryhmist\u00e4. Tukiryhm\u00e4ss\u00e4 saat tukea ihmisilt\u00e4, joilla on my\u00f6s ollut ongelmia rahapelaamisessa.<\/p>\n<p><strong>Pohdi ja keskustele:<\/strong><\/p>\n<ul>\n<li>Tarvitsetko apua pelaamisen v\u00e4hent\u00e4miseen tai lopettamiseen?<\/li>\n<li>Kenen kanssa voit jutella asiasta?<\/li>\n<li>Mist\u00e4 voit pyyt\u00e4\u00e4 apua?<\/li>\n<\/ul>\n<p><strong>Tekstin toimitus:<\/strong> Jenni Sipil\u00e4, 2023<br \/>\n<strong>Kuva:<\/strong> Unsplash<\/p>\n<p>Teksti perustuu Tietoa rahapelaamisesta -oppaaseen ja Paljonko pelaat rahapelej\u00e4? -testiin. Oppaan ja testin ovat tehneet Ehk\u00e4isev\u00e4 P\u00e4ihdety\u00f6 EHYT ja Kehitysvammaliitto.<\/p>\n<ul>\n<li><a href=\"https:\/\/verneri.net\/selko\/wp-content\/uploads\/sites\/2\/2025\/05\/tietoa-rahapelaamisesta-selvis.pdf\" target=\"_blank\" rel=\"noopener\">Tietoa rahapelaamisesta -opas<\/a> (pdf)<\/li>\n<li><a href=\"https:\/\/verneri.net\/selko\/wp-content\/uploads\/sites\/2\/2025\/05\/rahapelitesti-selvis.pdf\" target=\"_blank\" rel=\"noopener\">Paljonko pelaat rahapelej\u00e4? -testi<\/a> (pdf)<\/li>\n<\/ul>\n","protected":false},"excerpt":{"rendered":"<p>T\u00e4lt\u00e4 sivulta voit lukea rahapeleist\u00e4 ja saat vinkkej\u00e4 oman pelaamisen hallitsemiseen. Rahapelej\u00e4 on monenlaisia Rahapelit ovat pelej\u00e4, joita pelataan rahalla. [&hellip;]<\/p>\n","protected":false},"author":2,"featured_media":14831,"parent":26,"menu_order":730,"comment_status":"closed","ping_status":"closed","template":"","meta":{"_acf_changed":false,"footnotes":""},"class_list":["post-15038","page","type-page","status-publish","has-post-thumbnail","hentry"],"acf":[],"_links":{"self":[{"href":"https:\/\/verneri.net\/selko\/wp-json\/wp\/v2\/pages\/15038","targetHints":{"allow":["GET"]}}],"collection":[{"href":"https:\/\/verneri.net\/selko\/wp-json\/wp\/v2\/pages"}],"about":[{"href":"https:\/\/verneri.net\/selko\/wp-json\/wp\/v2\/types\/page"}],"author":[{"embeddable":true,"href":"https:\/\/verneri.net\/selko\/wp-json\/wp\/v2\/users\/2"}],"replies":[{"embeddable":true,"href":"https:\/\/verneri.net\/selko\/wp-json\/wp\/v2\/comments?post=15038"}],"version-history":[{"count":0,"href":"https:\/\/verneri.net\/selko\/wp-json\/wp\/v2\/pages\/15038\/revisions"}],"up":[{"embeddable":true,"href":"https:\/\/verneri.net\/selko\/wp-json\/wp\/v2\/pages\/26"}],"wp:featuredmedia":[{"embeddable":true,"href":"https:\/\/verneri.net\/selko\/wp-json\/wp\/v2\/media\/14831"}],"wp:attachment":[{"href":"https:\/\/verneri.net\/selko\/wp-json\/wp\/v2\/media?parent=15038"}],"curies":[{"name":"wp","href":"https:\/\/api.w.org\/{rel}","templated":true}]}}