{"id":15056,"date":"2025-06-02T17:09:04","date_gmt":"2025-06-02T14:09:04","guid":{"rendered":"http:\/\/localhost\/verneri\/selko-dev\/?page_id=15056"},"modified":"2025-11-06T20:13:49","modified_gmt":"2025-11-06T18:13:49","slug":"kulttuuri-lisaa-hyvinvointia","status":"publish","type":"page","link":"https:\/\/verneri.net\/selko\/hyvinvointi\/vapaa-aika\/kulttuuri-lisaa-hyvinvointia\/","title":{"rendered":"Kulttuuri lis\u00e4\u00e4 hyvinvointia"},"content":{"rendered":"<p>Kulttuurin harrastaminen tuo iloa el\u00e4m\u00e4\u00e4n. Esimerkiksi taide, musiikki ja kirjallisuus ovat kulttuuria.<\/p>\n<h3>Sinulle sopiva harrastus<\/h3>\n<p>Valitse kulttuuriharrastus, joka sopii sinulle.<\/p>\n<p>Voit esimerkiksi<\/p>\n<ul>\n<li>laulaa<\/li>\n<li>lukea<\/li>\n<li>maalata<\/li>\n<li>n\u00e4ytell\u00e4<\/li>\n<li>kuunnella musiikkia.<\/li>\n<\/ul>\n<p>Voit tehd\u00e4 itse taidetta tai nauttia muiden tekem\u00e4st\u00e4 taiteesta esimerkiksi taidemuseoissa.<\/p>\n<p>Teatterissa voit k\u00e4yd\u00e4 katsomassa n\u00e4ytelmi\u00e4 ja musikaaleja.<\/p>\n<p>Musiikkia voit kuunnella kotona tai vaikkapa konserteissa.<\/p>\n<h3>Kulttuuri lis\u00e4\u00e4 hyvinvointia<\/h3>\n<p>Tutkimusten mukaan kulttuuri parantaa terveytt\u00e4 ja lis\u00e4\u00e4 hyvinvointia.<\/p>\n<p>Kulttuurin harrastaminen<\/p>\n<ul>\n<li>rentouttaa<\/li>\n<li>pident\u00e4\u00e4 elinik\u00e4\u00e4<\/li>\n<li>v\u00e4hent\u00e4\u00e4 sairauksia<\/li>\n<li>pit\u00e4\u00e4 mielen virke\u00e4n\u00e4<\/li>\n<li>auttaa uupumukseen<\/li>\n<li>auttaa hallitsemaan painoa.<\/li>\n<\/ul>\n<p><strong>Toimitus: <\/strong>Jenni Sipil\u00e4, 2024<br \/>\n<strong>L\u00e4hde:<\/strong>\u00a0Terveyden ja hyvinvoinnin laitos THL<\/p>\n","protected":false},"excerpt":{"rendered":"<p>Kulttuurin harrastaminen tuo iloa el\u00e4m\u00e4\u00e4n. Esimerkiksi taide, musiikki ja kirjallisuus ovat kulttuuria. Sinulle sopiva harrastus Valitse kulttuuriharrastus, joka sopii sinulle. [&hellip;]<\/p>\n","protected":false},"author":2,"featured_media":15074,"parent":24,"menu_order":107,"comment_status":"closed","ping_status":"closed","template":"","meta":{"_acf_changed":false,"footnotes":""},"class_list":["post-15056","page","type-page","status-publish","has-post-thumbnail","hentry"],"acf":[],"_links":{"self":[{"href":"https:\/\/verneri.net\/selko\/wp-json\/wp\/v2\/pages\/15056","targetHints":{"allow":["GET"]}}],"collection":[{"href":"https:\/\/verneri.net\/selko\/wp-json\/wp\/v2\/pages"}],"about":[{"href":"https:\/\/verneri.net\/selko\/wp-json\/wp\/v2\/types\/page"}],"author":[{"embeddable":true,"href":"https:\/\/verneri.net\/selko\/wp-json\/wp\/v2\/users\/2"}],"replies":[{"embeddable":true,"href":"https:\/\/verneri.net\/selko\/wp-json\/wp\/v2\/comments?post=15056"}],"version-history":[{"count":0,"href":"https:\/\/verneri.net\/selko\/wp-json\/wp\/v2\/pages\/15056\/revisions"}],"up":[{"embeddable":true,"href":"https:\/\/verneri.net\/selko\/wp-json\/wp\/v2\/pages\/24"}],"wp:featuredmedia":[{"embeddable":true,"href":"https:\/\/verneri.net\/selko\/wp-json\/wp\/v2\/media\/15074"}],"wp:attachment":[{"href":"https:\/\/verneri.net\/selko\/wp-json\/wp\/v2\/media?parent=15056"}],"curies":[{"name":"wp","href":"https:\/\/api.w.org\/{rel}","templated":true}]}}