{"id":15059,"date":"2025-06-02T17:27:25","date_gmt":"2025-06-02T14:27:25","guid":{"rendered":"http:\/\/localhost\/verneri\/selko-dev\/?page_id=15059"},"modified":"2025-10-06T11:50:23","modified_gmt":"2025-10-06T08:50:23","slug":"voimistelu-sopii-kaikille","status":"publish","type":"page","link":"https:\/\/verneri.net\/selko\/hyvinvointi\/terveys-ja-liikunta\/liiku-monipuolisesti\/voimistelu-sopii-kaikille\/","title":{"rendered":"Voimistelu sopii kaikille"},"content":{"rendered":"<p>Voimistelu on monipuolinen laji. Voimistelu voi olla mukava harrastus tai siin\u00e4 voi kilpailla.<\/p>\n<p>Voimistelu parantaa kuntoa ja pirist\u00e4\u00e4 mielt\u00e4. Voimistelusta on hy\u00f6ty\u00e4 my\u00f6s muiden urheilulajien harrastamisessa.<\/p>\n<p>Voimistelu sopii kaikille!<\/p>\n<p>Voimistelu sopii my\u00f6s ihmisille, jotka tarvitsevat erityist\u00e4 tukea. Syyn\u00e4 voi olla esimerkiksi vamma tai sairaus.<br \/>\nOta yhteytt\u00e4 voimisteluseuraan<\/p>\n<p>Voimistelun aloittaminen on edullista. Et tarvitse kalliita varusteita.<\/p>\n<p>Voit harrastaa voimistelua sinua l\u00e4hell\u00e4 olevassa voimisteluseurassa. Eri seuroilla on erilaisia voimisteluryhmi\u00e4.<\/p>\n<p>Tutustu seurojen toimintaan esimerkiksi netiss\u00e4.<\/p>\n<p>Kun olet l\u00f6yt\u00e4nyt sinulle sopivan ryhm\u00e4n, ota yhteytt\u00e4 ryhm\u00e4n ohjaajaan, valmentajaan tai seuran ty\u00f6ntekij\u00e4\u00e4n. He neuvovat sinua eteenp\u00e4in.<\/p>\n<p>Voit lukea voimistelusta lis\u00e4\u00e4 Voimisteluliiton sivuilta. Sivuilta voit etsi\u00e4 tietoa my\u00f6s sinua l\u00e4hell\u00e4 olevista voimisteluseuroista.<\/p>\n<p><strong>L\u00e4hde:<\/strong><a href=\"https:\/\/www.voimistelu.fi\/voimisteluliitto\/voimistelusta-selkokielella\/\" target=\"_blank\" rel=\"noopener\"> Voimistelusta selkokielell\u00e4<\/a> (voimisteluliitto.fi)<br \/>\n<strong>Kuva:<\/strong> Suomen Voimisteluliitto, Milla Vahtila<\/p>\n","protected":false},"excerpt":{"rendered":"<p>Voimistelu on monipuolinen laji. Voimistelu voi olla mukava harrastus tai siin\u00e4 voi kilpailla. Voimistelu parantaa kuntoa ja pirist\u00e4\u00e4 mielt\u00e4. Voimistelusta [&hellip;]<\/p>\n","protected":false},"author":2,"featured_media":17342,"parent":204,"menu_order":8,"comment_status":"closed","ping_status":"closed","template":"","meta":{"_acf_changed":false,"footnotes":""},"class_list":["post-15059","page","type-page","status-publish","has-post-thumbnail","hentry"],"acf":[],"_links":{"self":[{"href":"https:\/\/verneri.net\/selko\/wp-json\/wp\/v2\/pages\/15059","targetHints":{"allow":["GET"]}}],"collection":[{"href":"https:\/\/verneri.net\/selko\/wp-json\/wp\/v2\/pages"}],"about":[{"href":"https:\/\/verneri.net\/selko\/wp-json\/wp\/v2\/types\/page"}],"author":[{"embeddable":true,"href":"https:\/\/verneri.net\/selko\/wp-json\/wp\/v2\/users\/2"}],"replies":[{"embeddable":true,"href":"https:\/\/verneri.net\/selko\/wp-json\/wp\/v2\/comments?post=15059"}],"version-history":[{"count":0,"href":"https:\/\/verneri.net\/selko\/wp-json\/wp\/v2\/pages\/15059\/revisions"}],"up":[{"embeddable":true,"href":"https:\/\/verneri.net\/selko\/wp-json\/wp\/v2\/pages\/204"}],"wp:featuredmedia":[{"embeddable":true,"href":"https:\/\/verneri.net\/selko\/wp-json\/wp\/v2\/media\/17342"}],"wp:attachment":[{"href":"https:\/\/verneri.net\/selko\/wp-json\/wp\/v2\/media?parent=15059"}],"curies":[{"name":"wp","href":"https:\/\/api.w.org\/{rel}","templated":true}]}}