{"id":15062,"date":"2025-06-02T17:54:48","date_gmt":"2025-06-02T14:54:48","guid":{"rendered":"http:\/\/localhost\/verneri\/selko-dev\/?page_id=15062"},"modified":"2025-08-08T15:27:28","modified_gmt":"2025-08-08T12:27:28","slug":"vinkit-nettiin-ja-someen","status":"publish","type":"page","link":"https:\/\/verneri.net\/selko\/hyvinvointi\/digipalvelut\/vinkit-nettiin-ja-someen\/","title":{"rendered":"Vinkit nettiin ja someen"},"content":{"rendered":"<p>Netiss\u00e4 ja somessa on turvallista ja mukavaa, kun tunnet netin ja somen s\u00e4\u00e4nn\u00f6t.<\/p>\n<p>T\u00e4ll\u00e4 sivulla on Vernerin lukijoiden vinkkej\u00e4 netin ja somen k\u00e4ytt\u00f6\u00f6n.<\/p>\n<h2>\u00c4l\u00e4 anna tietoja huijarille<\/h2>\n<p><img loading=\"lazy\" decoding=\"async\" class=\"alignnone size-full wp-image-15071\" src=\"https:\/\/verneri.net\/selko\/wp-content\/uploads\/sites\/2\/2025\/06\/henri-laura-vesa-02.jpg\" alt=\"L\u00e4hikuva nuoresta miehest\u00e4, taustalla talo ja mets\u00e4\u00e4.\" width=\"650\" height=\"350\" \/><\/p>\n<p>Henri Yli-Karjanmaa sai huijauspostia. H\u00e4n huomasi huijauksen ja sanoi soittavansa poliisille.<\/p>\n<p>\u201dMinua yritettiin huijata. Huijari pyysi pankkitunnuksia ja henkil\u00f6tietoja\u201d, Henri kertoo.<\/p>\n<p>\u201cEn uskonut huijaria, vaan sanoin, ett\u00e4 ilmoitan poliisille\u201d, h\u00e4n jatkaa.<\/p>\n<p>Jokaisen kannattaa olla varovainen, sill\u00e4 huijarit ovat taitavia. Jos saat viestin, jossa pyydet\u00e4\u00e4n henkil\u00f6tietoja tai rahaa, kyseess\u00e4 voi olla huijaus.<\/p>\n<p>Oikea pankki tai kauppa ei pyyd\u00e4 henkil\u00f6kohtaisia tietoja s\u00e4hk\u00f6postilla.<\/p>\n<p>Jos ep\u00e4ilet huijausta, kerro asiasta luotettavalle ihmiselle. Joskus on tarpeen ottaa yhteytt\u00e4 my\u00f6s poliisiin.<\/p>\n<p><strong>Teksti:<\/strong> Jaana Ter\u00e4v\u00e4inen, Jenni Sipil\u00e4 2022<br \/>\n<strong>Kuva:<\/strong> Laura Vesa<\/p>\n<h2>Pyyd\u00e4 kuviin lupa<\/h2>\n<p>Jari Nordstr\u00f6m k\u00e4ytt\u00e4\u00e4 netti\u00e4 ja somea ty\u00f6asioihin.<\/p>\n<p>Jari ty\u00f6skentelee KiviMediassa. KiviMedia on Lyhty ry:n mediaty\u00f6paja. Jarin ty\u00f6 on kuvaamista ja toimittamista.<\/p>\n<p>\u201cP\u00e4ivit\u00e4n someen KiviMedian asioita. Julkaisen esimerkiksi kuvia\u201d, Jari kertoo.<\/p>\n<p>Jarin mielest\u00e4 kuvien julkaisemisessa t\u00e4rkeint\u00e4 ovat luvat:<\/p>\n<p>\u201cJulkaisemiseen pit\u00e4\u00e4 muistaa kysy\u00e4 lupa kuvattavalta.\u201d<\/p>\n<p>Yksityisi\u00e4 tai salaisia kuvia ei Jarin mielest\u00e4 netiss\u00e4 kannata jakaa.<\/p>\n<p>\u201cNiist\u00e4 voi tulla sanomista.\u201d<\/p>\n<p><strong>Teksti:<\/strong> Jenni Sipil\u00e4, 2020<\/p>\n<h2>Mieti mit\u00e4 julkaiset<\/h2>\n<p>Karoliina Olkkonen k\u00e4ytt\u00e4\u00e4 somea joka p\u00e4iv\u00e4. Karoliinalla on tili esimerkiksi Instagramissa ja Facebookissa.<\/p>\n<p>Karoliina pit\u00e4\u00e4 my\u00f6s omaa blogia Vernerin selkosivuilla.<\/p>\n<p>\u201cAlkuun blogin kirjoittaminen j\u00e4nnitti. Olin tosi varovainen. Sitten teksti\u00e4 alkoi tulla enemm\u00e4n ja tulin itsevarmemmaksi.\u201d<\/p>\n<p>Karoliinan mielest\u00e4 kannattaa harkita, mit\u00e4 netiss\u00e4 julkaisee. Ihan kaikkea ei kannata kertoa:<\/p>\n<p>\u201dSe mink\u00e4 nettiin laittaa ei v\u00e4ltt\u00e4m\u00e4tt\u00e4 l\u00e4hde sielt\u00e4 koskaan pois.\u201d<\/p>\n<p>Karoliinan mielest\u00e4 my\u00f6s rehellisyys on t\u00e4rke\u00e4\u00e4:<\/p>\n<p>\u201dOle aito oma itsesi!\u201d<\/p>\n<p><strong>Teksti:<\/strong> Jenni Sipil\u00e4, 2020<\/p>\n<h2>Ole muille kiva<\/h2>\n<p>Tomi Makkosella on paljon kokemusta somesta. Tomi k\u00e4ytt\u00e4\u00e4 esimerkiksi YouTubea ja TikTokia.<\/p>\n<p>Tomin mielest\u00e4 somessa t\u00e4rkeint\u00e4 on yst\u00e4v\u00e4llinen k\u00e4yt\u00f6s:<\/p>\n<p>\u201dEi kiroilua, eik\u00e4 mit\u00e4\u00e4n muutakaan ilkeily\u00e4.\u201d<\/p>\n<p>Esimerkiksi TikTok-videopalvelusta Tomilla on huonoja kokemuksia:<\/p>\n<p>\u201dTikTokissa haukutaan toisia ja se on v\u00e4\u00e4rin. Siihen pit\u00e4isi saada muutos ja heti.\u201d<\/p>\n<p>Tomin mielest\u00e4 somessa parasta onkin vaikuttaminen.<\/p>\n<p>Tomi on juuri liittynyt mustikkap\u00e4ihin. Mustikkap\u00e4\u00e4t vastustavat kiusaamista somessa.<\/p>\n<p>Miten kiusaamista sitten vastustetaan?<\/p>\n<p>\u201cOlen kiva muille. Kommentoin ja puolustan, jos jotain kiusataan.\u201d<\/p>\n<p><strong>Teksti:<\/strong> Jenni Sipil\u00e4, 2020<\/p>\n<p>Haluatko jakaa oman vinkkisi?<\/p>\n<p>L\u00e4het\u00e4 meille s\u00e4hk\u00f6posti osoitteeseen verneri(at)kvl.fi.<\/p>\n","protected":false},"excerpt":{"rendered":"<p>Netiss\u00e4 ja somessa on turvallista ja mukavaa, kun tunnet netin ja somen s\u00e4\u00e4nn\u00f6t. T\u00e4ll\u00e4 sivulla on Vernerin lukijoiden vinkkej\u00e4 netin [&hellip;]<\/p>\n","protected":false},"author":2,"featured_media":15063,"parent":23,"menu_order":58,"comment_status":"closed","ping_status":"closed","template":"","meta":{"_acf_changed":false,"footnotes":""},"class_list":["post-15062","page","type-page","status-publish","has-post-thumbnail","hentry"],"acf":[],"_links":{"self":[{"href":"https:\/\/verneri.net\/selko\/wp-json\/wp\/v2\/pages\/15062","targetHints":{"allow":["GET"]}}],"collection":[{"href":"https:\/\/verneri.net\/selko\/wp-json\/wp\/v2\/pages"}],"about":[{"href":"https:\/\/verneri.net\/selko\/wp-json\/wp\/v2\/types\/page"}],"author":[{"embeddable":true,"href":"https:\/\/verneri.net\/selko\/wp-json\/wp\/v2\/users\/2"}],"replies":[{"embeddable":true,"href":"https:\/\/verneri.net\/selko\/wp-json\/wp\/v2\/comments?post=15062"}],"version-history":[{"count":0,"href":"https:\/\/verneri.net\/selko\/wp-json\/wp\/v2\/pages\/15062\/revisions"}],"up":[{"embeddable":true,"href":"https:\/\/verneri.net\/selko\/wp-json\/wp\/v2\/pages\/23"}],"wp:featuredmedia":[{"embeddable":true,"href":"https:\/\/verneri.net\/selko\/wp-json\/wp\/v2\/media\/15063"}],"wp:attachment":[{"href":"https:\/\/verneri.net\/selko\/wp-json\/wp\/v2\/media?parent=15062"}],"curies":[{"name":"wp","href":"https:\/\/api.w.org\/{rel}","templated":true}]}}