{"id":15093,"date":"2025-06-11T13:04:19","date_gmt":"2025-06-11T10:04:19","guid":{"rendered":"http:\/\/localhost\/verneri\/selko-dev\/?page_id=15093"},"modified":"2025-08-08T14:46:47","modified_gmt":"2025-08-08T11:46:47","slug":"onnellinen-elama","status":"publish","type":"page","link":"https:\/\/verneri.net\/selko\/hyvinvointi\/ihmissuhteet\/onnellinen-elama\/","title":{"rendered":"Onnellinen el\u00e4m\u00e4"},"content":{"rendered":"<p>Mit\u00e4 onni on?<\/p>\n<p>Yhteytt\u00e4 toiseen, rakkautta, iloa, huumoria, hassuttelua, luottamusta ja yhteist\u00e4 tekemist\u00e4.<\/p>\n<p>N\u00e4in vastasivat Klaus ja Annika, Joonas ja Anna-Maija sek\u00e4 Olli ja Nea.<\/p>\n<p>T\u00e4m\u00e4n sivun valokuvat kertovat kolmen pariskunnan onnesta.<\/p>\n<p>Kuvat ovat Johanna Kareen valokuvan\u00e4yttelyst\u00e4 Onnellinen el\u00e4m\u00e4. N\u00e4yttely on toteutettu yhdess\u00e4 Kehitysvammaliiton kanssa.<\/p>\n<p><img loading=\"lazy\" decoding=\"async\" class=\"alignnone size-full wp-image-16857\" src=\"https:\/\/verneri.net\/selko\/wp-content\/uploads\/sites\/2\/2025\/08\/onnellinen-elama-johanna-kare-02.jpg\" alt=\"\" width=\"800\" height=\"533\" srcset=\"https:\/\/verneri.net\/selko\/wp-content\/uploads\/sites\/2\/2025\/08\/onnellinen-elama-johanna-kare-02.jpg 800w, https:\/\/verneri.net\/selko\/wp-content\/uploads\/sites\/2\/2025\/08\/onnellinen-elama-johanna-kare-02-300x200.jpg 300w, https:\/\/verneri.net\/selko\/wp-content\/uploads\/sites\/2\/2025\/08\/onnellinen-elama-johanna-kare-02-768x512.jpg 768w\" sizes=\"(max-width: 800px) 100vw, 800px\" \/><\/p>\n<p><img loading=\"lazy\" decoding=\"async\" class=\"alignnone size-full wp-image-16866\" src=\"https:\/\/verneri.net\/selko\/wp-content\/uploads\/sites\/2\/2025\/08\/onnellinen-elama-johanna-kare-12.jpg\" alt=\"\" width=\"800\" height=\"533\" srcset=\"https:\/\/verneri.net\/selko\/wp-content\/uploads\/sites\/2\/2025\/08\/onnellinen-elama-johanna-kare-12.jpg 800w, https:\/\/verneri.net\/selko\/wp-content\/uploads\/sites\/2\/2025\/08\/onnellinen-elama-johanna-kare-12-300x200.jpg 300w, https:\/\/verneri.net\/selko\/wp-content\/uploads\/sites\/2\/2025\/08\/onnellinen-elama-johanna-kare-12-768x512.jpg 768w\" sizes=\"(max-width: 800px) 100vw, 800px\" \/><\/p>\n<p><img loading=\"lazy\" decoding=\"async\" class=\"alignnone size-full wp-image-16859\" src=\"https:\/\/verneri.net\/selko\/wp-content\/uploads\/sites\/2\/2025\/08\/onnellinen-elama-johanna-kare-04.jpg\" alt=\"\" width=\"800\" height=\"533\" srcset=\"https:\/\/verneri.net\/selko\/wp-content\/uploads\/sites\/2\/2025\/08\/onnellinen-elama-johanna-kare-04.jpg 800w, https:\/\/verneri.net\/selko\/wp-content\/uploads\/sites\/2\/2025\/08\/onnellinen-elama-johanna-kare-04-300x200.jpg 300w, https:\/\/verneri.net\/selko\/wp-content\/uploads\/sites\/2\/2025\/08\/onnellinen-elama-johanna-kare-04-768x512.jpg 768w\" sizes=\"(max-width: 800px) 100vw, 800px\" \/><\/p>\n<p><img loading=\"lazy\" decoding=\"async\" class=\"alignnone size-full wp-image-16862\" src=\"https:\/\/verneri.net\/selko\/wp-content\/uploads\/sites\/2\/2025\/08\/onnellinen-elama-johanna-kare-07.jpg\" alt=\"\" width=\"800\" height=\"533\" srcset=\"https:\/\/verneri.net\/selko\/wp-content\/uploads\/sites\/2\/2025\/08\/onnellinen-elama-johanna-kare-07.jpg 800w, https:\/\/verneri.net\/selko\/wp-content\/uploads\/sites\/2\/2025\/08\/onnellinen-elama-johanna-kare-07-300x200.jpg 300w, https:\/\/verneri.net\/selko\/wp-content\/uploads\/sites\/2\/2025\/08\/onnellinen-elama-johanna-kare-07-768x512.jpg 768w\" sizes=\"(max-width: 800px) 100vw, 800px\" \/><\/p>\n<p><img loading=\"lazy\" decoding=\"async\" class=\"alignnone size-full wp-image-16860\" src=\"https:\/\/verneri.net\/selko\/wp-content\/uploads\/sites\/2\/2025\/08\/onnellinen-elama-johanna-kare-05.jpg\" alt=\"\" width=\"800\" height=\"533\" srcset=\"https:\/\/verneri.net\/selko\/wp-content\/uploads\/sites\/2\/2025\/08\/onnellinen-elama-johanna-kare-05.jpg 800w, https:\/\/verneri.net\/selko\/wp-content\/uploads\/sites\/2\/2025\/08\/onnellinen-elama-johanna-kare-05-300x200.jpg 300w, https:\/\/verneri.net\/selko\/wp-content\/uploads\/sites\/2\/2025\/08\/onnellinen-elama-johanna-kare-05-768x512.jpg 768w\" sizes=\"(max-width: 800px) 100vw, 800px\" \/><\/p>\n<p><img loading=\"lazy\" decoding=\"async\" class=\"alignnone size-full wp-image-16863\" src=\"https:\/\/verneri.net\/selko\/wp-content\/uploads\/sites\/2\/2025\/08\/onnellinen-elama-johanna-kare-08.jpg\" alt=\"\" width=\"800\" height=\"533\" srcset=\"https:\/\/verneri.net\/selko\/wp-content\/uploads\/sites\/2\/2025\/08\/onnellinen-elama-johanna-kare-08.jpg 800w, https:\/\/verneri.net\/selko\/wp-content\/uploads\/sites\/2\/2025\/08\/onnellinen-elama-johanna-kare-08-300x200.jpg 300w, https:\/\/verneri.net\/selko\/wp-content\/uploads\/sites\/2\/2025\/08\/onnellinen-elama-johanna-kare-08-768x512.jpg 768w\" sizes=\"(max-width: 800px) 100vw, 800px\" \/><\/p>\n<p><img loading=\"lazy\" decoding=\"async\" class=\"alignnone size-full wp-image-16864\" src=\"https:\/\/verneri.net\/selko\/wp-content\/uploads\/sites\/2\/2025\/08\/onnellinen-elama-johanna-kare-09.jpg\" alt=\"\" width=\"800\" height=\"533\" srcset=\"https:\/\/verneri.net\/selko\/wp-content\/uploads\/sites\/2\/2025\/08\/onnellinen-elama-johanna-kare-09.jpg 800w, https:\/\/verneri.net\/selko\/wp-content\/uploads\/sites\/2\/2025\/08\/onnellinen-elama-johanna-kare-09-300x200.jpg 300w, https:\/\/verneri.net\/selko\/wp-content\/uploads\/sites\/2\/2025\/08\/onnellinen-elama-johanna-kare-09-768x512.jpg 768w\" sizes=\"(max-width: 800px) 100vw, 800px\" \/><\/p>\n<p><img loading=\"lazy\" decoding=\"async\" class=\"alignnone size-full wp-image-16861\" src=\"https:\/\/verneri.net\/selko\/wp-content\/uploads\/sites\/2\/2025\/08\/onnellinen-elama-johanna-kare-06.jpg\" alt=\"\" width=\"800\" height=\"533\" srcset=\"https:\/\/verneri.net\/selko\/wp-content\/uploads\/sites\/2\/2025\/08\/onnellinen-elama-johanna-kare-06.jpg 800w, https:\/\/verneri.net\/selko\/wp-content\/uploads\/sites\/2\/2025\/08\/onnellinen-elama-johanna-kare-06-300x200.jpg 300w, https:\/\/verneri.net\/selko\/wp-content\/uploads\/sites\/2\/2025\/08\/onnellinen-elama-johanna-kare-06-768x512.jpg 768w\" sizes=\"(max-width: 800px) 100vw, 800px\" \/><\/p>\n<p><img loading=\"lazy\" decoding=\"async\" class=\"alignnone size-full wp-image-16856\" src=\"https:\/\/verneri.net\/selko\/wp-content\/uploads\/sites\/2\/2025\/08\/onnellinen-elama-johanna-kare-01.jpg\" alt=\"\" width=\"800\" height=\"533\" srcset=\"https:\/\/verneri.net\/selko\/wp-content\/uploads\/sites\/2\/2025\/08\/onnellinen-elama-johanna-kare-01.jpg 800w, https:\/\/verneri.net\/selko\/wp-content\/uploads\/sites\/2\/2025\/08\/onnellinen-elama-johanna-kare-01-300x200.jpg 300w, https:\/\/verneri.net\/selko\/wp-content\/uploads\/sites\/2\/2025\/08\/onnellinen-elama-johanna-kare-01-768x512.jpg 768w\" sizes=\"(max-width: 800px) 100vw, 800px\" \/><\/p>\n<p><img loading=\"lazy\" decoding=\"async\" class=\"alignnone size-full wp-image-16858\" src=\"https:\/\/verneri.net\/selko\/wp-content\/uploads\/sites\/2\/2025\/08\/onnellinen-elama-johanna-kare-03.jpg\" alt=\"\" width=\"800\" height=\"533\" srcset=\"https:\/\/verneri.net\/selko\/wp-content\/uploads\/sites\/2\/2025\/08\/onnellinen-elama-johanna-kare-03.jpg 800w, https:\/\/verneri.net\/selko\/wp-content\/uploads\/sites\/2\/2025\/08\/onnellinen-elama-johanna-kare-03-300x200.jpg 300w, https:\/\/verneri.net\/selko\/wp-content\/uploads\/sites\/2\/2025\/08\/onnellinen-elama-johanna-kare-03-768x512.jpg 768w\" sizes=\"(max-width: 800px) 100vw, 800px\" \/><\/p>\n<p><img loading=\"lazy\" decoding=\"async\" class=\"alignnone size-full wp-image-16865\" src=\"https:\/\/verneri.net\/selko\/wp-content\/uploads\/sites\/2\/2025\/08\/onnellinen-elama-johanna-kare-11.jpg\" alt=\"\" width=\"800\" height=\"533\" srcset=\"https:\/\/verneri.net\/selko\/wp-content\/uploads\/sites\/2\/2025\/08\/onnellinen-elama-johanna-kare-11.jpg 800w, https:\/\/verneri.net\/selko\/wp-content\/uploads\/sites\/2\/2025\/08\/onnellinen-elama-johanna-kare-11-300x200.jpg 300w, https:\/\/verneri.net\/selko\/wp-content\/uploads\/sites\/2\/2025\/08\/onnellinen-elama-johanna-kare-11-768x512.jpg 768w\" sizes=\"(max-width: 800px) 100vw, 800px\" \/><\/p>\n<p>Kuvat: Johanna Kare (KATSO IHMINEN\u00ae)<\/p>\n","protected":false},"excerpt":{"rendered":"<p>Mit\u00e4 onni on? Yhteytt\u00e4 toiseen, rakkautta, iloa, huumoria, hassuttelua, luottamusta ja yhteist\u00e4 tekemist\u00e4. N\u00e4in vastasivat Klaus ja Annika, Joonas ja [&hellip;]<\/p>\n","protected":false},"author":2,"featured_media":0,"parent":17,"menu_order":79,"comment_status":"closed","ping_status":"closed","template":"","meta":{"_acf_changed":false,"footnotes":""},"class_list":["post-15093","page","type-page","status-publish","hentry"],"acf":[],"_links":{"self":[{"href":"https:\/\/verneri.net\/selko\/wp-json\/wp\/v2\/pages\/15093","targetHints":{"allow":["GET"]}}],"collection":[{"href":"https:\/\/verneri.net\/selko\/wp-json\/wp\/v2\/pages"}],"about":[{"href":"https:\/\/verneri.net\/selko\/wp-json\/wp\/v2\/types\/page"}],"author":[{"embeddable":true,"href":"https:\/\/verneri.net\/selko\/wp-json\/wp\/v2\/users\/2"}],"replies":[{"embeddable":true,"href":"https:\/\/verneri.net\/selko\/wp-json\/wp\/v2\/comments?post=15093"}],"version-history":[{"count":0,"href":"https:\/\/verneri.net\/selko\/wp-json\/wp\/v2\/pages\/15093\/revisions"}],"up":[{"embeddable":true,"href":"https:\/\/verneri.net\/selko\/wp-json\/wp\/v2\/pages\/17"}],"wp:attachment":[{"href":"https:\/\/verneri.net\/selko\/wp-json\/wp\/v2\/media?parent=15093"}],"curies":[{"name":"wp","href":"https:\/\/api.w.org\/{rel}","templated":true}]}}