{"id":15094,"date":"2025-06-11T13:35:15","date_gmt":"2025-06-11T10:35:15","guid":{"rendered":"http:\/\/localhost\/verneri\/selko-dev\/?page_id=15094"},"modified":"2025-12-11T15:36:24","modified_gmt":"2025-12-11T13:36:24","slug":"tietoa-palkkatyosta","status":"publish","type":"page","link":"https:\/\/verneri.net\/selko\/hyvinvointi\/palkkatyo\/tietoa-palkkatyosta\/","title":{"rendered":"Tietoa palkkaty\u00f6st\u00e4"},"content":{"rendered":"<p>Moni kehitysvammainen nuori ja aikuinen haluaa palkkaty\u00f6h\u00f6n.<\/p>\n<p>T\u00e4ll\u00e4 sivulla on tietoa palkkaty\u00f6st\u00e4 ja palkkaty\u00f6n sek\u00e4 avoty\u00f6toiminnan eroista.<\/p>\n<h2>Ty\u00f6nantaja maksaa palkan<\/h2>\n<p>Palkkaty\u00f6ss\u00e4 olet ty\u00f6suhteessa ty\u00f6nantajaan. Olet siis tehnyt ty\u00f6nantajan kanssa ty\u00f6sopimuksen. Saat ty\u00f6st\u00e4 palkkaa ja maksat palkasta veroa.<\/p>\n<p>Palkan suuruus vaihtelee ty\u00f6teht\u00e4v\u00e4n ja ty\u00f6ajan mukaan. Palkkaan vaikuttaa my\u00f6s ty\u00f6paikalla noudatettava ty\u00f6ehtosopimus.<\/p>\n<p>Palkka voi olla esimerkiksi 12 euroa tunnissa. Jos teet t\u00f6it\u00e4 esimerkiksi 5 tuntia p\u00e4iv\u00e4ss\u00e4, saat palkkaa 60 euroa p\u00e4iv\u00e4ss\u00e4.<\/p>\n<p>Palkkaty\u00f6ss\u00e4 sinulle kertyy my\u00f6s palkallista lomaa ja ty\u00f6el\u00e4kett\u00e4. Palkkaty\u00f6ss\u00e4 sinulle kuuluu my\u00f6s ty\u00f6terveyshuolto.<\/p>\n<h2>Avustavia teht\u00e4vi\u00e4<\/h2>\n<p>Moni kehitysvammainen nuori tai aikuinen on palkkaty\u00f6ss\u00e4 avustavissa teht\u00e4viss\u00e4 esimerkiksi kaupassa, kahvilassa tai toimistossa.<\/p>\n<p>Suosittuja aloja ovat<\/p>\n<ul>\n<li>koti- ja laitostalous<\/li>\n<li>siivous<\/li>\n<li>keitti\u00f6 ja ravitsemus<\/li>\n<li>kiinteist\u00f6nhoito.<\/li>\n<\/ul>\n<p><strong>Pohdi:<\/strong><\/p>\n<ul>\n<li>Millaisia t\u00f6it\u00e4 sin\u00e4 haluat tehd\u00e4?<\/li>\n<li>Millaisia taitoja sinulla on? Miss\u00e4 olet hyv\u00e4?<\/li>\n<li>Mit\u00e4 olet opiskellut?<\/li>\n<li>Mit\u00e4 haluaisit oppia ja opiskella?<\/li>\n<\/ul>\n<h2>Voit tehd\u00e4 palkkaty\u00f6t\u00e4 ja saada el\u00e4kett\u00e4<\/h2>\n<p>Voit tehd\u00e4 palkkaty\u00f6t\u00e4 kokoaikaisesti tai osa-aikaisesti.<\/p>\n<p>Kun olet palkkaty\u00f6ss\u00e4, voit saada ty\u00f6kyvytt\u00f6myysel\u00e4kett\u00e4 tai voit j\u00e4tt\u00e4\u00e4 el\u00e4kkeesi lep\u00e4\u00e4m\u00e4\u00e4n eli tauolle. Voit ty\u00f6skennell\u00e4 my\u00f6s t\u00e4ysin ilman ty\u00f6kyvytt\u00f6myysel\u00e4kett\u00e4.<\/p>\n<p>Jos olet ty\u00f6kyvytt\u00f6myysel\u00e4kkeell\u00e4, voit ansaita palkkaa enint\u00e4\u00e4n <span data-olk-copy-source=\"MessageBody\">986,30<\/span>\u00a0euroa kuukaudessa ilman, ett\u00e4 menet\u00e4t el\u00e4kett\u00e4.<\/p>\n<p>Jos ansaitset kuukaudessa yli <span data-olk-copy-source=\"MessageBody\">986,30<\/span> euroa, voit j\u00e4tt\u00e4\u00e4 el\u00e4kkeen lep\u00e4\u00e4m\u00e4\u00e4n eli tauolle.<\/p>\n<p>El\u00e4ke voi olla tauolla v\u00e4hint\u00e4\u00e4n kolme kuukautta ja enint\u00e4\u00e4n kaksi vuotta kerralla.<\/p>\n<h2>Ty\u00f6h\u00f6nvalmentaja auttaa ty\u00f6llistym\u00e4\u00e4n<\/h2>\n<p>Moni kehitysvammainen ty\u00f6nhakija ty\u00f6llistyy ty\u00f6h\u00f6nvalmentajan tuella.<\/p>\n<p>Ty\u00f6h\u00f6nvalmentaja tukee<\/p>\n<ul>\n<li>sopivan ty\u00f6paikan etsimisess\u00e4<\/li>\n<li>ty\u00f6n hakemisessa<\/li>\n<li>neuvotteluissa ty\u00f6nantajan kanssa<\/li>\n<li>ty\u00f6sopimuksen\u202ftekemisess\u00e4<\/li>\n<li>ty\u00f6paikkaan ja ty\u00f6kavereihin tutustumisessa<\/li>\n<li>ty\u00f6teht\u00e4vien oppimisessa<\/li>\n<li>ty\u00f6ss\u00e4 kehittymisess\u00e4.<\/li>\n<\/ul>\n<p>Ty\u00f6h\u00f6nvalmennusta j\u00e4rjest\u00e4v\u00e4t hyvinvointialueet ja <span data-olk-copy-source=\"MessageBody\"> kuntien muodostamat ty\u00f6llisyysalueet<\/span>.<\/p>\n<p>Kysy ty\u00f6h\u00f6nvalmennuksesta lis\u00e4\u00e4 sosiaality\u00f6ntekij\u00e4lt\u00e4 tai ty\u00f6llisyysalueelta.<\/p>\n<p><strong>Pohdi:<\/strong><\/p>\n<ul>\n<li>Millaista tukea tarvitset ty\u00f6llistymiseen?<\/li>\n<li>Kuka voisi auttaa sinua ty\u00f6llistym\u00e4\u00e4n?<\/li>\n<\/ul>\n<h2>Avoty\u00f6toiminnasta ei makseta palkkaa<\/h2>\n<p>Palkkaty\u00f6ss\u00e4 ja avoty\u00f6toiminnassa ty\u00f6teht\u00e4v\u00e4t ovat usein samanlaisia. Palkkaty\u00f6 ja avoty\u00f6toiminta ovat kuitenkin eri asioita.<\/p>\n<p>Jos olet palkkaty\u00f6ss\u00e4, olet ty\u00f6suhteessa ty\u00f6nantajaan ja ty\u00f6nantaja maksaa sinulle palkkaa. Voit saada palkkaa esimerkiksi 12 euroa tunnissa. Palkkaty\u00f6st\u00e4 sinulle kertyy palkallista lomaa ja ty\u00f6el\u00e4kett\u00e4.<\/p>\n<p>Jos olet avoty\u00f6toiminnassa, et ole ty\u00f6suhteessa, etk\u00e4 saa palkkaa. Avoty\u00f6toiminta on hyvinvointialueen j\u00e4rjest\u00e4m\u00e4 palvelu, josta hyvinvointialue voi maksaa ty\u00f6osuusrahaa 0-12 euroa p\u00e4iv\u00e4ss\u00e4. Avoty\u00f6toiminnassa sinulle ei kerry palkallista lomaa tai ty\u00f6el\u00e4kett\u00e4.<\/p>\n<p><strong>Katso, mit\u00e4 Karoliina Olkkonen ajattelee avoty\u00f6toiminnasta:<\/strong><\/p>\n<p><iframe loading=\"lazy\" title=\"Palkkaa ty\u00f6st\u00e4 (Karoliina)\" width=\"500\" height=\"281\" src=\"https:\/\/www.youtube.com\/embed\/rC5bbzTLhBg?wmode=transparent&amp;rel=0&amp;feature=oembed\" frameborder=\"0\" allow=\"accelerometer; autoplay; clipboard-write; encrypted-media; gyroscope; picture-in-picture; web-share\" referrerpolicy=\"strict-origin-when-cross-origin\" allowfullscreen><\/iframe><\/p>\n<p><strong>Pohdi:<\/strong><\/p>\n<ul>\n<li>Pit\u00e4\u00e4k\u00f6 sinun mielest\u00e4si ty\u00f6st\u00e4 saada palkkaa?<\/li>\n<li>Milloin avoty\u00f6toiminta on sinun mielest\u00e4si hyv\u00e4 vaihtoehto?<\/li>\n<\/ul>\n<p><strong>Teksti:<\/strong> Jenni Sipil\u00e4, 2025<\/p>\n<p><em>Kysytt\u00e4v\u00e4\u00e4 palkkaty\u00f6st\u00e4?<\/em><\/p>\n<p><a href=\"https:\/\/verneri.net\/selko\/verkko-kerttu\/kysy-kertulta\/\">Kysy Kertulta<\/a><\/p>\n<p><strong>L\u00e4hteet ja lis\u00e4tietoa selkokielell\u00e4:<\/strong><\/p>\n<ul>\n<li><a href=\"https:\/\/verneri.net\/selko\/wp-content\/uploads\/sites\/2\/2025\/05\/tietoa-tyosta-toimeentulosta-ja-koulutuksesta-selkoesite-verkko-2.pdf\" target=\"_blank\" rel=\"noopener\">Tietoa ty\u00f6st\u00e4, toimeentulosta ja koulutuksesta<\/a>\u00a0(pdf-tiedosto)<\/li>\n<li><a href=\"https:\/\/verneri.net\/selko\/wp-content\/uploads\/sites\/2\/2025\/05\/savas-tyoelaman-paamies-opas.pdf\" target=\"_blank\" rel=\"noopener\">Savon vammaispalvelus\u00e4\u00e4ti\u00f6: Ty\u00f6el\u00e4m\u00e4n p\u00e4\u00e4mies<\/a>\u00a0-opas\u00a0(pdf-tiedosto)<\/li>\n<li><a href=\"https:\/\/verneri.net\/selko\/wp-content\/uploads\/sites\/2\/2025\/05\/mahdollista-pieni-tyokirja-tyonhakijalle.pdf\" target=\"_blank\" rel=\"noopener noreferrer\">Mahdollista! Pieni ty\u00f6kirja ty\u00f6nhakijalle<\/a> (pdf-tiedosto)<\/li>\n<li><a href=\"https:\/\/www.kemijarvi.fi\/download\/Selkokielinen_tyonhakuopas.pdf\" target=\"_blank\" rel=\"noopener\">Selkokielinen ty\u00f6nhakuopas<\/a>\u00a0(kemijarvi.fi)<\/li>\n<\/ul>\n","protected":false},"excerpt":{"rendered":"<p>Moni kehitysvammainen nuori ja aikuinen haluaa palkkaty\u00f6h\u00f6n. T\u00e4ll\u00e4 sivulla on tietoa palkkaty\u00f6st\u00e4 ja palkkaty\u00f6n sek\u00e4 avoty\u00f6toiminnan eroista. Ty\u00f6nantaja maksaa palkan [&hellip;]<\/p>\n","protected":false},"author":2,"featured_media":14685,"parent":22,"menu_order":9,"comment_status":"closed","ping_status":"closed","template":"","meta":{"_acf_changed":false,"footnotes":""},"class_list":["post-15094","page","type-page","status-publish","has-post-thumbnail","hentry"],"acf":[],"_links":{"self":[{"href":"https:\/\/verneri.net\/selko\/wp-json\/wp\/v2\/pages\/15094","targetHints":{"allow":["GET"]}}],"collection":[{"href":"https:\/\/verneri.net\/selko\/wp-json\/wp\/v2\/pages"}],"about":[{"href":"https:\/\/verneri.net\/selko\/wp-json\/wp\/v2\/types\/page"}],"author":[{"embeddable":true,"href":"https:\/\/verneri.net\/selko\/wp-json\/wp\/v2\/users\/2"}],"replies":[{"embeddable":true,"href":"https:\/\/verneri.net\/selko\/wp-json\/wp\/v2\/comments?post=15094"}],"version-history":[{"count":0,"href":"https:\/\/verneri.net\/selko\/wp-json\/wp\/v2\/pages\/15094\/revisions"}],"up":[{"embeddable":true,"href":"https:\/\/verneri.net\/selko\/wp-json\/wp\/v2\/pages\/22"}],"wp:featuredmedia":[{"embeddable":true,"href":"https:\/\/verneri.net\/selko\/wp-json\/wp\/v2\/media\/14685"}],"wp:attachment":[{"href":"https:\/\/verneri.net\/selko\/wp-json\/wp\/v2\/media?parent=15094"}],"curies":[{"name":"wp","href":"https:\/\/api.w.org\/{rel}","templated":true}]}}