{"id":15096,"date":"2025-06-11T13:50:32","date_gmt":"2025-06-11T10:50:32","guid":{"rendered":"http:\/\/localhost\/verneri\/selko-dev\/?page_id=15096"},"modified":"2025-06-11T13:51:04","modified_gmt":"2025-06-11T10:51:04","slug":"palkka-vai-tyoosuusraha","status":"publish","type":"page","link":"https:\/\/verneri.net\/selko\/hyvinvointi\/palkkatyo\/palkka-vai-tyoosuusraha\/","title":{"rendered":"Palkka vai ty\u00f6osuusraha?"},"content":{"rendered":"<p>T\u00e4lt\u00e4 sivulta voit lukea, mit\u00e4 eroa on palkalla ja ty\u00f6osuusrahalla.<\/p>\n<h2>Palkka on korvaus tehdyst\u00e4 ty\u00f6st\u00e4<\/h2>\n<p>Sinulle maksetaan ty\u00f6st\u00e4 palkkaa, kun olet ty\u00f6suhteessa. Sinulla on ty\u00f6suhde, kun olet tehnyt ty\u00f6nantajan kanssa ty\u00f6sopimuksen.<\/p>\n<p>Palkan maksaa sinun ty\u00f6nantajasi.<\/p>\n<p>Palkan lis\u00e4ksi sinulla on my\u00f6s muita ty\u00f6suhteeseen liittyvi\u00e4 oikeuksia, kuten oikeus palkalliseen lomaan.<\/p>\n<p>Kun saat palkkaa, maksat palkasta veroa. Ty\u00f6nantaja v\u00e4hent\u00e4\u00e4 veron joka kuukausi maksettavasta palkasta.<\/p>\n<p>Sinulle kertyy palkkaty\u00f6st\u00e4 my\u00f6s ty\u00f6el\u00e4kett\u00e4.<\/p>\n<p>Ty\u00f6st\u00e4 maksettava palkka vaihtelee ty\u00f6teht\u00e4v\u00e4n ja ty\u00f6ajan mukaan. Palkan suuruuteen vaikuttaa my\u00f6s ty\u00f6paikalla noudatettava ty\u00f6ehtosopimus.<\/p>\n<h2>Ty\u00f6osuusraha on avustus<\/h2>\n<p>Kun osallistut ty\u00f6toimintaan ty\u00f6keskuksessa tai avoty\u00f6paikalla, hyvinvointialue voi maksaa sinulle ty\u00f6osuusrahaa.<\/p>\n<p>Kun hyvinvointialue maksaa ty\u00f6osuusrahaa, se tukee sinun ty\u00f6toiminnassa k\u00e4ymist\u00e4.<\/p>\n<p>Ty\u00f6osuusraha ei ole palkkaa.<\/p>\n<p>Kun teet t\u00f6it\u00e4 avoty\u00f6toiminnassa, sinulla ei ole ty\u00f6suhdetta. Sinulla ei ole ty\u00f6nantajaa, vaikka teet ty\u00f6t\u00e4 tavallisella ty\u00f6paikalla.<\/p>\n<p>Kun olet ty\u00f6toiminnassa ty\u00f6keskuksessa tai avoty\u00f6paikalla, sinulle ei kerry ty\u00f6el\u00e4kett\u00e4.<\/p>\n<h2>Ty\u00f6osuusrahan m\u00e4\u00e4r\u00e4n p\u00e4\u00e4tt\u00e4\u00e4 hyvinvointialue<\/h2>\n<p>Ty\u00f6osuusrahaa maksetaan 0-12 euroa p\u00e4iv\u00e4ss\u00e4. T\u00e4st\u00e4 summasta sinun ei tarvitse maksaa veroa.<\/p>\n<p>Joskus ty\u00f6osuusrahaa maksetaan enemm\u00e4n. Jos saat ty\u00f6osuusrahaa enemm\u00e4n kuin 12 euroa p\u00e4iv\u00e4ss\u00e4, maksat siit\u00e4 veroa.<\/p>\n<p>Keskim\u00e4\u00e4rin kehitysvammaisille maksetaan ty\u00f6osuusrahaa<\/p>\n<ul>\n<li>ty\u00f6toiminnassa noin 5 euroa p\u00e4iv\u00e4ss\u00e4<\/li>\n<li>avoty\u00f6toiminnassa noin 7 euroa p\u00e4iv\u00e4ss\u00e4.<\/li>\n<\/ul>\n<p>Ty\u00f6osuusrahan m\u00e4\u00e4r\u00e4n p\u00e4\u00e4tt\u00e4\u00e4 hyvinvointialue.<\/p>\n<h2>Sama ty\u00f6\u00a0\u2013 eri korvaus<\/h2>\n<p>Ty\u00f6teht\u00e4v\u00e4t voivat olla hyvin samanlaiset riippumatta siit\u00e4, maksetaanko niist\u00e4 palkkaa vai ty\u00f6osuusrahaa.<\/p>\n<p>Ty\u00f6osuusraha tukee ty\u00f6toiminnassa k\u00e4ymist\u00e4. Palkka on korvaus tehdyst\u00e4 ty\u00f6st\u00e4.<\/p>\n<p><strong>Teksti:<\/strong> Mira Vihmo<br \/>\n<strong>Kuva:<\/strong> Unsplash<\/p>\n","protected":false},"excerpt":{"rendered":"<p>T\u00e4lt\u00e4 sivulta voit lukea, mit\u00e4 eroa on palkalla ja ty\u00f6osuusrahalla. Palkka on korvaus tehdyst\u00e4 ty\u00f6st\u00e4 Sinulle maksetaan ty\u00f6st\u00e4 palkkaa, kun [&hellip;]<\/p>\n","protected":false},"author":2,"featured_media":14890,"parent":22,"menu_order":13,"comment_status":"closed","ping_status":"closed","template":"","meta":{"_acf_changed":false,"footnotes":""},"class_list":["post-15096","page","type-page","status-publish","has-post-thumbnail","hentry"],"acf":[],"_links":{"self":[{"href":"https:\/\/verneri.net\/selko\/wp-json\/wp\/v2\/pages\/15096","targetHints":{"allow":["GET"]}}],"collection":[{"href":"https:\/\/verneri.net\/selko\/wp-json\/wp\/v2\/pages"}],"about":[{"href":"https:\/\/verneri.net\/selko\/wp-json\/wp\/v2\/types\/page"}],"author":[{"embeddable":true,"href":"https:\/\/verneri.net\/selko\/wp-json\/wp\/v2\/users\/2"}],"replies":[{"embeddable":true,"href":"https:\/\/verneri.net\/selko\/wp-json\/wp\/v2\/comments?post=15096"}],"version-history":[{"count":0,"href":"https:\/\/verneri.net\/selko\/wp-json\/wp\/v2\/pages\/15096\/revisions"}],"up":[{"embeddable":true,"href":"https:\/\/verneri.net\/selko\/wp-json\/wp\/v2\/pages\/22"}],"wp:featuredmedia":[{"embeddable":true,"href":"https:\/\/verneri.net\/selko\/wp-json\/wp\/v2\/media\/14890"}],"wp:attachment":[{"href":"https:\/\/verneri.net\/selko\/wp-json\/wp\/v2\/media?parent=15096"}],"curies":[{"name":"wp","href":"https:\/\/api.w.org\/{rel}","templated":true}]}}