{"id":151,"date":"2021-04-08T08:45:13","date_gmt":"2021-04-08T05:45:13","guid":{"rendered":"http:\/\/localhost\/verneri\/selko-dev\/hyvinvointi\/digi\/suositut-somepalvelut\/"},"modified":"2025-08-08T15:49:32","modified_gmt":"2025-08-08T12:49:32","slug":"suositut-somepalvelut","status":"publish","type":"page","link":"https:\/\/verneri.net\/selko\/hyvinvointi\/digipalvelut\/suositut-somepalvelut\/","title":{"rendered":"Suositut somepalvelut"},"content":{"rendered":"<p>Sosiaalisessa mediassa eli somessa voit tutustua ihmisiin ja pit\u00e4\u00e4 yhteytt\u00e4 tuttuihin.<\/p>\n<p>Eri somepalveluissa pidet\u00e4\u00e4n yhteytt\u00e4 eri tavoin. Voit k\u00e4ytt\u00e4\u00e4 niit\u00e4 palveluita, jotka sopivat sinulle parhaiten.<\/p>\n<p>T\u00e4ll\u00e4 sivulla voit tutustua suosittuihin somepalveluihin.<\/p>\n<h2>Instagram on kuvapalvelu<\/h2>\n<p>Instagramissa voit jakaa kuvia ja videoita sek\u00e4 pit\u00e4\u00e4 livel\u00e4hetyksi\u00e4.<\/p>\n<p>Instagram-tarinassa voit julkaista kuvia ja videoita, jotka katoavat 24 tunnin eli vuorokauden kuluessa. Kuvien ja videoiden p\u00e4\u00e4lle voit esimerkiksi piirt\u00e4\u00e4 ja lis\u00e4t\u00e4 teksti\u00e4 sek\u00e4 tarroja.<\/p>\n<p>Voit valita, onko Instagram-tilisi yksityinen vai julkinen. Jos tilisi on yksityinen, voit itse valita, ketk\u00e4 seuraavat tili\u00e4si.<\/p>\n<h2>Facebookin julkaisut ovat julkisia<\/h2>\n<p>Facebookissa voit julkaista omia kuulumisia, kuvia ja videoita. Voit my\u00f6s kommentoida ja jakaa muiden julkaisuja.<\/p>\n<p>Facebookissa voit my\u00f6s, liitty\u00e4 erilaisiin ryhmiin, pit\u00e4\u00e4 livel\u00e4hetyksi\u00e4, tehd\u00e4 testej\u00e4, lukea uutisia ja pelata pelej\u00e4.<\/p>\n<p>Facebookissa jakamasi asiat n\u00e4kyv\u00e4t muille Facebookin k\u00e4ytt\u00e4jille.<\/p>\n<h2>Messengerin viestit ovat yksityisi\u00e4<\/h2>\n<p>Messengeriss\u00e4 voit l\u00e4hett\u00e4\u00e4 tutuillesi esimerkiksi tekstiviestej\u00e4, \u00e4\u00e4niviestej\u00e4, kuvia ja videoita.<\/p>\n<p>Messengerin keskustelut ovat yksityisi\u00e4 eli vain keskustelun osallistujat n\u00e4kev\u00e4t ne. Keskustelukaveri voi kuitenkin kopioida ja jakaa kuvasi sek\u00e4 kirjoituksesi.<\/p>\n<p>Messengeriss\u00e4 voit my\u00f6s soittaa puheluita ja videopuheluita ilmaiseksi.<\/p>\n<p>Videokeskustelussa voit katsoa vaikkapa elokuvia, videoita tai TV-ohjelmia yhdess\u00e4 kavereiden kanssa.<\/p>\n<h2>WhatsAppissa voit perustaa ryhmi\u00e4<\/h2>\n<p>WhatsAppissa voit l\u00e4hett\u00e4\u00e4 kavereillesi esimerkiksi tekstiviestej\u00e4, \u00e4\u00e4niviestej\u00e4, kuvia ja videoita.<\/p>\n<p>Voit viestitell\u00e4 WhatsAppissa kahden kesken tai ryhmiss\u00e4.<\/p>\n<p>WhatsAppin viestit ovat salattuja eli vain keskustelun osallistujat n\u00e4kev\u00e4t ne. Muut voivat kuitenkin kopioida ja jakaa viestej\u00e4si.<\/p>\n<p>WhatsAppissa voit my\u00f6s soittaa puheluita ja videopuheluita ilmaiseksi.<\/p>\n<h2>Snapchatin julkaisut n\u00e4kyv\u00e4t hetken<\/h2>\n<p>Snapchatissa voit l\u00e4hett\u00e4\u00e4 kavereillesi viestej\u00e4 ja julkaista kuvia sek\u00e4 videoita.<\/p>\n<p>Snapit eli n\u00e4ps\u00e4ykset ovat kuvia tai lyhyit\u00e4 videoita, joihin voit lis\u00e4t\u00e4 esimerkiksi teksti\u00e4, hymi\u00f6it\u00e4 ja piirroksia.<\/p>\n<p>N\u00e4ps\u00e4ykset h\u00e4vi\u00e4v\u00e4t, kun ne on katsottu. Vaikka n\u00e4ps\u00e4ykset n\u00e4kyv\u00e4t vain hetken, muut voivat tallentaa ja jakaa ne eteenp\u00e4in.<\/p>\n<p>Tarinat sis\u00e4lt\u00e4v\u00e4t useita n\u00e4ps\u00e4yksi\u00e4. Tarinat eiv\u00e4t h\u00e4vi\u00e4 heti, kun ne on katsottu, vaan vasta vuorokauden kuluttua.<\/p>\n<p>N\u00e4ps\u00e4yksien ja tarinoiden lis\u00e4ksi voit l\u00e4hett\u00e4\u00e4 kavereillesi kirjoitettuja viestej\u00e4.<\/p>\n<h2>YouTube on videopalvelu<\/h2>\n<p>YouTubessa voit julkaista omia videoita sek\u00e4 katsoa ja kommentoida muiden videoita.<\/p>\n<p>Voit katsoa YouTube-videoita ilman, ett\u00e4 kirjaudut palveluun.<\/p>\n<p>Jos haluat julkaista omia videoita tai kommentoida muiden videoita, sinun pit\u00e4\u00e4 kirjautua YouTubeen. Kirjautumiseen tarvitset Google-tilin.<\/p>\n<p><strong>Teksti:<\/strong> Jenni Sipil\u00e4, 2021<\/p>\n<p><strong>Lis\u00e4tietoa selkokielell\u00e4:<\/strong><\/p>\n<ul>\n<li><a href=\"https:\/\/www.tukiliitto.fi\/tukiliitto-ja-yhdistykset\/kehittamistoiminta\/pida-yhteytta-netissa-helpot-ohjeet\/\" target=\"_blank\" rel=\"noopener\">N\u00e4in pid\u00e4t yhteytt\u00e4 netiss\u00e4<\/a>\u00a0(tukiliitto.fi)<\/li>\n<\/ul>\n","protected":false},"excerpt":{"rendered":"<p>Sosiaalisessa mediassa eli somessa voit tutustua ihmisiin ja pit\u00e4\u00e4 yhteytt\u00e4 tuttuihin. Eri somepalveluissa pidet\u00e4\u00e4n yhteytt\u00e4 eri tavoin. Voit k\u00e4ytt\u00e4\u00e4 niit\u00e4 [&hellip;]<\/p>\n","protected":false},"author":1,"featured_media":15077,"parent":23,"menu_order":9,"comment_status":"closed","ping_status":"closed","template":"","meta":{"_acf_changed":false,"footnotes":""},"class_list":["post-151","page","type-page","status-publish","has-post-thumbnail","hentry"],"acf":[],"_links":{"self":[{"href":"https:\/\/verneri.net\/selko\/wp-json\/wp\/v2\/pages\/151","targetHints":{"allow":["GET"]}}],"collection":[{"href":"https:\/\/verneri.net\/selko\/wp-json\/wp\/v2\/pages"}],"about":[{"href":"https:\/\/verneri.net\/selko\/wp-json\/wp\/v2\/types\/page"}],"author":[{"embeddable":true,"href":"https:\/\/verneri.net\/selko\/wp-json\/wp\/v2\/users\/1"}],"replies":[{"embeddable":true,"href":"https:\/\/verneri.net\/selko\/wp-json\/wp\/v2\/comments?post=151"}],"version-history":[{"count":0,"href":"https:\/\/verneri.net\/selko\/wp-json\/wp\/v2\/pages\/151\/revisions"}],"up":[{"embeddable":true,"href":"https:\/\/verneri.net\/selko\/wp-json\/wp\/v2\/pages\/23"}],"wp:featuredmedia":[{"embeddable":true,"href":"https:\/\/verneri.net\/selko\/wp-json\/wp\/v2\/media\/15077"}],"wp:attachment":[{"href":"https:\/\/verneri.net\/selko\/wp-json\/wp\/v2\/media?parent=151"}],"curies":[{"name":"wp","href":"https:\/\/api.w.org\/{rel}","templated":true}]}}