{"id":152,"date":"2024-12-02T11:10:54","date_gmt":"2024-12-02T09:10:54","guid":{"rendered":"http:\/\/localhost\/verneri\/selko-dev\/hyvinvointi\/digi\/kohdataan-somessa\/"},"modified":"2025-09-17T12:06:53","modified_gmt":"2025-09-17T09:06:53","slug":"kohdataan-somessa","status":"publish","type":"page","link":"https:\/\/verneri.net\/selko\/hyvinvointi\/digipalvelut\/kohdataan-somessa\/","title":{"rendered":"Kohdataan somessa"},"content":{"rendered":"<p>Sosiaalisessa mediassa eli somessa voit tutustua ihmisiin ja pit\u00e4\u00e4 yhteytt\u00e4 tuttujen kanssa.<\/p>\n<p>T\u00e4ll\u00e4 sivulla on vinkkej\u00e4 ihmisten kohtaamiseen somen palveluissa.<\/p>\n<h2>Valitse sinulle sopivat palvelut<\/h2>\n<p>Sosiaalisen median eli somen palveluita ovat esimerkiksi<\/p>\n<ul>\n<li>Instagram<\/li>\n<li>Facebook<\/li>\n<li>WhatsApp<\/li>\n<li>Snapchat<\/li>\n<li>YouTube.<\/li>\n<\/ul>\n<p>Eri palveluissa pidet\u00e4\u00e4n yhteytt\u00e4 eri tavoin. Voit k\u00e4ytt\u00e4\u00e4 niit\u00e4 palveluita, jotka sopivat sinulle parhaiten.<\/p>\n<p>Esimerkiksi Instagramissa julkaistaan kuvia, tarinoita ja videoita. WhatsAppissa l\u00e4hetet\u00e4\u00e4n viestej\u00e4 ja soitetaan videopuheluita. YouTube on tarkoitettu videoiden julkaisuun.<\/p>\n<p><strong>Pohdi:<\/strong><\/p>\n<ul>\n<li>Mit\u00e4 somen palveluita sin\u00e4 k\u00e4yt\u00e4t?<\/li>\n<li>Mit\u00e4 somen palveluita haluaisit k\u00e4ytt\u00e4\u00e4?<\/li>\n<\/ul>\n<h2>Huomioi toisten tunteet<\/h2>\n<p>Somen palveluissa yhteydenpito on erilaista kuin kasvotusten.<\/p>\n<p>Kun juttelet kaverin kanssa kasvotusten, n\u00e4et h\u00e4nen ilmeens\u00e4 ja eleens\u00e4. Kuulet my\u00f6s h\u00e4nen \u00e4\u00e4nens\u00e4. Ne kertovat sinulle, milt\u00e4 kaveristasi tuntuu.<\/p>\n<p>Somessa et aina n\u00e4e keskustelukaveriasi. Silloin sinun voi olla vaikea tiet\u00e4\u00e4, milt\u00e4 kaveristasi tuntuu.<\/p>\n<p>Mieti seuraavia asioita, kun kirjoitat somessa:<\/p>\n<ul>\n<li>Milt\u00e4 sanomasi asiat tuntuvat muista?<\/li>\n<li>Milt\u00e4 sinusta tuntuisi, jos joku sanoisi saman asian sinulle?<\/li>\n<li>Sanoisitko saman asian kasvotusten?<\/li>\n<\/ul>\n<p>N\u00e4in huomioit toisten tunteet somessa:<\/p>\n<ul>\n<li>Ole kohtelias ja yst\u00e4v\u00e4llinen<\/li>\n<li>Rohkaise ja kannusta<\/li>\n<li>Kysy ja kuuntele toisen mielipidett\u00e4<\/li>\n<li>Odota omaa vuoroasi, \u00e4l\u00e4 keskeyt\u00e4<\/li>\n<li>Jos loukkaat toisen tunteita, pyyd\u00e4 anteeksi<\/li>\n<\/ul>\n<h2>Osoita tunteita kuvilla<\/h2>\n<p>Somen palveluissa voit lis\u00e4t\u00e4 tekstin joukkoon pieni\u00e4 kuvia eli emojeita.<\/p>\n<p>Kuvilla voit lis\u00e4t\u00e4 tekstiin tunteita. Hymyilev\u00e4 naama esimerkiksi kertoo, ett\u00e4 haluat olla yst\u00e4v\u00e4llinen.<\/p>\n<p>Kuvat v\u00e4hent\u00e4v\u00e4t v\u00e4\u00e4rinymm\u00e4rryksi\u00e4.<\/p>\n<p>Kuvilla voit ilmaista my\u00f6s tunteita ja asioita, joita et osaa kirjoittaa.<\/p>\n<p>Mieti, mill\u00e4 emojilla voisit kertoa seuraavat asiat:<\/p>\n<ul>\n<li>Olen iloinen<\/li>\n<li>Tykk\u00e4\u00e4n sinusta<\/li>\n<li>Kiitos<\/li>\n<li>Minua naurattaa<\/li>\n<li>Rakastan sinua<\/li>\n<\/ul>\n<h2>Ole rehellinen ja rohkea<\/h2>\n<p>Sinulla on somessa samat oikeudet kuin muuallakin.<\/p>\n<p>Sinulla on esimerkiksi oikeus kertoa mielipiteesi. Mielipiteesi ei kuitenkaan saa loukata muita.<\/p>\n<p>Muista n\u00e4m\u00e4, kun kerrot mielipiteesi:<\/p>\n<ul>\n<li>Kerro mielipiteesi ja ajatuksesi j\u00e4m\u00e4k\u00e4sti, mutta yst\u00e4v\u00e4llisesti.<\/li>\n<li>Kerro ajatuksistasi tai tunteistasi rehellisesti, \u00e4l\u00e4 kuitenkaan loukkaa.<\/li>\n<li>Jos et ymm\u00e4rt\u00e4nyt mit\u00e4 toinen kirjoitti, kysy rohkeasti uudestaan.<\/li>\n<li>Jos jokin menee pieleen, yrit\u00e4 uudestaan.<\/li>\n<\/ul>\n<h2>Mieti rauhassa, mit\u00e4 julkaiset<\/h2>\n<p>Kun julkaiset jotain somessa, et saa sit\u00e4 sielt\u00e4 en\u00e4\u00e4 pois. Vaikka poistat julkaisun, joku on jo voinut jakaa sen eteenp\u00e4in.<\/p>\n<p>Harkitse siis rauhassa, mit\u00e4 julkaiset tai jaat.<\/p>\n<p>Somessa ei kannata jakaa mit\u00e4\u00e4n sellaista, mit\u00e4 et jakaisi muualla.<\/p>\n<p>Tarkista ennen julkaisua, n\u00e4kyyk\u00f6 julkaisusi vain yhdelle ihmiselle vai suurelle porukalle. Suurelle porukalle kannattaa jakaa vain sellaista, mink\u00e4 kaikki saavat n\u00e4hd\u00e4.<\/p>\n<p><strong>Pohdi:<\/strong><\/p>\n<ul>\n<li>Millaisia asioita sin\u00e4 olet jakanut somessa?<\/li>\n<li>Mit\u00e4 et julkaise somessa?<\/li>\n<\/ul>\n<h2>\u00c4l\u00e4 kirjoita vihaisena<\/h2>\n<p>Vihaisena tulee helposti sanottua asioita, joita katuu my\u00f6hemmin. Siksi somessa ei kannata julkaista mit\u00e4\u00e4n vihaisena.<\/p>\n<p>Jos olet vihainen, ota aikalis\u00e4. Anna tunteidesi laantua. Mieti sitten uudestaan, mit\u00e4 haluat julkaista.<\/p>\n<h2>Ole k\u00e4rsiv\u00e4llinen<\/h2>\n<p>Kaikki ei aina toimi somessa niin kuin itse haluaisi:<\/p>\n<ul>\n<li>Sinut saatetaan ymm\u00e4rt\u00e4\u00e4 v\u00e4\u00e4rin.<\/li>\n<li>Kaveri saattaa sanoa sinulle jotain ik\u00e4v\u00e4\u00e4.<\/li>\n<li>Nettiyhteys voi p\u00e4tki\u00e4, eiv\u00e4tk\u00e4 ohjelmatkaan aina toimi.<\/li>\n<\/ul>\n<p>Somen k\u00e4ytt\u00f6 vaatii k\u00e4rsiv\u00e4llisyytt\u00e4.<\/p>\n<p>Jos suututtaa, pid\u00e4 pieni tauko. Yrit\u00e4 sitten uudestaan.<\/p>\n<p>Ongelmiin kannattaa my\u00f6s pyyt\u00e4\u00e4 apua luotettavalta ihmiselt\u00e4.<\/p>\n<p><strong>Pohdi:<\/strong> Mit\u00e4 teet, jos sinua suututtaa somessa?<\/p>\n<h2>Tunnista luotettavat ihmiset<\/h2>\n<p>Somessa kaverit yleens\u00e4 n\u00e4kev\u00e4t asiat, jotka julkaiset. Siksi kannattaa harkita, keit\u00e4 pyyd\u00e4t ja hyv\u00e4ksyt kavereiksi.<\/p>\n<p>Somessa on my\u00f6s huijareita. Jos tuntematon ihminen l\u00e4hett\u00e4\u00e4 sinulle kaveripyynn\u00f6n, harkitse asiaa rauhassa. Voit ensin vaikka selvitt\u00e4\u00e4, onko teill\u00e4 yhteisi\u00e4 kavereita. Voit kysy\u00e4, miksi h\u00e4n haluaa kaveriksesi.<\/p>\n<p>Jos kaverin k\u00e4yt\u00f6s huolestuttaa sinua, pyyd\u00e4 apua luotettavalta ihmiselt\u00e4.<\/p>\n<p><strong>Pohdi:<\/strong> Ketk\u00e4 sin\u00e4 hyv\u00e4ksyt kavereiksi somessa?<\/p>\n<h2>Opettele yhdess\u00e4<\/h2>\n<p>Kohtaamista somessa kannattaa opetella yhdess\u00e4 luotettavien ihmisten kanssa.<\/p>\n<p>Pyyd\u00e4 somen k\u00e4ytt\u00f6\u00f6n apua vaikkapa<\/p>\n<ul>\n<li>ohjaajalta<\/li>\n<li>tukihenkil\u00f6lt\u00e4<\/li>\n<li>avustajalta<\/li>\n<li>perheenj\u00e4senelt\u00e4<\/li>\n<li>kaverilta.<\/li>\n<\/ul>\n<p><strong>Pohdi:<\/strong> Kenen kanssa sin\u00e4 voit opetella somen k\u00e4ytt\u00f6\u00e4?<\/p>\n<p><strong>Teksti:<\/strong> Jenni Sipil\u00e4, 2021<br \/>\n<strong>Kuva:<\/strong> iStock<\/p>\n<p><strong>L\u00e4hteet ja lis\u00e4tietoa selkokielell\u00e4:<\/strong><\/p>\n<ul>\n<li><a href=\"https:\/\/www.tukiliitto.fi\/tukiliitto-ja-yhdistykset\/kehittamistoiminta\/pida-yhteytta-netissa-helpot-ohjeet\/\" target=\"_blank\" rel=\"noopener\">N\u00e4in pid\u00e4t yhteytt\u00e4 netiss\u00e4<\/a> (tukiliitto.fi)<\/li>\n<li><a href=\"https:\/\/www.tukiliitto.fi\/tuki-ja-neuvot\/verkko-voittaa-valimatkat\/\" target=\"_blank\" rel=\"noopener\">Verkko voittaa v\u00e4limatkat<\/a> (tukiliitto.fi)<\/li>\n<\/ul>\n","protected":false},"excerpt":{"rendered":"<p>Sosiaalisessa mediassa eli somessa voit tutustua ihmisiin ja pit\u00e4\u00e4 yhteytt\u00e4 tuttujen kanssa. T\u00e4ll\u00e4 sivulla on vinkkej\u00e4 ihmisten kohtaamiseen somen palveluissa. [&hellip;]<\/p>\n","protected":false},"author":1,"featured_media":17012,"parent":23,"menu_order":11,"comment_status":"closed","ping_status":"closed","template":"","meta":{"_acf_changed":false,"footnotes":""},"class_list":["post-152","page","type-page","status-publish","has-post-thumbnail","hentry"],"acf":[],"_links":{"self":[{"href":"https:\/\/verneri.net\/selko\/wp-json\/wp\/v2\/pages\/152","targetHints":{"allow":["GET"]}}],"collection":[{"href":"https:\/\/verneri.net\/selko\/wp-json\/wp\/v2\/pages"}],"about":[{"href":"https:\/\/verneri.net\/selko\/wp-json\/wp\/v2\/types\/page"}],"author":[{"embeddable":true,"href":"https:\/\/verneri.net\/selko\/wp-json\/wp\/v2\/users\/1"}],"replies":[{"embeddable":true,"href":"https:\/\/verneri.net\/selko\/wp-json\/wp\/v2\/comments?post=152"}],"version-history":[{"count":0,"href":"https:\/\/verneri.net\/selko\/wp-json\/wp\/v2\/pages\/152\/revisions"}],"up":[{"embeddable":true,"href":"https:\/\/verneri.net\/selko\/wp-json\/wp\/v2\/pages\/23"}],"wp:featuredmedia":[{"embeddable":true,"href":"https:\/\/verneri.net\/selko\/wp-json\/wp\/v2\/media\/17012"}],"wp:attachment":[{"href":"https:\/\/verneri.net\/selko\/wp-json\/wp\/v2\/media?parent=152"}],"curies":[{"name":"wp","href":"https:\/\/api.w.org\/{rel}","templated":true}]}}