{"id":153,"date":"2020-02-24T12:05:57","date_gmt":"2020-02-24T10:05:57","guid":{"rendered":"http:\/\/localhost\/verneri\/selko-dev\/hyvinvointi\/digi\/turvallisesti-netissa\/"},"modified":"2025-11-11T08:19:14","modified_gmt":"2025-11-11T06:19:14","slug":"turvallisesti-netissa","status":"publish","type":"page","link":"https:\/\/verneri.net\/selko\/hyvinvointi\/digipalvelut\/turvallisesti-netissa\/","title":{"rendered":"Turvallisesti netiss\u00e4"},"content":{"rendered":"<p>T\u00e4ll\u00e4 sivulla on vinkkej\u00e4 netin ja somen eli sosiaalisen median turvalliseen k\u00e4ytt\u00f6\u00f6n.<\/p>\n<h2>Noudata s\u00e4\u00e4nt\u00f6j\u00e4 ja lakeja<\/h2>\n<p>Netiss\u00e4 on samat s\u00e4\u00e4nn\u00f6t kuin muuallakin el\u00e4m\u00e4ss\u00e4. S\u00e4\u00e4nn\u00f6t suojaavat netink\u00e4ytt\u00e4ji\u00e4.<\/p>\n<p>Netti\u00e4 valvovat palveluiden yll\u00e4pit\u00e4j\u00e4t ja poliisi.<\/p>\n<p>Jos rikot palvelun s\u00e4\u00e4nt\u00f6j\u00e4, voit menett\u00e4\u00e4 oikeuden k\u00e4ytt\u00e4\u00e4 palvelua.<\/p>\n<p>Jos rikot netiss\u00e4 lakia, voit saada rangaistuksen. Rangaistus voi olla esimerkiksi puhuttelu tai sakko.<\/p>\n<p>Netiss\u00e4 tapahtuvia rikoksia ovat esimerkiksi<\/p>\n<ul>\n<li>uhkailu ja vihapuhe<\/li>\n<li>henkil\u00f6tietojen varastaminen<\/li>\n<li>petokset<\/li>\n<li>seksuaalirikokset.<\/li>\n<\/ul>\n<p>Kuka tahansa voi joutua netiss\u00e4 rikoksen uhriksi. Se ei ole koskaan uhrin vika. T\u00e4rkeint\u00e4 on kertoa asiasta luotettavalle ihmiselle ja poliisille.<\/p>\n<p><strong>Pohdi:<\/strong> Kenelle kerrot, jos kohtaat netiss\u00e4 jotain huolestuttavaa?<\/p>\n<h2>Ole yst\u00e4v\u00e4llinen ja kohtelias<\/h2>\n<p>Kiusaaminen ja ik\u00e4v\u00e4t kommentit tuntuvat pahalta my\u00f6s netiss\u00e4. Ole siis yst\u00e4v\u00e4llinen ja kohtelias.<\/p>\n<p>Kirjoita netiss\u00e4 vain sellaista, mink\u00e4 voit sanoa my\u00f6s kasvotusten.<\/p>\n<p>Kiusaamista voi olla esimerkiksi<\/p>\n<ul>\n<li>nimittely ja haukkuminen<\/li>\n<li>valheiden levitt\u00e4minen<\/li>\n<li>asiattomien videoiden ja kuvien jakaminen<\/li>\n<li>toisena ihmisen\u00e4 esiintyminen.<\/li>\n<\/ul>\n<p>Netiss\u00e4 kiusaaminen on pysyv\u00e4\u00e4. Kerran netiss\u00e4 julkaistuja asioita ei saa sielt\u00e4 en\u00e4\u00e4 pois.<\/p>\n<p>Netiss\u00e4 kiusaaminen on my\u00f6s julkista. Netiss\u00e4 asiat ovat usein kaikkien n\u00e4kyvill\u00e4 ja levi\u00e4v\u00e4t helposti.<\/p>\n<p>Netiss\u00e4 kiusaaminen voi olla my\u00f6s rikos.<\/p>\n<h2>Kerro uhkailusta ja vihapuheesta<\/h2>\n<p>Netiss\u00e4 ei saa loukata tai uhkailla.<\/p>\n<p>Viharikos tarkoittaa rikosta, joka johtuu ennakkoluuloista tai vihamielisyydest\u00e4 ihmisryhm\u00e4\u00e4 kohtaan.<\/p>\n<p>Ennakkoluulot ja vihamielisyys voivat liitty\u00e4<\/p>\n<ul>\n<li>vammaisuuteen<\/li>\n<li>ihonv\u00e4riin<\/li>\n<li>seksuaaliseen suuntautumiseen<\/li>\n<li>kansalaisuuteen.<\/li>\n<\/ul>\n<p>Viharikos voi olla esimerkiksi vihapuhetta, loukkaamista tai uhkailua.<\/p>\n<p><strong>Pohdi:<\/strong> Oletko sin\u00e4 kohdannut vihapuhetta?<\/p>\n<h2>Suojele henkil\u00f6tietojasi<\/h2>\n<p>Netiss\u00e4 ei saa esiinty\u00e4 toisena henkil\u00f6n\u00e4 tai k\u00e4ytt\u00e4\u00e4 toisen henkil\u00f6tietoja ilman lupaa.<\/p>\n<p>Henkil\u00f6tietoja ovat esimerkiksi<\/p>\n<ul>\n<li>nimi<\/li>\n<li>yhteystiedot<\/li>\n<li>syntym\u00e4aika<\/li>\n<li>henkil\u00f6tunnus.<\/li>\n<\/ul>\n<p>Toisen henkil\u00f6tietojen k\u00e4ytt\u00e4minen voi olla identiteettivarkaus eli rikos.<\/p>\n<p>Henkil\u00f6tietoja saatetaan k\u00e4ytt\u00e4\u00e4 v\u00e4\u00e4rin esimerkiksi<\/p>\n<ul>\n<li>kiusaamiseen<\/li>\n<li>lainan ottamiseen<\/li>\n<li>tavaran ostamiseen netiss\u00e4.<\/li>\n<\/ul>\n<p>Anna henkil\u00f6tietosi vain luotettaville ihmisille ja verkkopalveluille.<\/p>\n<h2>Tunnista luotettavat ihmiset<\/h2>\n<p>Monissa netin palveluissa ihmiset pyyt\u00e4v\u00e4t toisiaan kavereiksi. Sin\u00e4 itse p\u00e4\u00e4t\u00e4t, kenen pyynn\u00f6t hyv\u00e4ksyt. Voit my\u00f6s itse poistaa kavereita.<\/p>\n<p>Yleens\u00e4 kaverit n\u00e4kev\u00e4t asiat, jotka julkaiset palvelussa.<\/p>\n<p>Netin palveluissa on my\u00f6s huijareita. Harkitse siksi tarkkaan, kenet hyv\u00e4ksyt kaveriksi.<\/p>\n<p>Jos tuntematon ihminen l\u00e4hett\u00e4\u00e4 sinulle kaveripyynn\u00f6n, harkitse asiaa rauhassa. Voit esimerkiksi ensin selvitt\u00e4\u00e4, onko teill\u00e4 yhteisi\u00e4 kavereita. Voit my\u00f6s kysy\u00e4, miksi h\u00e4n haluaa ryhty\u00e4 kaveriksesi.<\/p>\n<p>Jos kaveripyynt\u00f6 tai kaverin k\u00e4yt\u00f6s ep\u00e4ilytt\u00e4\u00e4 sinua, pyyd\u00e4 apua luotettavalta ihmiselt\u00e4.<\/p>\n<p><strong>Pohdi:<\/strong> Miten tunnistat luotettavat ihmiset netiss\u00e4?<\/p>\n<h2>Tunnista nettihuijaus<\/h2>\n<p>Netiss\u00e4 yritet\u00e4\u00e4n huijata rahaa monin tavoin. Huijauksilta voi kuitenkin suojautua.<\/p>\n<p>Nettihuijauksia voivat olla esimerkiksi<\/p>\n<ul>\n<li>pyynn\u00f6t l\u00e4hett\u00e4\u00e4 rahaa<\/li>\n<li>pyynn\u00f6t l\u00e4hett\u00e4\u00e4 henkil\u00f6kohtaisia tietoja<\/li>\n<li>pyynt\u00f6 avata linkki tai liitetiedosto<\/li>\n<li>valheelliset myynti-ilmoitukset<\/li>\n<li>v\u00e4\u00e4rennetyt verkkokaupat.<\/li>\n<\/ul>\n<p>\u00c4l\u00e4 koskaan l\u00e4het\u00e4 rahaa henkil\u00f6lle, jota et ole tavannut.<\/p>\n<p>\u00c4l\u00e4 l\u00e4het\u00e4 s\u00e4hk\u00f6postilla<\/p>\n<ul>\n<li>henkil\u00f6tunnusta<\/li>\n<li>salasanoja<\/li>\n<li>pankki- tai luottokortin tietoja<\/li>\n<li>pankkitunnuksia.<\/li>\n<\/ul>\n<p>Pankit, viranomaiset tai muut luotettavat tahot eiv\u00e4t koskaan pyyd\u00e4 s\u00e4hk\u00f6postilla henkil\u00f6kohtaisia tietoja.<\/p>\n<p><strong>Pohdi:<\/strong> Millaisia tietoja ei kannata jakaa netiss\u00e4?<\/p>\n<h2>Julkaise kuvia harkiten<\/h2>\n<p>Netiss\u00e4 on mukava katsella ja julkaista kuvia.<\/p>\n<p>Kun julkaiset nettiin kuvan, se on siell\u00e4 pysyv\u00e4sti. Lataa nettiin vain sellaisia kuvia, jotka kuka tahansa saa n\u00e4hd\u00e4.<\/p>\n<p>Julkaise nettiin vain kuvia, joiden julkaisemiseen sinulla on lupa. Toisen ottamaa kuvaa ei saa julkaista ilman h\u00e4nen lupaansa.<\/p>\n<p>Toisesta ihmisest\u00e4 ei my\u00f6sk\u00e4\u00e4n saa jakaa kuvia nettiin ilman lupaa. Jos haluat julkaista kuvan kaveristasi, kysy h\u00e4nelt\u00e4 ensin lupa.<\/p>\n<p>Jos joku on julkaissut sinun kuvasi ilman lupaa, voit pyyt\u00e4\u00e4 h\u00e4nt\u00e4 poistamaan kuvan. Jos h\u00e4n ei poista kuvaasi, ota yhteys sivuston yll\u00e4pit\u00e4j\u00e4\u00e4n.<\/p>\n<p><strong>Pohdi:<\/strong> Millaisia kuvia netiss\u00e4 kannattaa julkaista?<\/p>\n<h2>Suojaa seksuaalisuuttasi my\u00f6s netiss\u00e4<\/h2>\n<p>Netiss\u00e4 voi tutustua ihmisiin. Netiss\u00e4 voi joutua my\u00f6s seksuaalisen painostuksen tai rikoksen uhriksi.<\/p>\n<p>Netiss\u00e4 kohtaamasi ihminen ei v\u00e4ltt\u00e4m\u00e4tt\u00e4 ole se, joka v\u00e4itt\u00e4\u00e4 olevansa. Netiss\u00e4 on helppo valehdella esimerkiksi nimi, ik\u00e4 ja sukupuoli. My\u00f6s valokuva voi olla v\u00e4\u00e4r\u00e4.<\/p>\n<p>Joskus nettituttu voi yritt\u00e4\u00e4 painostaa seksuaalisiin tekoihin.<\/p>\n<p>Seksuaalisia tekoja ovat esimerkiksi<\/p>\n<ul>\n<li>alastonkuvien l\u00e4hett\u00e4minen<\/li>\n<li>alasti esiintyminen nettikameran kautta<\/li>\n<li>seksiin liittyvien viestien, kuvien tai videoiden l\u00e4hett\u00e4minen.<\/li>\n<\/ul>\n<p>Sinulla on oikeus p\u00e4\u00e4tt\u00e4\u00e4 seksuaalisuuteesi liittyvist\u00e4 asioista my\u00f6s netiss\u00e4.<\/p>\n<p>Jos harkitset uuden nettitutun tapaamista, soitelkaa ensin puhelimella.<\/p>\n<p>Ennen tapaamista voitte my\u00f6s mietti\u00e4, onko teill\u00e4 yhteisi\u00e4 tuttuja. Yhteiset tutut ovat hyv\u00e4 tapa varmistaa toisen henkil\u00f6llisyys.<\/p>\n<p>Jos nettituttu ehdottaa tapaamista salaisesti, \u00e4l\u00e4 suostu.<\/p>\n<p>Jos p\u00e4\u00e4t\u00e4t tavata uuden nettitutun:<\/p>\n<ul>\n<li>kerro tapaamisesta etuk\u00e4teen luotettavalle ihmisille<\/li>\n<li>sovi tapaaminen julkiselle paikalle, kuten kahvilaan<\/li>\n<li>ota tapaamiseen mukaan luotettava henkil\u00f6<\/li>\n<li>poistu paikalta heti, jos tapaamasi henkil\u00f6 tai tilanne ep\u00e4ilytt\u00e4\u00e4 sinua.<\/li>\n<\/ul>\n<h2>Kerro luotettavalle ihmiselle<\/h2>\n<p>Jos kohtaat netiss\u00e4 jotain kielletty\u00e4 tai ep\u00e4miellytt\u00e4v\u00e4\u00e4, kerro siit\u00e4 luotettavalle ihmiselle. On t\u00e4rke\u00e4\u00e4, ettet j\u00e4\u00e4 asian kanssa yksin.<\/p>\n<p>Jos joudut rikoksen uhriksi, ota yhteytt\u00e4 poliisin.<\/p>\n<p><a href=\"https:\/\/poliisi.fi\/\" target=\"_blank\" rel=\"noopener noreferrer\">P\u00e4\u00e4set poliisin sivuille t\u00e4st\u00e4 linkist\u00e4<\/a><\/p>\n<p><strong>Teksti:<\/strong> Jenni Sipil\u00e4, 2020<br \/>\n<strong>Kuvat:<\/strong> Istock<\/p>\n<p><strong>L\u00e4hteet ja lis\u00e4tietoa selkokielell\u00e4:<\/strong><\/p>\n<ul>\n<li><a href=\"https:\/\/www.tukiliitto.fi\/tukiliitto-ja-yhdistykset\/kehittamistoiminta\/verkko-voittaa-valimatkat-2\/sahkoisen-vuorovaikutuksen-opas\/\" target=\"_blank\" rel=\"noopener noreferrer\">S\u00e4hk\u00f6isen vuorovaikutuksen opas<\/a> (tukiliitto.fi)<\/li>\n<li><a href=\"https:\/\/www.tukiliitto.fi\/tukiliitto-ja-yhdistykset\/kehittamistoiminta\/verkko-voittaa-valimatkat\/\" target=\"_blank\" rel=\"noopener noreferrer\">Vinkkej\u00e4 netin k\u00e4ytt\u00f6\u00f6n<\/a> (tukiliitto.fi)<\/li>\n<li><a href=\"https:\/\/www.kuluttajaliitto.fi\/fis\/materiaalit\/kuluttajahuijaukset-netissa\/\" target=\"_blank\" rel=\"noopener\">Kuluttajahuijaukset netiss\u00e4<\/a> (kuluttajaliitto.fi)<\/li>\n<li><a href=\"https:\/\/www.kuluttajaliitto.fi\/fis\/tietopankki\/?material_type_tax=video\" target=\"_blank\" rel=\"noopener\">Videoita nettihuijauksista<\/a> (kuluttajaliitto.fi)<\/li>\n<li><a href=\"http:\/\/www.seteke.fi\/seksuaalinen-turvallisuus.html\" target=\"_blank\" rel=\"noopener noreferrer\">Seksuaalinen turvallisuus netiss\u00e4<\/a> (seteke.fi)<\/li>\n<li><a href=\"https:\/\/papunet.net\/_pelit\/_tarinat\/kuvakirja\/lue\/rikos_ja_seuraamus\" target=\"_blank\" rel=\"noopener noreferrer\">Papunet: Mik\u00e4 on rikos ja mit\u00e4 siit\u00e4 seuraa<\/a> (papunet.net)<\/li>\n<li><a href=\"https:\/\/yhdenvertaisuus.fi\/documents\/5232670\/5376058\/Esite+vammaisiin+kohdistuvista+viharikoksista.pdf\/e2b4d43d-1a66-15fc-8271-a47fb22265fc\/Esite+vammaisiin+kohdistuvista+viharikoksista.pdf\" target=\"_blank\" rel=\"noopener\">Oikeusministeri\u00f6: Mik\u00e4 on viharikos?<\/a> (yhdenvertaisuus.fi)<\/li>\n<li><a href=\"https:\/\/www.oikeus.fi\/teemat\/rikosasiat\/rikoksen-uhrina\/jos-joudut-rikoksen-uhriksi\/\" target=\"_blank\" rel=\"noopener noreferrer\">Jos joudut rikoksen uhriksi<\/a>\u00a0(oikeus.fi)<\/li>\n<\/ul>\n","protected":false},"excerpt":{"rendered":"<p>T\u00e4ll\u00e4 sivulla on vinkkej\u00e4 netin ja somen eli sosiaalisen median turvalliseen k\u00e4ytt\u00f6\u00f6n. Noudata s\u00e4\u00e4nt\u00f6j\u00e4 ja lakeja Netiss\u00e4 on samat s\u00e4\u00e4nn\u00f6t [&hellip;]<\/p>\n","protected":false},"author":1,"featured_media":14643,"parent":23,"menu_order":49,"comment_status":"closed","ping_status":"closed","template":"","meta":{"_acf_changed":false,"footnotes":""},"class_list":["post-153","page","type-page","status-publish","has-post-thumbnail","hentry"],"acf":[],"_links":{"self":[{"href":"https:\/\/verneri.net\/selko\/wp-json\/wp\/v2\/pages\/153","targetHints":{"allow":["GET"]}}],"collection":[{"href":"https:\/\/verneri.net\/selko\/wp-json\/wp\/v2\/pages"}],"about":[{"href":"https:\/\/verneri.net\/selko\/wp-json\/wp\/v2\/types\/page"}],"author":[{"embeddable":true,"href":"https:\/\/verneri.net\/selko\/wp-json\/wp\/v2\/users\/1"}],"replies":[{"embeddable":true,"href":"https:\/\/verneri.net\/selko\/wp-json\/wp\/v2\/comments?post=153"}],"version-history":[{"count":0,"href":"https:\/\/verneri.net\/selko\/wp-json\/wp\/v2\/pages\/153\/revisions"}],"up":[{"embeddable":true,"href":"https:\/\/verneri.net\/selko\/wp-json\/wp\/v2\/pages\/23"}],"wp:featuredmedia":[{"embeddable":true,"href":"https:\/\/verneri.net\/selko\/wp-json\/wp\/v2\/media\/14643"}],"wp:attachment":[{"href":"https:\/\/verneri.net\/selko\/wp-json\/wp\/v2\/media?parent=153"}],"curies":[{"name":"wp","href":"https:\/\/api.w.org\/{rel}","templated":true}]}}