{"id":16,"date":"2024-11-26T14:04:45","date_gmt":"2024-11-26T12:04:45","guid":{"rendered":"http:\/\/localhost\/verneri\/selko-dev\/hyvinvointi\/vaikuttaminen\/"},"modified":"2025-10-26T17:44:01","modified_gmt":"2025-10-26T15:44:01","slug":"vaikuttaminen","status":"publish","type":"page","link":"https:\/\/verneri.net\/selko\/hyvinvointi\/vaikuttaminen\/","title":{"rendered":"Vaikuttaminen"},"content":{"rendered":"<p>Suomessa jokaisella on oikeus vaikuttaa yhteisiin asioihin ja kertoa oma mielipiteens\u00e4.<\/p>\n<p>Hyvi\u00e4 keinoja vaikuttaa ovat esimerkiksi<\/p>\n<ul>\n<li>vaaleissa \u00e4\u00e4nest\u00e4minen<\/li>\n<li>ehdokkuus vaaleissa<\/li>\n<li>j\u00e4rjest\u00f6n toimintaan osallistuminen<\/li>\n<li>mielipidekirjoitus<\/li>\n<li>vertaistuki<\/li>\n<li>kokemusasiantuntijuus<\/li>\n<li>mielenilmaus<\/li>\n<li>kansalaisaloite.<\/li>\n<\/ul>\n<p>N\u00e4ilt\u00e4 sivuilta saat vinkkej\u00e4 vaikuttamiseen.<\/p>\n<p><strong>Kuva:<\/strong> Johannes Romppanen<\/p>\n","protected":false},"excerpt":{"rendered":"<p>Suomessa jokaisella on oikeus vaikuttaa yhteisiin asioihin ja kertoa oma mielipiteens\u00e4. Hyvi\u00e4 keinoja vaikuttaa ovat esimerkiksi vaaleissa \u00e4\u00e4nest\u00e4minen ehdokkuus vaaleissa [&hellip;]<\/p>\n","protected":false},"author":1,"featured_media":16986,"parent":8,"menu_order":538,"comment_status":"closed","ping_status":"closed","template":"","meta":{"_acf_changed":false,"footnotes":""},"class_list":["post-16","page","type-page","status-publish","has-post-thumbnail","hentry"],"acf":[],"_links":{"self":[{"href":"https:\/\/verneri.net\/selko\/wp-json\/wp\/v2\/pages\/16","targetHints":{"allow":["GET"]}}],"collection":[{"href":"https:\/\/verneri.net\/selko\/wp-json\/wp\/v2\/pages"}],"about":[{"href":"https:\/\/verneri.net\/selko\/wp-json\/wp\/v2\/types\/page"}],"author":[{"embeddable":true,"href":"https:\/\/verneri.net\/selko\/wp-json\/wp\/v2\/users\/1"}],"replies":[{"embeddable":true,"href":"https:\/\/verneri.net\/selko\/wp-json\/wp\/v2\/comments?post=16"}],"version-history":[{"count":0,"href":"https:\/\/verneri.net\/selko\/wp-json\/wp\/v2\/pages\/16\/revisions"}],"up":[{"embeddable":true,"href":"https:\/\/verneri.net\/selko\/wp-json\/wp\/v2\/pages\/8"}],"wp:featuredmedia":[{"embeddable":true,"href":"https:\/\/verneri.net\/selko\/wp-json\/wp\/v2\/media\/16986"}],"wp:attachment":[{"href":"https:\/\/verneri.net\/selko\/wp-json\/wp\/v2\/media?parent=16"}],"curies":[{"name":"wp","href":"https:\/\/api.w.org\/{rel}","templated":true}]}}