{"id":163,"date":"2020-02-26T17:31:27","date_gmt":"2020-02-26T15:31:27","guid":{"rendered":"http:\/\/localhost\/verneri\/selko-dev\/hyvinvointi\/vapaa-aika\/tuettu-vapaaehtoistyo\/"},"modified":"2025-10-30T12:06:25","modified_gmt":"2025-10-30T10:06:25","slug":"tee-vapaaehtoistyota","status":"publish","type":"page","link":"https:\/\/verneri.net\/selko\/hyvinvointi\/vapaa-aika\/tee-vapaaehtoistyota\/","title":{"rendered":"Tee vapaaehtoisty\u00f6t\u00e4"},"content":{"rendered":"<p>T\u00e4ll\u00e4 sivulla voit tutustua vapaaehtoisty\u00f6h\u00f6n. Sivulla on my\u00f6s vinkkej\u00e4 siihen, miten voit aloittaa vapaaehtoisty\u00f6n.<\/p>\n<p><iframe loading=\"lazy\" title=\"Tuettu vapaaehtoisty\u00f6\" width=\"500\" height=\"281\" src=\"https:\/\/www.youtube.com\/embed\/W4WNz4nRgUo?wmode=transparent&amp;rel=0&amp;feature=oembed\" frameborder=\"0\" allow=\"accelerometer; autoplay; clipboard-write; encrypted-media; gyroscope; picture-in-picture; web-share\" referrerpolicy=\"strict-origin-when-cross-origin\" allowfullscreen><\/iframe><\/p>\n<h2>Jokainen voi auttaa<\/h2>\n<p>Vapaaehtoisty\u00f6 on auttamista, jota tehd\u00e4\u00e4n ilman palkkaa. Vapaaehtoisty\u00f6 voi olla vaikkapa yhdess\u00e4oloa tai tapahtumissa auttamista.<\/p>\n<p>Tuetussa vapaaehtoisty\u00f6ss\u00e4 saat tukea esimerkiksi tukihenkil\u00f6lt\u00e4 tai toiselta vapaaehtoiselta. Mukana vapaaehtoisty\u00f6ss\u00e4 voi olla my\u00f6s henkil\u00f6kohtainen avustaja.<\/p>\n<h2>Miten sin\u00e4 haluat auttaa?<\/h2>\n<p>Meill\u00e4 kaikilla on omat vahvuutemme, joita voimme hy\u00f6dynt\u00e4\u00e4 vapaaehtoisty\u00f6ss\u00e4.<\/p>\n<p>Jos haluat aloittaa vapaaehtoisty\u00f6n, pohdi seuraavia kysymyksi\u00e4:<\/p>\n<ul>\n<li>Mik\u00e4 sinulle on t\u00e4rke\u00e4\u00e4?<\/li>\n<li>Miten haluat auttaa?<\/li>\n<li>Miss\u00e4 olet hyv\u00e4?<\/li>\n<li>Millaiset teht\u00e4v\u00e4t sinua kiinnostavat?<\/li>\n<li>Millaista tukea saatat tarvita?<\/li>\n<\/ul>\n<p>Voit pohtia omia toiveitasi yhdess\u00e4 vaikkapa l\u00e4heisen ihmisen kanssa.<\/p>\n<h2>Ota yhteytt\u00e4 vapaaehtoisty\u00f6n j\u00e4rjest\u00e4j\u00e4\u00e4n<\/h2>\n<p>Vapaaehtoisty\u00f6t\u00e4 voi tehd\u00e4 esimerkiksi monissa j\u00e4rjest\u00f6iss\u00e4 ja seurakunnissa.<\/p>\n<p>Ota rohkeasti yhteytt\u00e4 oman paikkakuntasi vapaaehtoisty\u00f6n j\u00e4rjest\u00e4j\u00e4\u00e4n. Pyyd\u00e4 tarvittaessa apua vaikkapa l\u00e4heiselt\u00e4 ihmiselt\u00e4.<\/p>\n<p><a href=\"https:\/\/vapaaehtoistyo.fi\/\" target=\"_blank\" rel=\"noopener noreferrer\">Vapaaehtoisty\u00f6-sivustolla on tietoa eri paikkakuntien vapaaehtoisty\u00f6st\u00e4<\/a> (vapaaehtoistyo.fi)<\/p>\n<p>Kerro vapaaehtoistoiminnan j\u00e4rjest\u00e4j\u00e4lle toiveistasi. Kerro, mit\u00e4 haluaisit tehd\u00e4. Kerro my\u00f6s, miss\u00e4 saatat tarvita tukea.<\/p>\n<p>Voit my\u00f6s menn\u00e4 tutustumaan j\u00e4rjest\u00f6jen ja seurakuntien vapaaehtoistoimintaan.<\/p>\n<h2>Vapaaehtoistoimintaa p\u00e4\u00e4kaupunkiseudulla<\/h2>\n<p>Kehitysvammatuki 57 -yhdistys j\u00e4rjest\u00e4\u00e4 vapaaehtoistoimintaa p\u00e4\u00e4kaupunkiseudulla.\u00a0Vapaaehtoisena voit esimerkiksi auttaa j\u00e4rjest\u00e4m\u00e4\u00e4n tapahtumia, ilahduttaa yksin\u00e4isi\u00e4 tai opettaa muille omia taitojasi.<\/p>\n<p><a href=\"https:\/\/www.kvtuki57.fi\/tekemista-ja-toimintaa\/vapaaehtoistoimintaan\/\" target=\"_blank\" rel=\"noopener noreferrer\">Tutustu vapaaehtoistoimintaan<\/a> (kvtuki57.fi)<\/p>\n<p><strong>Teksti:<\/strong> Jenni Sipil\u00e4, 2020<br \/>\n<strong>Kuva:<\/strong> Satu Timperi, Kehitysvammatuki 57 ry<\/p>\n<p><strong>Lue lis\u00e4\u00e4 selkokielell\u00e4: <\/strong><a href=\"https:\/\/papuri.papunet.net\/#\/lue\/12744\/b241611f359a402703f91a9f3868f54e\/\" target=\"_blank\" rel=\"noopener noreferrer\">Sin\u00e4 voit olla vapaaehtoinen<\/a> (papunet.net)<\/p>\n","protected":false},"excerpt":{"rendered":"<p>T\u00e4ll\u00e4 sivulla voit tutustua vapaaehtoisty\u00f6h\u00f6n. Sivulla on my\u00f6s vinkkej\u00e4 siihen, miten voit aloittaa vapaaehtoisty\u00f6n. Jokainen voi auttaa Vapaaehtoisty\u00f6 on auttamista, [&hellip;]<\/p>\n","protected":false},"author":1,"featured_media":17004,"parent":24,"menu_order":102,"comment_status":"closed","ping_status":"closed","template":"","meta":{"_acf_changed":false,"footnotes":""},"class_list":["post-163","page","type-page","status-publish","has-post-thumbnail","hentry"],"acf":[],"_links":{"self":[{"href":"https:\/\/verneri.net\/selko\/wp-json\/wp\/v2\/pages\/163","targetHints":{"allow":["GET"]}}],"collection":[{"href":"https:\/\/verneri.net\/selko\/wp-json\/wp\/v2\/pages"}],"about":[{"href":"https:\/\/verneri.net\/selko\/wp-json\/wp\/v2\/types\/page"}],"author":[{"embeddable":true,"href":"https:\/\/verneri.net\/selko\/wp-json\/wp\/v2\/users\/1"}],"replies":[{"embeddable":true,"href":"https:\/\/verneri.net\/selko\/wp-json\/wp\/v2\/comments?post=163"}],"version-history":[{"count":0,"href":"https:\/\/verneri.net\/selko\/wp-json\/wp\/v2\/pages\/163\/revisions"}],"up":[{"embeddable":true,"href":"https:\/\/verneri.net\/selko\/wp-json\/wp\/v2\/pages\/24"}],"wp:featuredmedia":[{"embeddable":true,"href":"https:\/\/verneri.net\/selko\/wp-json\/wp\/v2\/media\/17004"}],"wp:attachment":[{"href":"https:\/\/verneri.net\/selko\/wp-json\/wp\/v2\/media?parent=163"}],"curies":[{"name":"wp","href":"https:\/\/api.w.org\/{rel}","templated":true}]}}