{"id":164,"date":"2024-12-02T11:15:51","date_gmt":"2024-12-02T09:15:51","guid":{"rendered":"http:\/\/localhost\/verneri\/selko-dev\/hyvinvointi\/vapaa-aika\/valokuvaus\/"},"modified":"2025-08-08T14:32:49","modified_gmt":"2025-08-08T11:32:49","slug":"valokuvaus","status":"publish","type":"page","link":"https:\/\/verneri.net\/selko\/hyvinvointi\/vapaa-aika\/valokuvaus\/","title":{"rendered":"Valokuvaus"},"content":{"rendered":"<p>Tykk\u00e4\u00e4tk\u00f6 ottaa valokuvia?<\/p>\n<p>N\u00e4ilt\u00e4 sivuilta saat vinkkej\u00e4 kuvaamiseen.<\/p>\n<p>Voit l\u00e4hett\u00e4\u00e4 kuviasi julkaistavaksi Vernerin Blogataan yhdess\u00e4 -blogiin. Julkaisemme kuvia my\u00f6s Vernerin Instagramissa ja Facebookissa.<\/p>\n<p>J\u00e4rjest\u00e4mme joka kes\u00e4 my\u00f6s kuvakilpailun. Vernerin lukijat \u00e4\u00e4nest\u00e4v\u00e4t kilpailun voittajat.<\/p>\n<p>L\u00e4het\u00e4 kuvia meille s\u00e4hk\u00f6postilla osoitteeseen verneri(at)kvl.fi. Voit l\u00e4hett\u00e4\u00e4 kuvia my\u00f6s Instagramin ja Facebookin viesteiss\u00e4.<\/p>\n","protected":false},"excerpt":{"rendered":"<p>Tykk\u00e4\u00e4tk\u00f6 ottaa valokuvia? N\u00e4ilt\u00e4 sivuilta saat vinkkej\u00e4 kuvaamiseen. Voit l\u00e4hett\u00e4\u00e4 kuviasi julkaistavaksi Vernerin Blogataan yhdess\u00e4 -blogiin. Julkaisemme kuvia my\u00f6s Vernerin [&hellip;]<\/p>\n","protected":false},"author":1,"featured_media":14690,"parent":24,"menu_order":38,"comment_status":"closed","ping_status":"closed","template":"","meta":{"_acf_changed":false,"footnotes":""},"class_list":["post-164","page","type-page","status-publish","has-post-thumbnail","hentry"],"acf":[],"_links":{"self":[{"href":"https:\/\/verneri.net\/selko\/wp-json\/wp\/v2\/pages\/164","targetHints":{"allow":["GET"]}}],"collection":[{"href":"https:\/\/verneri.net\/selko\/wp-json\/wp\/v2\/pages"}],"about":[{"href":"https:\/\/verneri.net\/selko\/wp-json\/wp\/v2\/types\/page"}],"author":[{"embeddable":true,"href":"https:\/\/verneri.net\/selko\/wp-json\/wp\/v2\/users\/1"}],"replies":[{"embeddable":true,"href":"https:\/\/verneri.net\/selko\/wp-json\/wp\/v2\/comments?post=164"}],"version-history":[{"count":0,"href":"https:\/\/verneri.net\/selko\/wp-json\/wp\/v2\/pages\/164\/revisions"}],"up":[{"embeddable":true,"href":"https:\/\/verneri.net\/selko\/wp-json\/wp\/v2\/pages\/24"}],"wp:featuredmedia":[{"embeddable":true,"href":"https:\/\/verneri.net\/selko\/wp-json\/wp\/v2\/media\/14690"}],"wp:attachment":[{"href":"https:\/\/verneri.net\/selko\/wp-json\/wp\/v2\/media?parent=164"}],"curies":[{"name":"wp","href":"https:\/\/api.w.org\/{rel}","templated":true}]}}