{"id":165,"date":"2010-09-29T13:10:26","date_gmt":"2010-09-29T10:10:26","guid":{"rendered":"http:\/\/localhost\/verneri\/selko-dev\/hyvinvointi\/vapaa-aika\/runot\/"},"modified":"2026-04-01T09:30:58","modified_gmt":"2026-04-01T06:30:58","slug":"runot","status":"publish","type":"page","link":"https:\/\/verneri.net\/selko\/hyvinvointi\/vapaa-aika\/runot\/","title":{"rendered":"Runot"},"content":{"rendered":"<p>T\u00e4ll\u00e4 sivulla on Vernerin lukijoiden runoja.<\/p>\n<p>Voit l\u00e4hett\u00e4\u00e4 oman runosi julkaistavaksi lomakkeella: <a href=\"https:\/\/verneri.net\/selko\/hyvinvointi\/vapaa-aika\/runot\/laheta-runo\/\">L\u00e4het\u00e4 runo<\/a><\/p>\n<p>Lue my\u00f6s vinkit runojen kirjoittamiseen:\u00a0<a href=\"https:\/\/verneri.net\/selko\/hyvinvointi\/vapaa-aika\/runot\/vinkit-runojen-kirjoittamiseen\/\">Vinkit runojen kirjoittamiseen<\/a><\/p>\n<h2>P\u00e4\u00e4si\u00e4inen<\/h2>\n<p>Kev\u00e4taurinko nousee varhain,<br \/>\nkultaa pellot lempe\u00e4ll\u00e4\u00e4n.<br \/>\nP\u00e4\u00e4si\u00e4inen hiipii varhain,<br \/>\nvalon siivill\u00e4 syd\u00e4meen.<br \/>\nPupu juoksee pitkin pihaa,<br \/>\nruoho her\u00e4\u00e4 vihre\u00e4\u00e4n.<br \/>\nPiiloon munat, nauru kihaa,<br \/>\nilo tarttuu el\u00e4m\u00e4\u00e4n.<br \/>\nPajun oksat kevyesti<br \/>\nheiluu tuulessa hopeaa,<br \/>\nkev\u00e4\u00e4n taika hiljaisesti<br \/>\nmaailmaa taas her\u00e4tt\u00e4\u00e4.<\/p>\n<p>Hyv\u00e4\u00e4 p\u00e4\u00e4si\u00e4ist\u00e4<\/p>\n<p><strong>Kirjoittaja:<\/strong> Elina J\u00e4\u00e4skel\u00e4inen<\/p>\n<h2>Toivo<\/h2>\n<p>Takatalvi.<br \/>\nSataa r\u00e4nt\u00e4\u00e4,<br \/>\nhuhtikuussa.<br \/>\nKoleaa.<br \/>\nAurinko<br \/>\npiilossa.<\/p>\n<p>Toukokuussa<br \/>\npuissa silmuja.<br \/>\nLeskenlehdet<br \/>\npilkist\u00e4v\u00e4t mullasta.<br \/>\nTarkenee ulkona<br \/>\nilman takkia.<\/p>\n<p>Kes\u00e4kuussa<br \/>\ntarvitsee jo<br \/>\naurinkolaseja.<br \/>\nShortseja<br \/>\nja t-paitaa.<\/p>\n<p>Vuodenaikojen<br \/>\nkiertokulkuun<br \/>\nsis\u00e4ltyy aina<br \/>\nvalon ja l\u00e4mm\u00f6n<br \/>\ntoivo!<\/p>\n<p><strong>Kirjoittaja:<\/strong> Pia<\/p>\n<h2>El\u00e4m\u00e4nviisaus<\/h2>\n<p>Lapsena<br \/>\naikaa<br \/>\ntuntuu olevan<br \/>\nloputtomasti,<br \/>\nlomat loputtomia,<br \/>\nsamoin arkip\u00e4iv\u00e4t.<\/p>\n<p>Nuorena<br \/>\nelet\u00e4\u00e4n unelmoiden,<br \/>\nkaikki tuntuu<br \/>\nmahdolliselta.<\/p>\n<p>Aikuisena<br \/>\nruuhkavuodet,<br \/>\nel\u00e4m\u00e4<br \/>\njongl\u00f6\u00f6rauksena.<\/p>\n<p>Kun ik\u00e4\u00e4<br \/>\nviel\u00e4 karttuu,<br \/>\noppii ehk\u00e4<br \/>\nel\u00e4m\u00e4\u00e4n hetkess\u00e4<br \/>\nja ottamaan asiat<br \/>\nsellaisina,<br \/>\nkuin ne tulevat.<\/p>\n<p>Oppia ik\u00e4 kaikki.<\/p>\n<p>El\u00e4m\u00e4nkaariviisautta.<\/p>\n<p><strong>Kirjoittaja:<\/strong> Pia<\/p>\n<h2>Lokki<\/h2>\n<p>Aamuaurinko laineiden siness\u00e4 kimalsi,<br \/>\nviel\u00e4 hell\u00e4sti verkkaan rantaan talsi.<br \/>\nMe reippaina riennettiin sis\u00e4lle talaan,<br \/>\nsielt\u00e4 tervavene, ja luodolle kalaan.<br \/>\nTyt\u00e4r ja min\u00e4, aina into piukassa,<br \/>\nvaikka kalan saanti on v\u00e4lill\u00e4 tiukassa.<\/p>\n<p>Rantakalliolla yst\u00e4v\u00e4 \u00e4\u00e4nteli meille.<br \/>\nLuullen kai menneens\u00e4 pahoille teille?<br \/>\nSinne k\u00e4\u00e4nnettiin heti veneemme kokkaa,<br \/>\nsamalla tarkkailtiin lintumme nokkaa.<br \/>\nOltiin Lokkimme nimeksi ristitty Siiri.<br \/>\nNiin kauniisti laulunsa aamuisin kiiri!<\/p>\n<p>Vilustunut y\u00f6ll\u00e4, n\u00e4ink\u00f6 \u00e4\u00e4nens\u00e4 t\u00e4rveli?<br \/>\nNokassa roikkui omituinen h\u00e4rveli?<br \/>\nTytt\u00e4reni silloin sen hetkess\u00e4 keksi.<br \/>\ntunnisti heti tuon uistimeksi.<br \/>\nMutta miksi se nokassaan kanteli tuota,<br \/>\nja kiireell\u00e4 linkutti rantakiven luota?<\/p>\n<p>Sen koommin ei Siiri\u00e4 n\u00e4hty en\u00e4\u00e4?<br \/>\nNiinp\u00e4 katiskoille meno ei tehnyt ten\u00e4\u00e4.<br \/>\nJa kun tullessa palasimme rantakiven luota,<br \/>\nsiin\u00e4 Siiri taas nokassaan ravisti tuota,<br \/>\n&#8211; uistinta, jonka irti temmata vois.<br \/>\nN\u00e4hdess\u00e4\u00e4n meid\u00e4t, taas linkutti pois.<\/p>\n<p>Ei luottanut, uskonut avuntuojaan,<br \/>\nvaan kiireell\u00e4 h\u00e4ipyi pajukon suojaan.<br \/>\nLuovuttiin hetkess\u00e4 kykymme sietoon,<br \/>\nja p\u00e4\u00e4tettiin luottaa k\u00e4nnyk\u00e4n tietoon.<br \/>\nSoitimme palokuntaan, h\u00e4t\u00e4puhelulla,<br \/>\njosta luvattiin kiireell\u00e4 apuun tulla.<\/p>\n<p>Ei kauaa mennyt, paatti laineilla ui.<br \/>\nPian veneemme viereen rantautui.<br \/>\nTunnin, kaksikin koettivat etsi\u00e4,<br \/>\nhaavit k\u00e4siss\u00e4\u00e4n l\u00e4hirantametsi\u00e4.<br \/>\nMutta harmillisesti, t\u00e4ll\u00e4 er\u00e4\u00e4,<br \/>\njoutuivat vet\u00e4m\u00e4\u00e4n \u201dvesiper\u00e4\u00e4\u201d.<\/p>\n<p>Illalla p\u00e4\u00e4timme etsi\u00e4 viel\u00e4,<br \/>\ns\u00e4\u00e4limme raukkaa, jossain siell\u00e4.<br \/>\nN\u00e4htiin rannalla, takana ruohikon<br \/>\njotain valkeaa, tiesin mik\u00e4 se on?<br \/>\nKiinni kaulasta, siimalla, puun juurakon alla<br \/>\nkai k\u00e4rsimys helpottui, kuristumalla!<br \/>\nKun uistinta irrotin, ei vastarintaa!<br \/>\nSai haudalleen kultaista hiekkaa pintaan.<\/p>\n<p>Siiman heikkous joskus taistelun ratkaisi.<br \/>\nEhk\u00e4 Kuha tai Hauki sen hetkess\u00e4 katkaisi?<br \/>\nLeukapieless\u00e4 uistin, kala kuolemaan ui.<br \/>\nJossain kaislikon reunassa, rannalla kellui.<br \/>\nHiljaiseen hautaansa, aaltojen tuomaa,<br \/>\nlent\u00e4ess\u00e4\u00e4n yli my\u00f6s Siiri sen huomaa.<\/p>\n<p>Ei kovinkaan montaa maukasta palasta<br \/>\nlokki enn\u00e4tt\u00e4nyt nauttia pehme\u00e4st\u00e4 kalasta,<br \/>\nkun takertui karmeaan, kiduttavaan loukkuun,<br \/>\nkippuraan siimaan, ja ter\u00e4v\u00e4\u00e4n koukkuun.<br \/>\nToivoi apua meilt\u00e4, luotto ihmiseen puuttui,<br \/>\nlopulta pajukon juurakkoon juuttui.<br \/>\nT\u00e4t\u00e4 uistinta s\u00e4ilyt\u00e4n verkkovajassa,<br \/>\nroikkuu siimastaan, muistona katonrajassa.<\/p>\n<p><strong>Kirjoittaja:<\/strong> Hannu Pirinen<\/p>\n<h2>Talvi<\/h2>\n<p>Lumi peitt\u00e4\u00e4 maan.<br \/>\nPuut ovat valkoisia.<br \/>\nJ\u00e4\u00e4 kimaltelee joessa.<br \/>\nTuuli puhaltaa kylm\u00e4sti.<br \/>\nLapset leikkiv\u00e4t lumessa.<br \/>\nTalvi on kaunis ja hiljainen.<\/p>\n<p><strong>Kirjoittaja:<\/strong> Elina J\u00e4\u00e4skel\u00e4inen<\/p>\n<h2>Yst\u00e4vyys<\/h2>\n<p>Yst\u00e4vyys kivasti kurkistaa,<br \/>\nyst\u00e4vyys hellii ja lohduttaa.<br \/>\nYst\u00e4vyys k\u00e4den suo l\u00e4mp\u00f6isen,<br \/>\nyst\u00e4vyys lahja on jokaisen.<br \/>\nYst\u00e4v\u00e4ni, jos voisin antaa sinulle yhden ominaisuuden,<br \/>\nantaisin sinulle kyvyn n\u00e4hd\u00e4 itsesi,<br \/>\nkuten muut sinut n\u00e4kev\u00e4t.<br \/>\nSilloin voisit havaita, miten verraton olet.<br \/>\nToivon Sinun polullesi onnenkukkaa monta,<br \/>\nmonta ilon aamua ja iltaa surutonta.<\/p>\n<p><strong>Kirjoittaja:<\/strong> Jemppu<\/p>\n<h2>Lintu<\/h2>\n<p>Lintu lensi oksalle<br \/>\nSanna pada Vaasa<br \/>\nedesmennyt.<\/p>\n<p><strong>Kirjoittaja:<\/strong> Pasi Haapa-aho<\/p>\n<h2>Enkelit\u00e4hdet<\/h2>\n<p>T\u00e4hti, taivas, maa ja kuu.<br \/>\nVarjoissa t\u00e4htien linnut lent\u00e4\u00e4,<br \/>\nenkeleit\u00e4 ne nimelt\u00e4\u00e4n ovat.<br \/>\nT\u00e4hdet ymp\u00e4rill\u00e4 laulaa enkelten laulua.<br \/>\nKellot kilahtaa,<br \/>\nkun t\u00e4hdelt\u00e4 toivoo.<br \/>\nT\u00e4hti heitt\u00e4\u00e4 toivomuksen juuttis\u00e4kkiin.<br \/>\nTulee j\u00e4ttil\u00e4inen Y\u00f6-nimelt\u00e4\u00e4n<br \/>\nja heitt\u00e4\u00e4 s\u00e4kin olalleen.<br \/>\nMaahan ne pilvien v\u00e4list\u00e4 heitt\u00e4\u00e4 ihmisille.<br \/>\nMaan laulu enkelten siivist\u00e4 roikkuvat kellot,<br \/>\nne heijastavat t\u00e4htien varjoja p\u00e4\u00e4lle maan.<\/p>\n<p><strong>Kirjoittaja:<\/strong> S\u00e4rkynyt enkeli<\/p>\n<h2>T\u00e4htiportaat<\/h2>\n<p>Kosmoksen linnunrataa kiert\u00e4en t\u00e4htiportaat kohosivat kuuhun.<br \/>\nKuukansa asteli kuuhun Kirahvin j\u00e4lki\u00e4 seuraten.<br \/>\nVarjoissa vaeltaen.<br \/>\nT\u00e4htien varjoissa keih\u00e4it\u00e4 yhteen ly\u00f6den.<br \/>\nKhoi-kansa kuun pimeyden.<br \/>\nEsi-is\u00e4in j\u00e4lki\u00e4 seuraten.<br \/>\nKuu hymyili taivaalla.<br \/>\nVarjoille maan.<br \/>\nMuinaisuuden riittien mukaan Afrikan vanhojen laulujen my\u00f6t\u00e4.<\/p>\n<p><strong>Nimimerkki:<\/strong> S\u00e4rkynyt enkeli<\/p>\n<h2>Erilainen<\/h2>\n<p>Dumbolla<br \/>\non isot korvat,<br \/>\nett\u00e4 se voi lent\u00e4\u00e4.<\/p>\n<p>Rumasta<br \/>\nankanpoikasesta<br \/>\nkasvaa<br \/>\nupea valkea joutsen.<\/p>\n<p>Albatrossi<br \/>\non k\u00f6mpel\u00f6<br \/>\nmaalla,<br \/>\nmutta<br \/>\nliit\u00e4\u00e4 uljaasti<br \/>\nmerten yll\u00e4.<\/p>\n<p>Erilaisuus<br \/>\nvoi olla siunaus<br \/>\nvalepuvussa.<\/p>\n<p>Erilainen,<br \/>\nei v\u00e4hempiarvoinen.<\/p>\n<p>Ehk\u00e4 jopa<br \/>\nerityiskyvyill\u00e4<br \/>\nvarustettu.<\/p>\n<p><strong>Kirjoittaja:<\/strong> Pia<\/p>\n<h2>Kes\u00e4loma<\/h2>\n<p>Kes\u00e4ll\u00e4 on Sankareiden kes\u00e4toiminta<br \/>\nSe on kivaa<\/p>\n<p><strong>Kirjoittaja:<\/strong> Masi<\/p>\n<h2>Mit\u00e4 Yst\u00e4vyys on?<\/h2>\n<p>Aito yst\u00e4v\u00e4 on se,<br \/>\njoka kuuntelee silloinkin,<br \/>\nkun sanat j\u00e4\u00e4v\u00e4t kesken.<\/p>\n<p>Se, joka n\u00e4kee sinun hymyn takaa v\u00e4symyksen<br \/>\nja pysyy silti vierell\u00e4.<\/p>\n<p>Yst\u00e4v\u00e4 ei lupaa helppoa tiet\u00e4,<br \/>\nmutta kulkee sen kanssasi.<br \/>\nJakaa naurun,<br \/>\nkantaa hiljaisuuden,<br \/>\neik\u00e4 kysy vastapalveluksia.<\/p>\n<p>Kun maailma tuntuu liian suurelta,<br \/>\nyst\u00e4v\u00e4 muistuttaa kuka olet.<br \/>\nKun unohdat oman arvosi,<br \/>\nh\u00e4n n\u00e4kee sen puolestasi.<\/p>\n<p>Yst\u00e4vyys ei ole t\u00e4ydellisyytt\u00e4,<br \/>\nvaan aitoa l\u00e4sn\u00e4oloa.<br \/>\nJa siksi se on yksi el\u00e4m\u00e4n<br \/>\nkauneimmista lahjoista,<br \/>\njonka olet saanut kokea el\u00e4m\u00e4si varella.<\/p>\n<p><strong>Kirjoittaja:<\/strong> Valtteri Knuutinen<\/p>\n","protected":false},"excerpt":{"rendered":"<p>T\u00e4ll\u00e4 sivulla on Vernerin lukijoiden runoja. Voit l\u00e4hett\u00e4\u00e4 oman runosi julkaistavaksi lomakkeella: L\u00e4het\u00e4 runo Lue my\u00f6s vinkit runojen kirjoittamiseen:\u00a0Vinkit runojen [&hellip;]<\/p>\n","protected":false},"author":1,"featured_media":18199,"parent":24,"menu_order":44,"comment_status":"closed","ping_status":"closed","template":"","meta":{"_acf_changed":false,"footnotes":""},"class_list":["post-165","page","type-page","status-publish","has-post-thumbnail","hentry"],"acf":[],"_links":{"self":[{"href":"https:\/\/verneri.net\/selko\/wp-json\/wp\/v2\/pages\/165","targetHints":{"allow":["GET"]}}],"collection":[{"href":"https:\/\/verneri.net\/selko\/wp-json\/wp\/v2\/pages"}],"about":[{"href":"https:\/\/verneri.net\/selko\/wp-json\/wp\/v2\/types\/page"}],"author":[{"embeddable":true,"href":"https:\/\/verneri.net\/selko\/wp-json\/wp\/v2\/users\/1"}],"replies":[{"embeddable":true,"href":"https:\/\/verneri.net\/selko\/wp-json\/wp\/v2\/comments?post=165"}],"version-history":[{"count":0,"href":"https:\/\/verneri.net\/selko\/wp-json\/wp\/v2\/pages\/165\/revisions"}],"up":[{"embeddable":true,"href":"https:\/\/verneri.net\/selko\/wp-json\/wp\/v2\/pages\/24"}],"wp:featuredmedia":[{"embeddable":true,"href":"https:\/\/verneri.net\/selko\/wp-json\/wp\/v2\/media\/18199"}],"wp:attachment":[{"href":"https:\/\/verneri.net\/selko\/wp-json\/wp\/v2\/media?parent=165"}],"curies":[{"name":"wp","href":"https:\/\/api.w.org\/{rel}","templated":true}]}}