{"id":16598,"date":"2025-06-26T12:19:39","date_gmt":"2025-06-26T09:19:39","guid":{"rendered":"http:\/\/localhost\/verneri\/selko-dev\/hyvinvointi\/vapaa-aika\/valokuvaus\/kwa\/"},"modified":"2025-09-04T09:31:59","modified_gmt":"2025-09-04T06:31:59","slug":"kesaloma","status":"publish","type":"page","link":"https:\/\/verneri.net\/selko\/hyvinvointi\/vapaa-aika\/valokuvaus\/kesaloma\/","title":{"rendered":"Kes\u00e4loma"},"content":{"rendered":"<p>Kes\u00e4loma-kilpailuun l\u00e4hetettiin kymmeni\u00e4 upeita kuvia kes\u00e4st\u00e4 ja lomasta.<\/p>\n<p>Alla n\u00e4et kilpailuun l\u00e4hetetyt kuvat.<\/p>\n<p>Kilpailun voittivat<\/p>\n<ul>\n<li>Katjuska kuvalla Py\u00f6r\u00e4ilem\u00e4ss\u00e4<\/li>\n<li>Essi Lievonen kuvalla El\u00e4intarhassa el\u00e4imi\u00e4 katsomassa<\/li>\n<li>Valtteri Kalliom\u00e4ki kuvalla Min\u00e4 ja lehm\u00e4<\/li>\n<li>Elina J\u00e4\u00e4skel\u00e4inen kuvalla M\u00f6kill\u00e4<\/li>\n<li>Marjo Hakulinen kuvalla Saku Sammakko kosiomatkalla<\/li>\n<li>Jaakko Lehtola kuvalla Ratsastamassa<\/li>\n<li>Hanna Ronkainen kuvalla Kukat ovat iloni<\/li>\n<\/ul>\n","protected":false},"excerpt":{"rendered":"<p>Kes\u00e4loma-kilpailuun l\u00e4hetettiin kymmeni\u00e4 upeita kuvia kes\u00e4st\u00e4 ja lomasta. Alla n\u00e4et kilpailuun l\u00e4hetetyt kuvat. Kilpailun voittivat Katjuska kuvalla Py\u00f6r\u00e4ilem\u00e4ss\u00e4 Essi Lievonen [&hellip;]<\/p>\n","protected":false},"author":1,"featured_media":0,"parent":164,"menu_order":7,"comment_status":"closed","ping_status":"closed","template":"page-kuvakilpailu.php","meta":{"_acf_changed":false,"footnotes":""},"class_list":["post-16598","page","type-page","status-publish","hentry"],"acf":[],"_links":{"self":[{"href":"https:\/\/verneri.net\/selko\/wp-json\/wp\/v2\/pages\/16598","targetHints":{"allow":["GET"]}}],"collection":[{"href":"https:\/\/verneri.net\/selko\/wp-json\/wp\/v2\/pages"}],"about":[{"href":"https:\/\/verneri.net\/selko\/wp-json\/wp\/v2\/types\/page"}],"author":[{"embeddable":true,"href":"https:\/\/verneri.net\/selko\/wp-json\/wp\/v2\/users\/1"}],"replies":[{"embeddable":true,"href":"https:\/\/verneri.net\/selko\/wp-json\/wp\/v2\/comments?post=16598"}],"version-history":[{"count":0,"href":"https:\/\/verneri.net\/selko\/wp-json\/wp\/v2\/pages\/16598\/revisions"}],"up":[{"embeddable":true,"href":"https:\/\/verneri.net\/selko\/wp-json\/wp\/v2\/pages\/164"}],"wp:attachment":[{"href":"https:\/\/verneri.net\/selko\/wp-json\/wp\/v2\/media?parent=16598"}],"curies":[{"name":"wp","href":"https:\/\/api.w.org\/{rel}","templated":true}]}}