{"id":166,"date":"2011-02-07T15:45:47","date_gmt":"2011-02-07T13:45:47","guid":{"rendered":"http:\/\/localhost\/verneri\/selko-dev\/hyvinvointi\/vapaa-aika\/lemmikit\/"},"modified":"2025-09-17T09:46:41","modified_gmt":"2025-09-17T06:46:41","slug":"lemmikit","status":"publish","type":"page","link":"https:\/\/verneri.net\/selko\/hyvinvointi\/vapaa-aika\/lemmikit\/","title":{"rendered":"Lemmikit"},"content":{"rendered":"<p>Pid\u00e4tk\u00f6 el\u00e4imist\u00e4? Haaveiletko omasta lemmikist\u00e4?<\/p>\n<p>N\u00e4ilt\u00e4 sivuilta saat tietoa lemmikeist\u00e4 ja vinkkej\u00e4 siihen, miss\u00e4 ja miten voit tavata el\u00e4imi\u00e4.<\/p>\n<p>Voit vastata my\u00f6s leikkimielisen lemmikkitestin kysymyksiin.<\/p>\n","protected":false},"excerpt":{"rendered":"<p>Pid\u00e4tk\u00f6 el\u00e4imist\u00e4? Haaveiletko omasta lemmikist\u00e4? N\u00e4ilt\u00e4 sivuilta saat tietoa lemmikeist\u00e4 ja vinkkej\u00e4 siihen, miss\u00e4 ja miten voit tavata el\u00e4imi\u00e4. Voit [&hellip;]<\/p>\n","protected":false},"author":1,"featured_media":17014,"parent":24,"menu_order":75,"comment_status":"open","ping_status":"closed","template":"","meta":{"_acf_changed":false,"footnotes":""},"class_list":["post-166","page","type-page","status-publish","has-post-thumbnail","hentry"],"acf":[],"_links":{"self":[{"href":"https:\/\/verneri.net\/selko\/wp-json\/wp\/v2\/pages\/166","targetHints":{"allow":["GET"]}}],"collection":[{"href":"https:\/\/verneri.net\/selko\/wp-json\/wp\/v2\/pages"}],"about":[{"href":"https:\/\/verneri.net\/selko\/wp-json\/wp\/v2\/types\/page"}],"author":[{"embeddable":true,"href":"https:\/\/verneri.net\/selko\/wp-json\/wp\/v2\/users\/1"}],"replies":[{"embeddable":true,"href":"https:\/\/verneri.net\/selko\/wp-json\/wp\/v2\/comments?post=166"}],"version-history":[{"count":0,"href":"https:\/\/verneri.net\/selko\/wp-json\/wp\/v2\/pages\/166\/revisions"}],"up":[{"embeddable":true,"href":"https:\/\/verneri.net\/selko\/wp-json\/wp\/v2\/pages\/24"}],"wp:featuredmedia":[{"embeddable":true,"href":"https:\/\/verneri.net\/selko\/wp-json\/wp\/v2\/media\/17014"}],"wp:attachment":[{"href":"https:\/\/verneri.net\/selko\/wp-json\/wp\/v2\/media?parent=166"}],"curies":[{"name":"wp","href":"https:\/\/api.w.org\/{rel}","templated":true}]}}