{"id":167,"date":"2024-12-02T11:15:51","date_gmt":"2024-12-02T09:15:51","guid":{"rendered":"http:\/\/localhost\/verneri\/selko-dev\/hyvinvointi\/vapaa-aika\/lemmikit-tarvitsevat-hoitoa\/"},"modified":"2025-08-27T16:16:18","modified_gmt":"2025-08-27T13:16:18","slug":"lemmikit-tarvitsevat-hoitoa","status":"publish","type":"page","link":"https:\/\/verneri.net\/selko\/hyvinvointi\/vapaa-aika\/lemmikit\/lemmikit-tarvitsevat-hoitoa\/","title":{"rendered":"Lemmikit tarvitsevat hoitoa"},"content":{"rendered":"<p>Hyvinvoivasta lemmikist\u00e4 on paljon iloa omistajalleen. Lemmikit tarvitsevat s\u00e4\u00e4nn\u00f6llist\u00e4 hoitoa ja huolenpitoa, jotta ne voivat hyvin ja pysyv\u00e4t tervein\u00e4.<\/p>\n<h2>Koira tarvitsee paljon hoitoa<\/h2>\n<p>Jokainen koira on omanlaisensa ja tarvitsee omanlaistaan hoitoa. Koiran tarpeisiin vaikuttaa sen rotu tai rodut, jos koira on sekarotuinen.<\/p>\n<p>Toiset koirat tarvitsevat joka p\u00e4iv\u00e4 paljon liikuntaa ja tekemist\u00e4. Toiset koirat tarvitsevat enemm\u00e4n ihmisten seuraa.<\/p>\n<p>Jokainen koira tarvitsee<\/p>\n<ul>\n<li>laadukasta ruokaa<\/li>\n<li>liikuntaa ja mielek\u00e4st\u00e4 tekemist\u00e4<\/li>\n<li>ihmisten ja muiden koirien seuraa<\/li>\n<li>turkin, kynsien, korvien ja hampaiden hoitoa<\/li>\n<li>terveydenhoitoa (s\u00e4\u00e4nn\u00f6lliset k\u00e4ynnit el\u00e4inl\u00e4\u00e4k\u00e4rill\u00e4)<\/li>\n<li>lepoa ja omaa rauhaa<\/li>\n<li>kouluttamista.<\/li>\n<\/ul>\n<p>Koira pit\u00e4\u00e4 ulkoiluttaa kolme kertaa p\u00e4iv\u00e4ss\u00e4. Liikunnan lis\u00e4ksi koira tarvitsee seuraa ja tekemist\u00e4 my\u00f6s sis\u00e4ll\u00e4.<\/p>\n<p>Koiraa ei voi j\u00e4tt\u00e4\u00e4 pitk\u00e4ksi aikaa yksin. Siksi koiralla pit\u00e4\u00e4 olla hoitaja esimerkiksi matkojen ajaksi.<\/p>\n<p>Koiralle pit\u00e4\u00e4 opettaa, miten sen pit\u00e4\u00e4 k\u00e4ytt\u00e4yty\u00e4. Kouluttaminen vaatii aikaa ja k\u00e4rsiv\u00e4llisyytt\u00e4.<\/p>\n<p>Koiran omistaminen ei ole halpaa. Rahaa kuuluu koiran ruokiin, tarvikkeisiin ja el\u00e4inl\u00e4\u00e4k\u00e4rill\u00e4 k\u00e4ynteihin.<\/p>\n<p>Koirat el\u00e4v\u00e4t 10\u201315 vuotta.<\/p>\n<h2>Kissa voi el\u00e4\u00e4 20 vuotta<\/h2>\n<p>Kissat ovat luonteeltaan erilaisia. Toiset kissat ovat rajuja ja leikkisi\u00e4, toiset rauhallisia ja hellyydenkipeit\u00e4.<\/p>\n<p>Kissa tarvitsee<\/p>\n<ul>\n<li>laadukasta ruokaa<\/li>\n<li>liikuntaa ja leikki\u00e4<\/li>\n<li>seuraa<\/li>\n<li>omaa rauhaa<\/li>\n<li>s\u00e4\u00e4nn\u00f6llist\u00e4 el\u00e4inl\u00e4\u00e4k\u00e4rin hoitoa.<\/li>\n<\/ul>\n<p>Kissaa ei voi j\u00e4tt\u00e4\u00e4 pitk\u00e4ksi aikaa yksin. Siksi kissalla pit\u00e4\u00e4 olla hoitaja esimerkiksi matkojen ajaksi.<\/p>\n<p>Kissa viihtyy toisen kissan seurassa. Jos kissa joutuu olemaan p\u00e4iv\u00e4t yksin, kannattaa sille ottaa toinen kissa kaveriksi.<\/p>\n<p>Kissa voi el\u00e4\u00e4 15\u201320 vuotta.<\/p>\n<h2>Kani tarvitsee tilaa<\/h2>\n<p>Kanit ovat seurallisia ja liikkuvaisia. Kanit pit\u00e4v\u00e4t jyrsimisest\u00e4 ja kaivamisesta.<\/p>\n<p>Kani tarvitsee tilavan h\u00e4kin, jossa sill\u00e4 on piilopaikkoja. Lis\u00e4ksi kanin pit\u00e4\u00e4 p\u00e4\u00e4st\u00e4\u00e4 loikkimaan vapaana joka p\u00e4iv\u00e4.<\/p>\n<p>Kanilla olisi hyv\u00e4 olla kaverina toinen kani.\u00a0Lis\u00e4ksi kani viihtyy ihmisten seurassa. Useimmat kanit eiv\u00e4t kuitenkaan viihdy syliss\u00e4.<\/p>\n<p>Koska kani on luonnostaan arka ja rauhallinen el\u00e4in, se ei pid\u00e4 \u00e4kkin\u00e4isist\u00e4 liikkeist\u00e4 tai kovista \u00e4\u00e4nist\u00e4.<\/p>\n<p>Kanit tarvitsevat oikeanlaista ruokaa, jotta ne pysyv\u00e4t tervein\u00e4.<\/p>\n<p>Kanin h\u00e4kki on siivottava joka p\u00e4iv\u00e4.<\/p>\n<p>Kani el\u00e4\u00e4 5\u20138 vuotta.<\/p>\n<h2>Marsut sy\u00f6v\u00e4t paljon<\/h2>\n<p>Marsu on seurallinen el\u00e4in. Siksi sill\u00e4 on hyv\u00e4 olla kaverina toinen marsu.<\/p>\n<p>Yksin\u00e4isen marsun kanssa t\u00e4ytyy seurustella paljon. Usein marsu kiintyykin omistajaansa syv\u00e4sti.<\/p>\n<p>Marsuilla on hauras luusto ja ne ovat hyvin s\u00e4ikkyj\u00e4, siksi niit\u00e4 pit\u00e4\u00e4 k\u00e4sitell\u00e4 varovasti ja rauhallisesti.<\/p>\n<p>Marsu sairastuu helposti, jos sen ruoka ei ole laadukasta. Marsun perusruokaa on kuiva hein\u00e4. Lis\u00e4ksi marsulle pit\u00e4\u00e4 antaa joka p\u00e4iv\u00e4 C-vitamiinia. Koska marsu sy\u00f6 paljon, sen ruoka voi tulla kalliiksi.<\/p>\n<p>Yleens\u00e4 kauppojen h\u00e4kit ovat marsuille liian pieni\u00e4. Marsulle on helppo tehd\u00e4 aitaus, jonka pohjalla on muovi.<\/p>\n<p>Marsut sotkevat enemm\u00e4n kuin monet muut jyrsij\u00e4t. Siksi niiden h\u00e4kki tai aitaus pit\u00e4\u00e4 siivota usein.<\/p>\n<p>Marsu el\u00e4\u00e4 5\u20138 vuotta.<\/p>\n<h2>K\u00e4\u00e4pi\u00f6hamsteri tykk\u00e4\u00e4 kaivaa<\/h2>\n<p>K\u00e4\u00e4pi\u00f6hamstereita on useita lajeja. Moni k\u00e4\u00e4pi\u00f6hamsteri viihtyy ilman toisen hamsterin seuraa.<\/p>\n<p>K\u00e4\u00e4pi\u00f6hamsteri pit\u00e4\u00e4 kaivamisesta. Se tarvitsee tilavan h\u00e4kin tai terraarion, jossa on paksu kerros puruja ja hiekkakuppi.<\/p>\n<p>Hamsterit ovat siistej\u00e4, joten h\u00e4kki\u00e4 tai terraariota ei tarvitse puhdistaa kovin usein. Hiekkakuppi pit\u00e4\u00e4 puhdistaa p\u00e4ivitt\u00e4in.<\/p>\n<p>K\u00e4\u00e4pi\u00f6hamsteri el\u00e4\u00e4 2\u20133 vuotta.<\/p>\n<h2>Kesyrotta tarvitsee tekemist\u00e4<\/h2>\n<p>Kesyrotta on \u00e4lyk\u00e4s el\u00e4in. Se oppii helposti uusia asioita ja kesyyntyy nopeasti.<\/p>\n<p>Kesyrotta tarvitsee ison h\u00e4kin, jossa on monenlaista tekemist\u00e4. Rotan pit\u00e4\u00e4 p\u00e4\u00e4st\u00e4 liikkumaan my\u00f6s vapaana.<\/p>\n<p>Rotta on seurallinen el\u00e4in. Siksi sill\u00e4 pit\u00e4isi olla kaverina toinen rotta.<\/p>\n<p>Rotta el\u00e4\u00e4 2\u20133 vuotta.<\/p>\n<h2>Hiiret kesyyntyv\u00e4t helposti<\/h2>\n<p>Hiiret ovat vikkeli\u00e4 ja ne liikkuvat yleens\u00e4 h\u00e4m\u00e4r\u00e4ss\u00e4. Hiiret kesyyntyv\u00e4t helposti.<\/p>\n<p>Hiiri ei viihdy yksin, vaan se tarvitsee seurakseen muita hiiri\u00e4.<\/p>\n<p>Hiiri viihtyy h\u00e4kiss\u00e4, jossa on<\/p>\n<ul>\n<li>reilusti tilaa<\/li>\n<li>juoksupy\u00f6r\u00e4<\/li>\n<li>tunneleita<\/li>\n<li>pes\u00e4koppi<\/li>\n<li>paljon kutterinpurua tai h\u00f6yl\u00e4nlastuja<\/li>\n<li>pehme\u00e4\u00e4 paperia.<\/li>\n<\/ul>\n<p>H\u00e4kki pit\u00e4\u00e4 siivota s\u00e4\u00e4nn\u00f6llisesti. Vaikka h\u00e4kin siivoaa usein, se ei poista hiiren virtsasta l\u00e4htev\u00e4\u00e4 voimakasta hajua.<\/p>\n<p>Hiiret el\u00e4v\u00e4t noin kaksi vuotta.<\/p>\n<h2>Undulaatit tarvitsevat toistensa seuraa<\/h2>\n<p>Undulaatit ovat vilkkaita ja seurallisia. Siksi niit\u00e4 pit\u00e4\u00e4 olla v\u00e4hint\u00e4\u00e4n kaksi.<\/p>\n<p>Undulaatit tarvitsevat ison h\u00e4kin, jossa ne p\u00e4\u00e4sev\u00e4t lent\u00e4m\u00e4\u00e4n. Lis\u00e4ksi h\u00e4kiss\u00e4 pit\u00e4\u00e4 olla leluja ja keinuja.<\/p>\n<p>Undulaatin pit\u00e4\u00e4 p\u00e4\u00e4st\u00e4 lent\u00e4m\u00e4\u00e4n my\u00f6s vapaana mahdollisimman usein. Jos undulaatti ei p\u00e4\u00e4se lentelem\u00e4\u00e4n, se lihoo ja sairastuu.<\/p>\n<p>Iloiset undulaatit sirkuttavat \u00e4\u00e4nekk\u00e4\u00e4sti.<\/p>\n<p>Undulaatit el\u00e4v\u00e4t 8\u201315 vuotta.<\/p>\n<h2>Akvaariokalat el\u00e4v\u00e4t vuosia<\/h2>\n<p>Akvaariokalat vaativat s\u00e4\u00e4nn\u00f6llist\u00e4 hoitoa. Akvaario on pidett\u00e4v\u00e4 puhtaana ja kalat ruokittava.<\/p>\n<p>Hyviss\u00e4 oloissa pienet akvaariokalat el\u00e4v\u00e4t v\u00e4hint\u00e4\u00e4n kaksi vuotta. Isommat kalat el\u00e4v\u00e4t jopa 10-20 vuotta.<\/p>\n<p>Kaloja ei saa pit\u00e4\u00e4 py\u00f6re\u00e4ss\u00e4 kalamaljassa. Pienen maljan vesi pilaantuu helposti.<\/p>\n<p><strong>Teksti:<\/strong> Jenni Sipil\u00e4<br \/>\n<strong>Kuvat:<\/strong> Unsplash<br \/>\n<strong>L\u00e4hde:<\/strong> Suomen El\u00e4insuojeluyhdistysten liitto SEY (sey.fi)<\/p>\n","protected":false},"excerpt":{"rendered":"<p>Hyvinvoivasta lemmikist\u00e4 on paljon iloa omistajalleen. Lemmikit tarvitsevat s\u00e4\u00e4nn\u00f6llist\u00e4 hoitoa ja huolenpitoa, jotta ne voivat hyvin ja pysyv\u00e4t tervein\u00e4. Koira [&hellip;]<\/p>\n","protected":false},"author":1,"featured_media":14949,"parent":166,"menu_order":559,"comment_status":"closed","ping_status":"closed","template":"","meta":{"_acf_changed":false,"footnotes":""},"class_list":["post-167","page","type-page","status-publish","has-post-thumbnail","hentry"],"acf":[],"_links":{"self":[{"href":"https:\/\/verneri.net\/selko\/wp-json\/wp\/v2\/pages\/167","targetHints":{"allow":["GET"]}}],"collection":[{"href":"https:\/\/verneri.net\/selko\/wp-json\/wp\/v2\/pages"}],"about":[{"href":"https:\/\/verneri.net\/selko\/wp-json\/wp\/v2\/types\/page"}],"author":[{"embeddable":true,"href":"https:\/\/verneri.net\/selko\/wp-json\/wp\/v2\/users\/1"}],"replies":[{"embeddable":true,"href":"https:\/\/verneri.net\/selko\/wp-json\/wp\/v2\/comments?post=167"}],"version-history":[{"count":0,"href":"https:\/\/verneri.net\/selko\/wp-json\/wp\/v2\/pages\/167\/revisions"}],"up":[{"embeddable":true,"href":"https:\/\/verneri.net\/selko\/wp-json\/wp\/v2\/pages\/166"}],"wp:featuredmedia":[{"embeddable":true,"href":"https:\/\/verneri.net\/selko\/wp-json\/wp\/v2\/media\/14949"}],"wp:attachment":[{"href":"https:\/\/verneri.net\/selko\/wp-json\/wp\/v2\/media?parent=167"}],"curies":[{"name":"wp","href":"https:\/\/api.w.org\/{rel}","templated":true}]}}