{"id":168,"date":"2024-12-02T11:15:51","date_gmt":"2024-12-02T09:15:51","guid":{"rendered":"http:\/\/localhost\/verneri\/selko-dev\/hyvinvointi\/vapaa-aika\/vinkkeja-lemmikin-hankintaan\/"},"modified":"2025-04-25T15:10:37","modified_gmt":"2025-04-25T12:10:37","slug":"vinkit-lemmikin-hankintaan","status":"publish","type":"page","link":"https:\/\/verneri.net\/selko\/hyvinvointi\/vapaa-aika\/lemmikit\/vinkit-lemmikin-hankintaan\/","title":{"rendered":"Vinkit lemmikin hankintaan"},"content":{"rendered":"<p>Haaveiletko omasta lemmikkiel\u00e4imest\u00e4? Oletko miettinyt, millainen lemmikki sinulle sopisi?<\/p>\n<p>Hyvinvoivasta lemmikist\u00e4 on paljon iloa. Lemmikki voi hyvin, kun sit\u00e4 hoidetaan oikein.<\/p>\n<p>Eri lemmikit tarvitsevat erilaista hoitoa. Ennen lemmikin hankkimista pit\u00e4\u00e4 selvitt\u00e4\u00e4, mit\u00e4 kyseinen lemmikki tarvitsee.<\/p>\n<p>Tietoa voi etsi\u00e4 vaikkapa kirjoista ja netist\u00e4. Neuvoa kannattaa kysy\u00e4 my\u00f6s el\u00e4inkaupoista ja muilta lemmikin omistajilta.<\/p>\n<p>Alla on esimerkkej\u00e4 kysymyksist\u00e4, joita kannattaa pohtia ennen lemmikin hankkimista.<\/p>\n<h2>1. Mik\u00e4 on lemmikille tyypillist\u00e4 k\u00e4ytt\u00e4ytymist\u00e4?<\/h2>\n<p>Lemmikkiel\u00e4imen pit\u00e4\u00e4 saada tehd\u00e4 asioita, jotka ovat sille luonteenomaisia. Muuten se voi huonosti.<\/p>\n<p>Esimerkiksi undulaatin pit\u00e4\u00e4 p\u00e4\u00e4st\u00e4 lent\u00e4m\u00e4\u00e4n ja kanin pit\u00e4\u00e4 saada jyrsi\u00e4 ja kaivaa.<\/p>\n<p>Melkein kaikki el\u00e4imet tarvitsevat tilaa liikkua. Mik\u00e4\u00e4n el\u00e4in ei voi hyvin, jos se joutuu viett\u00e4m\u00e4\u00e4n paljon aikaa pieness\u00e4 h\u00e4kiss\u00e4.<\/p>\n<h2>2. Kuinka vanhaksi lemmikki el\u00e4\u00e4?<\/h2>\n<p>Monet lemmikit el\u00e4v\u00e4t vuosia, jotkut jopa kymmeni\u00e4 vuosia. Pystytk\u00f6 huolehtimaan lemmikist\u00e4 koko sen el\u00e4m\u00e4n ajan?<\/p>\n<h2>3. Millaista ruokaa lemmikki sy\u00f6?<\/h2>\n<p>Eri lemmikit\u00a0tarvitsevat erilaista ruokaa, jotta ne pysyv\u00e4t tervein\u00e4.\u00a0El\u00e4inten ruoka voi olla kallista.<\/p>\n<h2>4. Millaista liikuntaa lemmikki tarvitsee?<\/h2>\n<p>Kaikki lemmikit tarvitsevat liikuntaa. Riippuu el\u00e4imest\u00e4, miten paljon ja millaista liikuntaa se tarvitsee.<\/p>\n<p>Esimerkiksi koiran pit\u00e4\u00e4 p\u00e4\u00e4st\u00e4 ulkoilemaan v\u00e4hint\u00e4\u00e4n kolmesti p\u00e4iv\u00e4ss\u00e4. Riippuu koirasta, miten pitki\u00e4 lenkkej\u00e4 se tarvitsee. Koirien pit\u00e4\u00e4 p\u00e4\u00e4st\u00e4 juoksemaan my\u00f6s vapaana esimerkiksi koirapuistossa.<\/p>\n<h2>5. Millaista seuraa lemmikki tarvitsee?<\/h2>\n<p>Moni lemmikki tarvitsee toisen el\u00e4imen seuraa. Esimerkiksi undulaatti tarvitsee kaverikseen toisen undulaatin.<\/p>\n<p>Joillekin lemmikeille riitt\u00e4\u00e4 ihmisten seura.<\/p>\n<h2>6. Kuinka kauan lemmikki p\u00e4rj\u00e4\u00e4 yksin?<\/h2>\n<p>Mit\u00e4\u00e4n lemmikki\u00e4 ei voi j\u00e4tt\u00e4\u00e4 yksin pitk\u00e4ksi aikaa. Pohdi jo etuk\u00e4teen, kuka huolehtii lemmikist\u00e4si, kun sairastut tai l\u00e4hdet vaikkapa matkoille.<\/p>\n<h2>7. Miten lemmikin terveytt\u00e4 hoidetaan?<\/h2>\n<p>Kaikkien lemmikkien terveytt\u00e4 pit\u00e4\u00e4 hoitaa.<\/p>\n<p>Esimerkkej\u00e4 koiran terveydenhoidosta:<\/p>\n<ul>\n<li>kynsien leikkuu<\/li>\n<li>korvien, silmien ja hampaiden puhdistaminen<\/li>\n<li>turkin hoito<\/li>\n<li>matokuurin antaminen.<\/li>\n<\/ul>\n<p>Lis\u00e4ksi koira pit\u00e4\u00e4 vied\u00e4 s\u00e4\u00e4nn\u00f6llisesti el\u00e4inl\u00e4\u00e4k\u00e4rille rokotettavaksi ja tarkastettavaksi. El\u00e4inl\u00e4\u00e4k\u00e4rill\u00e4 k\u00e4ynti on kallista.<\/p>\n<h2>8. Mist\u00e4 lemmikki kannattaa hankkia?<\/h2>\n<p>Ota selv\u00e4\u00e4, mist\u00e4 lemmikki kannattaa hankkia. Luotettava kasvattaja tai el\u00e4insuojeluyhdistys ovat hyvi\u00e4 vaihtoehtoja.<\/p>\n<p>Lehtien ja netin palstoilla myyt\u00e4v\u00e4t el\u00e4imet voivat olla sairaita tai niill\u00e4 voi olla k\u00e4yt\u00f6kseen liittyvi\u00e4 ongelmia.<\/p>\n<p><strong><span class=\"lihavointi\">Teksti:<\/span><\/strong> Jenni Sipil\u00e4<br \/>\n<strong><span class=\"lihavointi\">Kuvat:<\/span><\/strong> Unsplash<br \/>\n<strong><span class=\"lihavointi\">L\u00e4hde<\/span>:<\/strong> Suomen El\u00e4insuojeluyhdistysten liitto SEY (www.sey.fi)<\/p>\n","protected":false},"excerpt":{"rendered":"<p>Haaveiletko omasta lemmikkiel\u00e4imest\u00e4? Oletko miettinyt, millainen lemmikki sinulle sopisi? Hyvinvoivasta lemmikist\u00e4 on paljon iloa. Lemmikki voi hyvin, kun sit\u00e4 hoidetaan [&hellip;]<\/p>\n","protected":false},"author":1,"featured_media":14950,"parent":166,"menu_order":566,"comment_status":"closed","ping_status":"closed","template":"","meta":{"_acf_changed":false,"footnotes":""},"class_list":["post-168","page","type-page","status-publish","has-post-thumbnail","hentry"],"acf":[],"_links":{"self":[{"href":"https:\/\/verneri.net\/selko\/wp-json\/wp\/v2\/pages\/168","targetHints":{"allow":["GET"]}}],"collection":[{"href":"https:\/\/verneri.net\/selko\/wp-json\/wp\/v2\/pages"}],"about":[{"href":"https:\/\/verneri.net\/selko\/wp-json\/wp\/v2\/types\/page"}],"author":[{"embeddable":true,"href":"https:\/\/verneri.net\/selko\/wp-json\/wp\/v2\/users\/1"}],"replies":[{"embeddable":true,"href":"https:\/\/verneri.net\/selko\/wp-json\/wp\/v2\/comments?post=168"}],"version-history":[{"count":0,"href":"https:\/\/verneri.net\/selko\/wp-json\/wp\/v2\/pages\/168\/revisions"}],"up":[{"embeddable":true,"href":"https:\/\/verneri.net\/selko\/wp-json\/wp\/v2\/pages\/166"}],"wp:featuredmedia":[{"embeddable":true,"href":"https:\/\/verneri.net\/selko\/wp-json\/wp\/v2\/media\/14950"}],"wp:attachment":[{"href":"https:\/\/verneri.net\/selko\/wp-json\/wp\/v2\/media?parent=168"}],"curies":[{"name":"wp","href":"https:\/\/api.w.org\/{rel}","templated":true}]}}