{"id":16849,"date":"2025-06-28T17:38:39","date_gmt":"2025-06-28T14:38:39","guid":{"rendered":"http:\/\/localhost\/verneri\/selko-dev\/hyvinvointi\/vapaa-aika\/runot\/laheta-runo\/"},"modified":"2025-08-08T14:40:04","modified_gmt":"2025-08-08T11:40:04","slug":"laheta-runo","status":"publish","type":"page","link":"https:\/\/verneri.net\/selko\/hyvinvointi\/vapaa-aika\/runot\/laheta-runo\/","title":{"rendered":"L\u00e4het\u00e4 runo"},"content":{"rendered":"<p>L\u00e4het\u00e4 meille runo. Julkaisemme sen Runot-sivulla.<\/p>\n","protected":false},"excerpt":{"rendered":"<p>L\u00e4het\u00e4 meille runo. Julkaisemme sen Runot-sivulla.<\/p>\n","protected":false},"author":1,"featured_media":0,"parent":165,"menu_order":0,"comment_status":"closed","ping_status":"closed","template":"page-sivu-runot-lomake.php","meta":{"_acf_changed":false,"footnotes":""},"class_list":["post-16849","page","type-page","status-publish","hentry"],"acf":[],"_links":{"self":[{"href":"https:\/\/verneri.net\/selko\/wp-json\/wp\/v2\/pages\/16849","targetHints":{"allow":["GET"]}}],"collection":[{"href":"https:\/\/verneri.net\/selko\/wp-json\/wp\/v2\/pages"}],"about":[{"href":"https:\/\/verneri.net\/selko\/wp-json\/wp\/v2\/types\/page"}],"author":[{"embeddable":true,"href":"https:\/\/verneri.net\/selko\/wp-json\/wp\/v2\/users\/1"}],"replies":[{"embeddable":true,"href":"https:\/\/verneri.net\/selko\/wp-json\/wp\/v2\/comments?post=16849"}],"version-history":[{"count":0,"href":"https:\/\/verneri.net\/selko\/wp-json\/wp\/v2\/pages\/16849\/revisions"}],"up":[{"embeddable":true,"href":"https:\/\/verneri.net\/selko\/wp-json\/wp\/v2\/pages\/165"}],"wp:attachment":[{"href":"https:\/\/verneri.net\/selko\/wp-json\/wp\/v2\/media?parent=16849"}],"curies":[{"name":"wp","href":"https:\/\/api.w.org\/{rel}","templated":true}]}}