{"id":16869,"date":"2025-08-08T14:59:40","date_gmt":"2025-08-08T11:59:40","guid":{"rendered":"http:\/\/localhost\/verneri\/selko-dev\/?page_id=16869"},"modified":"2025-10-30T13:20:21","modified_gmt":"2025-10-30T11:20:21","slug":"koti-yhteisollisessa-kerrostalossa","status":"publish","type":"page","link":"https:\/\/verneri.net\/selko\/hyvinvointi\/asuminen\/nain-mina-asun\/koti-yhteisollisessa-kerrostalossa\/","title":{"rendered":"Koti yhteis\u00f6llisess\u00e4 kerrostalossa"},"content":{"rendered":"<p>Sini Heusala ja Marianna Yrj\u00e4n\u00e4inen asuvat yhteis\u00f6llisess\u00e4 kerrostalossa.<\/p>\n<p><iframe loading=\"lazy\" title=\"Oma koti yhteis\u00f6llisess\u00e4 kerrostalossa\" width=\"500\" height=\"281\" src=\"https:\/\/www.youtube.com\/embed\/UvVsLKtpV3I?wmode=transparent&amp;rel=0&amp;feature=oembed\" frameborder=\"0\" allow=\"accelerometer; autoplay; clipboard-write; encrypted-media; gyroscope; picture-in-picture; web-share\" referrerpolicy=\"strict-origin-when-cross-origin\" allowfullscreen><\/iframe><\/p>\n<h2>Tukiasunto yhteis\u00f6llisess\u00e4 talossa<\/h2>\n<p>Me kirjoittajat asumme tukiasunnoissa, jotka ovat samassa kerrostalossa.<\/p>\n<p>Talon omistaa Setlementtiasunnot Oy, joka vuokraa asuntoja talon asukkaille.<\/p>\n<p>Talossa on yli sata tavallista asuntoa. Talossa asuu my\u00f6s muita kuin vammaisia ihmisi\u00e4.<\/p>\n<p>Kerrostalomme on yhteis\u00f6llinen talo. Asumme omissa kodeissamme eri puolilla taloa.<\/p>\n<p>Talossa on paljon kaikille yhteisi\u00e4 tiloja ja mahdollisuuksia yhteiseen tekemiseen.<\/p>\n<p>Yhteis\u00f6llisess\u00e4 kerrostalossa ei tarvitse olla yksin, jos ei halua.<\/p>\n<h2>Oman kodin rauha ja vapaus<\/h2>\n<p>Omassa kodissa t\u00e4rkeint\u00e4 on oma rauha. Omasta kodista puuttuu ylim\u00e4\u00e4r\u00e4inen meteli, eik\u00e4 siell\u00e4 ole liikaa ihmisi\u00e4.<\/p>\n<p>Omassa kodissa asioista saa p\u00e4\u00e4tt\u00e4\u00e4 itse. Voi rauhassa katsella televisiota tai kuunnella musiikkia ja \u00e4\u00e4nikirjoja.<\/p>\n<p>Voi pit\u00e4\u00e4 yhteytt\u00e4 kavereihin k\u00e4nnyk\u00e4ll\u00e4 tai pelata tietokoneella.<\/p>\n<p>Ruokaa voi tehd\u00e4 omassa keitti\u00f6ss\u00e4.<\/p>\n<h2>Kodin l\u00e4hell\u00e4 on helppo liikkua<\/h2>\n<p>Kotoa on helppo l\u00e4hte\u00e4 omille asioille. Ruokakauppa on tien toisella puolella. Bussipys\u00e4kille on lyhyt matka.<\/p>\n<p>L\u00e4hialueilla on helppoa liikkua my\u00f6s k\u00e4vellen.<\/p>\n<p>On kiva, kun saa kulkea vapaasti.<\/p>\n<h2>Yhteiset tilat ovat kaikkien k\u00e4yt\u00f6ss\u00e4<\/h2>\n<p>Talomme alakerrassa on yhteinen keitti\u00f6 ja olohuone, jotka ovat kaikkien asukkaiden k\u00e4yt\u00f6ss\u00e4.<\/p>\n<p>Olohuoneessa voi seurustella, pelailla tai katsoa televisiota yhdess\u00e4.<\/p>\n<p>Talossa on my\u00f6s harrastehuone, jonka nimi on Neppari. Nepparissa voi j\u00e4rjest\u00e4\u00e4 toimintaa ja kokouksia.<\/p>\n<p>My\u00f6s saunatilat ovat yhteiset.<\/p>\n<p>Pihalla meill\u00e4 on grillikatos, oleskelupaikka ja kukkia.<\/p>\n<h2>Osallistumme asukastoimintaan<\/h2>\n<p>Talolla n\u00e4kee usein naapureita. Monen kanssa moikataan, kun tavataan. Se tuntuu mukavalta.<\/p>\n<p>Osan kanssa olemme yst\u00e4vystyneet, kun olemme tavanneet talon yhteisiss\u00e4 tiloissa ja asukastoiminnassa.<\/p>\n<p>Kuulumme talomme asukastoimikuntaan. Asukastoimikunta suunnittelee ja j\u00e4rjest\u00e4\u00e4 toimintaa asukkaille. Sit\u00e4 varten j\u00e4rjest\u00e4mme kokouksia.<\/p>\n<p>Saamme vuokranantajalta rahaa asukastoiminnan j\u00e4rjest\u00e4miseen. Rahoilla olemme j\u00e4rjest\u00e4neet talon asukkaille esimerkiksi juhlia.<\/p>\n<p>Juhlissa olemme laulaneet yhdess\u00e4 karaokea. Illanvietto jatkui niiss\u00e4 juhlissa tosi my\u00f6h\u00e4\u00e4n.<\/p>\n<p>Ensimm\u00e4isell\u00e4 kerralla saimme karaokelaitteet lainaksi yhdelt\u00e4 asukkaalta. Nyt olemme asukastoimikunnassa p\u00e4\u00e4tt\u00e4neet hankkia talolle yhteiset karaokelaitteet.<\/p>\n<h2>Tutustuminen on t\u00e4rke\u00e4\u00e4<\/h2>\n<p>Aluksi taloon muuttaminen j\u00e4nnitti. Muihin asukkaisiin tutustuminen vaati rohkeutta.<\/p>\n<p>Tukiasumisen ohjaaja oli aluksi mukana talon yhteisess\u00e4 toiminnassa.<\/p>\n<p>J\u00e4nnitys l\u00e4hti kuitenkin pian pois. Nyt osallistumme toimintaan my\u00f6s ilman ohjaajaa.<\/p>\n<p>Nyky\u00e4\u00e4n naapureiden kanssa on helppo pys\u00e4hty\u00e4 juttelemaan. Talon yhteisist\u00e4 tiloista l\u00f6yt\u00e4\u00e4 seuraa yhteiseen tekemiseen.<\/p>\n<p>Naapureita on my\u00f6s mukava auttaa ja siit\u00e4 saa iloa. Tutulta naapurilta on helppo itse kysy\u00e4 neuvoa.<\/p>\n<p>Olemme oppineet talolla paljon uutta. Olemme mukana tekem\u00e4ss\u00e4 taloa koskevia p\u00e4\u00e4t\u00f6ksi\u00e4.<\/p>\n<p>Meille on t\u00e4rke\u00e4\u00e4, ett\u00e4 saamme tietoa yhteisist\u00e4 asioista.<\/p>\n<h2>Yksin ei tarvitse olla<\/h2>\n<p>Haluamme kannustaa muita ihmisi\u00e4 asumiseen yhteisess\u00e4 kerrostalossa. Tutustumisesta ja yhteisest\u00e4 tekemisest\u00e4 tulee hyv\u00e4 mieli.<\/p>\n<p>Talo tuntuu turvalliselta, kun on ihmisi\u00e4 auttamassa. Yksin ei tarvitse olla, vaikka asuu omassa kodissa.<\/p>\n<p><strong>Teksti:<\/strong> Sini Heusala ja Marianna Yrj\u00e4n\u00e4inen, 2021<\/p>\n<p>Teksti kirjoitettiin Kehitysvammaliiton Porukoissa-hankkeessa.<\/p>\n","protected":false},"excerpt":{"rendered":"<p>Sini Heusala ja Marianna Yrj\u00e4n\u00e4inen asuvat yhteis\u00f6llisess\u00e4 kerrostalossa. Tukiasunto yhteis\u00f6llisess\u00e4 talossa Me kirjoittajat asumme tukiasunnoissa, jotka ovat samassa kerrostalossa. Talon [&hellip;]<\/p>\n","protected":false},"author":2,"featured_media":17068,"parent":128,"menu_order":8,"comment_status":"closed","ping_status":"closed","template":"","meta":{"_acf_changed":false,"footnotes":""},"class_list":["post-16869","page","type-page","status-publish","has-post-thumbnail","hentry"],"acf":[],"_links":{"self":[{"href":"https:\/\/verneri.net\/selko\/wp-json\/wp\/v2\/pages\/16869","targetHints":{"allow":["GET"]}}],"collection":[{"href":"https:\/\/verneri.net\/selko\/wp-json\/wp\/v2\/pages"}],"about":[{"href":"https:\/\/verneri.net\/selko\/wp-json\/wp\/v2\/types\/page"}],"author":[{"embeddable":true,"href":"https:\/\/verneri.net\/selko\/wp-json\/wp\/v2\/users\/2"}],"replies":[{"embeddable":true,"href":"https:\/\/verneri.net\/selko\/wp-json\/wp\/v2\/comments?post=16869"}],"version-history":[{"count":0,"href":"https:\/\/verneri.net\/selko\/wp-json\/wp\/v2\/pages\/16869\/revisions"}],"up":[{"embeddable":true,"href":"https:\/\/verneri.net\/selko\/wp-json\/wp\/v2\/pages\/128"}],"wp:featuredmedia":[{"embeddable":true,"href":"https:\/\/verneri.net\/selko\/wp-json\/wp\/v2\/media\/17068"}],"wp:attachment":[{"href":"https:\/\/verneri.net\/selko\/wp-json\/wp\/v2\/media?parent=16869"}],"curies":[{"name":"wp","href":"https:\/\/api.w.org\/{rel}","templated":true}]}}