{"id":16872,"date":"2025-08-21T13:39:27","date_gmt":"2025-08-21T10:39:27","guid":{"rendered":"http:\/\/localhost\/verneri\/selko-dev\/?page_id=16872"},"modified":"2025-09-15T13:13:33","modified_gmt":"2025-09-15T10:13:33","slug":"varaudu-hairiotilanteeseen","status":"publish","type":"page","link":"https:\/\/verneri.net\/selko\/hyvinvointi\/asuminen\/varaudu-hairiotilanteeseen\/","title":{"rendered":"Varaudu h\u00e4iri\u00f6tilanteeseen"},"content":{"rendered":"<p>Jokaisen el\u00e4m\u00e4\u00e4n voi tulla h\u00e4iri\u00f6tilanne. Silloin arjessa ei voi toimia tavallisesti.<\/p>\n<p>H\u00e4iri\u00f6tilanteen voi aiheuttaa esimerkiksi<\/p>\n<ul>\n<li>pitk\u00e4 s\u00e4hk\u00f6katko<\/li>\n<li>pitk\u00e4 vesikatko<\/li>\n<li>myrsky tai tulva<\/li>\n<li>savu tai muu vaarallinen aine ilmassa<\/li>\n<li>pandemia eli laajalle levinnyt tauti.<\/li>\n<\/ul>\n<p>Kun varaudut h\u00e4iri\u00f6tilanteeseen etuk\u00e4teen, osaat toimia h\u00e4iri\u00f6tilanteessa.<\/p>\n<p>T\u00e4ll\u00e4 sivulla on ohjeita, joiden avulla voit varautua h\u00e4iri\u00f6tilanteeseen.<\/p>\n<h2>Hanki kotivara<\/h2>\n<p>Kotivara tarkoittaa vett\u00e4, ruokaa ja t\u00e4rkeit\u00e4 tarvikkeita kolmeksi p\u00e4iv\u00e4ksi.<\/p>\n<p>Kotivarassa on<\/p>\n<ul>\n<li>ruokaa, jota ei tarvitse kypsent\u00e4\u00e4 (esimerkiksi n\u00e4kkileip\u00e4\u00e4, p\u00e4hkin\u00f6it\u00e4 ja kuivattuja hedelmi\u00e4)<\/li>\n<li>6 litraa pullovett\u00e4<\/li>\n<li>v\u00e4ltt\u00e4m\u00e4tt\u00f6m\u00e4t l\u00e4\u00e4kkeet<\/li>\n<li>paristoja eli pattereita<\/li>\n<li>radio, joka toimii paristoilla<\/li>\n<li>taskulamppu, joka toimii paristoilla<\/li>\n<li>puhtaita kannellisia astioita veden s\u00e4ilytt\u00e4miseen<\/li>\n<li>kosteuspyyhkeit\u00e4 ja k\u00e4sidesi\u00e4<\/li>\n<li>v\u00e4h\u00e4n k\u00e4teist\u00e4 rahaa<\/li>\n<li>ilmastointiteippi\u00e4<\/li>\n<li>joditabletteja.<\/li>\n<\/ul>\n<p>Joditabletteja saat apteekista. Apteekista saat my\u00f6s tietoa joditableteista.<\/p>\n<h2>Toimi n\u00e4in h\u00e4iri\u00f6tilanteessa<\/h2>\n<p>H\u00e4iri\u00f6tilanteita on erilaisia. N\u00e4m\u00e4 ohjeet auttavat erilaisissa h\u00e4iri\u00f6tilanteissa:<\/p>\n<p>Ole h\u00e4iri\u00f6tilanteessa rauhallinen. Selvit\u00e4, mist\u00e4 tilanteessa on kyse.<\/p>\n<p>Saat tietoa esimerkiksi<\/p>\n<ul>\n<li>l\u00e4heisilt\u00e4 ihmisilt\u00e4<\/li>\n<li>viranomaisten verkkosivuilta<\/li>\n<li>Ylen eli Yleisradion radiokanavilta ja osoitteesta www.yle.fi.<\/li>\n<\/ul>\n<p>Noudata viranomaisten ohjeita.<\/p>\n<p>Suunnittele, miten toimit h\u00e4iri\u00f6tilanteessa. Voit esimerkiksi kirjoittaa itsellesi listan, jossa on t\u00e4rkeimm\u00e4t ohjeet. Lista auttaa keskittym\u00e4\u00e4n ja toimimaan.<\/p>\n<p>Pyyd\u00e4 apua, jos tarvitset.<\/p>\n<p>Auta muita, jos voit.<\/p>\n<p>\u00c4l\u00e4 j\u00e4\u00e4 yksin. Puhu l\u00e4heisten tai naapureiden kanssa. Pyyd\u00e4 apua kotikunnan tai j\u00e4rjest\u00f6jen auttavista palveluista.<\/p>\n<p>Terveydenhuollon P\u00e4ivystysapu kertoo, mist\u00e4 saat apua. P\u00e4ivystysavun puhelinnumero on 116 117. Puhelu on ilmainen.<\/p>\n<p>Mieli ry antaa kriisiapua ja keskusteluapua puhelimessa ja netiss\u00e4. Kriisipuhelimen numero on 09 2525 0111.<\/p>\n<p><a href=\"https:\/\/mieli.fi\/tukea-ja-apua\/\" target=\"_blank\" rel=\"noopener\">Lue lis\u00e4\u00e4 Mieli ry:n keskusteluavusta chatissa tai netiss\u00e4<\/a> (mieli.fi)<\/p>\n<p>Soita h\u00e4t\u00e4numeroon 112, jos tarvitset apua heti. T\u00e4llaisia tilanteita ovat esimerkiksi tulipalo, ihmisen loukkaantuminen tai muu tilanne, johon tarvitaan palokunta, ambulanssi tai poliisi.<\/p>\n<h2>Viranomaiset varoittavat vaaroista<\/h2>\n<p>H\u00e4iri\u00f6tilanteissa ja onnettomuuksissa viranomaiset antavat ohjeet, miten ihmisten t\u00e4ytyy toimia.<\/p>\n<p>Usein ensimm\u00e4iset tiedot ja ohjeet onnettomuuksista ja vaaratilanteista antaa alueen pelastuslaitos.<\/p>\n<p>Jos ulkona on vaarallista, asiasta varoitetaan vaaratiedotteella ja yleisell\u00e4 vaaramerkill\u00e4. Varoituksen syy voi olla esimerkiksi<br \/>\nmyrsky tai se, ett\u00e4 ilmassa on savua tulipalon takia.<\/p>\n<h3>Vaaratiedote<\/h3>\n<p>Vaaratiedote kertoo, mit\u00e4 on tapahtunut. Siin\u00e4 on my\u00f6s ohjeet,<br \/>\nmiten tilanteessa t\u00e4ytyy toimia. Noudata aina vaaratiedotteen ohjeita.<\/p>\n<p>Vaaratiedote luetaan radiossa Ylen kanavilla. Joskus tiedote n\u00e4ytet\u00e4\u00e4n televisiossa.<\/p>\n<p>Lataa \u00e4lypuhelimeesi 112 Suomi -sovellus. Silloin saat alueesi vaaratiedotteet suoraan puhelimeesi.<\/p>\n<h3>Vaaramerkki<\/h3>\n<p>Vaaramerkki kuuluu ulkona. Se on kova h\u00e4lytys\u00e4\u00e4ni, joka jatkuu ilman taukoja. V\u00e4lill\u00e4 \u00e4\u00e4ni nousee, ja v\u00e4lill\u00e4 se laskee.<\/p>\n<p>Jos kuulet vaaramerkin, mene sis\u00e4lle.<\/p>\n<p>Lis\u00e4tietoa tilanteesta saat vaaratiedotteesta. Noudata vaaratiedotteen ohjeita.<\/p>\n<p>Viranomaiset testaavat vaaramerkki\u00e4 lyhyell\u00e4 \u00e4\u00e4nimerkill\u00e4 joka kuukauden ensimm\u00e4isen\u00e4 maanantaina klo 12. Silloin sinun ei tarvitse tehd\u00e4 mit\u00e4\u00e4n.<\/p>\n<h2>N\u00e4in suojaudut sis\u00e4lle<\/h2>\n<p>Jos ulkona on vaarallista, tavallisin ohje on: mene sis\u00e4lle.<\/p>\n<p>Sis\u00e4lle t\u00e4ytyy menn\u00e4 esimerkiksi, jos ilmassa on vaarallista savua.<\/p>\n<p>Vaaratiedote kertoo, jos sis\u00e4lle t\u00e4ytyy suojautua.<\/p>\n<p>Toimi silloin n\u00e4in:<\/p>\n<ul>\n<li>Mene sis\u00e4lle.<\/li>\n<li>Pys\u00e4yt\u00e4 kodin ilmanvaihto.<\/li>\n<li>Sulje ovet, ikkunat ja ilmanvaihtoaukot tiiviisti teipill\u00e4 tai ilmastointiteipill\u00e4.<\/li>\n<li>Seuraa vaaratiedotteita ja toimi ohjeiden mukaan.<\/li>\n<li>Ole sis\u00e4ll\u00e4, kunnes viranomainen kertoo, ett\u00e4 tilanne on ohi.<\/li>\n<\/ul>\n<p>Teksti perustuu selkokieliseen Varaudu oikein -oppaaseen. Oppaassa on lis\u00e4\u00e4 ohjeita h\u00e4iri\u00f6tilanteeseen varautumiseen. Oppaan on tehnyt sis\u00e4ministeri\u00f6.<\/p>\n<p><a href=\"https:\/\/cdn.verkkopalvelu.suomi.fi\/files\/varautunut-parjaa-paremmin_SM_selkosuomi-8df88446129fb865a454e8863b0e97bf.pdf\" target=\"_blank\" rel=\"noopener\">Lataa Varaudu oikein -opas<\/a> (suomi.fi)<\/p>\n<p>Selkokielisell\u00e4 72 tuntia -sivustolla on ohjeet, miten varautua h\u00e4iri\u00f6tilanteeseen:<\/p>\n<p><a href=\"https:\/\/72tuntia.fi\/selko\/\" target=\"_blank\" rel=\"noopener\">Tutustu 72 tuntia -sivustoon<\/a> (72tuntia.fi)<\/p>\n","protected":false},"excerpt":{"rendered":"<p>Jokaisen el\u00e4m\u00e4\u00e4n voi tulla h\u00e4iri\u00f6tilanne. Silloin arjessa ei voi toimia tavallisesti. H\u00e4iri\u00f6tilanteen voi aiheuttaa esimerkiksi pitk\u00e4 s\u00e4hk\u00f6katko pitk\u00e4 vesikatko myrsky [&hellip;]<\/p>\n","protected":false},"author":2,"featured_media":17000,"parent":19,"menu_order":425,"comment_status":"closed","ping_status":"closed","template":"","meta":{"_acf_changed":false,"footnotes":""},"class_list":["post-16872","page","type-page","status-publish","has-post-thumbnail","hentry"],"acf":[],"_links":{"self":[{"href":"https:\/\/verneri.net\/selko\/wp-json\/wp\/v2\/pages\/16872","targetHints":{"allow":["GET"]}}],"collection":[{"href":"https:\/\/verneri.net\/selko\/wp-json\/wp\/v2\/pages"}],"about":[{"href":"https:\/\/verneri.net\/selko\/wp-json\/wp\/v2\/types\/page"}],"author":[{"embeddable":true,"href":"https:\/\/verneri.net\/selko\/wp-json\/wp\/v2\/users\/2"}],"replies":[{"embeddable":true,"href":"https:\/\/verneri.net\/selko\/wp-json\/wp\/v2\/comments?post=16872"}],"version-history":[{"count":0,"href":"https:\/\/verneri.net\/selko\/wp-json\/wp\/v2\/pages\/16872\/revisions"}],"up":[{"embeddable":true,"href":"https:\/\/verneri.net\/selko\/wp-json\/wp\/v2\/pages\/19"}],"wp:featuredmedia":[{"embeddable":true,"href":"https:\/\/verneri.net\/selko\/wp-json\/wp\/v2\/media\/17000"}],"wp:attachment":[{"href":"https:\/\/verneri.net\/selko\/wp-json\/wp\/v2\/media?parent=16872"}],"curies":[{"name":"wp","href":"https:\/\/api.w.org\/{rel}","templated":true}]}}