{"id":169,"date":"2016-05-23T09:23:52","date_gmt":"2016-05-23T06:23:52","guid":{"rendered":"http:\/\/localhost\/verneri\/selko-dev\/hyvinvointi\/vapaa-aika\/kirpputorilla\/"},"modified":"2025-10-08T11:42:16","modified_gmt":"2025-10-08T08:42:16","slug":"kay-kirpputorilla","status":"publish","type":"page","link":"https:\/\/verneri.net\/selko\/hyvinvointi\/vapaa-aika\/kay-kirpputorilla\/","title":{"rendered":"K\u00e4y kirpputorilla"},"content":{"rendered":"<p>Kirpputorilla myyd\u00e4\u00e4n k\u00e4ytettyj\u00e4 vaatteita ja tavaroita.<\/p>\n<p>T\u00e4ll\u00e4 sivulla esitell\u00e4\u00e4n erilaiset kirpputorit. Sivulla on my\u00f6s vinkkej\u00e4 siit\u00e4, miten kirpputorilla voi ansaita rahaa ja tehd\u00e4 l\u00f6yt\u00f6j\u00e4.<\/p>\n<h2>Perinteiset kirpputorit<\/h2>\n<p>Perinteiset kirpputorit ovat auki yleens\u00e4 viikonloppuisin.<\/p>\n<p>Perinteisill\u00e4 kirpputoreilla myyj\u00e4t ovat\u00a0itse paikalla myym\u00e4ss\u00e4 tavaroitaan. Asiakas voi yritt\u00e4\u00e4 tinkki\u00e4 hinnoista\u00a0eli yritt\u00e4\u00e4 alentaa hintoja.<\/p>\n<p>Kirpputorilta ostettuja tuotteita ei voi vaihtaa eik\u00e4 palauttaa.<\/p>\n<h3>Vinkkej\u00e4 myyj\u00e4lle<\/h3>\n<p>Kerro asiakkaille tavaroistasi.\u00a0Ihmisist\u00e4 on mukava ostaa tavaroita,\u00a0joilla on tarina.<\/p>\n<p>Selvit\u00e4 vanhojen astioiden arvo\u00a0ennen kuin viet ne myyt\u00e4v\u00e4ksi.\u00a0Muuten saatat menett\u00e4\u00e4\u00a0kymmeni\u00e4 euroja.<\/p>\n<h3>Vinkkej\u00e4 ostajalle<\/h3>\n<p>Mene perinteiselle kirpputorille ajoissa.\u00a0Parhaat tavarat myyd\u00e4\u00e4n ensin.<\/p>\n<p>Varaa riitt\u00e4v\u00e4sti aikaa penkomiseen.\u00a0Kiehtovin kirja tai kaunein kangas\u00a0voi olla pinon pohjimmaisena.<\/p>\n<h2>Itsepalvelukirpputorit<\/h2>\n<p>Itsepalvelukirpputorit ovat auki arkip\u00e4ivisin ja viikonloppuisin.<\/p>\n<p>Kirpputorin myyj\u00e4 vuokraa myyntipaikan kirpputorin j\u00e4rjest\u00e4j\u00e4lt\u00e4. Yleens\u00e4 myyntipaikka vuokrataan viikon jaksoissa.<\/p>\n<p>Myyj\u00e4 hinnoittelee tavaransa ja\u00a0j\u00e4tt\u00e4\u00e4 ne myyntipaikalleen.\u00a0Kirpputorin j\u00e4rjest\u00e4j\u00e4 vastaa tavaroiden myynnist\u00e4.<\/p>\n<p>Itsepalvelukirpputorilla hinnoista ei voi tinki\u00e4.<\/p>\n<h3>Vinkkej\u00e4 myyj\u00e4lle<\/h3>\n<p>\u00c4l\u00e4 ahda myyntip\u00f6yt\u00e4\u00e4 liian t\u00e4yteen.\u00a0Pist\u00e4 parhaat tuotteet\u00a0n\u00e4kyvimmille paikoille.<\/p>\n<p>K\u00e4y siistim\u00e4ss\u00e4 myyntipaikka\u00a0ainakin pari kertaa viikon aikana.\u00a0Voit tuoda samalla lis\u00e4\u00e4\u00a0vaatteita ja tavaroita myyntiin.<\/p>\n<h3>Vinkkej\u00e4 ostajalle<\/h3>\n<p>Itsepalvelukirpputorin ostoksia\u00a0ei voi vaihtaa eik\u00e4 palauttaa.\u00a0Sovita siis vaatteet rauhassa.<\/p>\n<p>K\u00e4y kirpputorilla mahdollisimman usein.\u00a0Itsepalvelukirpputoreille tulee\u00a0uutta tavaraa joka p\u00e4iv\u00e4.<\/p>\n<h2>Verkkokirpputorit<\/h2>\n<p>Verkkokirpputorit toimivat internetiss\u00e4. Esimerkiksi Facebookissa on monia kirpputoriryhmi\u00e4.<\/p>\n<p>Verkkokirpputorin myyj\u00e4 tekee tuotteestaan myynti-ilmoituksen.\u00a0Ilmoituksessa on tuotteen\u00a0kuva\u00a0ja t\u00e4rkeimm\u00e4t tiedot, kuten hinta.<\/p>\n<p>Kun myyj\u00e4 ja asiakas ovat sopineet kaupoista,\u00a0ostaja maksaa sovitun summan\u00a0myyj\u00e4n pankkitilille.<\/p>\n<p>T\u00e4m\u00e4n j\u00e4lkeen myyj\u00e4 l\u00e4hett\u00e4\u00e4\u00a0tuotteen ostajalle postitse.\u00a0Yleens\u00e4 tuotteen voi my\u00f6s\u00a0hakea myyj\u00e4n kotoa.<\/p>\n<h3>Vinkkej\u00e4 myyj\u00e4lle<\/h3>\n<p>Ota verkkokirpputorin ilmoitukseen\u00a0houkutteleva kuva tuotteesta,\u00a0jota myyt.<\/p>\n<p>Kerro myynti-ilmoituksessa,\u00a0millaisessa kunnossa tuote on.<\/p>\n<p>L\u00e4het\u00e4 tuote ostajalle vasta,\u00a0kun h\u00e4n on maksanut sen tilillesi.<\/p>\n<h3>Vinkkej\u00e4 ostajalle<\/h3>\n<p>Lue verkkokirpputorin s\u00e4\u00e4nn\u00f6t hyvin.\u00a0Ongelmatilanteissa ota yhteytt\u00e4\u00a0kirpputorin yll\u00e4pit\u00e4j\u00e4\u00e4n.<\/p>\n<p>Verkkokirpputoreilla voi olla huijareita.\u00a0Turvallisinta on vaihtaa\u00a0tuote ja rahat kasvotusten.<\/p>\n<h2>Pihakirpputorit<\/h2>\n<p>Pihakirpputorilla pihapiirin asukkaat myyv\u00e4t vaatteita ja tavaroita omalla pihallaan.<\/p>\n<p>Pihakirpputorin voi j\u00e4rjest\u00e4\u00e4 kuka vain. Pihakirpputorin j\u00e4rjest\u00e4miseen omalla tai\u00a0taloyhti\u00f6n pihalla ei tarvita lupaa.<\/p>\n<h3>Vinkkej\u00e4 myyj\u00e4lle<\/h3>\n<p>Mainosta pihakirpputoria etuk\u00e4teen.\u00a0Jaa ilmoituksia vaikkapa\u00a0l\u00e4hikauppojen ilmoitustauluille.\u00a0My\u00f6s Facebookissa kannattaa kertoa\u00a0tulevasta tapahtumasta.<\/p>\n<p>Tee myyntipaikastasi houkutteleva.\u00a0Laita p\u00f6yd\u00e4n p\u00e4\u00e4lle kaunis liina ja\u00a0j\u00e4rjest\u00e4 vaaterekin vaatteet v\u00e4reitt\u00e4in.<\/p>\n<h3>Vinkkej\u00e4 ostajalle<\/h3>\n<p>Pihakirpputoreilla ei ole sovituskoppeja.\u00a0Ota siis mukaan oma peili.<\/p>\n<p>Ota mukaan paljon pient\u00e4 rahaa.\u00a0Myyjill\u00e4 voi olla vaihtorahat v\u00e4hiss\u00e4.<\/p>\n<p><strong>Teksti ja kuva:<\/strong> Jenni Sipil\u00e4<\/p>\n<p>Juttu perustuu Papunetissa julkaistuun Kirpputorilla-kirjaan: <a href=\"https:\/\/papunet.net\/_pelit\/_tarinat\/kuvakirja\/lue\/Kirpputorilla\" target=\"_blank\" rel=\"noopener\">Kirpputorilla<\/a>\u00a0(papunet.net)<\/p>\n","protected":false},"excerpt":{"rendered":"<p>Kirpputorilla myyd\u00e4\u00e4n k\u00e4ytettyj\u00e4 vaatteita ja tavaroita. T\u00e4ll\u00e4 sivulla esitell\u00e4\u00e4n erilaiset kirpputorit. Sivulla on my\u00f6s vinkkej\u00e4 siit\u00e4, miten kirpputorilla voi ansaita [&hellip;]<\/p>\n","protected":false},"author":1,"featured_media":14940,"parent":24,"menu_order":100,"comment_status":"closed","ping_status":"closed","template":"","meta":{"_acf_changed":false,"footnotes":""},"class_list":["post-169","page","type-page","status-publish","has-post-thumbnail","hentry"],"acf":[],"_links":{"self":[{"href":"https:\/\/verneri.net\/selko\/wp-json\/wp\/v2\/pages\/169","targetHints":{"allow":["GET"]}}],"collection":[{"href":"https:\/\/verneri.net\/selko\/wp-json\/wp\/v2\/pages"}],"about":[{"href":"https:\/\/verneri.net\/selko\/wp-json\/wp\/v2\/types\/page"}],"author":[{"embeddable":true,"href":"https:\/\/verneri.net\/selko\/wp-json\/wp\/v2\/users\/1"}],"replies":[{"embeddable":true,"href":"https:\/\/verneri.net\/selko\/wp-json\/wp\/v2\/comments?post=169"}],"version-history":[{"count":0,"href":"https:\/\/verneri.net\/selko\/wp-json\/wp\/v2\/pages\/169\/revisions"}],"up":[{"embeddable":true,"href":"https:\/\/verneri.net\/selko\/wp-json\/wp\/v2\/pages\/24"}],"wp:featuredmedia":[{"embeddable":true,"href":"https:\/\/verneri.net\/selko\/wp-json\/wp\/v2\/media\/14940"}],"wp:attachment":[{"href":"https:\/\/verneri.net\/selko\/wp-json\/wp\/v2\/media?parent=169"}],"curies":[{"name":"wp","href":"https:\/\/api.w.org\/{rel}","templated":true}]}}