{"id":16924,"date":"2025-08-22T08:48:58","date_gmt":"2025-08-22T05:48:58","guid":{"rendered":"http:\/\/localhost\/verneri\/selko-dev\/?page_id=16924"},"modified":"2025-08-22T09:41:51","modified_gmt":"2025-08-22T06:41:51","slug":"testaa-tietosi-lemmikeista","status":"publish","type":"page","link":"https:\/\/verneri.net\/selko\/hyvinvointi\/vapaa-aika\/lemmikit\/testaa-tietosi-lemmikeista\/","title":{"rendered":"Testaa tietosi lemmikeist\u00e4"},"content":{"rendered":"<div class=\"quiz-wrapper\"><form name=\"post\" action=\"https:\/\/verneri.net\/selko\/hyvinvointi\/vapaa-aika\/lemmikit\/testaa-tietosi-lemmikeista\/\" method=\"post\" id=\"quiz\" style=\"text-align: left;\">\r\n\r\n<ol>\r\n<li><p>Mist\u00e4 lemmikki kannattaa ostaa?<\/p><p>\n    <input type=\"radio\" name=\"answer[0]\" id=\"answer-0-2\" value=\"2\" \/> <label for=\"answer-0-2\">Ulkomaanmatkalta.<\/label><br \/>\n    <input type=\"radio\" name=\"answer[0]\" id=\"answer-0-1\" value=\"1\" \/> <label for=\"answer-0-1\">Lehdess\u00e4 tai internetiss\u00e4 olleen ilmoituksen kautta.<\/label><br \/>\n    <input type=\"radio\" name=\"answer[0]\" id=\"answer-0-0\" value=\"0\" \/> <label for=\"answer-0-0\">Luotettavalta kasvattajalta, el\u00e4insuojeluyhdistykselt\u00e4 tai el\u00e4inkaupasta.<\/label><br \/>\n<\/p><\/li>\n<li><p>Jos l\u00e4hdet pitk\u00e4ksi aikaa matkalle, mit\u00e4 teet lemmikillesi?<\/p><p>\n    <input type=\"radio\" name=\"answer[1]\" id=\"answer-1-2\" value=\"2\" \/> <label for=\"answer-1-2\">P\u00e4\u00e4st\u00e4t lemmikin vapaaksi matkasi ajaksi.<\/label><br \/>\n    <input type=\"radio\" name=\"answer[1]\" id=\"answer-1-0\" value=\"0\" \/> <label for=\"answer-1-0\">J\u00e4rjest\u00e4t lemmikillesi hoitajan.<\/label><br \/>\n    <input type=\"radio\" name=\"answer[1]\" id=\"answer-1-1\" value=\"1\" \/> <label for=\"answer-1-1\">Annat lemmikillesi mahdollisimman paljon ruokaa ja juotavaa.<\/label><br \/>\n<\/p><\/li>\n<li><p>Kuinka usein kanin tai marsun h\u00e4kki pit\u00e4\u00e4 siivota?<\/p><p>\n    <input type=\"radio\" name=\"answer[2]\" id=\"answer-2-1\" value=\"1\" \/> <label for=\"answer-2-1\">Vasta sitten, kun h\u00e4kki haisee pahalle.<\/label><br \/>\n    <input type=\"radio\" name=\"answer[2]\" id=\"answer-2-0\" value=\"0\" \/> <label for=\"answer-2-0\">Usein ja s\u00e4\u00e4nn\u00f6llisesti. H\u00e4kin siisteys kannattaa tarkistaa p\u00e4ivitt\u00e4in.<\/label><br \/>\n    <input type=\"radio\" name=\"answer[2]\" id=\"answer-2-2\" value=\"2\" \/> <label for=\"answer-2-2\">Aina silloin, kun jaksaa ja huvittaa.<\/label><br \/>\n<\/p><\/li>\n<li><p>Mit\u00e4 pit\u00e4\u00e4 muistaa, kun ostaa lemmikille ruokaa?<\/p><p>\n    <input type=\"radio\" name=\"answer[3]\" id=\"answer-3-2\" value=\"2\" \/> <label for=\"answer-3-2\">Ruuan t\u00e4ytyy olla aina sit\u00e4 merkki\u00e4, jota mainostetaan televisiossa.<\/label><br \/>\n    <input type=\"radio\" name=\"answer[3]\" id=\"answer-3-0\" value=\"0\" \/> <label for=\"answer-3-0\">Ruuan t\u00e4ytyy olla terveellist\u00e4 ja monipuolista.<\/label><br \/>\n    <input type=\"radio\" name=\"answer[3]\" id=\"answer-3-1\" value=\"1\" \/> <label for=\"answer-3-1\">Ruuan t\u00e4ytyy olla halpaa.<\/label><br \/>\n<\/p><\/li>\n<li><p>Kuinka usein koiraa pit\u00e4\u00e4 ulkoiluttaa?<\/p><p>\n    <input type=\"radio\" name=\"answer[4]\" id=\"answer-4-0\" value=\"0\" \/> <label for=\"answer-4-0\">V\u00e4hint\u00e4\u00e4n kolme kertaa p\u00e4iv\u00e4ss\u00e4.<\/label><br \/>\n    <input type=\"radio\" name=\"answer[4]\" id=\"answer-4-2\" value=\"2\" \/> <label for=\"answer-4-2\">V\u00e4hint\u00e4\u00e4n kerran p\u00e4iv\u00e4ss\u00e4.<\/label><br \/>\n    <input type=\"radio\" name=\"answer[4]\" id=\"answer-4-1\" value=\"1\" \/> <label for=\"answer-4-1\">V\u00e4hint\u00e4\u00e4n kolme kertaa viikossa.<\/label><br \/>\n<\/p><\/li>\n<\/ol>\r\n\r\n<p class=\"submit\">\r\n<input type=\"submit\" name=\"submit\" style=\"font-weight: bold;\" value=\"N&auml;yt&auml; tulos\" \/>\r\n<\/p>\r\n\r\n<input type=\"hidden\" name=\"quiz_id\" id=\"quiz_id\" value=\"2\" \/>\r\n\r\n<\/form><\/div>\n","protected":false},"excerpt":{"rendered":"<p>Mist\u00e4 lemmikki kannattaa ostaa? Ulkomaanmatkalta. Lehdess\u00e4 tai internetiss\u00e4 olleen ilmoituksen kautta. Luotettavalta kasvattajalta, el\u00e4insuojeluyhdistykselt\u00e4 tai el\u00e4inkaupasta. Jos l\u00e4hdet pitk\u00e4ksi aikaa [&hellip;]<\/p>\n","protected":false},"author":2,"featured_media":16926,"parent":166,"menu_order":567,"comment_status":"closed","ping_status":"closed","template":"","meta":{"_acf_changed":false,"footnotes":""},"class_list":["post-16924","page","type-page","status-publish","has-post-thumbnail","hentry"],"acf":[],"_links":{"self":[{"href":"https:\/\/verneri.net\/selko\/wp-json\/wp\/v2\/pages\/16924","targetHints":{"allow":["GET"]}}],"collection":[{"href":"https:\/\/verneri.net\/selko\/wp-json\/wp\/v2\/pages"}],"about":[{"href":"https:\/\/verneri.net\/selko\/wp-json\/wp\/v2\/types\/page"}],"author":[{"embeddable":true,"href":"https:\/\/verneri.net\/selko\/wp-json\/wp\/v2\/users\/2"}],"replies":[{"embeddable":true,"href":"https:\/\/verneri.net\/selko\/wp-json\/wp\/v2\/comments?post=16924"}],"version-history":[{"count":0,"href":"https:\/\/verneri.net\/selko\/wp-json\/wp\/v2\/pages\/16924\/revisions"}],"up":[{"embeddable":true,"href":"https:\/\/verneri.net\/selko\/wp-json\/wp\/v2\/pages\/166"}],"wp:featuredmedia":[{"embeddable":true,"href":"https:\/\/verneri.net\/selko\/wp-json\/wp\/v2\/media\/16926"}],"wp:attachment":[{"href":"https:\/\/verneri.net\/selko\/wp-json\/wp\/v2\/media?parent=16924"}],"curies":[{"name":"wp","href":"https:\/\/api.w.org\/{rel}","templated":true}]}}