{"id":16983,"date":"2025-09-11T08:49:23","date_gmt":"2025-09-11T05:49:23","guid":{"rendered":"http:\/\/localhost\/verneri\/selko-dev\/?page_id=16983"},"modified":"2025-09-11T08:49:24","modified_gmt":"2025-09-11T05:49:24","slug":"testaa-oletko-osallinen","status":"publish","type":"page","link":"https:\/\/verneri.net\/selko\/hyvinvointi\/vammaisten-oikeudet\/oikeus-osallistua\/testaa-oletko-osallinen\/","title":{"rendered":"Testaa, oletko osallinen"},"content":{"rendered":"<div class=\"quiz-wrapper\"><form name=\"post\" action=\"https:\/\/verneri.net\/selko\/hyvinvointi\/vammaisten-oikeudet\/oikeus-osallistua\/testaa-oletko-osallinen\/\" method=\"post\" id=\"quiz\" style=\"text-align: left;\">\r\n\r\n<ol>\r\n<li><p>Teen t\u00e4rkeit\u00e4 asioita<\/p><p>\n    <input type=\"radio\" name=\"answer[0]\" id=\"answer-0-0\" value=\"0\" \/> <label for=\"answer-0-0\">Usein<\/label><br \/>\n    <input type=\"radio\" name=\"answer[0]\" id=\"answer-0-2\" value=\"2\" \/> <label for=\"answer-0-2\">En koskaan<\/label><br \/>\n    <input type=\"radio\" name=\"answer[0]\" id=\"answer-0-1\" value=\"1\" \/> <label for=\"answer-0-1\">Joskus<\/label><br \/>\n<\/p><\/li>\n<li><p>Ihmiset kiitt\u00e4v\u00e4t tai kehuvat minua<\/p><p>\n    <input type=\"radio\" name=\"answer[1]\" id=\"answer-1-2\" value=\"2\" \/> <label for=\"answer-1-2\">Ei koskaan<\/label><br \/>\n    <input type=\"radio\" name=\"answer[1]\" id=\"answer-1-1\" value=\"1\" \/> <label for=\"answer-1-1\">Joskus<\/label><br \/>\n    <input type=\"radio\" name=\"answer[1]\" id=\"answer-1-0\" value=\"0\" \/> <label for=\"answer-1-0\">Usein<\/label><br \/>\n<\/p><\/li>\n<li><p>Kuulun minulle t\u00e4rke\u00e4\u00e4n porukkaan<\/p><p>\n    <input type=\"radio\" name=\"answer[2]\" id=\"answer-2-0\" value=\"0\" \/> <label for=\"answer-2-0\">Usein<\/label><br \/>\n    <input type=\"radio\" name=\"answer[2]\" id=\"answer-2-1\" value=\"1\" \/> <label for=\"answer-2-1\">Joskus<\/label><br \/>\n    <input type=\"radio\" name=\"answer[2]\" id=\"answer-2-2\" value=\"2\" \/> <label for=\"answer-2-2\">En koskaan<\/label><br \/>\n<\/p><\/li>\n<li><p>Muut ihmiset tarvitsevat minua<\/p><p>\n    <input type=\"radio\" name=\"answer[3]\" id=\"answer-3-1\" value=\"1\" \/> <label for=\"answer-3-1\">Joskus<\/label><br \/>\n    <input type=\"radio\" name=\"answer[3]\" id=\"answer-3-2\" value=\"2\" \/> <label for=\"answer-3-2\">Ei koskaan<\/label><br \/>\n    <input type=\"radio\" name=\"answer[3]\" id=\"answer-3-0\" value=\"0\" \/> <label for=\"answer-3-0\">Usein<\/label><br \/>\n<\/p><\/li>\n<li><p>Voin vaikuttaa omaan el\u00e4m\u00e4\u00e4ni<\/p><p>\n    <input type=\"radio\" name=\"answer[4]\" id=\"answer-4-1\" value=\"1\" \/> <label for=\"answer-4-1\">Joskus<\/label><br \/>\n    <input type=\"radio\" name=\"answer[4]\" id=\"answer-4-2\" value=\"2\" \/> <label for=\"answer-4-2\">Ei koskaan<\/label><br \/>\n    <input type=\"radio\" name=\"answer[4]\" id=\"answer-4-0\" value=\"0\" \/> <label for=\"answer-4-0\">Usein<\/label><br \/>\n<\/p><\/li>\n<li><p>El\u00e4m\u00e4ll\u00e4ni on tarkoitus<\/p><p>\n    <input type=\"radio\" name=\"answer[5]\" id=\"answer-5-0\" value=\"0\" \/> <label for=\"answer-5-0\">Usein<\/label><br \/>\n    <input type=\"radio\" name=\"answer[5]\" id=\"answer-5-2\" value=\"2\" \/> <label for=\"answer-5-2\">Ei koskaan<\/label><br \/>\n    <input type=\"radio\" name=\"answer[5]\" id=\"answer-5-1\" value=\"1\" \/> <label for=\"answer-5-1\">Joskus<\/label><br \/>\n<\/p><\/li>\n<li><p>Minulla on tavoitteita<\/p><p>\n    <input type=\"radio\" name=\"answer[6]\" id=\"answer-6-0\" value=\"0\" \/> <label for=\"answer-6-0\">Usein<\/label><br \/>\n    <input type=\"radio\" name=\"answer[6]\" id=\"answer-6-1\" value=\"1\" \/> <label for=\"answer-6-1\">Joskus<\/label><br \/>\n    <input type=\"radio\" name=\"answer[6]\" id=\"answer-6-2\" value=\"2\" \/> <label for=\"answer-6-2\">Ei koskaan<\/label><br \/>\n<\/p><\/li>\n<li><p>Saan apua<\/p><p>\n    <input type=\"radio\" name=\"answer[7]\" id=\"answer-7-2\" value=\"2\" \/> <label for=\"answer-7-2\">Ei koskaan<\/label><br \/>\n    <input type=\"radio\" name=\"answer[7]\" id=\"answer-7-1\" value=\"1\" \/> <label for=\"answer-7-1\">Joskus<\/label><br \/>\n    <input type=\"radio\" name=\"answer[7]\" id=\"answer-7-0\" value=\"0\" \/> <label for=\"answer-7-0\">Usein<\/label><br \/>\n<\/p><\/li>\n<li><p>Muut ihmiset luottavat minuun<\/p><p>\n    <input type=\"radio\" name=\"answer[8]\" id=\"answer-8-2\" value=\"2\" \/> <label for=\"answer-8-2\">Ei koskaan<\/label><br \/>\n    <input type=\"radio\" name=\"answer[8]\" id=\"answer-8-0\" value=\"0\" \/> <label for=\"answer-8-0\">Usein<\/label><br \/>\n    <input type=\"radio\" name=\"answer[8]\" id=\"answer-8-1\" value=\"1\" \/> <label for=\"answer-8-1\">Joskus<\/label><br \/>\n<\/p><\/li>\n<li><p>Voin vaikuttaa yhteisiin asioihin<\/p><p>\n    <input type=\"radio\" name=\"answer[9]\" id=\"answer-9-1\" value=\"1\" \/> <label for=\"answer-9-1\">Joskus<\/label><br \/>\n    <input type=\"radio\" name=\"answer[9]\" id=\"answer-9-2\" value=\"2\" \/> <label for=\"answer-9-2\">En koskaan<\/label><br \/>\n    <input type=\"radio\" name=\"answer[9]\" id=\"answer-9-0\" value=\"0\" \/> <label for=\"answer-9-0\">Usein<\/label><br \/>\n<\/p><\/li>\n<\/ol>\r\n\r\n<p class=\"submit\">\r\n<input type=\"submit\" name=\"submit\" style=\"font-weight: bold;\" value=\"N&auml;yt&auml; tulos\" \/>\r\n<\/p>\r\n\r\n<input type=\"hidden\" name=\"quiz_id\" id=\"quiz_id\" value=\"21\" \/>\r\n\r\n<\/form><\/div>\n","protected":false},"excerpt":{"rendered":"<p>Teen t\u00e4rkeit\u00e4 asioita En koskaan Usein Joskus Ihmiset kiitt\u00e4v\u00e4t tai kehuvat minua Ei koskaan Usein Joskus Kuulun minulle t\u00e4rke\u00e4\u00e4n porukkaan [&hellip;]<\/p>\n","protected":false},"author":2,"featured_media":0,"parent":55,"menu_order":2,"comment_status":"closed","ping_status":"closed","template":"","meta":{"_acf_changed":false,"footnotes":""},"class_list":["post-16983","page","type-page","status-publish","hentry"],"acf":[],"_links":{"self":[{"href":"https:\/\/verneri.net\/selko\/wp-json\/wp\/v2\/pages\/16983","targetHints":{"allow":["GET"]}}],"collection":[{"href":"https:\/\/verneri.net\/selko\/wp-json\/wp\/v2\/pages"}],"about":[{"href":"https:\/\/verneri.net\/selko\/wp-json\/wp\/v2\/types\/page"}],"author":[{"embeddable":true,"href":"https:\/\/verneri.net\/selko\/wp-json\/wp\/v2\/users\/2"}],"replies":[{"embeddable":true,"href":"https:\/\/verneri.net\/selko\/wp-json\/wp\/v2\/comments?post=16983"}],"version-history":[{"count":0,"href":"https:\/\/verneri.net\/selko\/wp-json\/wp\/v2\/pages\/16983\/revisions"}],"up":[{"embeddable":true,"href":"https:\/\/verneri.net\/selko\/wp-json\/wp\/v2\/pages\/55"}],"wp:attachment":[{"href":"https:\/\/verneri.net\/selko\/wp-json\/wp\/v2\/media?parent=16983"}],"curies":[{"name":"wp","href":"https:\/\/api.w.org\/{rel}","templated":true}]}}